{"id":1144,"date":"2013-01-06T20:50:53","date_gmt":"2013-01-06T18:50:53","guid":{"rendered":"http:\/\/rrc-schliersee.de\/wordpress\/?page_id=1144"},"modified":"2017-10-30T19:15:28","modified_gmt":"2017-10-30T17:15:28","slug":"bilder-bayrische-meisterschaft-201213","status":"publish","type":"page","link":"https:\/\/rrc-schliersee.com\/wordpress\/multimedia\/bilder-bayrische-meisterschaft-201213\/","title":{"rendered":"Bilder 2013"},"content":{"rendered":"<h2>Bilder Bayerische Meisterschaft 2012\/13<\/h2>\n<p>Der RRC Schliersee war dieses Jahr wieder Ausrichter der Bayerischen Meisterschaft. Diese fand vom 26. bis 28. Dezember an der Eisbahn in K\u00f6nigssee statt.<br \/>\nDank der vielen engagierten Helfern und Helferinnen konnten wir die BM gewohnt souver\u00e4n und erfolgreich veranstalten. Allen Beteiligten an dieser Stelle noch einmal ein herzliches &#8222;Vergelts-Gott&#8220;.<br \/>\nWir gratulieren den Teilnehmern des RRC Schliersee:<\/p>\n<ul>\n<li>Katharina M\u00fcller zu ihrem 4. Platz bei den Junioren B,<\/li>\n<li>Niklas Fricke zum Bayrischen Meister der Jugend C,<\/li>\n<li>Mathias Gross zum Bayrischen Meister der Jugend D und<\/li>\n<li>Sigi Wernberger zu seinem 3. Platz bei den Senioren B<\/li>\n<\/ul>\n<p><em>Ein Klick auf das jeweilige Bild \u00f6ffnet eine gr\u00f6\u00dfere Ansicht und man kann dann am rechten oder linken Bildrand vor- oder zur\u00fcckbl\u00e4ttern<\/em><\/p>\n<div class='polaroid-gallery galleryid-1144' style='width:680px;'>\n\t\t\t<a href=\"https:\/\/rrc-schliersee.com\/wordpress\/wp-content\/uploads\/2013\/01\/BM2013001.jpg\" title=\"BM2013001\" rel=\"polaroid_761042715\" class=\"polaroid-gallery-item\"><span class=\"polaroid-gallery-image\" title=\"\" style=\"background-image: url(https:\/\/rrc-schliersee.com\/wordpress\/wp-content\/uploads\/2013\/01\/BM2013001-150x150.jpg); width: 150px; height: 150px;\"><\/span><\/a>\n\t\t\t<a href=\"https:\/\/rrc-schliersee.com\/wordpress\/wp-content\/uploads\/2013\/01\/BM2013002.jpg\" title=\"BM2013002\" rel=\"polaroid_761042715\" class=\"polaroid-gallery-item\"><span class=\"polaroid-gallery-image\" title=\"\" style=\"background-image: url(https:\/\/rrc-schliersee.com\/wordpress\/wp-content\/uploads\/2013\/01\/BM2013002-150x150.jpg); width: 150px; height: 150px;\"><\/span><\/a>\n\t\t\t<a href=\"https:\/\/rrc-schliersee.com\/wordpress\/wp-content\/uploads\/2013\/01\/BM2013003.jpg\" title=\"BM2013003\" rel=\"polaroid_761042715\" class=\"polaroid-gallery-item\"><span class=\"polaroid-gallery-image\" title=\"\" style=\"background-image: url(https:\/\/rrc-schliersee.com\/wordpress\/wp-content\/uploads\/2013\/01\/BM2013003-150x150.jpg); width: 150px; height: 150px;\"><\/span><\/a>\n\t\t\t<a href=\"https:\/\/rrc-schliersee.com\/wordpress\/wp-content\/uploads\/2013\/01\/BM2013004.jpg\" title=\"BM2013004\" rel=\"polaroid_761042715\" class=\"polaroid-gallery-item\"><span class=\"polaroid-gallery-image\" title=\"\" style=\"background-image: url(https:\/\/rrc-schliersee.com\/wordpress\/wp-content\/uploads\/2013\/01\/BM2013004-150x150.jpg); width: 150px; height: 150px;\"><\/span><\/a>\n\t\t\t<br style=\"clear: both;\" \/>\n\t\t\t<a href=\"https:\/\/rrc-schliersee.com\/wordpress\/wp-content\/uploads\/2013\/01\/BM2013005.jpg\" title=\"BM2013005\" rel=\"polaroid_761042715\" class=\"polaroid-gallery-item\"><span class=\"polaroid-gallery-image\" title=\"\" style=\"background-image: url(https:\/\/rrc-schliersee.com\/wordpress\/wp-content\/uploads\/2013\/01\/BM2013005-150x150.jpg); width: 150px; height: 150px;\"><\/span><\/a>\n\t\t\t<a href=\"https:\/\/rrc-schliersee.com\/wordpress\/wp-content\/uploads\/2013\/01\/BM2013006.jpg\" title=\"BM2013006\" rel=\"polaroid_761042715\" class=\"polaroid-gallery-item\"><span class=\"polaroid-gallery-image\" title=\"\" style=\"background-image: url(https:\/\/rrc-schliersee.com\/wordpress\/wp-content\/uploads\/2013\/01\/BM2013006-150x150.jpg); width: 150px; height: 150px;\"><\/span><\/a>\n\t\t\t<a href=\"https:\/\/rrc-schliersee.com\/wordpress\/wp-content\/uploads\/2013\/01\/BM2013007.jpg\" title=\"BM2013007\" rel=\"polaroid_761042715\" class=\"polaroid-gallery-item\"><span class=\"polaroid-gallery-image\" title=\"\" style=\"background-image: url(https:\/\/rrc-schliersee.com\/wordpress\/wp-content\/uploads\/2013\/01\/BM2013007-150x150.jpg); width: 150px; height: 150px;\"><\/span><\/a>\n\t\t\t<a href=\"https:\/\/rrc-schliersee.com\/wordpress\/wp-content\/uploads\/2013\/01\/BM2013008.jpg\" title=\"BM2013008\" rel=\"polaroid_761042715\" class=\"polaroid-gallery-item\"><span class=\"polaroid-gallery-image\" title=\"\" style=\"background-image: url(https:\/\/rrc-schliersee.com\/wordpress\/wp-content\/uploads\/2013\/01\/BM2013008-150x150.jpg); width: 150px; height: 150px;\"><\/span><\/a>\n\t\t\t<br style=\"clear: both;\" \/>\n\t\t\t<a href=\"https:\/\/rrc-schliersee.com\/wordpress\/wp-content\/uploads\/2013\/01\/BM2013009.jpg\" title=\"BM2013009\" rel=\"polaroid_761042715\" class=\"polaroid-gallery-item\"><span class=\"polaroid-gallery-image\" title=\"\" style=\"background-image: url(https:\/\/rrc-schliersee.com\/wordpress\/wp-content\/uploads\/2013\/01\/BM2013009-150x150.jpg); width: 150px; height: 150px;\"><\/span><\/a>\n\t\t\t<a href=\"https:\/\/rrc-schliersee.com\/wordpress\/wp-content\/uploads\/2013\/01\/BM2013010.jpg\" title=\"BM2013010\" rel=\"polaroid_761042715\" class=\"polaroid-gallery-item\"><span class=\"polaroid-gallery-image\" title=\"\" style=\"background-image: url(https:\/\/rrc-schliersee.com\/wordpress\/wp-content\/uploads\/2013\/01\/BM2013010-150x150.jpg); width: 150px; height: 150px;\"><\/span><\/a>\n\t\t\t<a href=\"https:\/\/rrc-schliersee.com\/wordpress\/wp-content\/uploads\/2013\/01\/BM2013011.jpg\" title=\"BM2013011\" rel=\"polaroid_761042715\" class=\"polaroid-gallery-item\"><span class=\"polaroid-gallery-image\" title=\"\" style=\"background-image: url(https:\/\/rrc-schliersee.com\/wordpress\/wp-content\/uploads\/2013\/01\/BM2013011-150x150.jpg); width: 150px; height: 150px;\"><\/span><\/a>\n\t\t\t<a href=\"https:\/\/rrc-schliersee.com\/wordpress\/wp-content\/uploads\/2013\/01\/BM2013012.jpg\" title=\"BM2013012\" rel=\"polaroid_761042715\" class=\"polaroid-gallery-item\"><span class=\"polaroid-gallery-image\" title=\"\" style=\"background-image: url(https:\/\/rrc-schliersee.com\/wordpress\/wp-content\/uploads\/2013\/01\/BM2013012-150x150.jpg); width: 150px; height: 150px;\"><\/span><\/a>\n\t\t\t<br style=\"clear: both;\" \/>\n\t\t\t<a href=\"https:\/\/rrc-schliersee.com\/wordpress\/wp-content\/uploads\/2013\/01\/BM2013013.jpg\" title=\"BM2013013\" rel=\"polaroid_761042715\" class=\"polaroid-gallery-item\"><span class=\"polaroid-gallery-image\" title=\"\" style=\"background-image: url(https:\/\/rrc-schliersee.com\/wordpress\/wp-content\/uploads\/2013\/01\/BM2013013-150x150.jpg); width: 150px; height: 150px;\"><\/span><\/a>\n\t\t\t<a href=\"https:\/\/rrc-schliersee.com\/wordpress\/wp-content\/uploads\/2013\/01\/BM2013014.jpg\" title=\"BM2013014\" rel=\"polaroid_761042715\" class=\"polaroid-gallery-item\"><span class=\"polaroid-gallery-image\" title=\"\" style=\"background-image: url(https:\/\/rrc-schliersee.com\/wordpress\/wp-content\/uploads\/2013\/01\/BM2013014-150x150.jpg); width: 150px; height: 150px;\"><\/span><\/a>\n\t\t\t<a href=\"https:\/\/rrc-schliersee.com\/wordpress\/wp-content\/uploads\/2013\/01\/BM2013015.jpg\" title=\"BM2013015\" rel=\"polaroid_761042715\" class=\"polaroid-gallery-item\"><span class=\"polaroid-gallery-image\" title=\"\" style=\"background-image: url(https:\/\/rrc-schliersee.com\/wordpress\/wp-content\/uploads\/2013\/01\/BM2013015-150x150.jpg); width: 150px; height: 150px;\"><\/span><\/a>\n\t\t\t<a href=\"https:\/\/rrc-schliersee.com\/wordpress\/wp-content\/uploads\/2013\/01\/BM2013016.jpg\" title=\"BM2013016\" rel=\"polaroid_761042715\" class=\"polaroid-gallery-item\"><span class=\"polaroid-gallery-image\" title=\"\" style=\"background-image: url(https:\/\/rrc-schliersee.com\/wordpress\/wp-content\/uploads\/2013\/01\/BM2013016-150x150.jpg); width: 150px; height: 150px;\"><\/span><\/a>\n\t\t\t<br style=\"clear: both;\" \/>\n\t\t\t<a href=\"https:\/\/rrc-schliersee.com\/wordpress\/wp-content\/uploads\/2013\/01\/BM2013017.jpg\" title=\"BM2013017\" rel=\"polaroid_761042715\" class=\"polaroid-gallery-item\"><span class=\"polaroid-gallery-image\" title=\"\" style=\"background-image: url(https:\/\/rrc-schliersee.com\/wordpress\/wp-content\/uploads\/2013\/01\/BM2013017-150x150.jpg); width: 150px; height: 150px;\"><\/span><\/a>\n\t\t\t<a href=\"https:\/\/rrc-schliersee.com\/wordpress\/wp-content\/uploads\/2013\/01\/BM2013018.jpg\" title=\"BM2013018\" rel=\"polaroid_761042715\" class=\"polaroid-gallery-item\"><span class=\"polaroid-gallery-image\" title=\"\" style=\"background-image: url(https:\/\/rrc-schliersee.com\/wordpress\/wp-content\/uploads\/2013\/01\/BM2013018-150x150.jpg); width: 150px; height: 150px;\"><\/span><\/a>\n\t\t\t<a href=\"https:\/\/rrc-schliersee.com\/wordpress\/wp-content\/uploads\/2013\/01\/BM2013019.jpg\" title=\"BM2013019\" rel=\"polaroid_761042715\" class=\"polaroid-gallery-item\"><span class=\"polaroid-gallery-image\" title=\"\" style=\"background-image: url(https:\/\/rrc-schliersee.com\/wordpress\/wp-content\/uploads\/2013\/01\/BM2013019-150x150.jpg); width: 150px; height: 150px;\"><\/span><\/a>\n\t\t\t<a href=\"https:\/\/rrc-schliersee.com\/wordpress\/wp-content\/uploads\/2013\/01\/BM2013020.jpg\" title=\"BM2013020\" rel=\"polaroid_761042715\" class=\"polaroid-gallery-item\"><span class=\"polaroid-gallery-image\" title=\"\" style=\"background-image: url(https:\/\/rrc-schliersee.com\/wordpress\/wp-content\/uploads\/2013\/01\/BM2013020-150x150.jpg); width: 150px; height: 150px;\"><\/span><\/a>\n\t\t\t<br style=\"clear: both;\" \/>\n\t\t\t<a href=\"https:\/\/rrc-schliersee.com\/wordpress\/wp-content\/uploads\/2013\/01\/BM2013021.jpg\" title=\"BM2013021\" rel=\"polaroid_761042715\" class=\"polaroid-gallery-item\"><span class=\"polaroid-gallery-image\" title=\"\" style=\"background-image: url(https:\/\/rrc-schliersee.com\/wordpress\/wp-content\/uploads\/2013\/01\/BM2013021-150x150.jpg); width: 150px; height: 150px;\"><\/span><\/a>\n\t\t\t<br style=\"clear: both;\" \/><\/div>\n\n","protected":false},"excerpt":{"rendered":"<p>Bilder Bayerische Meisterschaft 2012\/13 Der RRC Schliersee war dieses Jahr wieder Ausrichter der Bayerischen Meisterschaft. Diese fand vom 26. bis 28. Dezember an der Eisbahn in K\u00f6nigssee statt. Dank der vielen engagierten Helfern und Helferinnen konnten wir die BM gewohnt souver\u00e4n und erfolgreich veranstalten. Allen Beteiligten an dieser Stelle noch einmal ein herzliches &#8222;Vergelts-Gott&#8220;. Wir gratulieren den Teilnehmern des RRC Schliersee: Katharina M\u00fcller zu ihrem 4. Platz bei den Junioren&hellip;<\/p>\n","protected":false},"author":3,"featured_media":0,"parent":827,"menu_order":80,"comment_status":"open","ping_status":"closed","template":"","meta":{"ngg_post_thumbnail":0,"footnotes":""},"class_list":["post-1144","page","type-page","status-publish","hentry"],"_links":{"self":[{"href":"https:\/\/rrc-schliersee.com\/wordpress\/wp-json\/wp\/v2\/pages\/1144","targetHints":{"allow":["GET"]}}],"collection":[{"href":"https:\/\/rrc-schliersee.com\/wordpress\/wp-json\/wp\/v2\/pages"}],"about":[{"href":"https:\/\/rrc-schliersee.com\/wordpress\/wp-json\/wp\/v2\/types\/page"}],"author":[{"embeddable":true,"href":"https:\/\/rrc-schliersee.com\/wordpress\/wp-json\/wp\/v2\/users\/3"}],"replies":[{"embeddable":true,"href":"https:\/\/rrc-schliersee.com\/wordpress\/wp-json\/wp\/v2\/comments?post=1144"}],"version-history":[{"count":10,"href":"https:\/\/rrc-schliersee.com\/wordpress\/wp-json\/wp\/v2\/pages\/1144\/revisions"}],"predecessor-version":[{"id":1172,"href":"https:\/\/rrc-schliersee.com\/wordpress\/wp-json\/wp\/v2\/pages\/1144\/revisions\/1172"}],"up":[{"embeddable":true,"href":"https:\/\/rrc-schliersee.com\/wordpress\/wp-json\/wp\/v2\/pages\/827"}],"wp:attachment":[{"href":"https:\/\/rrc-schliersee.com\/wordpress\/wp-json\/wp\/v2\/media?parent=1144"}],"curies":[{"name":"wp","href":"https:\/\/api.w.org\/{rel}","templated":true}]}}