{"id":119,"date":"2014-06-10T06:00:03","date_gmt":"2014-06-10T05:00:03","guid":{"rendered":"http:\/\/rrc.schliersee.de\/wordpress\/?page_id=119"},"modified":"2023-10-24T15:52:19","modified_gmt":"2023-10-24T14:52:19","slug":"ergebnisse-2012","status":"publish","type":"page","link":"https:\/\/rrc-schliersee.com\/wordpress\/ergebnisse\/archiv\/ergebnisse-2012\/","title":{"rendered":"Ergebnisse 2012"},"content":{"rendered":"<h1>Die Rennergebnisse der Saison 2011 \/ 2012<\/h1>\n<p>01. Oktober 2011 bis 30.09. 2012<\/p>\n<hr>\n<p><strong>Bayerische Meisterschaft 2013 in K\u00f6nigssee, 26.12. bis 28.12.2012<br \/>\n<\/strong><\/p>\n<p>Der RRC Schliersee war dieses Jahr wieder Ausrichter der Bayerischen Meisterschaft im Rennrodeln auf der Kunsteisbahn in K\u00f6nigssee.<br \/>\nAn dem Rennen nahmen vom RRC Schliersee Katharina M\u00fcller, Niklas Fricke, Mathias Gro\u00df und Sigi Wernberger teil.<br \/>\nBei Temperaturen \u00fcber dem Gefrierpunkt, Regen und Nebel wurde der Wettbewerb durchgef\u00fchrt.<br \/>\nNiklas Fricke wurde souver\u00e4n Bayerischer Meister in der Klasse Jugend C.<br \/>\nBayerischer Meister in der Klasse Jugend D wurde Mathias Gro\u00df.<br \/>\nKatharina M\u00fcller hat in der Klasse Junioren B weiblich den 4. Platz errungen.<br \/>\nSigi Wernberger fuhr in der Klasse Senioren B diesmal auf den 3. Platz.<br \/>\nF\u00fcr die Durchf\u00fchrung einer so anspruchsvollen Veranstaltung war die Mithilfe treuer Vereinsmitglieder ganz wichtig. So haben neben dem Trainer Hermann M\u00fcller noch weitere Freiwillige mitgeholfen. Die Aufgaben reichen von der Auswertung der Ergebnisse, dem Erstellen der Urkunden, Helfen an der Bahn, Temperaturmessung, Schlittenwiegen, Verkauf von Tee, Kaffe, Gl\u00fchwein, Kuchen und Wiener-w\u00fcrsten bis zur Betreuung der Aktiven. Karl-Heinz Manhart, der 1. Vorstand des Vereins, als Organisa-tor, war dankbar f\u00fcr die Unterst\u00fctzung. Besonders freute ihn, dass, die f\u00fcr den Verkauf ben\u00f6tigten Le-bensmittel gespendet wurden.<\/p>\n<p>Wir gratulieren<\/p>\n<ul>\n<li>Katharina M\u00fcller zu ihrem 4. Platz bei den Junioren B,<\/li>\n<li>Niklas Fricke zum Bayrischen Meister der Jugend C,<\/li>\n<li>Mathias Gross zum Bayrischen Meister der Jugend D und<\/li>\n<li>Sigi Wernberger zu seinem 3. Platz bei den Senioren B<\/li>\n<\/ul>\n<p><img loading=\"lazy\" decoding=\"async\" title=\"Siegerfoto BM2013 RRC-Schliersee\" src=\"http:\/\/rrc-schliersee.de\/wordpress\/wp-content\/uploads\/2012\/12\/IMG_6138.jpg\" alt=\"Siegerfoto BM2013 RRC-Schliersee\" width=\"512\" height=\"768\"><\/p>\n<p>Mehr Bilder finden Sie unter <a title=\"Bilder Bayerische Meisterschaft 2012\/13\" href=\"http:\/\/rrc-schliersee.de\/wordpress\/?page_id=1144\">Multimedia<\/a><\/p>\n<p><a href=\"http:\/\/rrc-schliersee.de\/wordpress\/wp-content\/uploads\/2012\/11\/Ergebnisliste-BayM2013_rrc-schliersee.pdf\" target=\"_blank\" rel=\"noopener noreferrer\"><img loading=\"lazy\" decoding=\"async\" title=\"JHV 2012\" src=\"http:\/\/rrc-schliersee.de\/wordpress\/wp-content\/uploads\/2012\/10\/Icon_PDF.gif\" alt=\"Icon_PDF\" width=\"46\" height=\"48\"> Ergebnisliste BayM2013<\/a> <span style=\"font-size: x-small;\">(pdf, 779 kB)<\/span><\/p>\n<p><strong><a name=\"JHV2012\"><\/a><\/strong><\/p>\n<hr>\n<p><strong>62. Jahreshauptversammlung und Vereinsinfo Saison 2012 \/ 2013<\/strong><br \/>\nDie Jahreshauptversammlung fand am Samstag, 10.November 2012 um 19:00 Uhr im Gasthof Therofal in Schliersee statt. Die Vereinsmitglieder waren dazu herzlich eingeladen. Neben den regul\u00e4ren Tagesordnungspunkten wurde eine R\u00fcckschau auf die durchgef\u00fchrten Vereinst\u00e4tigkeiten der vergangenen Saison gehalten.<br \/>\n\ud83d\ude44 Einladung JHV 2012 (auf Anfrage)<br \/>\n\ud83d\ude44 Protokoll der Jahreshauptversammlung 2012 (auf Anfrage)<\/p>\n<hr>\n<p><strong>R\u00fcckblick auf die vergangene Saison 2011 \/ 2012<\/strong><br \/>\nDie Aktiven des RRC Schliersee haben in der letzten Saison an folgenden Rennen teilgenommen:<\/p>\n<ul>\n<li>Bayerische Meisterschaft, K\u00f6nigssee<\/li>\n<li>Bayerischer Jugendcup, Jugend B,C,D, K\u00f6nigssee<\/li>\n<li>Internationaler Alpenl\u00e4nder Pokal, Imst<\/li>\n<li>Deutsche Meisterschaft Jugend A, K\u00f6nigssee<\/li>\n<li>Deutsche Meisterschaft Junioren B, K\u00f6nigssee<\/li>\n<li>Welt Jugend Challenge, Innsbruck<\/li>\n<li>Veteranen Rennen, Oberhof<\/li>\n<\/ul>\n<p><a title=\"Ergebnisse 2011\" href=\"http:\/\/rrc-schliersee.de\/wordpress\/?page_id=123\">Mehr dazu lesen &#8230;<\/a><\/p>\n<div class='polaroid-gallery galleryid-119' style='width:680px;'>\n\t\t\t<a href=\"https:\/\/rrc-schliersee.com\/wordpress\/wp-content\/uploads\/2012\/10\/Seefest_08.jpg\" title=\"Seefest_08\" rel=\"polaroid_1247940429\" class=\"polaroid-gallery-item\"><span class=\"polaroid-gallery-image\" title=\"\" style=\"background-image: url(https:\/\/rrc-schliersee.com\/wordpress\/wp-content\/uploads\/2012\/10\/Seefest_08-150x150.jpg); width: 150px; height: 150px;\"><\/span><\/a>\n\t\t\t<a href=\"https:\/\/rrc-schliersee.com\/wordpress\/wp-content\/uploads\/2012\/10\/RRC_Seefest_2012.jpg\" title=\"RRC_Seefest_2012\" rel=\"polaroid_1247940429\" class=\"polaroid-gallery-item\"><span class=\"polaroid-gallery-image\" title=\"\" style=\"background-image: url(https:\/\/rrc-schliersee.com\/wordpress\/wp-content\/uploads\/2012\/10\/RRC_Seefest_2012-150x150.jpg); width: 150px; height: 150px;\"><\/span><\/a>\n\t\t\t<a href=\"https:\/\/rrc-schliersee.com\/wordpress\/wp-content\/uploads\/2012\/10\/katharina_012.jpg\" title=\"katharina_01\" rel=\"polaroid_1247940429\" class=\"polaroid-gallery-item\"><span class=\"polaroid-gallery-image\" title=\"\" style=\"background-image: url(https:\/\/rrc-schliersee.com\/wordpress\/wp-content\/uploads\/2012\/10\/katharina_012-150x150.jpg); width: 150px; height: 150px;\"><\/span><\/a>\n\t\t\t<br style=\"clear: both;\" \/><\/div>\n\n<p>Zum Saisonabschlu\u00df wurde die Therme Erding besucht, wobei besonders die Wasserrutschen Spass bereiteten.<\/p>\n<hr>\n<p><strong>Der RRC beim Seefest Schliersee 2012<\/strong><span style=\"font-family: Arial,sans-serif;\"><br \/>\nAuch dieses Jahr haben wir wieder mit unserer Startanlage mit Zeitmessung und unserem Verkaufspavillion am Seefest in Schliersee teilgenommen. Unsere Startanlage war sowohl f\u00fcr die Kinder als auch f\u00fcr die Erwachsenen der absolute &#8222;Renner&#8220;.<\/span><\/p>\n<hr>\n","protected":false},"excerpt":{"rendered":"<p>Die Rennergebnisse der Saison 2011 \/ 2012 01. Oktober 2011 bis 30.09. 2012 Bayerische Meisterschaft 2013 in K\u00f6nigssee, 26.12. bis 28.12.2012 Der RRC Schliersee war dieses Jahr wieder Ausrichter der Bayerischen Meisterschaft im Rennrodeln auf der Kunsteisbahn in K\u00f6nigssee. An dem Rennen nahmen vom RRC Schliersee Katharina M\u00fcller, Niklas Fricke, Mathias Gro\u00df und Sigi Wernberger teil. Bei Temperaturen \u00fcber dem Gefrierpunkt, Regen und Nebel wurde der Wettbewerb durchgef\u00fchrt. Niklas Fricke&hellip;<\/p>\n","protected":false},"author":3,"featured_media":0,"parent":5452,"menu_order":12,"comment_status":"open","ping_status":"closed","template":"","meta":{"ngg_post_thumbnail":0,"footnotes":""},"class_list":["post-119","page","type-page","status-publish","hentry"],"_links":{"self":[{"href":"https:\/\/rrc-schliersee.com\/wordpress\/wp-json\/wp\/v2\/pages\/119","targetHints":{"allow":["GET"]}}],"collection":[{"href":"https:\/\/rrc-schliersee.com\/wordpress\/wp-json\/wp\/v2\/pages"}],"about":[{"href":"https:\/\/rrc-schliersee.com\/wordpress\/wp-json\/wp\/v2\/types\/page"}],"author":[{"embeddable":true,"href":"https:\/\/rrc-schliersee.com\/wordpress\/wp-json\/wp\/v2\/users\/3"}],"replies":[{"embeddable":true,"href":"https:\/\/rrc-schliersee.com\/wordpress\/wp-json\/wp\/v2\/comments?post=119"}],"version-history":[{"count":47,"href":"https:\/\/rrc-schliersee.com\/wordpress\/wp-json\/wp\/v2\/pages\/119\/revisions"}],"predecessor-version":[{"id":5074,"href":"https:\/\/rrc-schliersee.com\/wordpress\/wp-json\/wp\/v2\/pages\/119\/revisions\/5074"}],"up":[{"embeddable":true,"href":"https:\/\/rrc-schliersee.com\/wordpress\/wp-json\/wp\/v2\/pages\/5452"}],"wp:attachment":[{"href":"https:\/\/rrc-schliersee.com\/wordpress\/wp-json\/wp\/v2\/media?parent=119"}],"curies":[{"name":"wp","href":"https:\/\/api.w.org\/{rel}","templated":true}]}}