{"id":1196,"date":"2013-06-10T06:00:30","date_gmt":"2013-06-10T05:00:30","guid":{"rendered":"http:\/\/rrc-schliersee.de\/wordpress\/?page_id=1196"},"modified":"2023-10-24T15:52:14","modified_gmt":"2023-10-24T14:52:14","slug":"ergebnisse-2013","status":"publish","type":"page","link":"https:\/\/rrc-schliersee.com\/wordpress\/ergebnisse\/archiv\/ergebnisse-2013\/","title":{"rendered":"Ergebnisse 2013"},"content":{"rendered":"<h1>Die Rennergebnisse der Saison 2012 \/ 2013<\/h1>\n<p>01. Oktober 2012 bis 30.09. 2013<\/p>\n<hr>\n<p><strong>Bayerische Meisterschaft 2013\/14<\/strong><\/p>\n<p>Schlierseer Rodler r\u00e4umen ab!<br \/>\nBei der Bayerischen Meisterschaft im Rennrodeln am 28.12.13 auf der K\u00f6nigsseer Bahn behaupten sich alle 5 aktiven Nachwuchsfahrer auf\u00b4s Stockerl. In der Klasse Jugend C siegte Niklas Fricke souver\u00e4n, Mathias Gro\u00df steigerte sich nach einem grandiosen 2. Lauf auf Platz 2. Als Jugend D- Starter sicherten sich Marco Leger und Annika Krause jeweils den 2. Platz. Katharina M\u00fcller startete in der Klasse Junioren B und belegte Rang 2. Trainer Hermann M\u00fcller ist stolz auf seine Mannschaft!<\/p>\n<p>Als ausrichtender Verein bedanken wir uns f\u00fcr die materielle Unterst\u00fctzung in Form von W\u00fcrsten, Semmeln und Gl\u00fchwein bei Metzgerei Markus Murr, B\u00e4ckerei Gritscher und dem Hotel Bayerischer Hof. Ebenso gilt unser Dank allen flei\u00dfigen H\u00e4nden unserer ehrenamtlichen Helfer.<\/p>\n<p>Ergebnisse der Jugend A, B, C, D, Junioren<br \/>\nund Senioren<br \/>\nim Rennrodeln auf der<br \/>\nKunsteisbahn K\u00f6nigssee<br \/>\n26. \u2013 28.12.2013<a href=\"http:\/\/rrc-schliersee.de\/wordpress\/wp-content\/uploads\/2013\/12\/BM2014_Ergebnisliste-komplett.pdf\" target=\"_blank\" rel=\"noopener noreferrer\"><br \/>\n<img loading=\"lazy\" decoding=\"async\" src=\"http:\/\/rrc-schliersee.de\/wordpress\/wp-content\/uploads\/2012\/10\/Icon_PDF.gif\" alt=\"\" width=\"46\" height=\"48\"> BM2014_Ergebnisliste komplett (pdf)<\/a><\/p>\n<p><a href=\"http:\/\/rrc-schliersee.de\/wordpress\/wp-content\/uploads\/2013\/02\/BM2013.jpg\"><img loading=\"lazy\" decoding=\"async\" class=\"alignleft size-full wp-image-1568\" title=\"BM2013\" src=\"http:\/\/rrc-schliersee.de\/wordpress\/wp-content\/uploads\/2013\/02\/BM2013.jpg\" alt=\"\" width=\"1666\" height=\"1129\" srcset=\"https:\/\/rrc-schliersee.com\/wordpress\/wp-content\/uploads\/2013\/02\/BM2013.jpg 1666w, https:\/\/rrc-schliersee.com\/wordpress\/wp-content\/uploads\/2013\/02\/BM2013-300x203.jpg 300w, https:\/\/rrc-schliersee.com\/wordpress\/wp-content\/uploads\/2013\/02\/BM2013-1024x693.jpg 1024w, https:\/\/rrc-schliersee.com\/wordpress\/wp-content\/uploads\/2013\/02\/BM2013-768x520.jpg 768w, https:\/\/rrc-schliersee.com\/wordpress\/wp-content\/uploads\/2013\/02\/BM2013-1536x1041.jpg 1536w, https:\/\/rrc-schliersee.com\/wordpress\/wp-content\/uploads\/2013\/02\/BM2013-442x300.jpg 442w\" sizes=\"auto, (max-width: 1666px) 100vw, 1666px\" \/><\/a><\/p>\n<p><span style=\"font-size: x-small;\">N. Fricke, M. Gro\u00df, M. Leger, A. Krause, K. M\u00fcller<\/span><\/p>\n<p>Wir gratulieren den Rodlern des RRC Schliersee zu ihren Erfolgen:<\/p>\n<p>Jugend C m\u00e4nnlich<br \/>\n1. Platz Fricke Niklas, RRC Schliersee<br \/>\n2, Platz Gro\u00df Matthias, RRC Schliersee<\/p>\n<p>Jugend D m\u00e4nnlich<br \/>\n2. Platz Leger Marco, RRC Schliersee<\/p>\n<p>Jugend D weiblich<br \/>\n2. Platz Krause Annika, RRC Schliersee<\/p>\n<p>Junioren B weiblich<br \/>\n2. Platz M\u00fcller Katharina, RRC Schliersee<\/p>\n<hr>\n<div><strong>63. Jahreshauptversammlung und Vereinsinfo Saison 2013 \/ 2014<\/strong><\/div>\n<div>Die Jahreshauptversammlung fand am Mittwoch, 04. Dezember 2013 um 19:30 Uhr im Gasthof &#8222;Weihenstephaner&#8220; in Schliersee statt. Die Vereinsmitglieder waren dazu herzlich eingeladen. Neben den regul\u00e4ren Tagesordnungspunkten wurde eine R\u00fcckschau auf die durchgef\u00fchrten Vereinst\u00e4tigkeiten der vergangenen Saison gehalten.<\/div>\n<div>\n<p>\ud83d\ude44 Einladung zur JHV 2013 RRC-Schliersee (auf Anfrage)<br \/>\n\ud83d\ude44 Protokoll der Jahreshauptversammlung 2013 (auf Anfrage)<\/p>\n<\/div>\n<div>\n<p><strong>RRC-Vorstandswahl 2013<\/strong><\/p>\n<p>Der neue (teilweise alte) Vorstand des RRC Schliersee nach der Wahl bei der JHV 2103 (von links nach rechts):<\/p>\n<ul>\n<li>1. Vorstand Heinz Manhart<\/li>\n<li>2. Vorstand Hermann M\u00fcller<\/li>\n<li>Schriftf\u00fchrerin Uli M\u00fcller<\/li>\n<li>Kassier Anton Berger<\/li>\n<\/ul>\n<p><a href=\"http:\/\/rrc-schliersee.de\/wordpress\/wp-content\/uploads\/2013\/12\/RRC-Vorstand_2013-12.jpg\"><img decoding=\"async\" title=\"RRC-Vorstand_2013-12\" src=\"http:\/\/rrc-schliersee.de\/wordpress\/wp-content\/uploads\/2013\/12\/RRC-Vorstand_2013-12.jpg\" alt=\"\"><\/a><\/p>\n<\/div>\n<div>\n<hr>\n<\/div>\n<div><strong>Seefest in Schliersee 2013<\/strong><\/div>\n<div>Auch heuer wieder war der RRC Schliersee beim Schlierseer Seefest vom Freitag 26.07. bis Sonntag 28.07.203 mit seiner Startbahnanlage mit genauer Zeitmessung auf die 1\/1000stel Sekunde wieder vor Ort.<\/div>\n<p>Das Angebot richtete sich in erster Linie an Kinder und Jugendliche, aber auch Erwachsene konnten beweisen, ob sie \u201ces drauf haben\u201d.<\/p>\n<p><strong><em>Ergebnisse Kinder weiblich:<\/em><\/strong><\/p>\n<ol>\n<li>Bowerio Valentina 2,397 s<\/li>\n<li>Ammerer Lisa&nbsp;&nbsp;&nbsp;&nbsp;&nbsp;&nbsp; 2,539 s<\/li>\n<li>Maier Branca&nbsp;&nbsp;&nbsp;&nbsp;&nbsp;&nbsp;&nbsp; 2,600 s<\/li>\n<\/ol>\n<p><em><strong>Ergebnisse Kinder m\u00e4nnlich:<\/strong><\/em><\/p>\n<ol>\n<li>Hinterseer Simon 2,492 s<\/li>\n<li>Stieb Sebastian&nbsp;&nbsp; 2,534 s<\/li>\n<li>Alkofer Johannes 2,693 s<\/li>\n<\/ol>\n<p><strong><em>Ergebnisse Damen:<\/em><\/strong><\/p>\n<ol>\n<li>Maier Nicole&nbsp;&nbsp;&nbsp;&nbsp;&nbsp;&nbsp;&nbsp;&nbsp;&nbsp;&nbsp; 2,575 s<\/li>\n<li>Flossmann Verena 2,701 s<\/li>\n<li>Westphal Katrin&nbsp;&nbsp;&nbsp;&nbsp;&nbsp; 2,702 s<\/li>\n<\/ol>\n<p><strong><em>Ergebnisse Herren:<\/em><\/strong><\/p>\n<ol>\n<li>Aort Stefan&nbsp;&nbsp;&nbsp;&nbsp;&nbsp;&nbsp;&nbsp;&nbsp;&nbsp;&nbsp;&nbsp; 2,244 s<\/li>\n<li>Stein Patrik&nbsp;&nbsp;&nbsp;&nbsp;&nbsp;&nbsp;&nbsp;&nbsp;&nbsp;&nbsp;&nbsp; 2,249 s<\/li>\n<li>Unterrainer Daniel 2,273 s<\/li>\n<\/ol>\n<hr>\n<p><strong>RRC beim Informationstag &#8222;Vereine stellen sich vor&#8220; in Schliersee<\/strong><br \/>\nDer RRC Schliersee nahm bei der Infoveranstaltung &#8222;Vereine stellen sich vor&#8220; am 12.07.2013 in der Schlierseer Schule teil. Wir hatten unsere Startbahnanlage f\u00fcr Rollenschlitten aufgebaut. Die Sch\u00fcler nahmen das Angebot mit gro\u00dfer Begeisterung an und unsere Betreuer waren einige Stunden sehr gut besch\u00e4ftigt, die Rodel f\u00fcr die Schlange stehenden Kinder und Jugendlichen f\u00fcr die Testfahrtenauf den Startbock hochzuhieven.<\/p>\n<hr>\n<p><strong>Jahreshauptversammlung 2013 des BBSV<\/strong><br \/>\nDie JHV fand heuer in Kreuth statt. Der RRC Schliersee nahm an der Versammlung teil und stellte sein Projekt &#8222;neue Rodelbahn Schliersee&#8220; vor.<\/p>\n<hr>\n<p><strong>Vereinsmeisterschaft 2012 \/ 2013 und <strong>Siegerehrung<br \/>\n<\/strong><\/strong>Die Vereinsmeisterschaft des RRC Schliersee wurde am 3. M\u00e4rz 2013 auf der Kunsteisrodelbahn in K\u00f6nigssee durchgef\u00fchrt.<br \/>\nSiegerehrung am Freitag, 03. Mai 2013 um 19:30 Uhr im Hotel Bayrischer Hof in Miesbach.<\/p>\n<hr>\n<p><strong>45. Internationales Veteranenrennen <strong>in Oberhof<\/strong> mit starker Beteiligung des RRC<br \/>\n<\/strong><\/p>\n<p><a href=\"http:\/\/rrc-schliersee.de\/wordpress\/wp-content\/uploads\/2013\/03\/Veteranenrennen_Oberhof_20132.jpg\"><img decoding=\"async\" class=\"alignleft wp-image-1237\" title=\"Veteranenrennen_Oberhof_2013\" src=\"http:\/\/rrc-schliersee.de\/wordpress\/wp-content\/uploads\/2013\/03\/Veteranenrennen_Oberhof_20132.jpg\" alt=\"\" width=\"150\" srcset=\"https:\/\/rrc-schliersee.com\/wordpress\/wp-content\/uploads\/2013\/03\/Veteranenrennen_Oberhof_20132.jpg 545w, https:\/\/rrc-schliersee.com\/wordpress\/wp-content\/uploads\/2013\/03\/Veteranenrennen_Oberhof_20132-213x300.jpg 213w, https:\/\/rrc-schliersee.com\/wordpress\/wp-content\/uploads\/2013\/03\/Veteranenrennen_Oberhof_20132-212x300.jpg 212w\" sizes=\"(max-width: 545px) 100vw, 545px\" \/><\/a>Die beiden RRC-Senior-Rodler Eberhard Kelz und G\u00fcnther Sikierski nahmen erfolgreich am Veteranenrennen teil.<\/p>\n<p>Eberhard Kelz gibt mit Abschluss dieses Rennens seine letzte Teilnahme an einem offiziellen Wettbewerb bekannt.<strong><br \/>\n<\/strong>&#8220; &#8230; Nachdem es in meinem Alter in zunehmendem Ma\u00dfe immer anstrengender wurde, meine gewohnten Leistungen &#8230; abzurufen, habe ich beschlossen im 75. Lebensjahr,<br \/>\n(dem Jahr, in dem auch unser deutscher Papst zur\u00fcckgetreten ist) dem aktiven&nbsp;Rodelsport lebewohl zu sagen&#8230;&#8220;<\/p>\n<p><strong><a href=\"http:\/\/rrc-schliersee.de\/wordpress\/wp-content\/uploads\/2013\/03\/RRC_Veteranenrennen_Oberhof_2013_pic041.jpg\"><img loading=\"lazy\" decoding=\"async\" class=\"alignnone size-full wp-image-1231\" title=\"RRC_Veteranenrennen_Oberhof_2013_pic04\" src=\"http:\/\/rrc-schliersee.de\/wordpress\/wp-content\/uploads\/2013\/03\/RRC_Veteranenrennen_Oberhof_2013_pic041.jpg\" alt=\"\" width=\"300\" height=\"227\"><\/a><br \/>\n<a href=\"http:\/\/rrc-schliersee.de\/wordpress\/wp-content\/uploads\/2013\/01\/RRC_Veteranenrennen_Oberhof_2013_pic01.jpg\"><img loading=\"lazy\" decoding=\"async\" class=\"alignnone size-medium wp-image-1222\" title=\"RRC_Veteranenrennen_Oberhof_2013_pic01\" src=\"http:\/\/rrc-schliersee.de\/wordpress\/wp-content\/uploads\/2013\/01\/RRC_Veteranenrennen_Oberhof_2013_pic01-300x221.jpg\" alt=\"\" width=\"300\" height=\"221\" srcset=\"https:\/\/rrc-schliersee.com\/wordpress\/wp-content\/uploads\/2013\/01\/RRC_Veteranenrennen_Oberhof_2013_pic01-300x221.jpg 300w, https:\/\/rrc-schliersee.com\/wordpress\/wp-content\/uploads\/2013\/01\/RRC_Veteranenrennen_Oberhof_2013_pic01-407x300.jpg 407w, https:\/\/rrc-schliersee.com\/wordpress\/wp-content\/uploads\/2013\/01\/RRC_Veteranenrennen_Oberhof_2013_pic01.jpg 600w\" sizes=\"auto, (max-width: 300px) 100vw, 300px\" \/><\/a> <a href=\"http:\/\/rrc-schliersee.de\/wordpress\/wp-content\/uploads\/2013\/01\/RRC_Veteranenrennen_Oberhof_2013_pic02.jpg\"><img loading=\"lazy\" decoding=\"async\" class=\"alignnone size-medium wp-image-1223\" title=\"RRC_Veteranenrennen_Oberhof_2013_pic02\" src=\"http:\/\/rrc-schliersee.de\/wordpress\/wp-content\/uploads\/2013\/01\/RRC_Veteranenrennen_Oberhof_2013_pic02-300x222.jpg\" alt=\"\" width=\"300\" height=\"222\" srcset=\"https:\/\/rrc-schliersee.com\/wordpress\/wp-content\/uploads\/2013\/01\/RRC_Veteranenrennen_Oberhof_2013_pic02-300x222.jpg 300w, https:\/\/rrc-schliersee.com\/wordpress\/wp-content\/uploads\/2013\/01\/RRC_Veteranenrennen_Oberhof_2013_pic02-405x300.jpg 405w, https:\/\/rrc-schliersee.com\/wordpress\/wp-content\/uploads\/2013\/01\/RRC_Veteranenrennen_Oberhof_2013_pic02.jpg 600w\" sizes=\"auto, (max-width: 300px) 100vw, 300px\" \/> <\/a><a href=\"http:\/\/rrc-schliersee.de\/wordpress\/wp-content\/uploads\/2013\/01\/RRC_Veteranenrennen_Oberhof_2013_pic03.jpg\"><img loading=\"lazy\" decoding=\"async\" class=\"alignnone size-full wp-image-1224\" title=\"RRC_Veteranenrennen_Oberhof_2013_pic03\" src=\"http:\/\/rrc-schliersee.de\/wordpress\/wp-content\/uploads\/2013\/01\/RRC_Veteranenrennen_Oberhof_2013_pic03.jpg\" alt=\"\" width=\"300\" height=\"408\" srcset=\"https:\/\/rrc-schliersee.com\/wordpress\/wp-content\/uploads\/2013\/01\/RRC_Veteranenrennen_Oberhof_2013_pic03.jpg 300w, https:\/\/rrc-schliersee.com\/wordpress\/wp-content\/uploads\/2013\/01\/RRC_Veteranenrennen_Oberhof_2013_pic03-221x300.jpg 221w, https:\/\/rrc-schliersee.com\/wordpress\/wp-content\/uploads\/2013\/01\/RRC_Veteranenrennen_Oberhof_2013_pic03-220x300.jpg 220w\" sizes=\"auto, (max-width: 300px) 100vw, 300px\" \/><\/a><\/strong><\/p>\n<p>Die Ergebnisse:<br \/>\nin der Klasse &#8222;60 m&#8220; Sikierski G\u00fcnther Platz 3 mit einer Gesamtlaufzeit von 67,958 s<br \/>\nin der Klasse &#8222;70 m&#8220; Kelz Eberhard&nbsp;&nbsp;&nbsp;&nbsp; Platz 4 mit einer Gesamtlaufzeit von 69,499 s<br \/>\n<a href=\"http:\/\/rrc-schliersee.de\/wordpress\/wp-content\/uploads\/2013\/03\/veteranenrennen_Oberhof_2013_Ergebnisse.jpg\"><img loading=\"lazy\" decoding=\"async\" class=\"alignnone size-full wp-image-1235\" title=\"veteranenrennen_Oberhof_2013_Ergebnisse\" src=\"http:\/\/rrc-schliersee.de\/wordpress\/wp-content\/uploads\/2013\/03\/veteranenrennen_Oberhof_2013_Ergebnisse.jpg\" alt=\"\" width=\"537\" height=\"162\" srcset=\"https:\/\/rrc-schliersee.com\/wordpress\/wp-content\/uploads\/2013\/03\/veteranenrennen_Oberhof_2013_Ergebnisse.jpg 537w, https:\/\/rrc-schliersee.com\/wordpress\/wp-content\/uploads\/2013\/03\/veteranenrennen_Oberhof_2013_Ergebnisse-300x90.jpg 300w, https:\/\/rrc-schliersee.com\/wordpress\/wp-content\/uploads\/2013\/03\/veteranenrennen_Oberhof_2013_Ergebnisse-500x150.jpg 500w\" sizes=\"auto, (max-width: 537px) 100vw, 537px\" \/><\/a><\/p>\n<hr>\n<p><strong>Internationaler Alpenl\u00e4nderpokal 2013 in Imst \/ Putzenwald (\u00d6)<\/strong><\/p>\n<p>Am 26.01.2013 belegte unser junger Rennrodler Mathias Gro\u00df den 1. Platz in der Gruppe Jugend D m\u00e4nnlich.<br \/>\n1. Lauf 0:18,807 (1)<br \/>\n2. Lauf 0:18,909 (2)<br \/>\nGesamtzeit 0:37,716 mit 0,212 Sekunden Abstand zum Zweitplatzierten.<\/p>\n<p><img loading=\"lazy\" decoding=\"async\" src=\"http:\/\/rrc-schliersee.de\/wordpress\/wp-content\/uploads\/2013\/01\/RRC_Gross_Mathias_2013_01.jpg\" alt=\"\" width=\"600\" height=\"761\"><\/p>\n<hr>\n<p><strong><strong>Internationale Bayerische Lehrer-Meisterschaft 2013 in K\u00f6nigssee<\/strong><\/strong><\/p>\n<p>Am 19.01.2013 konnte unser Vereinsmitglied Eberhard Kelz einen hervorragenden 2. Platz erringen.<br \/>\n<img loading=\"lazy\" decoding=\"async\" src=\"http:\/\/rrc-schliersee.de\/wordpress\/wp-content\/uploads\/2013\/01\/RRCS_BayLehrerM2013_01.jpg\" alt=\"\" width=\"600\" height=\"411\"><br \/>\nHier ein Auszug aus der Ergebnisliste :<br \/>\nTeilnehmer waren 11 Herren und 1 Dame. 3 L\u00e4ufe, davon wurden 2 gewertet<br \/>\n1. Lauf 37,96 s &nbsp;&nbsp; 2. Lauf 37,98 s&nbsp; = Gesamtzeit 1:15,94 s<br \/>\nWie in all&nbsp;den&nbsp;Jahren&nbsp;vorher konnten wir auch heuer wieder souver\u00e4n den Mannschaftswettbewerb gewinnen.<\/p>\n<hr>\n<p><strong>Lehrg\u00e4nge und Wettk\u00e4mpfe Saison 2012\/2013 des BBSV<\/strong><br \/>\nD-Kader Lehrgang K\u00f6nigssee 09.11. &#8211; 11.11.12<br \/>\nD-Kader Lehrgang K\u00f6nigssee 07.12. &#8211; 09.12.12<br \/>\nDM allg. K\u00f6nigssee 21.12. &#8211; 22.12.12<br \/>\nBayern Cup 22.12. &#8211; 23.12.12<br \/>\nBayrische Meisterschaft 26.12. &#8211; 28.12.12<br \/>\nDM Jug. C K\u00f6nigssee 24.01. &#8211; 27.01.13<br \/>\nDt. Jug. B Cup Altenberg 31.01. &#8211; 03.02.13<br \/>\nDM Jug. B K\u00f6nigssee 14.02. &#8211; 17.02.13<br \/>\nDM Jug. A und Jun. Winterberg 17.02. &#8211; 20.02.13<br \/>\nZwergerlcup 24.02.13<br \/>\nDt. Jug A und Jun Cup Altenberg 26.02. &#8211; 03.03.13<\/p>\n","protected":false},"excerpt":{"rendered":"<p>Die Rennergebnisse der Saison 2012 \/ 2013 01. Oktober 2012 bis 30.09. 2013 Bayerische Meisterschaft 2013\/14 Schlierseer Rodler r\u00e4umen ab! Bei der Bayerischen Meisterschaft im Rennrodeln am 28.12.13 auf der K\u00f6nigsseer Bahn behaupten sich alle 5 aktiven Nachwuchsfahrer auf\u00b4s Stockerl. In der Klasse Jugend C siegte Niklas Fricke souver\u00e4n, Mathias Gro\u00df steigerte sich nach einem grandiosen 2. Lauf auf Platz 2. Als Jugend D- Starter sicherten sich Marco Leger und&hellip;<\/p>\n","protected":false},"author":3,"featured_media":0,"parent":5452,"menu_order":13,"comment_status":"open","ping_status":"closed","template":"","meta":{"ngg_post_thumbnail":0,"footnotes":""},"class_list":["post-1196","page","type-page","status-publish","hentry"],"_links":{"self":[{"href":"https:\/\/rrc-schliersee.com\/wordpress\/wp-json\/wp\/v2\/pages\/1196","targetHints":{"allow":["GET"]}}],"collection":[{"href":"https:\/\/rrc-schliersee.com\/wordpress\/wp-json\/wp\/v2\/pages"}],"about":[{"href":"https:\/\/rrc-schliersee.com\/wordpress\/wp-json\/wp\/v2\/types\/page"}],"author":[{"embeddable":true,"href":"https:\/\/rrc-schliersee.com\/wordpress\/wp-json\/wp\/v2\/users\/3"}],"replies":[{"embeddable":true,"href":"https:\/\/rrc-schliersee.com\/wordpress\/wp-json\/wp\/v2\/comments?post=1196"}],"version-history":[{"count":51,"href":"https:\/\/rrc-schliersee.com\/wordpress\/wp-json\/wp\/v2\/pages\/1196\/revisions"}],"predecessor-version":[{"id":5072,"href":"https:\/\/rrc-schliersee.com\/wordpress\/wp-json\/wp\/v2\/pages\/1196\/revisions\/5072"}],"up":[{"embeddable":true,"href":"https:\/\/rrc-schliersee.com\/wordpress\/wp-json\/wp\/v2\/pages\/5452"}],"wp:attachment":[{"href":"https:\/\/rrc-schliersee.com\/wordpress\/wp-json\/wp\/v2\/media?parent=1196"}],"curies":[{"name":"wp","href":"https:\/\/api.w.org\/{rel}","templated":true}]}}