{"id":123,"date":"2012-10-30T11:00:59","date_gmt":"2012-10-30T10:00:59","guid":{"rendered":"http:\/\/rrc.schliersee.de\/wordpress\/?page_id=123"},"modified":"2023-10-24T15:52:26","modified_gmt":"2023-10-24T14:52:26","slug":"ergebnisse-2011","status":"publish","type":"page","link":"https:\/\/rrc-schliersee.com\/wordpress\/ergebnisse\/archiv\/ergebnisse-2011\/","title":{"rendered":"Ergebnisse 2011"},"content":{"rendered":"<h1>Die Rennergebnisse der Saison 2010 \/ 2011<\/h1>\n<p>01. Oktober 2010 bis 30.09. 2011<\/p>\n<hr>\n<p dir=\"ltr\"><span style=\"font-size: medium;\">Presseinformation<\/span><br \/>\n<strong><span style=\"font-size: large;\">RENN-RODEL-CLUB SCHLIERSEE e.V. IM BAYER. BOB- UND SCHLITTENSPORTVERBAND e.V.<\/span><\/strong><br \/>\n<strong><span style=\"font-size: large;\">KOOPERATIONSMODELL SCHULE-VEREIN<\/span><\/strong><br \/>\n<strong><span style=\"font-size: large;\">REGIONALES LEISTUNGSZENTRUM<\/span><\/strong><\/p>\n<p dir=\"ltr\"><strong>Bayerische Meisterschaft 2011, K\u00f6nigssee, 06.02.2011<\/strong><br \/>\nAn der Bayerischen Meisterschaft im Rennrodeln nahmen vom RRC Schliersee Katharina M\u00fcller, Sonja H\u00f6lscher und Mathias Gro\u00df teil.<br \/>\nBei Temperaturen von -1,5\u00b0C und einer Bahntemperatur von \u2013 3,7\u00b0C und heiterem Wetter wurde der Wettbewerb durchgef\u00fchrt.<br \/>\nKatharina M\u00fcller hat in der Klasse Jugend B den 2. Platz errungen.<br \/>\nSonja H\u00f6lscher fuhr auf den 3. Platz in der Klasse Jugend A.<br \/>\nMathias Gro\u00df belegte den 3. Platz in der Klasse Jugend D, wobei er im 2. Lauf die zweitbeste Zeit fuhr.<\/p>\n<figure id=\"attachment_790\" aria-describedby=\"caption-attachment-790\" style=\"width: 640px\" class=\"wp-caption alignnone\"><a href=\"http:\/\/rrc-schliersee.de\/wordpress\/wp-content\/uploads\/2012\/09\/Bay-M_IMG_9926_2.jpg\"><img loading=\"lazy\" decoding=\"async\" class=\" wp-image-790\" title=\"Bay-M_IMG_9926_2\" src=\"http:\/\/rrc-schliersee.de\/wordpress\/wp-content\/uploads\/2012\/09\/Bay-M_IMG_9926_2.jpg\" alt=\"Bayrische Meisterschaft 2011\" width=\"640\" height=\"426\" srcset=\"https:\/\/rrc-schliersee.com\/wordpress\/wp-content\/uploads\/2012\/09\/Bay-M_IMG_9926_2.jpg 640w, https:\/\/rrc-schliersee.com\/wordpress\/wp-content\/uploads\/2012\/09\/Bay-M_IMG_9926_2-300x199.jpg 300w, https:\/\/rrc-schliersee.com\/wordpress\/wp-content\/uploads\/2012\/09\/Bay-M_IMG_9926_2-450x300.jpg 450w\" sizes=\"auto, (max-width: 640px) 100vw, 640px\" \/><\/a><figcaption id=\"caption-attachment-790\" class=\"wp-caption-text\">Katharina M\u00fcller, Sonja H\u00f6lscher und Mathias Gro\u00df<\/figcaption><\/figure>\n<hr>\n<p><strong>R\u00fcckblick auf die Saison 2011 \/ 2012<\/strong><br \/>\nDie Aktiven des RRC Schliersee haben in der Saison 2011\/2012 an folgenden Rennen teilgenommen:<\/p>\n<ul>\n<li>Bayerische Meisterschaft, K\u00f6nigssee<\/li>\n<li>Bayerischer Jugendcup, Jugend B,C,D, K\u00f6nigssee<\/li>\n<li>Internationaler Alpenl\u00e4nder Pokal, Imst<\/li>\n<li>Deutsche Meisterschaft Jugend A, K\u00f6nigssee<\/li>\n<li>Deutsche Meisterschaft Junioren B, K\u00f6nigssee<\/li>\n<li>Welt Jugend Challenge, Innsbruck<\/li>\n<li>Veteranen Rennen, Oberhof<\/li>\n<\/ul>\n<p>Katharina M\u00fcller wurde Dritte bei der Bayerischen Meisterschaft in der Klasse Jugend A und erk\u00e4mpfte sich den 9. Platz bei der Deutschen Meisterschaft. Beim Internationalen Alpenl\u00e4nder Pokal errang sie den 2. Platz und bei der Welt Jugend Challenge den 8. Platz.<br \/>\nNiklas Fricke wurde Bayerischer Meister in der Jugend D, in der selben Klasse belegte Mathias Gross den 3. Rang. den 4. Platz beim Bayerischen Jugend Cup, Niklas wurde hier 7.Beim Alpenl\u00e4nderpokal wurde Niklas 4. und Mathias wurde 5. Bei der Welt Jugend Challenge belegte Mathias den 5. und Niklas den 8. Rang.<br \/>\nSonja H\u00f6lscher belegte der Deutschen Meisterschaft in der Klasse Junioren B den 5. Platz.<br \/>\nSigi Wernberger wurde Bayerischer Meister.<\/p>\n<p>F\u00fcr die Durchf\u00fchrung einer so anspruchsvollen Veranstaltung wie der Bayerischen Meisterschaft war die Mithilfe treuer Vereinsmitglieder ganz wichtig. So haben neben dem Trainer Hermann M\u00fcller noch weitere acht Freiwillige mitgeholfen. Die Aufgaben reichen von der Auswertung der Ergebnisse, dem Erstellen der Urkunden, Helfen an der Bahn, Temperaturmessung, Schlittenwiegen, Verkauf von Tee, Kaffe, Gl\u00fchwein, Kuchen und Wienerw\u00fcrsten bis zur Betreuung der Aktiven. Karl-Heinz Manhart, der 1. Vorstand des Vereins, der leider verhindert war, war dankbar f\u00fcr die Unterst\u00fctzung. Besonders freute ihn, dass von der Metzgerei Murr, den B\u00e4ckereien Gritscher und Zanger, sowie von Erich Fink, dem Wirt der Neureuth, die f\u00fcr den Verkauf ben\u00f6tigten Lebensmittel gespendet wurden.<\/p>\n<p>Zum Saisonabschlu\u00df wurde die Therme Erding besucht, wobei besonders die Wasserrutschen Spass bereiteten.<\/p>\n<hr>\n<p><strong>Der RRC beim Seefest Schliersee 2012<\/strong><\/p>\n<p>Auch dieses Jahr haben wir wieder mit unserer Startanlage mit Zeitmessung und unserem Verkaufspavillion am Seefest in Schliersee teilgenommen. Unsere Startanlage war sowohl f\u00fcr die Kinder als auch f\u00fcr die Erwachsenen der absolute &#8222;Renner&#8220;.<\/p>\n<hr>\n<p><strong>Lehrermeisterschaft 2012 und Veteranenrennen 2012 in Oberhof<\/strong><\/p>\n<p>Unsere Senioren Eberhard Kelz und G\u00fcnther Siekierski waren in dieser Saison wieder sehr erfolgreich unterwegs. Sie nahmen bei der Lehrermeisterschaft 2012 und beim Veteranenrennen 2012 in Oberhof teil.<\/p>\n<hr>\n<p><strong><span style=\"font-size: large;\">Ergebnisse der Saison 2011\/2012<\/span><\/strong><\/p>\n<p><strong>Bayerischer JugendCup, K\u00f6nigssee, 08.01.2012<\/strong><\/p>\n<table id=\"Tabelle62\" cellspacing=\"2\" cellpadding=\"2\" border=\"0\">\n<colgroup>\n<col>\n<col> <\/colgroup>\n<tbody>\n<tr>\n<td width=\"119\">Jugend D m:<\/td>\n<td width=\"417\">04. Pl. Gro\u00df Mathias<\/td>\n<\/tr>\n<tr>\n<td>Jugend D m:<\/td>\n<td>07. Pl. Fricke Niklas<\/td>\n<\/tr>\n<\/tbody>\n<\/table>\n<p><strong>Bayerische Meisterschaft, K\u00f6nigssee, 28.12.2011<\/strong><\/p>\n<table id=\"Tabelle63\" cellspacing=\"2\" cellpadding=\"2\" border=\"0\">\n<colgroup>\n<col valign=\"bottom\">\n<col> <\/colgroup>\n<tbody>\n<tr valign=\"middle\">\n<td width=\"119\" valign=\"middle\">Jugend D m:<\/td>\n<td width=\"413\">01. Pl. Fricke Niklas<\/td>\n<\/tr>\n<tr valign=\"middle\">\n<td valign=\"middle\">Jugend D m:<\/td>\n<td>03. Pl. Gro\u00df Mathias<\/td>\n<\/tr>\n<tr valign=\"middle\">\n<td>Jugend A w:<\/td>\n<td>03. Pl.M\u00fcller Katharina<\/td>\n<\/tr>\n<tr valign=\"middle\">\n<td>Senioren m<\/td>\n<td>01. Pl. Wernberger Sigi<\/td>\n<\/tr>\n<\/tbody>\n<\/table>\n<p><strong>Deutsche Meisterschaft Jugend B, Altenberg<\/strong><\/p>\n<table id=\"Tabelle59\" style=\"width: 100%;\" cellspacing=\"2\" cellpadding=\"2\" border=\"0\">\n<colgroup>\n<col>\n<col> <\/colgroup>\n<tbody>\n<tr>\n<td width=\"119\">weiblich:<\/td>\n<td width=\"417\">13. Pl. M\u00fcller Katharina<\/td>\n<\/tr>\n<\/tbody>\n<\/table>\n<p><strong>Bayrische Meisterschaft, K\u00f6nigssee Dezember 2010<br \/>\n<\/strong><\/p>\n<table id=\"Tabelle62\" style=\"width: 100%;\" cellspacing=\"2\" cellpadding=\"2\" border=\"0\">\n<colgroup>\n<col>\n<col> <\/colgroup>\n<tbody>\n<tr>\n<td width=\"119\">Jugend A w:<\/td>\n<td width=\"417\">03. Pl. H\u00f6lscher Sonja<\/td>\n<\/tr>\n<tr>\n<td>Jugend B w:<\/td>\n<td>02. Pl. M\u00fcller Katharina<\/td>\n<\/tr>\n<tr>\n<td>Jugend D m:<\/td>\n<td>03. Pl. Gross Mathias<\/td>\n<\/tr>\n<\/tbody>\n<\/table>\n<p><strong>Bayrische Lehrermeisterschaft, K\u00f6nigssee<\/strong><\/p>\n<table id=\"Tabelle63\" style=\"width: 100%;\" cellspacing=\"2\" cellpadding=\"2\" border=\"0\">\n<colgroup>\n<col>\n<col> <\/colgroup>\n<tbody>\n<tr>\n<td width=\"119\">1. Platz<\/td>\n<td width=\"417\">Siekierski G\u00fcnther<\/td>\n<\/tr>\n<tr>\n<td>7. Platz<\/td>\n<td>Kelz Eberhard<\/td>\n<\/tr>\n<\/tbody>\n<\/table>\n<p><strong>Ergebnislisten:<\/strong><\/p>\n<ul>\n<li><a href=\"http:\/\/rrc-schliersee.de\/wordpress\/wp-content\/uploads\/2012\/09\/2011-02-06_BM2011.pdf\" target=\"_blank\" rel=\"noopener noreferrer\"><img loading=\"lazy\" decoding=\"async\" src=\"http:\/\/rrc-schliersee.de\/wordpress\/wp-content\/uploads\/2012\/10\/Icon_PDF.gif\" alt=\"\" width=\"46\" height=\"48\"> Ergebnisliste Bayrische Meisterschaft 2011\/2012<\/a><\/li>\n<li><a href=\"http:\/\/rrc-schliersee.de\/wordpress\/wp-content\/uploads\/2012\/10\/CCE28102012_00000.pdf\" target=\"_blank\" rel=\"noopener noreferrer\"><img loading=\"lazy\" decoding=\"async\" src=\"http:\/\/rrc-schliersee.de\/wordpress\/wp-content\/uploads\/2012\/10\/Icon_PDF.gif\" alt=\"\" width=\"46\" height=\"48\"> Ergebnisse Breitensport-Serie 2011\/2012<\/a><\/li>\n<\/ul>\n","protected":false},"excerpt":{"rendered":"<p>Die Rennergebnisse der Saison 2010 \/ 2011 01. Oktober 2010 bis 30.09. 2011 Presseinformation RENN-RODEL-CLUB SCHLIERSEE e.V. IM BAYER. BOB- UND SCHLITTENSPORTVERBAND e.V. KOOPERATIONSMODELL SCHULE-VEREIN REGIONALES LEISTUNGSZENTRUM Bayerische Meisterschaft 2011, K\u00f6nigssee, 06.02.2011 An der Bayerischen Meisterschaft im Rennrodeln nahmen vom RRC Schliersee Katharina M\u00fcller, Sonja H\u00f6lscher und Mathias Gro\u00df teil. Bei Temperaturen von -1,5\u00b0C und einer Bahntemperatur von \u2013 3,7\u00b0C und heiterem Wetter wurde der Wettbewerb durchgef\u00fchrt. Katharina M\u00fcller hat&hellip;<\/p>\n","protected":false},"author":3,"featured_media":0,"parent":5452,"menu_order":11,"comment_status":"open","ping_status":"closed","template":"","meta":{"ngg_post_thumbnail":0,"footnotes":""},"class_list":["post-123","page","type-page","status-publish","hentry"],"_links":{"self":[{"href":"https:\/\/rrc-schliersee.com\/wordpress\/wp-json\/wp\/v2\/pages\/123","targetHints":{"allow":["GET"]}}],"collection":[{"href":"https:\/\/rrc-schliersee.com\/wordpress\/wp-json\/wp\/v2\/pages"}],"about":[{"href":"https:\/\/rrc-schliersee.com\/wordpress\/wp-json\/wp\/v2\/types\/page"}],"author":[{"embeddable":true,"href":"https:\/\/rrc-schliersee.com\/wordpress\/wp-json\/wp\/v2\/users\/3"}],"replies":[{"embeddable":true,"href":"https:\/\/rrc-schliersee.com\/wordpress\/wp-json\/wp\/v2\/comments?post=123"}],"version-history":[{"count":20,"href":"https:\/\/rrc-schliersee.com\/wordpress\/wp-json\/wp\/v2\/pages\/123\/revisions"}],"predecessor-version":[{"id":5075,"href":"https:\/\/rrc-schliersee.com\/wordpress\/wp-json\/wp\/v2\/pages\/123\/revisions\/5075"}],"up":[{"embeddable":true,"href":"https:\/\/rrc-schliersee.com\/wordpress\/wp-json\/wp\/v2\/pages\/5452"}],"wp:attachment":[{"href":"https:\/\/rrc-schliersee.com\/wordpress\/wp-json\/wp\/v2\/media?parent=123"}],"curies":[{"name":"wp","href":"https:\/\/api.w.org\/{rel}","templated":true}]}}