{"id":131,"date":"2012-10-30T11:00:35","date_gmt":"2012-10-30T10:00:35","guid":{"rendered":"http:\/\/rrc.schliersee.de\/wordpress\/?page_id=131"},"modified":"2023-10-24T15:52:39","modified_gmt":"2023-10-24T14:52:39","slug":"ergebnisse-2009","status":"publish","type":"page","link":"https:\/\/rrc-schliersee.com\/wordpress\/ergebnisse\/archiv\/ergebnisse-2009\/","title":{"rendered":"Ergebnisse 2009"},"content":{"rendered":"<h1>Die Rennergebnisse der Saison 2008 \/ 2009<\/h1>\n<p>01. Oktober 2008 bis 30.09. 2009<\/p>\n<hr>\n<p style=\"text-align: left;\" align=\"center\">Presseinformation<br \/>\n<strong><span style=\"font-size: large;\">RENN-RODEL-CLUB SCHLIERSEE e.V. IM BAYER. BOB- UND SCHLITTENSPORTVERBAND e.V.<\/span><\/strong><br \/>\n<strong><span style=\"font-size: large;\">KOOPERATIONSMODELL SCHULE-VEREIN <\/span><\/strong><br \/>\n<strong><span style=\"font-size: large;\">REGIONALES LEISTUNGSZENTRUM<\/span><\/strong><\/p>\n<p><strong>Deutscher Jugendcup A im Rennrodeln, K\u00f6nigssee 18.12.2009<\/strong><br \/>\nSonja H\u00f6lscher gewinnt den Deutschen Jugendcup in der Klasse Jugend A.<\/p>\n<p>Bei sehr guten Bedingungen, sch\u00f6nem Wetter und klirrender K\u00e4lte nahm Sonja H\u00f6lscher an dem Rennen der besten deutschen Jugend A Rodlerinnen teil. Elf Starterinnen der Vereine WSV K\u00f6nigssee, RRV Sonneberg\/Schalkau, WSC Erzgebirge O&#8217;tal, ESV Lok Zwickau, RC Waltershausen, RT Suhl, SSV Altenberg, TSV Zella-Mehlis und RRC Schliersee.<br \/>\nNach l\u00e4ngerer Durststrecke mit mittleren Platzierungen konnte Sonja wieder einmal ihr K\u00f6nnen zeigen. Nun hat sie offensichtlich die Umstellung auf den neuen schwereren Schlitten geschafft. Nach dem ersten Lauf noch auf dem zweiten Platz liegend, wurde ihr Schlitten von Trainer Hermann M\u00fcller noch etwas pr\u00e4pariert und die Kufen etwas gesch\u00e4rft. So fuhr sie die beste Laufzeit im zweiten Lauf und konnte die Laufzeitbeste des ersten Laufs hinter sich lassen. Dieser Sieg gibt Selbstvertrauen und l\u00e4sst auf weitere gute Ergebnisse im kommenden Winter hoffen.<\/p>\n<figure id=\"attachment_793\" aria-describedby=\"caption-attachment-793\" style=\"width: 640px\" class=\"wp-caption alignnone\"><a href=\"http:\/\/rrc-schliersee.de\/wordpress\/wp-content\/uploads\/2012\/09\/Sonja-Hoelscher-DJC2009.jpg\"><img loading=\"lazy\" decoding=\"async\" class=\" wp-image-793 \" title=\"Sonja Hoelscher DJC2009\" src=\"http:\/\/rrc-schliersee.de\/wordpress\/wp-content\/uploads\/2012\/09\/Sonja-Hoelscher-DJC2009.jpg\" alt=\"Sonja Hoelscher DJC2009\" width=\"640\" height=\"782\" srcset=\"https:\/\/rrc-schliersee.com\/wordpress\/wp-content\/uploads\/2012\/09\/Sonja-Hoelscher-DJC2009.jpg 640w, https:\/\/rrc-schliersee.com\/wordpress\/wp-content\/uploads\/2012\/09\/Sonja-Hoelscher-DJC2009-246x300.jpg 246w, https:\/\/rrc-schliersee.com\/wordpress\/wp-content\/uploads\/2012\/09\/Sonja-Hoelscher-DJC2009-245x300.jpg 245w\" sizes=\"auto, (max-width: 640px) 100vw, 640px\" \/><\/a><figcaption id=\"caption-attachment-793\" class=\"wp-caption-text\">Sonja H\u00f6lscher DJC2009<\/figcaption><\/figure>\n<hr>\n<p><strong><strong>Ergebnisse der Saison 2009<\/strong><\/strong><\/p>\n<p><strong>41. Int. Veteranenrennen, Oberhof, 21.02.09<\/strong><\/p>\n<table id=\"Tabelle59\" style=\"width: 100%;\" cellspacing=\"2\" cellpadding=\"2\" border=\"0\">\n<colgroup>\n<col>\n<col> <\/colgroup>\n<tbody>\n<tr>\n<td width=\"119\">AK \u00fcber 60 m\u00e4nnlich:<\/td>\n<td width=\"417\">7. Pl. Kelz Eberhard<br \/>\n8. Pl. Siekierski G\u00fcnther<\/td>\n<\/tr>\n<\/tbody>\n<\/table>\n<p><strong>DM Jugend C, Winterberg, 14.02.09<\/strong><\/p>\n<table id=\"Tabelle62\" style=\"width: 100%;\" cellspacing=\"2\" cellpadding=\"2\" border=\"0\">\n<colgroup>\n<col>\n<col> <\/colgroup>\n<tbody>\n<tr>\n<td width=\"119\">Jugend C w:<\/td>\n<td width=\"417\">15. Pl. M\u00fcller Katharina<\/td>\n<\/tr>\n<tr>\n<td>Jugend C m:<\/td>\n<td>21. Pl. Schmidbauer Markus<\/td>\n<\/tr>\n<tr>\n<td>Jugend D m:<\/td>\n<td>34. Pl. Schmidbauer Martin<\/td>\n<\/tr>\n<\/tbody>\n<\/table>\n<p><strong>WJC Innsbruck \/ Igls, 08.02.09<\/strong><\/p>\n<table id=\"Tabelle61\" style=\"width: 100%;\" cellspacing=\"2\" cellpadding=\"2\" border=\"0\">\n<colgroup>\n<col>\n<col> <\/colgroup>\n<tbody>\n<tr>\n<td width=\"119\">Jugend C w:<\/td>\n<td width=\"417\">06. Pl. M\u00fcller Katharina<\/td>\n<\/tr>\n<tr>\n<td>Jugend C m:<\/td>\n<td>07. Pl. Schmidbauer Martin<\/td>\n<\/tr>\n<tr>\n<td>Jugend C m:<\/td>\n<td>11. Pl. Schmidbauer Markus<\/td>\n<\/tr>\n<\/tbody>\n<\/table>\n<p><strong>Deutsche Meisterschaft Jugend B, K\u00f6nigssee, 01.02.09<\/strong><\/p>\n<table id=\"Tabelle60\" style=\"width: 100%;\" cellspacing=\"2\" cellpadding=\"2\" border=\"0\">\n<colgroup>\n<col>\n<col> <\/colgroup>\n<tbody>\n<tr>\n<td width=\"119\">Jugend B w:<\/td>\n<td width=\"417\">06. Pl. H\u00f6lscher Sonja<\/td>\n<\/tr>\n<tr>\n<td>Jugend B m:<\/td>\n<td>19. Pl. Schmidbauer Markus<\/td>\n<\/tr>\n<tr>\n<td>Jugend B w:<\/td>\n<td>26. Pl. M\u00fcller Katharina<\/td>\n<\/tr>\n<\/tbody>\n<\/table>\n<p><strong><strong>Internationaler Vergleichskampf 2009, Imst, 18.01.09<br \/>\n<\/strong><\/strong><\/p>\n<table id=\"Tabelle58\" style=\"width: 100%;\" cellspacing=\"2\" cellpadding=\"2\" border=\"0\">\n<colgroup>\n<col>\n<col> <\/colgroup>\n<tbody>\n<tr>\n<td width=\"119\">Jugend B w:<\/td>\n<td width=\"417\">1. Pl. H\u00f6lscher Sonja<\/td>\n<\/tr>\n<tr>\n<td>Jugend C m:<\/td>\n<td>2. Pl. Schmidbauer Markus<\/td>\n<\/tr>\n<tr>\n<td>Jugend C w:<\/td>\n<td>1. Pl. M\u00fcller Katharina<\/td>\n<\/tr>\n<tr>\n<td>Jugend D m:<\/td>\n<td>3. Pl. Schmidbauer Martin<\/td>\n<\/tr>\n<\/tbody>\n<\/table>\n<p><strong>Internationaler Alpenl\u00e4nderpokal 2009, Imst, 11.01.09<\/strong><\/p>\n<table id=\"Tabelle57\" style=\"width: 100%;\" cellspacing=\"2\" cellpadding=\"2\" border=\"0\">\n<colgroup>\n<col>\n<col> <\/colgroup>\n<tbody>\n<tr>\n<td width=\"119\">Jugend D w<\/td>\n<td width=\"417\">2. Pl. Waas Judith<\/td>\n<\/tr>\n<tr>\n<td>Jugend C m:<\/td>\n<td>3.&nbsp; Pl. Schmidbauer Markus<\/td>\n<\/tr>\n<tr>\n<td>Jugend C w:<\/td>\n<td>5. Pl. M\u00fcller Katharina<\/td>\n<\/tr>\n<tr>\n<td>Jugend C m:<\/td>\n<td>5.&nbsp; Pl. Schmidbauer Martin<\/td>\n<\/tr>\n<\/tbody>\n<\/table>\n<p><strong><strong>Deutsche Jugend B Cup 2009, Altenberg, 11.01.09<br \/>\n<\/strong><\/strong><\/p>\n<table id=\"Tabelle51\" style=\"width: 100%;\" cellspacing=\"2\" cellpadding=\"2\" border=\"0\">\n<colgroup>\n<col>\n<col> <\/colgroup>\n<tbody>\n<tr>\n<td width=\"122\">Jugend B w:<\/td>\n<td width=\"415\">5. Pl. H\u00f6lscher Sonja<\/td>\n<\/tr>\n<\/tbody>\n<\/table>\n<p><strong>Bayerische Meisterschaft 2008, K\u00f6nigssee, 26.-28.12.08<\/strong><br \/>\nJugend B; C; D<\/p>\n<table id=\"Tabelle56\" style=\"width: 100%;\" cellspacing=\"2\" cellpadding=\"2\" border=\"0\">\n<colgroup>\n<col>\n<col> <\/colgroup>\n<tbody>\n<tr>\n<td width=\"119\">Junioren A m<\/td>\n<td width=\"417\">1. Platz Berger Anton<\/td>\n<\/tr>\n<tr>\n<td>Jugend B w:<\/td>\n<td>2. Pl. H\u00f6lscher Sonja<\/td>\n<\/tr>\n<tr>\n<td>Jugend C m:<\/td>\n<td>2. Pl. Schmidbauer Markus<\/td>\n<\/tr>\n<tr>\n<td>Jugend C w:<\/td>\n<td>2. Pl. M\u00fcller Katharina<\/td>\n<\/tr>\n<tr>\n<td>Jugend D m:<\/td>\n<td>2. Pl. Schmidbauer Martin<\/td>\n<\/tr>\n<tr>\n<td>Jugend D w:<\/td>\n<td>4. Pl. Waas Judith<\/td>\n<\/tr>\n<\/tbody>\n<\/table>\n<p><strong>&nbsp;Bayerischer Jugend &#8211; Cup 2009, K\u00f6nigssee, 21.12.08<\/strong><\/p>\n<table id=\"Tabelle55\" style=\"width: 100%;\" cellspacing=\"2\" cellpadding=\"2\" border=\"0\">\n<colgroup>\n<col>\n<col> <\/colgroup>\n<tbody>\n<tr>\n<td width=\"119\">Jugend C w:<\/td>\n<td width=\"417\">6. Pl. M\u00fcller Katharina<\/td>\n<\/tr>\n<tr>\n<td>Jugend D m:<\/td>\n<td>2. Pl. Schmidbauer Martin<\/td>\n<\/tr>\n<\/tbody>\n<\/table>\n<p>Sonja H\u00f6lscher ist Deutsche Meisterin 2009. Auf der Bob- und Rodelbahn in K\u00f6nigssee sicherte sich Sonja H\u00f6lscher mit einer souver\u00e4nen Leistung und 0,150 Sekunden Vorsprung den Titel in ihrer Klasse Jugend A.<\/p>\n<p>Markus Schmidbauer ist Bayr. Meister 2009. Mit einem Vorsprung von 1,041 sec sicherte er sich die Meisterschaft. In der Jugend A sah es \u00e4hnlich aus: wieder r\u00e4umte Sonja H\u00f6lscher ab, ebenfalls mit fast einer Sekunde Vorsprung! Katharina M\u00fcller konnte mit einem dritten Platz \u00fcberzeugen. Martin Schmidbauer sicherte in der Jugend C den 5. Platz. Erw\u00e4hnenswert ist hierbei, dass die Jugend C mit 15 Startern das gr\u00f6\u00dfte Starterfeld aufbot. Obwohl Noah Elia Gumberger in der Jugend D prim\u00e4r mit seinem leichten Gewicht zu k\u00e4mpfen hatte, so ergatterte er sich doch den 10. Platz. Mit 6 Jahren war er der j\u00fcngste Starter. Respekt!<\/p>\n<p>Eberhard Kelz ist Deutscher Meister 2009. Auf der Bob- und Rodelbahn in Winterberg (Hochsauerland) sicherte sich Eberhard Kelz mit einer souver\u00e4nen Leistung und 0,076 Sekunden Vorsprung vor Norbert Hilger (MTV Rosenheim) den Titel in seiner Klasse Senioren A.<\/p>\n<p>RRC-Vereinsmeister 2008 und 2009 sind Katharina M\u00fcller und Markus Schmidbauer.<br \/>\nDie Siegerehrung der VM fand am Freitag 13.03.2009 um 19:00 Uhr im Gasthof Prinzenweg in Schliersee statt.<\/p>\n<hr>\n<p><strong>Ergebnislisten:<\/strong><a href=\"http:\/\/rrc-schliersee.de\/wordpress\/wp-content\/uploads\/2012\/10\/BayJugCup20091220.pdf\"><br \/>\n<\/a><\/p>\n<ul>\n<li><a href=\"http:\/\/rrc-schliersee.de\/wordpress\/wp-content\/uploads\/2012\/10\/BayJugCup20091220.pdf\" target=\"_blank\" rel=\"noopener noreferrer\"><img loading=\"lazy\" decoding=\"async\" src=\"http:\/\/rrc-schliersee.de\/wordpress\/wp-content\/uploads\/2012\/10\/Icon_PDF.gif\" alt=\"\" width=\"46\" height=\"48\"> Bayrischer Jugend Cup 2009\/2010<\/a><\/li>\n<li><a href=\"http:\/\/rrc-schliersee.de\/wordpress\/wp-content\/uploads\/2012\/10\/BM20091227.pdf\" target=\"_blank\" rel=\"noopener noreferrer\"><img loading=\"lazy\" decoding=\"async\" src=\"http:\/\/rrc-schliersee.de\/wordpress\/wp-content\/uploads\/2012\/10\/Icon_PDF.gif\" alt=\"\" width=\"46\" height=\"48\"> Bayrische Meisterschaft 2009\/2010<\/a><\/li>\n<li><a href=\"http:\/\/rrc-schliersee.de\/wordpress\/wp-content\/uploads\/2012\/10\/ZwergerlCup200912231.pdf\" target=\"_blank\" rel=\"noopener noreferrer\"><img loading=\"lazy\" decoding=\"async\" src=\"http:\/\/rrc-schliersee.de\/wordpress\/wp-content\/uploads\/2012\/10\/Icon_PDF.gif\" alt=\"\" width=\"46\" height=\"48\"> Zwergerl Cup 2009\/2010<\/a><\/li>\n<li><a href=\"http:\/\/rrc-schliersee.de\/wordpress\/wp-content\/uploads\/2012\/10\/SKMBT_C45110022307092.pdf\" target=\"_blank\" rel=\"noopener noreferrer\"><img loading=\"lazy\" decoding=\"async\" src=\"http:\/\/rrc-schliersee.de\/wordpress\/wp-content\/uploads\/2012\/10\/Icon_PDF.gif\" alt=\"\" width=\"46\" height=\"48\"> Deutscher Jugend B Cup in Winterberg<\/a><\/li>\n<li><a href=\"http:\/\/rrc-schliersee.de\/wordpress\/wp-content\/uploads\/2012\/10\/SKMBT_C45110022307090.pdf\" target=\"_blank\" rel=\"noopener noreferrer\"><img loading=\"lazy\" decoding=\"async\" src=\"http:\/\/rrc-schliersee.de\/wordpress\/wp-content\/uploads\/2012\/10\/Icon_PDF.gif\" alt=\"\" width=\"46\" height=\"48\"> Deutsche Meisterschaften Jugend B 2010 in Oberhof<\/a><\/li>\n<li><a href=\"http:\/\/rrc-schliersee.de\/wordpress\/wp-content\/uploads\/2012\/10\/SKMBT_C45110022307091.pdf\" target=\"_blank\" rel=\"noopener noreferrer\"><img loading=\"lazy\" decoding=\"async\" src=\"http:\/\/rrc-schliersee.de\/wordpress\/wp-content\/uploads\/2012\/10\/Icon_PDF.gif\" alt=\"\" width=\"46\" height=\"48\"> Deutsche Meisterschaften Jugend C 2010 in Altenberg<\/a><\/li>\n<\/ul>\n<hr>\n","protected":false},"excerpt":{"rendered":"<p>Die Rennergebnisse der Saison 2008 \/ 2009 01. Oktober 2008 bis 30.09. 2009 Presseinformation RENN-RODEL-CLUB SCHLIERSEE e.V. IM BAYER. BOB- UND SCHLITTENSPORTVERBAND e.V. KOOPERATIONSMODELL SCHULE-VEREIN REGIONALES LEISTUNGSZENTRUM Deutscher Jugendcup A im Rennrodeln, K\u00f6nigssee 18.12.2009 Sonja H\u00f6lscher gewinnt den Deutschen Jugendcup in der Klasse Jugend A. Bei sehr guten Bedingungen, sch\u00f6nem Wetter und klirrender K\u00e4lte nahm Sonja H\u00f6lscher an dem Rennen der besten deutschen Jugend A Rodlerinnen teil. Elf Starterinnen der&hellip;<\/p>\n","protected":false},"author":3,"featured_media":0,"parent":5452,"menu_order":9,"comment_status":"open","ping_status":"closed","template":"","meta":{"ngg_post_thumbnail":0,"footnotes":""},"class_list":["post-131","page","type-page","status-publish","hentry"],"_links":{"self":[{"href":"https:\/\/rrc-schliersee.com\/wordpress\/wp-json\/wp\/v2\/pages\/131","targetHints":{"allow":["GET"]}}],"collection":[{"href":"https:\/\/rrc-schliersee.com\/wordpress\/wp-json\/wp\/v2\/pages"}],"about":[{"href":"https:\/\/rrc-schliersee.com\/wordpress\/wp-json\/wp\/v2\/types\/page"}],"author":[{"embeddable":true,"href":"https:\/\/rrc-schliersee.com\/wordpress\/wp-json\/wp\/v2\/users\/3"}],"replies":[{"embeddable":true,"href":"https:\/\/rrc-schliersee.com\/wordpress\/wp-json\/wp\/v2\/comments?post=131"}],"version-history":[{"count":18,"href":"https:\/\/rrc-schliersee.com\/wordpress\/wp-json\/wp\/v2\/pages\/131\/revisions"}],"predecessor-version":[{"id":5077,"href":"https:\/\/rrc-schliersee.com\/wordpress\/wp-json\/wp\/v2\/pages\/131\/revisions\/5077"}],"up":[{"embeddable":true,"href":"https:\/\/rrc-schliersee.com\/wordpress\/wp-json\/wp\/v2\/pages\/5452"}],"wp:attachment":[{"href":"https:\/\/rrc-schliersee.com\/wordpress\/wp-json\/wp\/v2\/media?parent=131"}],"curies":[{"name":"wp","href":"https:\/\/api.w.org\/{rel}","templated":true}]}}