{"id":1574,"date":"2015-01-23T06:00:21","date_gmt":"2015-01-23T04:00:21","guid":{"rendered":"http:\/\/rrc-schliersee.de\/wordpress\/?page_id=1574"},"modified":"2017-10-17T15:57:20","modified_gmt":"2017-10-17T13:57:20","slug":"bilder-2014","status":"publish","type":"page","link":"https:\/\/rrc-schliersee.com\/wordpress\/multimedia\/bilder-2014\/","title":{"rendered":"Bilder 2014"},"content":{"rendered":"<p><strong>Bayrische Meisterschaft 2014<\/strong><\/p>\n<div class='polaroid-gallery galleryid-1574' style='width:510px;'>\n\t\t\t<a href=\"https:\/\/rrc-schliersee.com\/wordpress\/wp-content\/uploads\/2014\/03\/RRC_2014_BM004.jpg\" title=\"RRC_2014_BM004\" rel=\"polaroid_466959491\" class=\"polaroid-gallery-item\"><span class=\"polaroid-gallery-image\" title=\"\" style=\"background-image: url(https:\/\/rrc-schliersee.com\/wordpress\/wp-content\/uploads\/2014\/03\/RRC_2014_BM004-150x150.jpg); width: 150px; height: 150px;\"><\/span><\/a>\n\t\t\t<a href=\"https:\/\/rrc-schliersee.com\/wordpress\/wp-content\/uploads\/2014\/03\/RRC_2014_BM005.jpg\" title=\"RRC_2014_BM005\" rel=\"polaroid_466959491\" class=\"polaroid-gallery-item\"><span class=\"polaroid-gallery-image\" title=\"\" style=\"background-image: url(https:\/\/rrc-schliersee.com\/wordpress\/wp-content\/uploads\/2014\/03\/RRC_2014_BM005-150x150.jpg); width: 150px; height: 150px;\"><\/span><\/a>\n\t\t\t<a href=\"https:\/\/rrc-schliersee.com\/wordpress\/wp-content\/uploads\/2014\/03\/RRC_2014_BM007.jpg\" title=\"RRC_2014_BM007\" rel=\"polaroid_466959491\" class=\"polaroid-gallery-item\"><span class=\"polaroid-gallery-image\" title=\"\" style=\"background-image: url(https:\/\/rrc-schliersee.com\/wordpress\/wp-content\/uploads\/2014\/03\/RRC_2014_BM007-150x150.jpg); width: 150px; height: 150px;\"><\/span><\/a>\n\t\t\t<br style=\"clear: both;\" \/>\n\t\t\t<a href=\"https:\/\/rrc-schliersee.com\/wordpress\/wp-content\/uploads\/2014\/03\/RRC_2014_BM002.jpg\" title=\"RRC_2014_BM002\" rel=\"polaroid_466959491\" class=\"polaroid-gallery-item\"><span class=\"polaroid-gallery-image\" title=\"\" style=\"background-image: url(https:\/\/rrc-schliersee.com\/wordpress\/wp-content\/uploads\/2014\/03\/RRC_2014_BM002-150x150.jpg); width: 150px; height: 150px;\"><\/span><\/a>\n\t\t\t<a href=\"https:\/\/rrc-schliersee.com\/wordpress\/wp-content\/uploads\/2014\/03\/RRC_2014_BM006.jpg\" title=\"RRC_2014_BM006\" rel=\"polaroid_466959491\" class=\"polaroid-gallery-item\"><span class=\"polaroid-gallery-image\" title=\"\" style=\"background-image: url(https:\/\/rrc-schliersee.com\/wordpress\/wp-content\/uploads\/2014\/03\/RRC_2014_BM006-150x150.jpg); width: 150px; height: 150px;\"><\/span><\/a>\n\t\t\t<a href=\"https:\/\/rrc-schliersee.com\/wordpress\/wp-content\/uploads\/2014\/03\/RRC_2014_BM003.jpg\" title=\"RRC_2014_BM003\" rel=\"polaroid_466959491\" class=\"polaroid-gallery-item\"><span class=\"polaroid-gallery-image\" title=\"\" style=\"background-image: url(https:\/\/rrc-schliersee.com\/wordpress\/wp-content\/uploads\/2014\/03\/RRC_2014_BM003-150x150.jpg); width: 150px; height: 150px;\"><\/span><\/a>\n\t\t\t<br style=\"clear: both;\" \/>\n\t\t\t<a href=\"https:\/\/rrc-schliersee.com\/wordpress\/wp-content\/uploads\/2014\/03\/RRC_2014_BM001.jpg\" title=\"RRC_2014_BM001\" rel=\"polaroid_466959491\" class=\"polaroid-gallery-item\"><span class=\"polaroid-gallery-image\" title=\"\" style=\"background-image: url(https:\/\/rrc-schliersee.com\/wordpress\/wp-content\/uploads\/2014\/03\/RRC_2014_BM001-150x150.jpg); width: 150px; height: 150px;\"><\/span><\/a>\n\t\t\t<br style=\"clear: both;\" \/><\/div>\n\n<hr>\n<p>Ein Sammelsurium an Bildern, die wir im Rahmen unserer Vereinst\u00e4tigkeit gemacht haben.<\/p>\n<p><a href=\"http:\/\/rrc-schliersee.de\/wordpress\/wp-content\/uploads\/2014\/03\/RRC_2014_0012.jpg\"><img loading=\"lazy\" decoding=\"async\" class=\"alignnone wp-image-1588 size-full\" title=\"RRC_2014_001\" src=\"http:\/\/rrc-schliersee.de\/wordpress\/wp-content\/uploads\/2014\/03\/RRC_2014_0012.jpg\" alt=\"\" height=\"853\" width=\"640\" srcset=\"https:\/\/rrc-schliersee.com\/wordpress\/wp-content\/uploads\/2014\/03\/RRC_2014_0012.jpg 640w, https:\/\/rrc-schliersee.com\/wordpress\/wp-content\/uploads\/2014\/03\/RRC_2014_0012-225x300.jpg 225w\" sizes=\"auto, (max-width: 640px) 100vw, 640px\" \/><\/a><a href=\"http:\/\/rrc-schliersee.de\/wordpress\/wp-content\/uploads\/2014\/03\/RRC_2014_0022.jpg\"><img loading=\"lazy\" decoding=\"async\" class=\"size-full wp-image-1589 alignnone\" title=\"RRC_2014_002\" src=\"http:\/\/rrc-schliersee.de\/wordpress\/wp-content\/uploads\/2014\/03\/RRC_2014_0022.jpg\" alt=\"\" height=\"480\" width=\"640\" srcset=\"https:\/\/rrc-schliersee.com\/wordpress\/wp-content\/uploads\/2014\/03\/RRC_2014_0022.jpg 640w, https:\/\/rrc-schliersee.com\/wordpress\/wp-content\/uploads\/2014\/03\/RRC_2014_0022-300x225.jpg 300w, https:\/\/rrc-schliersee.com\/wordpress\/wp-content\/uploads\/2014\/03\/RRC_2014_0022-400x300.jpg 400w\" sizes=\"auto, (max-width: 640px) 100vw, 640px\" \/><\/a><a href=\"http:\/\/rrc-schliersee.de\/wordpress\/wp-content\/uploads\/2014\/03\/RRC_2014_0033.jpg\"><img loading=\"lazy\" decoding=\"async\" class=\"size-full wp-image-1591 alignnone\" title=\"RRC_2014_003\" src=\"http:\/\/rrc-schliersee.de\/wordpress\/wp-content\/uploads\/2014\/03\/RRC_2014_0033.jpg\" alt=\"\" height=\"427\" width=\"640\" srcset=\"https:\/\/rrc-schliersee.com\/wordpress\/wp-content\/uploads\/2014\/03\/RRC_2014_0033.jpg 640w, https:\/\/rrc-schliersee.com\/wordpress\/wp-content\/uploads\/2014\/03\/RRC_2014_0033-300x200.jpg 300w, https:\/\/rrc-schliersee.com\/wordpress\/wp-content\/uploads\/2014\/03\/RRC_2014_0033-449x300.jpg 449w\" sizes=\"auto, (max-width: 640px) 100vw, 640px\" \/><\/a><a href=\"http:\/\/rrc-schliersee.de\/wordpress\/wp-content\/uploads\/2014\/03\/RRC_2014_0042.jpg\"><img loading=\"lazy\" decoding=\"async\" class=\"size-full wp-image-1592 alignnone\" title=\"RRC_2014_004\" src=\"http:\/\/rrc-schliersee.de\/wordpress\/wp-content\/uploads\/2014\/03\/RRC_2014_0042.jpg\" alt=\"\" height=\"427\" width=\"640\" srcset=\"https:\/\/rrc-schliersee.com\/wordpress\/wp-content\/uploads\/2014\/03\/RRC_2014_0042.jpg 640w, https:\/\/rrc-schliersee.com\/wordpress\/wp-content\/uploads\/2014\/03\/RRC_2014_0042-300x200.jpg 300w, https:\/\/rrc-schliersee.com\/wordpress\/wp-content\/uploads\/2014\/03\/RRC_2014_0042-449x300.jpg 449w\" sizes=\"auto, (max-width: 640px) 100vw, 640px\" \/><\/a><a href=\"http:\/\/rrc-schliersee.de\/wordpress\/wp-content\/uploads\/2014\/03\/RRC_2014_0052.jpg\"><img loading=\"lazy\" decoding=\"async\" class=\"size-full wp-image-1593 alignnone\" title=\"RRC_2014_005\" src=\"http:\/\/rrc-schliersee.de\/wordpress\/wp-content\/uploads\/2014\/03\/RRC_2014_0052.jpg\" alt=\"\" height=\"427\" width=\"640\" srcset=\"https:\/\/rrc-schliersee.com\/wordpress\/wp-content\/uploads\/2014\/03\/RRC_2014_0052.jpg 640w, https:\/\/rrc-schliersee.com\/wordpress\/wp-content\/uploads\/2014\/03\/RRC_2014_0052-300x200.jpg 300w, https:\/\/rrc-schliersee.com\/wordpress\/wp-content\/uploads\/2014\/03\/RRC_2014_0052-449x300.jpg 449w\" sizes=\"auto, (max-width: 640px) 100vw, 640px\" \/><\/a><a href=\"http:\/\/rrc-schliersee.de\/wordpress\/wp-content\/uploads\/2014\/03\/RRC_2014_0062.jpg\"><img loading=\"lazy\" decoding=\"async\" class=\"size-full wp-image-1594 alignnone\" title=\"RRC_2014_006\" src=\"http:\/\/rrc-schliersee.de\/wordpress\/wp-content\/uploads\/2014\/03\/RRC_2014_0062.jpg\" alt=\"\" height=\"427\" width=\"640\" srcset=\"https:\/\/rrc-schliersee.com\/wordpress\/wp-content\/uploads\/2014\/03\/RRC_2014_0062.jpg 640w, https:\/\/rrc-schliersee.com\/wordpress\/wp-content\/uploads\/2014\/03\/RRC_2014_0062-300x200.jpg 300w, https:\/\/rrc-schliersee.com\/wordpress\/wp-content\/uploads\/2014\/03\/RRC_2014_0062-449x300.jpg 449w\" sizes=\"auto, (max-width: 640px) 100vw, 640px\" \/><\/a><\/p>\n<hr>\n<p>Alle hier verf\u00fcgbaren multimedialen Inhalte werden Ihnen mit freundlicher Genehmigung des RRC Schliersee pr\u00e4sentiert.<br \/>\nWenn Sie Bilder, Videos oder Songs f\u00fcr eigene Zwecke verwenden wollen, <a title=\"Kontakt\" href=\"http:\/\/rrc-schliersee.de\/wordpress\/?page_id=59\"><br \/>\nfragen Sie uns <\/a>bitte vorher!<\/p>\n<hr>\n<p>Wenn Sie ihre Bilder mit Bezug zum RRC Schliersee hier sehen wollen, schicken Sie sie bitte per email an die unten angegebene email-Adresse oder wenden Sie sich an einen unserer <a title=\"Kontakt\" href=\"http:\/\/rrc-schliersee.de\/wordpress\/?page_id=59\">Ansprechpartner<\/a><br \/>\n<img loading=\"lazy\" decoding=\"async\" title=\"email\" src=\"http:\/\/rrc-schliersee.de\/wordpress\/wp-content\/uploads\/2012\/10\/email.jpg\" alt=\"email\" height=\"28\" width=\"172\"><\/p>\n<hr>\n<p>Der RRC Schliersee untersagt hiermit ausdr\u00fccklich jede nicht autorisierte Verwendung von Inhalten der Domain <a href=\"http:\/\/rrc-schliersee.de\">www.rrc-schliersee.de<\/a> und der dazu geh\u00f6rigen Webseiten sowie der gespeicherten Dateien.<\/p>\n","protected":false},"excerpt":{"rendered":"<p>Bayrische Meisterschaft 2014 Ein Sammelsurium an Bildern, die wir im Rahmen unserer Vereinst\u00e4tigkeit gemacht haben. Alle hier verf\u00fcgbaren multimedialen Inhalte werden Ihnen mit freundlicher Genehmigung des RRC Schliersee pr\u00e4sentiert. Wenn Sie Bilder, Videos oder Songs f\u00fcr eigene Zwecke verwenden wollen, fragen Sie uns bitte vorher! Wenn Sie ihre Bilder mit Bezug zum RRC Schliersee hier sehen wollen, schicken Sie sie bitte per email an die unten angegebene email-Adresse oder wenden&hellip;<\/p>\n","protected":false},"author":3,"featured_media":0,"parent":827,"menu_order":75,"comment_status":"open","ping_status":"closed","template":"","meta":{"ngg_post_thumbnail":0,"footnotes":""},"class_list":["post-1574","page","type-page","status-publish","hentry"],"_links":{"self":[{"href":"https:\/\/rrc-schliersee.com\/wordpress\/wp-json\/wp\/v2\/pages\/1574","targetHints":{"allow":["GET"]}}],"collection":[{"href":"https:\/\/rrc-schliersee.com\/wordpress\/wp-json\/wp\/v2\/pages"}],"about":[{"href":"https:\/\/rrc-schliersee.com\/wordpress\/wp-json\/wp\/v2\/types\/page"}],"author":[{"embeddable":true,"href":"https:\/\/rrc-schliersee.com\/wordpress\/wp-json\/wp\/v2\/users\/3"}],"replies":[{"embeddable":true,"href":"https:\/\/rrc-schliersee.com\/wordpress\/wp-json\/wp\/v2\/comments?post=1574"}],"version-history":[{"count":7,"href":"https:\/\/rrc-schliersee.com\/wordpress\/wp-json\/wp\/v2\/pages\/1574\/revisions"}],"predecessor-version":[{"id":1735,"href":"https:\/\/rrc-schliersee.com\/wordpress\/wp-json\/wp\/v2\/pages\/1574\/revisions\/1735"}],"up":[{"embeddable":true,"href":"https:\/\/rrc-schliersee.com\/wordpress\/wp-json\/wp\/v2\/pages\/827"}],"wp:attachment":[{"href":"https:\/\/rrc-schliersee.com\/wordpress\/wp-json\/wp\/v2\/media?parent=1574"}],"curies":[{"name":"wp","href":"https:\/\/api.w.org\/{rel}","templated":true}]}}