{"id":1869,"date":"2017-01-02T06:00:05","date_gmt":"2017-01-02T05:00:05","guid":{"rendered":"http:\/\/rrc-schliersee.de\/wordpress\/?page_id=1869"},"modified":"2023-10-24T15:53:30","modified_gmt":"2023-10-24T14:53:30","slug":"ergebnisse-2016","status":"publish","type":"page","link":"https:\/\/rrc-schliersee.com\/wordpress\/ergebnisse\/archiv-2022-2015\/ergebnisse-2016\/","title":{"rendered":"Ergebnisse 2016"},"content":{"rendered":"<div class=\"entry-content\">\n<h1>Die Rennergebnisse der Saison 2015 \/ 2016<\/h1>\n<p>01. Oktober 2015 bis 30.09. 2016<\/p>\n<hr>\n<h2 class=\"clearfix\">Bayrische Meisterschaft 2016 in K\u00f6nigssee<\/h2>\n<p><a href=\"http:\/\/rrc-schliersee.de\/wordpress\/wp-content\/uploads\/2017\/01\/Bayrische-Meisterschaft-2016_Titelseite.jpg\"><img loading=\"lazy\" decoding=\"async\" class=\"alignnone wp-image-2544 size-medium\" src=\"http:\/\/rrc-schliersee.de\/wordpress\/wp-content\/uploads\/2017\/01\/Bayrische-Meisterschaft-2016_Titelseite-200x300.jpg\" width=\"200\" height=\"300\" srcset=\"https:\/\/rrc-schliersee.com\/wordpress\/wp-content\/uploads\/2017\/01\/Bayrische-Meisterschaft-2016_Titelseite-200x300.jpg 200w, https:\/\/rrc-schliersee.com\/wordpress\/wp-content\/uploads\/2017\/01\/Bayrische-Meisterschaft-2016_Titelseite.jpg 523w\" sizes=\"auto, (max-width: 200px) 100vw, 200px\" \/><\/a><\/p>\n<p>Die vollst\u00e4ndigen <a href=\"http:\/\/rrc-schliersee.de\/wordpress\/wp-content\/uploads\/2017\/01\/Ergebnislisten-BM-2016.pdf\">Ergebnislisten BM 2016 (pdf)<\/a><\/p>\n<h3>Ergebnisse der RRC-Aktiven:<\/h3>\n<p><a href=\"http:\/\/rrc-schliersee.de\/wordpress\/wp-content\/uploads\/2017\/01\/Ergebnisse-BM2016_01.jpg\"><img loading=\"lazy\" decoding=\"async\" class=\"alignnone wp-image-2554 size-full\" src=\"http:\/\/rrc-schliersee.de\/wordpress\/wp-content\/uploads\/2017\/01\/Ergebnisse-BM2016_01.jpg\" width=\"618\" height=\"315\" srcset=\"https:\/\/rrc-schliersee.com\/wordpress\/wp-content\/uploads\/2017\/01\/Ergebnisse-BM2016_01.jpg 618w, https:\/\/rrc-schliersee.com\/wordpress\/wp-content\/uploads\/2017\/01\/Ergebnisse-BM2016_01-300x153.jpg 300w\" sizes=\"auto, (max-width: 618px) 100vw, 618px\" \/><\/a><\/p>\n<p><a href=\"http:\/\/rrc-schliersee.de\/wordpress\/wp-content\/uploads\/2017\/01\/Ergebnisse-BM2016_02.jpg\"><img loading=\"lazy\" decoding=\"async\" class=\"alignnone wp-image-2555 size-full\" src=\"http:\/\/rrc-schliersee.de\/wordpress\/wp-content\/uploads\/2017\/01\/Ergebnisse-BM2016_02.jpg\" width=\"615\" height=\"312\" srcset=\"https:\/\/rrc-schliersee.com\/wordpress\/wp-content\/uploads\/2017\/01\/Ergebnisse-BM2016_02.jpg 615w, https:\/\/rrc-schliersee.com\/wordpress\/wp-content\/uploads\/2017\/01\/Ergebnisse-BM2016_02-300x152.jpg 300w\" sizes=\"auto, (max-width: 615px) 100vw, 615px\" \/><\/a><\/p>\n<p><a href=\"http:\/\/rrc-schliersee.de\/wordpress\/wp-content\/uploads\/2017\/01\/Ergebnisse-BM2016_03.jpg\"><img loading=\"lazy\" decoding=\"async\" class=\"alignnone wp-image-2556 size-full\" src=\"http:\/\/rrc-schliersee.de\/wordpress\/wp-content\/uploads\/2017\/01\/Ergebnisse-BM2016_03.jpg\" width=\"613\" height=\"274\" srcset=\"https:\/\/rrc-schliersee.com\/wordpress\/wp-content\/uploads\/2017\/01\/Ergebnisse-BM2016_03.jpg 613w, https:\/\/rrc-schliersee.com\/wordpress\/wp-content\/uploads\/2017\/01\/Ergebnisse-BM2016_03-300x134.jpg 300w\" sizes=\"auto, (max-width: 613px) 100vw, 613px\" \/><\/a><\/p>\n<p><a href=\"http:\/\/rrc-schliersee.de\/wordpress\/wp-content\/uploads\/2017\/01\/Ergebnisse-BM2016_04.jpg\"><img loading=\"lazy\" decoding=\"async\" class=\"alignnone wp-image-2557 size-full\" src=\"http:\/\/rrc-schliersee.de\/wordpress\/wp-content\/uploads\/2017\/01\/Ergebnisse-BM2016_04.jpg\" width=\"613\" height=\"406\" srcset=\"https:\/\/rrc-schliersee.com\/wordpress\/wp-content\/uploads\/2017\/01\/Ergebnisse-BM2016_04.jpg 613w, https:\/\/rrc-schliersee.com\/wordpress\/wp-content\/uploads\/2017\/01\/Ergebnisse-BM2016_04-300x199.jpg 300w\" sizes=\"auto, (max-width: 613px) 100vw, 613px\" \/><\/a><\/p>\n<p><a href=\"http:\/\/rrc-schliersee.de\/wordpress\/wp-content\/uploads\/2017\/01\/Ergebnisse-BM2016_05.jpg\"><img loading=\"lazy\" decoding=\"async\" class=\"alignnone wp-image-2558 size-full\" src=\"http:\/\/rrc-schliersee.de\/wordpress\/wp-content\/uploads\/2017\/01\/Ergebnisse-BM2016_05.jpg\" width=\"608\" height=\"358\" srcset=\"https:\/\/rrc-schliersee.com\/wordpress\/wp-content\/uploads\/2017\/01\/Ergebnisse-BM2016_05.jpg 608w, https:\/\/rrc-schliersee.com\/wordpress\/wp-content\/uploads\/2017\/01\/Ergebnisse-BM2016_05-300x177.jpg 300w\" sizes=\"auto, (max-width: 608px) 100vw, 608px\" \/><\/a><\/p>\n<p>&nbsp;<\/p>\n<div class='polaroid-gallery galleryid-1869' style='width:510px;'>\n\t\t\t<a href=\"https:\/\/rrc-schliersee.com\/wordpress\/wp-content\/uploads\/2017\/01\/IMG_7826_1024px.jpg\" title=\"IMG_7826_1024px\" rel=\"polaroid_311028277\" class=\"polaroid-gallery-item\"><span class=\"polaroid-gallery-image\" title=\"\" style=\"background-image: url(https:\/\/rrc-schliersee.com\/wordpress\/wp-content\/uploads\/2017\/01\/IMG_7826_1024px-150x150.jpg); width: 150px; height: 150px;\"><\/span><\/a>\n\t\t\t<a href=\"https:\/\/rrc-schliersee.com\/wordpress\/wp-content\/uploads\/2017\/01\/IMG_7829_1024px.jpg\" title=\"IMG_7829_1024px\" rel=\"polaroid_311028277\" class=\"polaroid-gallery-item\"><span class=\"polaroid-gallery-image\" title=\"\" style=\"background-image: url(https:\/\/rrc-schliersee.com\/wordpress\/wp-content\/uploads\/2017\/01\/IMG_7829_1024px-150x150.jpg); width: 150px; height: 150px;\"><\/span><\/a>\n\t\t\t<a href=\"https:\/\/rrc-schliersee.com\/wordpress\/wp-content\/uploads\/2017\/01\/IMG_7824_1024px.jpg\" title=\"IMG_7824_1024px\" rel=\"polaroid_311028277\" class=\"polaroid-gallery-item\"><span class=\"polaroid-gallery-image\" title=\"\" style=\"background-image: url(https:\/\/rrc-schliersee.com\/wordpress\/wp-content\/uploads\/2017\/01\/IMG_7824_1024px-150x150.jpg); width: 150px; height: 150px;\"><\/span><\/a>\n\t\t\t<br style=\"clear: both;\" \/>\n\t\t\t<a href=\"https:\/\/rrc-schliersee.com\/wordpress\/wp-content\/uploads\/2017\/01\/IMG_7818_1024px.jpg\" title=\"IMG_7818_1024px\" rel=\"polaroid_311028277\" class=\"polaroid-gallery-item\"><span class=\"polaroid-gallery-image\" title=\"\" style=\"background-image: url(https:\/\/rrc-schliersee.com\/wordpress\/wp-content\/uploads\/2017\/01\/IMG_7818_1024px-150x150.jpg); width: 150px; height: 150px;\"><\/span><\/a>\n\t\t\t<a href=\"https:\/\/rrc-schliersee.com\/wordpress\/wp-content\/uploads\/2017\/01\/IMG_7813_1024px.jpg\" title=\"IMG_7813_1024px\" rel=\"polaroid_311028277\" class=\"polaroid-gallery-item\"><span class=\"polaroid-gallery-image\" title=\"\" style=\"background-image: url(https:\/\/rrc-schliersee.com\/wordpress\/wp-content\/uploads\/2017\/01\/IMG_7813_1024px-150x150.jpg); width: 150px; height: 150px;\"><\/span><\/a>\n\t\t\t<a href=\"https:\/\/rrc-schliersee.com\/wordpress\/wp-content\/uploads\/2017\/01\/IMG_7819_1024px.jpg\" title=\"IMG_7819_1024px\" rel=\"polaroid_311028277\" class=\"polaroid-gallery-item\"><span class=\"polaroid-gallery-image\" title=\"\" style=\"background-image: url(https:\/\/rrc-schliersee.com\/wordpress\/wp-content\/uploads\/2017\/01\/IMG_7819_1024px-150x150.jpg); width: 150px; height: 150px;\"><\/span><\/a>\n\t\t\t<br style=\"clear: both;\" \/><\/div>\n\n<hr>\n<h2 class=\"clearfix\">Ein Sieg zum Saisoneinstieg 2016 \/ 2017<\/h2>\n<p>RRC Ergebnisse Bayrischer Jugendcup 2016<\/p>\n<p><a href=\"http:\/\/rrc-schliersee.de\/wordpress\/wp-content\/uploads\/2016\/12\/RRC-Saisonstart-2016.jpg\" target=\"_blank\" rel=\"noopener noreferrer\"><img loading=\"lazy\" decoding=\"async\" class=\"alignnone wp-image-2537 size-full\" src=\"http:\/\/rrc-schliersee.de\/wordpress\/wp-content\/uploads\/2016\/12\/RRC-Saisonstart-2016.jpg\" alt=\"RRC Ergebnisse Bayrischer Jugendcup 2016\" width=\"270\" height=\"881\" srcset=\"https:\/\/rrc-schliersee.com\/wordpress\/wp-content\/uploads\/2016\/12\/RRC-Saisonstart-2016.jpg 270w, https:\/\/rrc-schliersee.com\/wordpress\/wp-content\/uploads\/2016\/12\/RRC-Saisonstart-2016-92x300.jpg 92w\" sizes=\"auto, (max-width: 270px) 100vw, 270px\" \/><\/a><\/p>\n<\/div>\n<p style=\"text-align: left;\"><sup>Be, 02.01.2016<\/sup><\/p>\n<hr>\n<div class=\"entry-content\">\n<h2 id=\"corporate-plus-breadcrumbs\" class=\"clearfix\">Rennrodeln zusammen mit jungen Fl\u00fcchtlingen aus Syrien und Afghanistan<\/h2>\n<div class=\"clearfix\">\n<p><sup>Be, 08.12.2016<\/sup><\/p>\n<p><a href=\"http:\/\/rrc-schliersee.de\/wordpress\/wp-content\/uploads\/2016\/12\/IMG_6915.jpg\"><img loading=\"lazy\" decoding=\"async\" class=\"alignleft size-medium wp-image-2436\" src=\"http:\/\/rrc-schliersee.de\/wordpress\/wp-content\/uploads\/2016\/12\/IMG_6915-300x225.jpg\" alt=\"img_6915\" width=\"300\" height=\"225\" srcset=\"https:\/\/rrc-schliersee.com\/wordpress\/wp-content\/uploads\/2016\/12\/IMG_6915-300x225.jpg 300w, https:\/\/rrc-schliersee.com\/wordpress\/wp-content\/uploads\/2016\/12\/IMG_6915-768x576.jpg 768w, https:\/\/rrc-schliersee.com\/wordpress\/wp-content\/uploads\/2016\/12\/IMG_6915.jpg 1024w\" sizes=\"auto, (max-width: 300px) 100vw, 300px\" \/><\/a>Der Renn-Rodel-Club Schliersee e.V. hat einigen jungen Fl\u00fcchtlingen an der Rennbahn in K\u00f6nigssee am 27.11.2016 unvergessliche Erlebnisse beschert. Trainer Hermann M\u00fcller best\u00e4tigt, dass sich die jungen Leute furchtlos die Bahn hinuntergest\u00fcrzt haben und auf jeden Fall eine Menge Spa\u00df dabei hatten. Ausf\u00e4lle gab\u2019s keine!<\/p>\n<p>&nbsp;<\/p>\n<p>&nbsp;<\/p>\n<p>&nbsp;<\/p>\n<p><a href=\"https:\/\/youtu.be\/UGZc3b12Z0E\">Video anschauen<\/a>!<\/p>\n<p>https:\/\/youtu.be\/UGZc3b12Z0E<\/p>\n<div class='polaroid-gallery galleryid-1869' style='width:1020px;'>\n\t\t\t<a href=\"https:\/\/rrc-schliersee.com\/wordpress\/wp-content\/uploads\/2016\/12\/IMG_6915.jpg\" title=\"img_6915\" rel=\"polaroid_1805280587\" class=\"polaroid-gallery-item\"><span class=\"polaroid-gallery-image\" title=\"\" style=\"background-image: url(https:\/\/rrc-schliersee.com\/wordpress\/wp-content\/uploads\/2016\/12\/IMG_6915-150x150.jpg); width: 150px; height: 150px;\"><\/span><\/a>\n\t\t\t<a href=\"https:\/\/rrc-schliersee.com\/wordpress\/wp-content\/uploads\/2016\/12\/IMG_6907.jpg\" title=\"img_6907\" rel=\"polaroid_1805280587\" class=\"polaroid-gallery-item\"><span class=\"polaroid-gallery-image\" title=\"\" style=\"background-image: url(https:\/\/rrc-schliersee.com\/wordpress\/wp-content\/uploads\/2016\/12\/IMG_6907-150x150.jpg); width: 150px; height: 150px;\"><\/span><\/a>\n\t\t\t<a href=\"https:\/\/rrc-schliersee.com\/wordpress\/wp-content\/uploads\/2016\/12\/2016-11-29-PHOTO-00000017.jpg\" title=\"2016-11-29-photo-00000017\" rel=\"polaroid_1805280587\" class=\"polaroid-gallery-item\"><span class=\"polaroid-gallery-image\" title=\"\" style=\"background-image: url(https:\/\/rrc-schliersee.com\/wordpress\/wp-content\/uploads\/2016\/12\/2016-11-29-PHOTO-00000017-150x150.jpg); width: 150px; height: 150px;\"><\/span><\/a>\n\t\t\t<a href=\"https:\/\/rrc-schliersee.com\/wordpress\/wp-content\/uploads\/2016\/12\/IMG_6904.jpg\" title=\"img_6904\" rel=\"polaroid_1805280587\" class=\"polaroid-gallery-item\"><span class=\"polaroid-gallery-image\" title=\"\" style=\"background-image: url(https:\/\/rrc-schliersee.com\/wordpress\/wp-content\/uploads\/2016\/12\/IMG_6904-150x150.jpg); width: 150px; height: 150px;\"><\/span><\/a>\n\t\t\t<a href=\"https:\/\/rrc-schliersee.com\/wordpress\/wp-content\/uploads\/ngg_featured\/2016-11-29-PHOTO-00000017-e1481198718284.jpg\" title=\"2016-11-29-PHOTO-00000017\" rel=\"polaroid_1805280587\" class=\"polaroid-gallery-item\"><span class=\"polaroid-gallery-image\" title=\"\" style=\"background-image: url(https:\/\/rrc-schliersee.com\/wordpress\/wp-content\/uploads\/ngg_featured\/2016-11-29-PHOTO-00000017-e1481198718284-150x150.jpg); width: 150px; height: 150px;\"><\/span><\/a>\n\t\t\t<a href=\"https:\/\/rrc-schliersee.com\/wordpress\/wp-content\/uploads\/2016\/12\/IMG_6909.jpg\" title=\"img_6909\" rel=\"polaroid_1805280587\" class=\"polaroid-gallery-item\"><span class=\"polaroid-gallery-image\" title=\"\" style=\"background-image: url(https:\/\/rrc-schliersee.com\/wordpress\/wp-content\/uploads\/2016\/12\/IMG_6909-150x150.jpg); width: 150px; height: 150px;\"><\/span><\/a>\n\t\t\t<br style=\"clear: both;\" \/><\/div>\n\n<p>+++&nbsp;&nbsp; Young refugees from Syria and Afghanistan try the high-speed sledge track in K\u00f6nigssee with the Renn-Rodel-Club Schliersee e.V. 27. November 2016.<br \/>\nMusic by <a href=\"https:\/\/www.youtube.com\/channel\/UCKYWEyFQbUquv-bhdBdzLkQ\" target=\"_blank\" rel=\"noopener noreferrer\">VUIZLAUD<\/a>&nbsp;&nbsp; +++&nbsp;&nbsp;<\/p>\n<hr>\n<\/div>\n<h2>Schnupper-Training Schulrodeln<\/h2>\n<p>Fotos vom Schnupper-Training Schulrodeln am 17.10.2016, das unsere ehemalige Aktive Elisabeth mit Schulkindern an der Eisbahn in K\u00f6nigssee durchgef\u00fchrt hat.<\/p>\n<pre>Leiter vor Ort:      Elisabet Nauderer\r\nOrganisation Schule: Doreen Kober\r\nOrganisation RRC:    Hermann M\u00fcller\r\nTransporteur:        Papa Krause mit dem RRC-Bus<\/pre>\n<div class=\"polaroid-gallery galleryid-2496\">\n<p>&nbsp;<\/p>\n<div class='polaroid-gallery galleryid-1869' style='width:1190px;'>\n\t\t\t<a href=\"https:\/\/rrc-schliersee.com\/wordpress\/wp-content\/uploads\/2016\/12\/RRC-Schulrodeln-2016-WA0002.jpg\" title=\"RRC Schulrodeln 2016-WA0002\" rel=\"polaroid_327701215\" class=\"polaroid-gallery-item\"><span class=\"polaroid-gallery-image\" title=\"RRC Schulrodeln 2016\" style=\"background-image: url(https:\/\/rrc-schliersee.com\/wordpress\/wp-content\/uploads\/2016\/12\/RRC-Schulrodeln-2016-WA0002-150x150.jpg); width: 150px; height: 150px;\"><\/span><\/a>\n\t\t\t<a href=\"https:\/\/rrc-schliersee.com\/wordpress\/wp-content\/uploads\/2016\/12\/RRC-Schulrodeln-2016-WA0001.jpg\" title=\"RRC Schulrodeln 2016-WA0001\" rel=\"polaroid_327701215\" class=\"polaroid-gallery-item\"><span class=\"polaroid-gallery-image\" title=\"RRC Schulrodeln 2016\" style=\"background-image: url(https:\/\/rrc-schliersee.com\/wordpress\/wp-content\/uploads\/2016\/12\/RRC-Schulrodeln-2016-WA0001-150x150.jpg); width: 150px; height: 150px;\"><\/span><\/a>\n\t\t\t<a href=\"https:\/\/rrc-schliersee.com\/wordpress\/wp-content\/uploads\/2016\/12\/RRC-Schulrodeln-2016-WA0003.jpg\" title=\"RRC Schulrodeln 2016-WA0003\" rel=\"polaroid_327701215\" class=\"polaroid-gallery-item\"><span class=\"polaroid-gallery-image\" title=\"RRC Schulrodeln 2016\" style=\"background-image: url(https:\/\/rrc-schliersee.com\/wordpress\/wp-content\/uploads\/2016\/12\/RRC-Schulrodeln-2016-WA0003-150x150.jpg); width: 150px; height: 150px;\"><\/span><\/a>\n\t\t\t<a href=\"https:\/\/rrc-schliersee.com\/wordpress\/wp-content\/uploads\/2016\/12\/RRC-Schulrodeln-2016-WA0004.jpg\" title=\"RRC Schulrodeln 2016-WA0004\" rel=\"polaroid_327701215\" class=\"polaroid-gallery-item\"><span class=\"polaroid-gallery-image\" title=\"RRC Schulrodeln 2016\" style=\"background-image: url(https:\/\/rrc-schliersee.com\/wordpress\/wp-content\/uploads\/2016\/12\/RRC-Schulrodeln-2016-WA0004-150x150.jpg); width: 150px; height: 150px;\"><\/span><\/a>\n\t\t\t<a href=\"https:\/\/rrc-schliersee.com\/wordpress\/wp-content\/uploads\/2016\/12\/RRC-Schulrodeln-2016-WA0007.jpg\" title=\"RRC Schulrodeln 2016\" rel=\"polaroid_327701215\" class=\"polaroid-gallery-item\"><span class=\"polaroid-gallery-image\" title=\"RRC Schulrodeln 2016\" style=\"background-image: url(https:\/\/rrc-schliersee.com\/wordpress\/wp-content\/uploads\/2016\/12\/RRC-Schulrodeln-2016-WA0007-150x150.jpg); width: 150px; height: 150px;\"><\/span><\/a>\n\t\t\t<a href=\"https:\/\/rrc-schliersee.com\/wordpress\/wp-content\/uploads\/2016\/12\/RRC-Schulrodeln-2016-WA0006.jpg\" title=\"RRC Schulrodeln 2016-WA0006\" rel=\"polaroid_327701215\" class=\"polaroid-gallery-item\"><span class=\"polaroid-gallery-image\" title=\"RRC Schulrodeln 2016\" style=\"background-image: url(https:\/\/rrc-schliersee.com\/wordpress\/wp-content\/uploads\/2016\/12\/RRC-Schulrodeln-2016-WA0006-150x150.jpg); width: 150px; height: 150px;\"><\/span><\/a>\n\t\t\t<a href=\"https:\/\/rrc-schliersee.com\/wordpress\/wp-content\/uploads\/2016\/12\/RRC-Schulrodeln-2016-WA0005.jpg\" title=\"RRC Schulrodeln 2016-WA0005\" rel=\"polaroid_327701215\" class=\"polaroid-gallery-item\"><span class=\"polaroid-gallery-image\" title=\"RRC Schulrodeln 2016\" style=\"background-image: url(https:\/\/rrc-schliersee.com\/wordpress\/wp-content\/uploads\/2016\/12\/RRC-Schulrodeln-2016-WA0005-150x150.jpg); width: 150px; height: 150px;\"><\/span><\/a>\n\t\t\t<br style=\"clear: both;\" \/><\/div>\n\n<hr>\n<\/div>\n<h2>66. Jahreshauptversammlung und Vereinsinfo Saison 2015 \/ 2016<\/h2>\n<p><sup>Be, 08.12.2016<\/sup><\/p>\n<div class=\"entry-content\">\n<p>Bei der Mitgliederversammlung 2016 wurde turnusm\u00e4\u00dfig nach drei Jahren die Vorstandschaft des Vereins neu gew\u00e4hlt.<br \/>\nHeinzi Manhart musste leider berufsbedingt sein Amt als Erster Vorstand niederlegen, was von allen Vereinsmitgliedern bedauernd zur Kenntnis genommen wurde.<br \/>\nHermann M\u00fcller tritt seine Nachfolge an und gibt seinen Posten an Doni Berger jun. als neuer Zweiter Vorstand weiter.Uli M\u00fcller wurde als Erste Schriftf\u00fchrerin wiedergew\u00e4hlt, ebenso Toni Berger sen. als Kassier. Als Jugendwart wurde Katharina M\u00fcller, als Sportwart Korbinian M\u00fcller neu gew\u00e4hlt.<\/p>\n<p>&nbsp;<\/p>\n<p><img loading=\"lazy\" decoding=\"async\" class=\"alignnone wp-image-2367 size-full\" src=\"http:\/\/rrc-schliersee.de\/wordpress\/wp-content\/uploads\/2016\/11\/KuKMueller_klein2.jpg\" alt=\"kukmueller_klein2\" width=\"230\" height=\"143\"><\/p>\n<p>Ergebnis der durchgef\u00fchrten Neuwahlen:<\/p>\n<\/div>\n<ul>\n<li>Erster Vorsitzender Hermann M\u00fcller<\/li>\n<li>&nbsp;Zweiter Vorsitzender Doni Berger<\/li>\n<li>Kassier Anton Berger<\/li>\n<li>Erste Schriftf\u00fchrerin Uli M\u00fcller<\/li>\n<li>Jugendwart Katharina M\u00fcller<\/li>\n<li>Sportwart Korbinian M\u00fcller<\/li>\n<\/ul>\n<p>Protokoll: <a href=\"http:\/\/rrc-schliersee.de\/wordpress\/wp-content\/uploads\/2016\/11\/66JHV-RRC-Schliersee.pdf\"><img loading=\"lazy\" decoding=\"async\" src=\"http:\/\/rrc-schliersee.de\/wordpress\/wp-content\/uploads\/2012\/10\/Icon_PDF.gif\" alt=\"\" width=\"46\" height=\"48\"><\/a><a href=\"http:\/\/rrc-schliersee.de\/wordpress\/wp-content\/uploads\/2016\/11\/66JHV-RRC-Schliersee.pdf\">66jhv-rrc-schliersee.pdf<\/a> (4,6 MB)<\/p>\n<hr>\n<\/div>\n<div class=\"entry-content\">\n<h2>Neuzugang bei den Rodlern in der Jugendklasse<\/h2>\n<p><sup>Be, 08.12.2016<\/sup><br \/>\nSimon Greipl aus Schliersee, Jahrgang 2009, ist nun aktives Mitglied in unserem Rennrodelteam unter Leitung von Hermann M\u00fcller.<\/p>\n<p><img loading=\"lazy\" decoding=\"async\" class=\"wp-image-2380 size-full\" src=\"http:\/\/rrc-schliersee.de\/wordpress\/wp-content\/uploads\/2016\/11\/Aktive_Simon_Greipl-2.jpg\" alt=\"aktive_simon_greipl\" width=\"195\" height=\"263\">Simon Greipl<\/p>\n<\/div>\n<hr>\n<h2>Seefest Schliersee 2016 \u2013 Startbahnwettbewerb<\/h2>\n<p><sup>Be, 29.07.2016<\/sup><\/p>\n<p>Wie in den vergangenen Jahren war der RRC Schliersee auch heuer wieder mit seiner Startbahn,&nbsp; auf der die Rennrodler des Vereins w\u00e4hrend der Sommersaison den optimalen Startvorgang trainieren, auf dem Seefest 2016 pr\u00e4sent. Am Freitag Abend und den ganzen Samstag \u00fcber testeten bei bestem Sommerwetter viele Rennaspiranten auf unserer Startbahn ihr K\u00f6nnen. Allein am Samstag hatten wir mehr als 700 Startvorg\u00e4nge. Die Spenden der Teilnehmer aus unserem Geldfrosch (siehe Bild) kommen der Jugendarbeit unseres Vereins zu Gute. +++<\/p>\n<table cellpadding=\"0\">\n<tbody>\n<tr>\n<td><a href=\"http:\/\/rrc-schliersee.de\/wordpress\/?attachment_id=1999\" rel=\"attachment wp-att-1999\"><img loading=\"lazy\" decoding=\"async\" class=\"alignleft wp-image-1999\" src=\"http:\/\/rrc-schliersee.de\/wordpress\/wp-content\/uploads\/2016\/04\/RRC-Seefest-2016-Bild-01.jpg\" sizes=\"auto, (max-width: 711px) 100vw, 711px\" srcset=\"http:\/\/rrc-schliersee.de\/wordpress\/wp-content\/uploads\/2016\/04\/RRC-Seefest-2016-Bild-01.jpg 1280w, http:\/\/rrc-schliersee.de\/wordpress\/wp-content\/uploads\/2016\/04\/RRC-Seefest-2016-Bild-01-300x169.jpg 300w, http:\/\/rrc-schliersee.de\/wordpress\/wp-content\/uploads\/2016\/04\/RRC-Seefest-2016-Bild-01-768x432.jpg 768w, http:\/\/rrc-schliersee.de\/wordpress\/wp-content\/uploads\/2016\/04\/RRC-Seefest-2016-Bild-01-1024x576.jpg 1024w\" alt=\"RRC Seefest 2016 Bild 01\" width=\"711\" height=\"400\"><\/a><a href=\"http:\/\/rrc-schliersee.de\/wordpress\/?attachment_id=2000\" rel=\"attachment wp-att-2000\"><img loading=\"lazy\" decoding=\"async\" class=\"alignleft size-medium wp-image-2000\" src=\"http:\/\/rrc-schliersee.de\/wordpress\/wp-content\/uploads\/2016\/04\/RRC-Seefest-2016-Bild-02-300x258.jpg\" sizes=\"auto, (max-width: 300px) 100vw, 300px\" srcset=\"http:\/\/rrc-schliersee.de\/wordpress\/wp-content\/uploads\/2016\/04\/RRC-Seefest-2016-Bild-02-300x258.jpg 300w, http:\/\/rrc-schliersee.de\/wordpress\/wp-content\/uploads\/2016\/04\/RRC-Seefest-2016-Bild-02-768x661.jpg 768w, http:\/\/rrc-schliersee.de\/wordpress\/wp-content\/uploads\/2016\/04\/RRC-Seefest-2016-Bild-02.jpg 835w\" alt=\"RRC Seefest 2016 Bild 02\" width=\"300\" height=\"258\"><\/a><\/td>\n<td>&nbsp;<\/td>\n<\/tr>\n<\/tbody>\n<\/table>\n<hr>\n<h1>Ergebnisliste des K\u00f6nigssee Cup 06.03.2016<\/h1>\n<p><sup>Be, 07.03.2016<\/sup><\/p>\n<p><sup><a href=\"http:\/\/rrc-schliersee.de\/wordpress\/wp-content\/uploads\/2016\/02\/Koenigssee-Cup-2016.jpg\"><img loading=\"lazy\" decoding=\"async\" class=\"alignleft wp-image-1940 size-large\" src=\"http:\/\/rrc-schliersee.de\/wordpress\/wp-content\/uploads\/2016\/02\/Koenigssee-Cup-2016-1024x768.jpg\" alt=\"Koenigssee Cup 2016\" width=\"584\" height=\"438\" srcset=\"https:\/\/rrc-schliersee.com\/wordpress\/wp-content\/uploads\/2016\/02\/Koenigssee-Cup-2016.jpg 1024w, https:\/\/rrc-schliersee.com\/wordpress\/wp-content\/uploads\/2016\/02\/Koenigssee-Cup-2016-300x225.jpg 300w, https:\/\/rrc-schliersee.com\/wordpress\/wp-content\/uploads\/2016\/02\/Koenigssee-Cup-2016-768x576.jpg 768w, https:\/\/rrc-schliersee.com\/wordpress\/wp-content\/uploads\/2016\/02\/Koenigssee-Cup-2016-400x300.jpg 400w\" sizes=\"auto, (max-width: 584px) 100vw, 584px\" \/><\/a><br \/>\n<\/sup><\/p>\n<ul>\n<li><a href=\"http:\/\/rrc-schliersee.de\/wordpress\/wp-content\/uploads\/2016\/02\/Koenigssee-Cup-2016.pdf\" target=\"_blank\" rel=\"noopener noreferrer\">K\u00f6nigssee Cup 2016 (PDF)<\/a><\/li>\n<\/ul>\n<hr>\n<h1>Ergebnisliste der Welt-Jugend-Challenge 28.02.2016<\/h1>\n<p><sup>Be, 29.02.2016<br \/>\n<\/sup>Marco Leger Platz 23 von 24 bei Jugend C m\u00e4nnlich<br \/>\nFlorent Avdijaj Platz 16 von 30 bei Jugend D m\u00e4nnlich<\/p>\n<ul>\n<li><a href=\"http:\/\/rrc-schliersee.de\/wordpress\/wp-content\/uploads\/2016\/02\/Ergebnisliste-WJCH-2016.pdf\" target=\"_blank\" rel=\"noopener noreferrer\">Ergebnisliste WJCH 2016 (PDF)<\/a><\/li>\n<\/ul>\n<hr>\n<p><strong>Ergebnislisten der letzten Rennen 2016<\/strong><\/p>\n<p><sup>Be, 08.02.2016<\/sup><\/p>\n<ul>\n<li><a href=\"http:\/\/rrc-schliersee.de\/wordpress\/wp-content\/uploads\/2016\/01\/Jug.B__C__D.pdf\" target=\"_blank\" rel=\"noopener noreferrer\">Bayerische Meisterschaft 2016, K\u00f6nigssee 30.12.2015 (PDF)<\/a><\/li>\n<li><a href=\"http:\/\/rrc-schliersee.de\/wordpress\/wp-content\/uploads\/2016\/01\/Bayerischer_Jugendcup_Rodeln.pdf\" target=\"_blank\" rel=\"noopener noreferrer\">Bayerischer Jugendcup 2016, K\u00f6nigssee 03.01.2016 (PDF)<\/a><\/li>\n<li><a href=\"http:\/\/rrc-schliersee.de\/wordpress\/wp-content\/uploads\/2016\/01\/DM_Jug_C_maennl..pdf\" target=\"_blank\" rel=\"noopener noreferrer\">Deutsche Meisterschaft Jugend C, K\u00f6nigssee 06.02.2016 (PDF)<\/a><\/li>\n<li><a href=\"http:\/\/rrc-schliersee.de\/wordpress\/wp-content\/uploads\/2016\/01\/DM_Jug_C_mannschaft..pdf\" target=\"_blank\" rel=\"noopener noreferrer\">Deutsche Meisterschaft Jugend C Mannschaft, K\u00f6nigssee 07.02.2016 (PDF)<\/a><\/li>\n<\/ul>\n<hr>\n<h1>&nbsp;<\/h1>\n<h1>Bayerischer Jugendcup 2016 in K\u00f6nigssee<\/h1>\n<p>03. Januar 2016<br \/>\nDie Ergebnisse:&nbsp; <a href=\"http:\/\/rrc-schliersee.de\/wordpress\/wp-content\/uploads\/2016\/01\/Bayerischer-Jugendcup-2016.pdf\">Bayerischer Jugendcup 2016<\/a> (PDF, 3MB)<br \/>\n<sup>Be, 04.01.2016<\/sup><\/p>\n<hr>\n<p>&nbsp;<\/p>\n<p>&nbsp;<\/p>\n","protected":false},"excerpt":{"rendered":"<p>Die Rennergebnisse der Saison 2015 \/ 2016 01. Oktober 2015 bis 30.09. 2016 Bayrische Meisterschaft 2016 in K\u00f6nigssee Die vollst\u00e4ndigen Ergebnislisten BM 2016 (pdf) Ergebnisse der RRC-Aktiven: &nbsp; Ein Sieg zum Saisoneinstieg 2016 \/ 2017 RRC Ergebnisse Bayrischer Jugendcup 2016 Be, 02.01.2016 Rennrodeln zusammen mit jungen Fl\u00fcchtlingen aus Syrien und Afghanistan Be, 08.12.2016 Der Renn-Rodel-Club Schliersee e.V. hat einigen jungen Fl\u00fcchtlingen an der Rennbahn in K\u00f6nigssee am 27.11.2016 unvergessliche Erlebnisse&hellip;<\/p>\n","protected":false},"author":3,"featured_media":0,"parent":6239,"menu_order":16,"comment_status":"closed","ping_status":"closed","template":"","meta":{"ngg_post_thumbnail":0,"footnotes":""},"class_list":["post-1869","page","type-page","status-publish","hentry"],"_links":{"self":[{"href":"https:\/\/rrc-schliersee.com\/wordpress\/wp-json\/wp\/v2\/pages\/1869","targetHints":{"allow":["GET"]}}],"collection":[{"href":"https:\/\/rrc-schliersee.com\/wordpress\/wp-json\/wp\/v2\/pages"}],"about":[{"href":"https:\/\/rrc-schliersee.com\/wordpress\/wp-json\/wp\/v2\/types\/page"}],"author":[{"embeddable":true,"href":"https:\/\/rrc-schliersee.com\/wordpress\/wp-json\/wp\/v2\/users\/3"}],"replies":[{"embeddable":true,"href":"https:\/\/rrc-schliersee.com\/wordpress\/wp-json\/wp\/v2\/comments?post=1869"}],"version-history":[{"count":27,"href":"https:\/\/rrc-schliersee.com\/wordpress\/wp-json\/wp\/v2\/pages\/1869\/revisions"}],"predecessor-version":[{"id":5068,"href":"https:\/\/rrc-schliersee.com\/wordpress\/wp-json\/wp\/v2\/pages\/1869\/revisions\/5068"}],"up":[{"embeddable":true,"href":"https:\/\/rrc-schliersee.com\/wordpress\/wp-json\/wp\/v2\/pages\/6239"}],"wp:attachment":[{"href":"https:\/\/rrc-schliersee.com\/wordpress\/wp-json\/wp\/v2\/media?parent=1869"}],"curies":[{"name":"wp","href":"https:\/\/api.w.org\/{rel}","templated":true}]}}