{"id":1901,"date":"2017-10-17T06:00:14","date_gmt":"2017-10-17T04:00:14","guid":{"rendered":"http:\/\/rrc-schliersee.de\/wordpress\/?page_id=1901"},"modified":"2017-10-17T15:50:10","modified_gmt":"2017-10-17T13:50:10","slug":"bilder-2016","status":"publish","type":"page","link":"https:\/\/rrc-schliersee.com\/wordpress\/multimedia\/bilder-2016\/","title":{"rendered":"Bilder 2016"},"content":{"rendered":"<p><strong>Bilder der Rodelsaison 2015 \/ 2016<\/strong><\/p>\n<p><sup>Be, 29.01.2016<\/sup><\/p>\n<div class='polaroid-gallery galleryid-1901' style='width:850px;'>\n\t\t\t<a href=\"https:\/\/rrc-schliersee.com\/wordpress\/wp-content\/uploads\/2016\/01\/IMG_9928.jpg\" title=\"IMG_9928\" rel=\"polaroid_70093025\" class=\"polaroid-gallery-item\"><span class=\"polaroid-gallery-image\" title=\"\" style=\"background-image: url(https:\/\/rrc-schliersee.com\/wordpress\/wp-content\/uploads\/2016\/01\/IMG_9928-150x150.jpg); width: 150px; height: 150px;\"><\/span><\/a>\n\t\t\t<a href=\"https:\/\/rrc-schliersee.com\/wordpress\/wp-content\/uploads\/2016\/01\/IMG_9927.jpg\" title=\"IMG_9927\" rel=\"polaroid_70093025\" class=\"polaroid-gallery-item\"><span class=\"polaroid-gallery-image\" title=\"\" style=\"background-image: url(https:\/\/rrc-schliersee.com\/wordpress\/wp-content\/uploads\/2016\/01\/IMG_9927-150x150.jpg); width: 150px; height: 150px;\"><\/span><\/a>\n\t\t\t<a href=\"https:\/\/rrc-schliersee.com\/wordpress\/wp-content\/uploads\/2016\/01\/IMG_9926.jpg\" title=\"IMG_9926\" rel=\"polaroid_70093025\" class=\"polaroid-gallery-item\"><span class=\"polaroid-gallery-image\" title=\"\" style=\"background-image: url(https:\/\/rrc-schliersee.com\/wordpress\/wp-content\/uploads\/2016\/01\/IMG_9926-150x150.jpg); width: 150px; height: 150px;\"><\/span><\/a>\n\t\t\t<a href=\"https:\/\/rrc-schliersee.com\/wordpress\/wp-content\/uploads\/2016\/01\/IMG_9902.jpg\" title=\"IMG_9902\" rel=\"polaroid_70093025\" class=\"polaroid-gallery-item\"><span class=\"polaroid-gallery-image\" title=\"\" style=\"background-image: url(https:\/\/rrc-schliersee.com\/wordpress\/wp-content\/uploads\/2016\/01\/IMG_9902-150x150.jpg); width: 150px; height: 150px;\"><\/span><\/a>\n\t\t\t<a href=\"https:\/\/rrc-schliersee.com\/wordpress\/wp-content\/uploads\/2016\/01\/IMG_9900.jpg\" title=\"IMG_9900\" rel=\"polaroid_70093025\" class=\"polaroid-gallery-item\"><span class=\"polaroid-gallery-image\" title=\"\" style=\"background-image: url(https:\/\/rrc-schliersee.com\/wordpress\/wp-content\/uploads\/2016\/01\/IMG_9900-150x150.jpg); width: 150px; height: 150px;\"><\/span><\/a>\n\t\t\t<br style=\"clear: both;\" \/>\n\t\t\t<a href=\"https:\/\/rrc-schliersee.com\/wordpress\/wp-content\/uploads\/2016\/01\/IMG_9882.jpg\" title=\"IMG_9882\" rel=\"polaroid_70093025\" class=\"polaroid-gallery-item\"><span class=\"polaroid-gallery-image\" title=\"\" style=\"background-image: url(https:\/\/rrc-schliersee.com\/wordpress\/wp-content\/uploads\/2016\/01\/IMG_9882-150x150.jpg); width: 150px; height: 150px;\"><\/span><\/a>\n\t\t\t<a href=\"https:\/\/rrc-schliersee.com\/wordpress\/wp-content\/uploads\/2016\/01\/IMG_2105.jpg\" title=\"IMG_2105\" rel=\"polaroid_70093025\" class=\"polaroid-gallery-item\"><span class=\"polaroid-gallery-image\" title=\"\" style=\"background-image: url(https:\/\/rrc-schliersee.com\/wordpress\/wp-content\/uploads\/2016\/01\/IMG_2105-150x150.jpg); width: 150px; height: 150px;\"><\/span><\/a>\n\t\t\t<a href=\"https:\/\/rrc-schliersee.com\/wordpress\/wp-content\/uploads\/2016\/01\/IMG_2098.jpg\" title=\"IMG_2098\" rel=\"polaroid_70093025\" class=\"polaroid-gallery-item\"><span class=\"polaroid-gallery-image\" title=\"\" style=\"background-image: url(https:\/\/rrc-schliersee.com\/wordpress\/wp-content\/uploads\/2016\/01\/IMG_2098-150x150.jpg); width: 150px; height: 150px;\"><\/span><\/a>\n\t\t\t<a href=\"https:\/\/rrc-schliersee.com\/wordpress\/wp-content\/uploads\/2016\/01\/IMG_2091.jpg\" title=\"IMG_2091\" rel=\"polaroid_70093025\" class=\"polaroid-gallery-item\"><span class=\"polaroid-gallery-image\" title=\"\" style=\"background-image: url(https:\/\/rrc-schliersee.com\/wordpress\/wp-content\/uploads\/2016\/01\/IMG_2091-150x150.jpg); width: 150px; height: 150px;\"><\/span><\/a>\n\t\t\t<a href=\"https:\/\/rrc-schliersee.com\/wordpress\/wp-content\/uploads\/2016\/01\/IMG_2088.jpg\" title=\"IMG_2088\" rel=\"polaroid_70093025\" class=\"polaroid-gallery-item\"><span class=\"polaroid-gallery-image\" title=\"\" style=\"background-image: url(https:\/\/rrc-schliersee.com\/wordpress\/wp-content\/uploads\/2016\/01\/IMG_2088-150x150.jpg); width: 150px; height: 150px;\"><\/span><\/a>\n\t\t\t<br style=\"clear: both;\" \/>\n\t\t\t<a href=\"https:\/\/rrc-schliersee.com\/wordpress\/wp-content\/uploads\/2016\/01\/IMG_2086.jpg\" title=\"IMG_2086\" rel=\"polaroid_70093025\" class=\"polaroid-gallery-item\"><span class=\"polaroid-gallery-image\" title=\"\" style=\"background-image: url(https:\/\/rrc-schliersee.com\/wordpress\/wp-content\/uploads\/2016\/01\/IMG_2086-150x150.jpg); width: 150px; height: 150px;\"><\/span><\/a>\n\t\t\t<a href=\"https:\/\/rrc-schliersee.com\/wordpress\/wp-content\/uploads\/2016\/01\/IMG_2084.jpg\" title=\"IMG_2084\" rel=\"polaroid_70093025\" class=\"polaroid-gallery-item\"><span class=\"polaroid-gallery-image\" title=\"\" style=\"background-image: url(https:\/\/rrc-schliersee.com\/wordpress\/wp-content\/uploads\/2016\/01\/IMG_2084-150x150.jpg); width: 150px; height: 150px;\"><\/span><\/a>\n\t\t\t<a href=\"https:\/\/rrc-schliersee.com\/wordpress\/wp-content\/uploads\/2016\/01\/IMG_2083.jpg\" title=\"IMG_2083\" rel=\"polaroid_70093025\" class=\"polaroid-gallery-item\"><span class=\"polaroid-gallery-image\" title=\"\" style=\"background-image: url(https:\/\/rrc-schliersee.com\/wordpress\/wp-content\/uploads\/2016\/01\/IMG_2083-150x150.jpg); width: 150px; height: 150px;\"><\/span><\/a>\n\t\t\t<a href=\"https:\/\/rrc-schliersee.com\/wordpress\/wp-content\/uploads\/2016\/01\/IMG_2081.jpg\" title=\"IMG_2081\" rel=\"polaroid_70093025\" class=\"polaroid-gallery-item\"><span class=\"polaroid-gallery-image\" title=\"\" style=\"background-image: url(https:\/\/rrc-schliersee.com\/wordpress\/wp-content\/uploads\/2016\/01\/IMG_2081-150x150.jpg); width: 150px; height: 150px;\"><\/span><\/a>\n\t\t\t<a href=\"https:\/\/rrc-schliersee.com\/wordpress\/wp-content\/uploads\/2016\/01\/IMG_2077.jpg\" title=\"IMG_2077\" rel=\"polaroid_70093025\" class=\"polaroid-gallery-item\"><span class=\"polaroid-gallery-image\" title=\"\" style=\"background-image: url(https:\/\/rrc-schliersee.com\/wordpress\/wp-content\/uploads\/2016\/01\/IMG_2077-150x150.jpg); width: 150px; height: 150px;\"><\/span><\/a>\n\t\t\t<br style=\"clear: both;\" \/>\n\t\t\t<a href=\"https:\/\/rrc-schliersee.com\/wordpress\/wp-content\/uploads\/2016\/01\/IMG_2069.jpg\" title=\"IMG_2069\" rel=\"polaroid_70093025\" class=\"polaroid-gallery-item\"><span class=\"polaroid-gallery-image\" title=\"\" style=\"background-image: url(https:\/\/rrc-schliersee.com\/wordpress\/wp-content\/uploads\/2016\/01\/IMG_2069-150x150.jpg); width: 150px; height: 150px;\"><\/span><\/a>\n\t\t\t<a href=\"https:\/\/rrc-schliersee.com\/wordpress\/wp-content\/uploads\/2016\/01\/IMG_2068.jpg\" title=\"IMG_2068\" rel=\"polaroid_70093025\" class=\"polaroid-gallery-item\"><span class=\"polaroid-gallery-image\" title=\"\" style=\"background-image: url(https:\/\/rrc-schliersee.com\/wordpress\/wp-content\/uploads\/2016\/01\/IMG_2068-150x150.jpg); width: 150px; height: 150px;\"><\/span><\/a>\n\t\t\t<a href=\"https:\/\/rrc-schliersee.com\/wordpress\/wp-content\/uploads\/2016\/01\/IMG_2066.jpg\" title=\"IMG_2066\" rel=\"polaroid_70093025\" class=\"polaroid-gallery-item\"><span class=\"polaroid-gallery-image\" title=\"\" style=\"background-image: url(https:\/\/rrc-schliersee.com\/wordpress\/wp-content\/uploads\/2016\/01\/IMG_2066-150x150.jpg); width: 150px; height: 150px;\"><\/span><\/a>\n\t\t\t<br style=\"clear: both;\" \/><\/div>\n\n<hr>\n<p><strong>Imst 2016<\/strong><\/p>\n<p><sup>Be, 29.01.2016<\/sup><\/p>\n<div class='polaroid-gallery galleryid-1901' style='width:850px;'>\n\t\t\t<a href=\"https:\/\/rrc-schliersee.com\/wordpress\/wp-content\/uploads\/2016\/01\/IMG_2604.jpg\" title=\"IMG_2604\" rel=\"polaroid_1033266916\" class=\"polaroid-gallery-item\"><span class=\"polaroid-gallery-image\" title=\"\" style=\"background-image: url(https:\/\/rrc-schliersee.com\/wordpress\/wp-content\/uploads\/2016\/01\/IMG_2604-150x150.jpg); width: 150px; height: 150px;\"><\/span><\/a>\n\t\t\t<a href=\"https:\/\/rrc-schliersee.com\/wordpress\/wp-content\/uploads\/2016\/01\/IMG_2575.jpg\" title=\"IMG_2575\" rel=\"polaroid_1033266916\" class=\"polaroid-gallery-item\"><span class=\"polaroid-gallery-image\" title=\"\" style=\"background-image: url(https:\/\/rrc-schliersee.com\/wordpress\/wp-content\/uploads\/2016\/01\/IMG_2575-150x150.jpg); width: 150px; height: 150px;\"><\/span><\/a>\n\t\t\t<a href=\"https:\/\/rrc-schliersee.com\/wordpress\/wp-content\/uploads\/2016\/01\/IMG_2582.jpg\" title=\"IMG_2582\" rel=\"polaroid_1033266916\" class=\"polaroid-gallery-item\"><span class=\"polaroid-gallery-image\" title=\"\" style=\"background-image: url(https:\/\/rrc-schliersee.com\/wordpress\/wp-content\/uploads\/2016\/01\/IMG_2582-150x150.jpg); width: 150px; height: 150px;\"><\/span><\/a>\n\t\t\t<a href=\"https:\/\/rrc-schliersee.com\/wordpress\/wp-content\/uploads\/2016\/01\/IMG_2584.jpg\" title=\"IMG_2584\" rel=\"polaroid_1033266916\" class=\"polaroid-gallery-item\"><span class=\"polaroid-gallery-image\" title=\"\" style=\"background-image: url(https:\/\/rrc-schliersee.com\/wordpress\/wp-content\/uploads\/2016\/01\/IMG_2584-150x150.jpg); width: 150px; height: 150px;\"><\/span><\/a>\n\t\t\t<a href=\"https:\/\/rrc-schliersee.com\/wordpress\/wp-content\/uploads\/2016\/01\/IMG_2598.jpg\" title=\"IMG_2598\" rel=\"polaroid_1033266916\" class=\"polaroid-gallery-item\"><span class=\"polaroid-gallery-image\" title=\"\" style=\"background-image: url(https:\/\/rrc-schliersee.com\/wordpress\/wp-content\/uploads\/2016\/01\/IMG_2598-150x150.jpg); width: 150px; height: 150px;\"><\/span><\/a>\n\t\t\t<br style=\"clear: both;\" \/>\n\t\t\t<a href=\"https:\/\/rrc-schliersee.com\/wordpress\/wp-content\/uploads\/2016\/01\/IMG_2602.jpg\" title=\"IMG_2602\" rel=\"polaroid_1033266916\" class=\"polaroid-gallery-item\"><span class=\"polaroid-gallery-image\" title=\"\" style=\"background-image: url(https:\/\/rrc-schliersee.com\/wordpress\/wp-content\/uploads\/2016\/01\/IMG_2602-150x150.jpg); width: 150px; height: 150px;\"><\/span><\/a>\n\t\t\t<a href=\"https:\/\/rrc-schliersee.com\/wordpress\/wp-content\/uploads\/2016\/01\/IMG_2606.jpg\" title=\"IMG_2606\" rel=\"polaroid_1033266916\" class=\"polaroid-gallery-item\"><span class=\"polaroid-gallery-image\" title=\"\" style=\"background-image: url(https:\/\/rrc-schliersee.com\/wordpress\/wp-content\/uploads\/2016\/01\/IMG_2606-150x150.jpg); width: 150px; height: 150px;\"><\/span><\/a>\n\t\t\t<a href=\"https:\/\/rrc-schliersee.com\/wordpress\/wp-content\/uploads\/2016\/01\/IMG_0224.jpg\" title=\"IMG_0224\" rel=\"polaroid_1033266916\" class=\"polaroid-gallery-item\"><span class=\"polaroid-gallery-image\" title=\"\" style=\"background-image: url(https:\/\/rrc-schliersee.com\/wordpress\/wp-content\/uploads\/2016\/01\/IMG_0224-150x150.jpg); width: 150px; height: 150px;\"><\/span><\/a>\n\t\t\t<a href=\"https:\/\/rrc-schliersee.com\/wordpress\/wp-content\/uploads\/2016\/01\/IMG_2630.jpg\" title=\"IMG_2630\" rel=\"polaroid_1033266916\" class=\"polaroid-gallery-item\"><span class=\"polaroid-gallery-image\" title=\"\" style=\"background-image: url(https:\/\/rrc-schliersee.com\/wordpress\/wp-content\/uploads\/2016\/01\/IMG_2630-150x150.jpg); width: 150px; height: 150px;\"><\/span><\/a>\n\t\t\t<br style=\"clear: both;\" \/><\/div>\n\n<hr>\n<p>Alle hier verf\u00fcgbaren multimedialen Inhalte werden Ihnen mit freundlicher Genehmigung des RRC Schliersee pr\u00e4sentiert.<br \/>\nWenn Sie Bilder, Videos oder Songs f\u00fcr eigene Zwecke verwenden wollen, <a title=\"Kontakt\" href=\"http:\/\/rrc-schliersee.de\/wordpress\/?page_id=59\"><br \/>\nfragen Sie uns <\/a>bitte vorher!<\/p>\n<hr>\n<p>Wenn Sie ihre Bilder mit Bezug zum RRC Schliersee hier sehen wollen, schicken Sie sie bitte per email an die unten angegebene email-Adresse oder wenden Sie sich an einen unserer <a title=\"Kontakt\" href=\"http:\/\/rrc-schliersee.de\/wordpress\/?page_id=59\">Ansprechpartner<\/a><br \/>\n<img loading=\"lazy\" decoding=\"async\" title=\"email\" src=\"http:\/\/rrc-schliersee.de\/wordpress\/wp-content\/uploads\/2012\/10\/email.jpg\" alt=\"email\" height=\"28\" width=\"172\"><\/p>\n<hr>\n<p>Der RRC Schliersee untersagt hiermit ausdr\u00fccklich jede nicht autorisierte Verwendung von Inhalten der Domain <a href=\"http:\/\/rrc-schliersee.de\">www.rrc-schliersee.de<\/a> und der dazu geh\u00f6rigen Webseiten sowie der gespeicherten Dateien.<\/p>\n","protected":false},"excerpt":{"rendered":"<p>Bilder der Rodelsaison 2015 \/ 2016 Be, 29.01.2016 Imst 2016 Be, 29.01.2016 Alle hier verf\u00fcgbaren multimedialen Inhalte werden Ihnen mit freundlicher Genehmigung des RRC Schliersee pr\u00e4sentiert. Wenn Sie Bilder, Videos oder Songs f\u00fcr eigene Zwecke verwenden wollen, fragen Sie uns bitte vorher! Wenn Sie ihre Bilder mit Bezug zum RRC Schliersee hier sehen wollen, schicken Sie sie bitte per email an die unten angegebene email-Adresse oder wenden Sie sich an&hellip;<\/p>\n","protected":false},"author":3,"featured_media":0,"parent":827,"menu_order":72,"comment_status":"closed","ping_status":"closed","template":"","meta":{"ngg_post_thumbnail":0,"footnotes":""},"class_list":["post-1901","page","type-page","status-publish","hentry"],"_links":{"self":[{"href":"https:\/\/rrc-schliersee.com\/wordpress\/wp-json\/wp\/v2\/pages\/1901","targetHints":{"allow":["GET"]}}],"collection":[{"href":"https:\/\/rrc-schliersee.com\/wordpress\/wp-json\/wp\/v2\/pages"}],"about":[{"href":"https:\/\/rrc-schliersee.com\/wordpress\/wp-json\/wp\/v2\/types\/page"}],"author":[{"embeddable":true,"href":"https:\/\/rrc-schliersee.com\/wordpress\/wp-json\/wp\/v2\/users\/3"}],"replies":[{"embeddable":true,"href":"https:\/\/rrc-schliersee.com\/wordpress\/wp-json\/wp\/v2\/comments?post=1901"}],"version-history":[{"count":5,"href":"https:\/\/rrc-schliersee.com\/wordpress\/wp-json\/wp\/v2\/pages\/1901\/revisions"}],"predecessor-version":[{"id":3128,"href":"https:\/\/rrc-schliersee.com\/wordpress\/wp-json\/wp\/v2\/pages\/1901\/revisions\/3128"}],"up":[{"embeddable":true,"href":"https:\/\/rrc-schliersee.com\/wordpress\/wp-json\/wp\/v2\/pages\/827"}],"wp:attachment":[{"href":"https:\/\/rrc-schliersee.com\/wordpress\/wp-json\/wp\/v2\/media?parent=1901"}],"curies":[{"name":"wp","href":"https:\/\/api.w.org\/{rel}","templated":true}]}}