{"id":2630,"date":"2019-03-26T06:00:37","date_gmt":"2019-03-26T05:00:37","guid":{"rendered":"http:\/\/rrc-schliersee.de\/wordpress\/?page_id=2630"},"modified":"2024-01-18T08:42:34","modified_gmt":"2024-01-18T07:42:34","slug":"impressum","status":"publish","type":"page","link":"https:\/\/rrc-schliersee.com\/wordpress\/impressum\/","title":{"rendered":"Impressum"},"content":{"rendered":"<h1>Impressum<\/h1>\n<p>Stand 18. Januar 2024<a href=\"http:\/\/rrc-schliersee.de\/wordpress\/wp-content\/uploads\/2016\/04\/cropped-Rodellogo-512x512.jpg\"><img loading=\"lazy\" decoding=\"async\" class=\"wp-image-1987 size-thumbnail alignright\" src=\"https:\/\/rrc-schliersee.com\/wordpress\/wp-content\/uploads\/2016\/04\/cropped-Rodellogo-512x512-150x150.jpg\" alt=\"\" width=\"150\" height=\"150\" srcset=\"https:\/\/rrc-schliersee.com\/wordpress\/wp-content\/uploads\/2016\/04\/cropped-Rodellogo-512x512-150x150.jpg 150w, https:\/\/rrc-schliersee.com\/wordpress\/wp-content\/uploads\/2016\/04\/cropped-Rodellogo-512x512-300x300.jpg 300w, https:\/\/rrc-schliersee.com\/wordpress\/wp-content\/uploads\/2016\/04\/cropped-Rodellogo-512x512-270x270.jpg 270w, https:\/\/rrc-schliersee.com\/wordpress\/wp-content\/uploads\/2016\/04\/cropped-Rodellogo-512x512-192x192.jpg 192w, https:\/\/rrc-schliersee.com\/wordpress\/wp-content\/uploads\/2016\/04\/cropped-Rodellogo-512x512-180x180.jpg 180w, https:\/\/rrc-schliersee.com\/wordpress\/wp-content\/uploads\/2016\/04\/cropped-Rodellogo-512x512-32x32.jpg 32w, https:\/\/rrc-schliersee.com\/wordpress\/wp-content\/uploads\/2016\/04\/cropped-Rodellogo-512x512.jpg 512w\" sizes=\"auto, (max-width: 150px) 100vw, 150px\" \/><\/a><a href=\"http:\/\/rrc-schliersee.de\/wordpress\/wp-content\/uploads\/2017\/11\/RRC-Schliersee_2D_barcode.gif\"><img loading=\"lazy\" decoding=\"async\" class=\"alignright wp-image-3648 size-thumbnail\" src=\"https:\/\/rrc-schliersee.com\/wordpress\/wp-content\/uploads\/2017\/11\/RRC-Schliersee_2D_barcode-150x150.gif\" alt=\"\" width=\"150\" height=\"150\"><\/a><\/p>\n<h4>Angaben gem\u00e4\u00df \u00a7 5 TMG:<\/h4>\n<p>Renn-Rodel-Club Schliersee e.V.<br \/>\nKarl-Haider-Str. 18f<br \/>\n83727 Schliersee<\/p>\n<h2>Vertreten durch:<\/h2>\n<p>Hermann M\u00fcller jun.<\/p>\n<h2>Kontakt:<\/h2>\n<p>Tel. 08026 \u2013 6199<\/p>\n<p>&nbsp;E-Mail&nbsp; <a href=\"http:\/\/rrc-schliersee.de\/wordpress\/wp-content\/uploads\/2012\/10\/email.jpg\"><img loading=\"lazy\" decoding=\"async\" class=\"alignnone wp-image-267 size-full\" src=\"http:\/\/rrc-schliersee.de\/wordpress\/wp-content\/uploads\/2012\/10\/email.jpg\" alt=\"eMail\" width=\"172\" height=\"28\"><\/a><\/p>\n<p>&nbsp;<\/p>\n<h2>Registereintrag:<\/h2>\n<p>Die K\u00f6rperschaft Renn-Rodel-Club Schliersee e.V. ist laut dem letzten Freistellungsbescheid vom <strong>15.01.2024<\/strong> <strong>( gepr\u00fcfte Kalenderjahre 2020 bis 2022)<\/strong> nach \u00a7 5 Abs. l Nr. 9 KStG von der K\u00f6rperschaftsteuer und nach \u00a7 3 Nr. 6 GewStG von der Gewerbesteuer befreit, weil sie ausschlie\u00dflich und unmittelbar steuerbeg\u00fcnstigten gemeinn\u00fctzigen Zwecken im Sinne der \u00a7\u00a7 51 ff. AO dient.<\/p>\n<p><strong>Hinweise zur Steuerbeg\u00fcnstigung<\/strong><br \/>\nDie K\u00f6rperschaft f\u00f6rdert folgende gemeinn\u00fctzige Zwecke:<br \/>\n&#8211; F\u00f6rderung des Sports<\/p>\n<p>Die Satzungszwecke entsprechen \u00a7 52 Abs. 2 Satz l Nr. 21 AO.<\/p>\n<p><strong>Hinweise zur Ausstellung von Zuwendungsbest\u00e4tigungen<\/strong><br \/>\nZuwendungsbest\u00e4tlgungen f\u00fcr Spenden:<br \/>\nDie K\u00f6rperschaft ist berechtigt f\u00fcr Spenden, die ihr zur Verwendung f\u00fcr diese Zwecke zugewendet<br \/>\nwerden, Zuwendungsbest\u00e4tigungen nach amtlich vorgeschriebenem Vordruck (\u00a7 50 Abs. l EStDV)<br \/>\nauszustellen.<br \/>\nDie amtlichen Muster f\u00fcr die Ausstellung steuerlicher Zuwendungsbest\u00e4tigungen stehen im Internet<br \/>\nunter https:\/\/www.formulare-bfinv.de als ausf\u00fcllbare Formulare zur Verf\u00fcgung.<\/p>\n<p><strong>Zuwendungsbest\u00e4tlgungen f\u00fcr Mitgliedsbeitr\u00e4ge:<\/strong><br \/>\nDie K\u00f6rperschaft ist nicht berechtigt, f\u00fcr Mitgliedsbeltr\u00e4ge Zuwendungsbest\u00e4tlgungen nach amtlich<br \/>\nvorgeschriebenem Vordruck (\u00a7 50 Abs. l EStDV) auszustellen, weil Zwecke im Sinne des \u00a7 lOb Abs. l<br \/>\nSatz 8 EStG gef\u00f6rdert werden.<br \/>\nZuwendungsbest\u00e4tigungen f\u00fcr Spenden und ggfs. Mitgliedsbeitrage d\u00fcrfen nur ausgestellt werden,<br \/>\nwenn das Datum des Freistellungsbescheides nicht l\u00e4nger als f\u00fcnf Jahre zur\u00fcckliegt. Die Frist ist<br \/>\ntaggenau zu berechnen (\u00a7 63 Abs. 5 AO).<\/p>\n<ul style=\"list-style-type: square;\">\n<li>Steuernummer: <strong>139 110 401 52<\/strong> &#8211; Finanzamt Miesbach<\/li>\n<li>Umsatzsteuer-Identifikationsnummer: <strong>DE322010076<\/strong> vom 16.02.2019<\/li>\n<\/ul>\n<p>Eintragung im Vereinsregister.<br \/>\nRegistergericht: Amtsgericht M\u00fcnchen<br \/>\nRegisternummer: VR 60120<br \/>\nRenn-Rodel-Club Schliersee e.V.,<\/p>\n<h2>Verantwortlich f\u00fcr den Inhalt nach \u00a7 55 Abs. 2 RStV:<\/h2>\n<p>Anton Arnold Berger<br \/>\nSchatzelweg 15a<br \/>\n83727 Schliersee<\/p>\n<h2>Web Domains:<\/h2>\n<p>Der Renn-Rodel-Club Schliersee e.V. hat die Rechte an den Domains rrc-schliersee.de, rrc-schliersee.com und rrc-schliersee.eu<\/p>\n<h2><strong>Bankverbindung:<\/strong><\/h2>\n<p>bitte kontaktieren Sie uns, wenn Sie unsere Bankverbindung ben\u00f6tigen.<\/p>\n<p>Quelle: <em><a href=\"https:\/\/www.e-recht24.de\">https:\/\/www.e-recht24.de<\/a><\/em><\/p>\n<hr>\n<h1>Haftungsausschluss (Disclaimer)<\/h1>\n<h2>Haftung f\u00fcr Inhalte<\/h2>\n<p>Als Diensteanbieter sind wir gem\u00e4\u00df \u00a7 7 Abs.1 TMG f\u00fcr eigene Inhalte auf diesen Seiten nach den allgemeinen Gesetzen verantwortlich. Nach \u00a7\u00a7 8 bis 10 TMG sind wir als Diensteanbieter jedoch nicht verpflichtet, \u00fcbermittelte oder gespeicherte fremde Informationen zu \u00fcberwachen oder nach Umst\u00e4nden zu forschen, die auf eine rechtswidrige T\u00e4tigkeit hinweisen.<\/p>\n<p>Verpflichtungen zur Entfernung oder Sperrung der Nutzung von Informationen nach den allgemeinen Gesetzen bleiben hiervon unber\u00fchrt. Eine diesbez\u00fcgliche Haftung ist jedoch erst ab dem Zeitpunkt der Kenntnis einer konkreten Rechtsverletzung m\u00f6glich. Bei Bekanntwerden von entsprechenden Rechtsverletzungen werden wir diese Inhalte umgehend entfernen.<\/p>\n<h2>Haftung f\u00fcr Links<\/h2>\n<p>Unser Angebot enth\u00e4lt Links zu externen Webseiten Dritter, auf deren Inhalte wir keinen Einfluss haben. Deshalb k\u00f6nnen wir f\u00fcr diese fremden Inhalte auch keine Gew\u00e4hr \u00fcbernehmen. F\u00fcr die Inhalte der verlinkten Seiten ist stets der jeweilige Anbieter oder Betreiber der Seiten verantwortlich. Die verlinkten Seiten wurden zum Zeitpunkt der Verlinkung auf m\u00f6gliche Rechtsverst\u00f6\u00dfe \u00fcberpr\u00fcft. Rechtswidrige Inhalte waren zum Zeitpunkt der Verlinkung nicht erkennbar.<\/p>\n<p>Eine permanente inhaltliche Kontrolle der verlinkten Seiten ist jedoch ohne konkrete Anhaltspunkte einer Rechtsverletzung nicht zumutbar. Bei Bekanntwerden von Rechtsverletzungen werden wir derartige Links umgehend entfernen.<\/p>\n<h2>Urheberrecht<\/h2>\n<p>Die durch die Seitenbetreiber erstellten Inhalte und Werke auf diesen Seiten unterliegen dem deutschen Urheberrecht. Die Vervielf\u00e4ltigung, Bearbeitung, Verbreitung und jede Art der Verwertung au\u00dferhalb der Grenzen des Urheberrechtes bed\u00fcrfen der schriftlichen Zustimmung des jeweiligen Autors bzw. Erstellers. Downloads und Kopien dieser Seite sind nur f\u00fcr den privaten, nicht kommerziellen Gebrauch gestattet.<\/p>\n<p>Soweit die Inhalte auf dieser Seite nicht vom Betreiber erstellt wurden, werden die Urheberrechte Dritter beachtet. Insbesondere werden Inhalte Dritter als solche gekennzeichnet. Sollten Sie trotzdem auf eine Urheberrechtsverletzung aufmerksam werden, bitten wir um einen entsprechenden Hinweis. Bei Bekanntwerden von Rechtsverletzungen werden wir derartige Inhalte umgehend entfernen.<\/p>\n<hr>\n<p><a href=\"http:\/\/rrc-schliersee.de\/wordpress\/?page_id=4192\">Datenschutzerkl\u00e4rung <\/a><a href=\"http:\/\/rrc-schliersee.de\/wordpress\/?page_id=4192\">lesen &#8230;<\/a><\/p>\n<h2>&nbsp;<\/h2>\n<p>&nbsp;<\/p>\n","protected":false},"excerpt":{"rendered":"<p>Impressum Stand 18. Januar 2024 Angaben gem\u00e4\u00df \u00a7 5 TMG: Renn-Rodel-Club Schliersee e.V. Karl-Haider-Str. 18f 83727 Schliersee Vertreten durch: Hermann M\u00fcller jun. Kontakt: Tel. 08026 \u2013 6199 &nbsp;E-Mail&nbsp; &nbsp; Registereintrag: Die K\u00f6rperschaft Renn-Rodel-Club Schliersee e.V. ist laut dem letzten Freistellungsbescheid vom 15.01.2024 ( gepr\u00fcfte Kalenderjahre 2020 bis 2022) nach \u00a7 5 Abs. l Nr. 9 KStG von der K\u00f6rperschaftsteuer und nach \u00a7 3 Nr. 6 GewStG von der Gewerbesteuer befreit,&hellip;<\/p>\n","protected":false},"author":3,"featured_media":0,"parent":0,"menu_order":12,"comment_status":"closed","ping_status":"closed","template":"","meta":{"ngg_post_thumbnail":0,"footnotes":""},"class_list":["post-2630","page","type-page","status-publish","hentry"],"_links":{"self":[{"href":"https:\/\/rrc-schliersee.com\/wordpress\/wp-json\/wp\/v2\/pages\/2630","targetHints":{"allow":["GET"]}}],"collection":[{"href":"https:\/\/rrc-schliersee.com\/wordpress\/wp-json\/wp\/v2\/pages"}],"about":[{"href":"https:\/\/rrc-schliersee.com\/wordpress\/wp-json\/wp\/v2\/types\/page"}],"author":[{"embeddable":true,"href":"https:\/\/rrc-schliersee.com\/wordpress\/wp-json\/wp\/v2\/users\/3"}],"replies":[{"embeddable":true,"href":"https:\/\/rrc-schliersee.com\/wordpress\/wp-json\/wp\/v2\/comments?post=2630"}],"version-history":[{"count":20,"href":"https:\/\/rrc-schliersee.com\/wordpress\/wp-json\/wp\/v2\/pages\/2630\/revisions"}],"predecessor-version":[{"id":6464,"href":"https:\/\/rrc-schliersee.com\/wordpress\/wp-json\/wp\/v2\/pages\/2630\/revisions\/6464"}],"wp:attachment":[{"href":"https:\/\/rrc-schliersee.com\/wordpress\/wp-json\/wp\/v2\/media?parent=2630"}],"curies":[{"name":"wp","href":"https:\/\/api.w.org\/{rel}","templated":true}]}}