{"id":3383,"date":"2018-10-24T06:00:51","date_gmt":"2018-10-24T05:00:51","guid":{"rendered":"http:\/\/rrc-schliersee.de\/wordpress\/?page_id=3383"},"modified":"2024-01-18T13:57:11","modified_gmt":"2024-01-18T12:57:11","slug":"papierkram-formulare","status":"publish","type":"page","link":"https:\/\/rrc-schliersee.com\/wordpress\/papierkram-formulare\/","title":{"rendered":"Papierkram, Formulare"},"content":{"rendered":"<h1>Allgemein<\/h1>\n<h3><strong>Aufnahmeantrag f\u00fcr Neumitglieder<\/strong><\/h3>\n<p><a href=\"http:\/\/rrc-schliersee.de\/wordpress\/wp-content\/uploads\/2017\/11\/Aufnahmeantrag-RRC-Schliersee-eV-NAME-.pdf\">Aufnahmeantrag RRC Schliersee eV NAME .pdf<\/a> +++<\/p>\n<p><a href=\"http:\/\/rrc-schliersee.de\/wordpress\/wp-content\/uploads\/2018\/04\/Datenschutzerklaerung-Mitglieder-RRC-Schliersee-2018.pdf\" rel=\"noopener\">Datenschutzerklaerung Mitglieder RRC Schliersee 2018.pdf<\/a>&nbsp; +++&nbsp;<\/p>\n<p><span style=\"text-decoration: underline;\">Beide<\/span> Antr\u00e4ge herunterladen, ausf\u00fcllen und zur\u00fcck an den Vorstand.<br \/>\nNach Genehmigung der Mitgliedschaft kann es losgehen mit dem Rodeln.<\/p>\n<p>&nbsp;<\/p>\n<h3><strong>Unsere Geb\u00fchren<\/strong>. Das liebe Geld, denn was nix kost\u2018, is auch nix wert.<\/h3>\n<p><a href=\"https:\/\/rrc-schliersee.com\/wordpress\/wp-content\/uploads\/RRC-Gebuehren-2022-10-28.pdf\">RRC Geb\u00fchren 2022-10-28.pdf<\/a>&nbsp;(g\u00fcltig ab 28.10.2022)&nbsp; +++<\/p>\n<p>Mehr Informationen zur Mitgliedschaft, zu Vereinsbeitr\u00e4gen, Leihgeb\u00fchren usw. lesen Sie <a title=\"RRC Schliersee e.V.\" href=\"http:\/\/rrc-schliersee.de\/wordpress\/?page_id=379#Mitglied\">hier\u2026<\/a><\/p>\n<p>&nbsp;<\/p>\n<h3>Vereinfachter Spendennachweis f\u00fcr Spenden bis zu 200 EUR<strong><br \/>\n<\/strong><\/h3>\n<p><a href=\"https:\/\/rrc-schliersee.com\/wordpress\/wp-content\/uploads\/RRC-Schliersee-eV-Vereinfachter-Spendennachweis-2024-01-18.pdf\" target=\"_blank\" rel=\"noopener\">RRC-Schliersee-eV-Vereinfachter-Spendennachweis-2024-01-18.pdf<\/a><\/p>\n<p>Bei Spenden bis 200 \u20ac dient dieser Beleg in Verbindung mit Ihrem<br \/>\nKontoauszug als Zuwendungsbest\u00e4tigung (Spendenquittung) zur Vorlage<br \/>\nbei Ihrem Finanzamt.<\/p>\n<p>&nbsp;<\/p>\n<h3>Spendennachweis f\u00fcr Spenden \u00fcber 200 EUR<\/h3>\n<p>Bei Spenden \u00fcber 200 EUR bekommen Sie von uns einen Spendennachweis (Best\u00e4tigung \u00fcber Geldzuwendungen) entsprechend den Empfehlungen des Bundesfinanzministeriums f\u00fcr gemeinn\u00fctzige Vereine.<\/p>\n<p>&nbsp;<\/p>\n<p>&nbsp;<\/p>\n<hr>\n<h1>Verein intern<\/h1>\n<p><strong>Abrechnungsformblatt f\u00fcr die \u00dcbungsleiter<\/strong><br \/>\nAusf\u00fcllen und per E-Mail einreichen. Ausdrucken, unterschreiben und nachreichen.<br \/>\nUnd schon gibt&#8217;s das Geld zur\u00fcck.<\/p>\n<p><a href=\"http:\/\/rrc-schliersee.de\/wordpress\/wp-content\/uploads\/2017\/10\/Eigenbeleg-Formular-RRC-Schliersee-eV-NAME-.pdf\">Eigenbeleg-Formular RRC Schliersee eV NAME.pdf<\/a>+++<\/p>\n<p>&nbsp;<\/p>\n<p>&nbsp;<\/p>\n<p>&nbsp;<\/p>\n","protected":false},"excerpt":{"rendered":"<p>Allgemein Aufnahmeantrag f\u00fcr Neumitglieder Aufnahmeantrag RRC Schliersee eV NAME .pdf +++ Datenschutzerklaerung Mitglieder RRC Schliersee 2018.pdf&nbsp; +++&nbsp; Beide Antr\u00e4ge herunterladen, ausf\u00fcllen und zur\u00fcck an den Vorstand. Nach Genehmigung der Mitgliedschaft kann es losgehen mit dem Rodeln. &nbsp; Unsere Geb\u00fchren. Das liebe Geld, denn was nix kost\u2018, is auch nix wert. RRC Geb\u00fchren 2022-10-28.pdf&nbsp;(g\u00fcltig ab 28.10.2022)&nbsp; +++ Mehr Informationen zur Mitgliedschaft, zu Vereinsbeitr\u00e4gen, Leihgeb\u00fchren usw. lesen Sie hier\u2026 &nbsp; Vereinfachter Spendennachweis&hellip;<\/p>\n","protected":false},"author":3,"featured_media":0,"parent":0,"menu_order":12,"comment_status":"closed","ping_status":"closed","template":"","meta":{"ngg_post_thumbnail":0,"footnotes":""},"class_list":["post-3383","page","type-page","status-publish","hentry"],"_links":{"self":[{"href":"https:\/\/rrc-schliersee.com\/wordpress\/wp-json\/wp\/v2\/pages\/3383","targetHints":{"allow":["GET"]}}],"collection":[{"href":"https:\/\/rrc-schliersee.com\/wordpress\/wp-json\/wp\/v2\/pages"}],"about":[{"href":"https:\/\/rrc-schliersee.com\/wordpress\/wp-json\/wp\/v2\/types\/page"}],"author":[{"embeddable":true,"href":"https:\/\/rrc-schliersee.com\/wordpress\/wp-json\/wp\/v2\/users\/3"}],"replies":[{"embeddable":true,"href":"https:\/\/rrc-schliersee.com\/wordpress\/wp-json\/wp\/v2\/comments?post=3383"}],"version-history":[{"count":24,"href":"https:\/\/rrc-schliersee.com\/wordpress\/wp-json\/wp\/v2\/pages\/3383\/revisions"}],"predecessor-version":[{"id":4572,"href":"https:\/\/rrc-schliersee.com\/wordpress\/wp-json\/wp\/v2\/pages\/3383\/revisions\/4572"}],"wp:attachment":[{"href":"https:\/\/rrc-schliersee.com\/wordpress\/wp-json\/wp\/v2\/media?parent=3383"}],"curies":[{"name":"wp","href":"https:\/\/api.w.org\/{rel}","templated":true}]}}