{"id":3453,"date":"2017-12-22T06:00:50","date_gmt":"2017-12-22T05:00:50","guid":{"rendered":"http:\/\/rrc-schliersee.de\/wordpress\/?page_id=3453"},"modified":"2021-02-11T11:03:38","modified_gmt":"2021-02-11T10:03:38","slug":"sponsor-oder-mitglied-werden","status":"publish","type":"page","link":"https:\/\/rrc-schliersee.com\/wordpress\/unsere-sponsoren\/sponsor-oder-mitglied-werden\/","title":{"rendered":"Sponsor werden"},"content":{"rendered":"<p>Jeder Verein ben\u00f6tigt neben seinen Einnahmen aus den Mitgliedsbeitr\u00e4gen zus\u00e4tzliche Mittel, um die anfallenden Ausgaben bestreiten zu k\u00f6nnen.<br \/>\nHelfen auch Sie mit, dass unser Verein weiterhin aktiv bleiben kann.<\/p>\n<h3><strong>Unterst\u00fctzen Sie uns als Sponsor oder werden Sie aktives oder passives Mitglied.<\/strong><\/h3>\n<p><a href=\"http:\/\/rrc-schliersee.de\/wordpress\/?page_id=59\">Kontaktieren<\/a> Sie uns doch bitte, alles Weitere besprechen wir dann.<\/p>\n<p><a href=\"http:\/\/rrc-schliersee.de\/wordpress\/wp-content\/uploads\/2017\/10\/44805156-Sponsor-icon-Lizenzfreie-Bilder-1.jpg\"><img loading=\"lazy\" decoding=\"async\" class=\"alignnone wp-image-3326 size-full\" src=\"http:\/\/rrc-schliersee.de\/wordpress\/wp-content\/uploads\/2017\/10\/44805156-Sponsor-icon-Lizenzfreie-Bilder-1.jpg\" alt=\"\" width=\"150\" height=\"150\"><\/a><\/p>\n<div class='polaroid-gallery galleryid-3453' style='width:680px;'>\n\t\t\t<a href=\"https:\/\/rrc-schliersee.com\/wordpress\/wp-content\/uploads\/2017\/11\/MB-RC-2_002.jpg\" title=\"MB-RC 2_002\" rel=\"polaroid_106640416\" class=\"polaroid-gallery-item\"><span class=\"polaroid-gallery-image\" title=\"\" style=\"background-image: url(https:\/\/rrc-schliersee.com\/wordpress\/wp-content\/uploads\/2017\/11\/MB-RC-2_002-150x150.jpg); width: 150px; height: 150px;\"><\/span><\/a>\n\t\t\t<a href=\"https:\/\/rrc-schliersee.com\/wordpress\/wp-content\/uploads\/2017\/11\/RRC-Schliersee-Bus-MB-RC-2.jpg\" title=\"RRC Schliersee Bus MB-RC 2\" rel=\"polaroid_106640416\" class=\"polaroid-gallery-item\"><span class=\"polaroid-gallery-image\" title=\"\" style=\"background-image: url(https:\/\/rrc-schliersee.com\/wordpress\/wp-content\/uploads\/2017\/11\/RRC-Schliersee-Bus-MB-RC-2-150x150.jpg); width: 150px; height: 150px;\"><\/span><\/a>\n\t\t\t<a href=\"https:\/\/rrc-schliersee.com\/wordpress\/wp-content\/uploads\/2017\/11\/RRC-Schliersee-die-Mannschaft-2017-11-25.jpg\" title=\"RRC Schliersee die Mannschaft 2017-11-25\" rel=\"polaroid_106640416\" class=\"polaroid-gallery-item\"><span class=\"polaroid-gallery-image\" title=\"\" style=\"background-image: url(https:\/\/rrc-schliersee.com\/wordpress\/wp-content\/uploads\/2017\/11\/RRC-Schliersee-die-Mannschaft-2017-11-25-150x150.jpg); width: 150px; height: 150px;\"><\/span><\/a>\n\t\t\t<a href=\"https:\/\/rrc-schliersee.com\/wordpress\/wp-content\/uploads\/2017\/11\/Buswerbung-Refo-Tech.jpg\" title=\"Buswerbung Refo Tech\" rel=\"polaroid_106640416\" class=\"polaroid-gallery-item\"><span class=\"polaroid-gallery-image\" title=\"\" style=\"background-image: url(https:\/\/rrc-schliersee.com\/wordpress\/wp-content\/uploads\/2017\/11\/Buswerbung-Refo-Tech-150x150.jpg); width: 150px; height: 150px;\"><\/span><\/a>\n\t\t\t<br style=\"clear: both;\" \/><\/div>\n\n<hr>\n<h3><strong>Vereinfachter Spendennachweis<\/strong><\/h3>\n<p>Bei Spenden bis 200 \u20ac dient dieser Beleg in Verbindung mit Ihrem Kontoauszug als Zuwendungsbest\u00e4tigung (Spendenquittung) zur Vorlage bei Ihrem Finanzamt. Den vereinfachten&nbsp; <a href=\"http:\/\/rrc-schliersee.de\/wordpress\/?page_id=3383\">Spendennachweis hier herunterladen<\/a> (PDF).<\/p>\n<p>&nbsp;<\/p>\n<h3>Spendennachweis f\u00fcr Spenden \u00fcber 200 EUR<\/h3>\n<p>Bei Spenden \u00fcber 200 EUR bekommen Sie von uns einen Spendennachweis (Best\u00e4tigung \u00fcber Geldzuwendungen) entsprechend den Empfehlungen des Bundesfinanzministeriums f\u00fcr gemeinn\u00fctzige Vereine. <a href=\"http:\/\/rrc-schliersee.de\/wordpress\/?page_id=59\">Kontaktieren Sie uns bitte.<\/a><\/p>\n<hr>\n<h3><strong>Wollen Sie Mitglied im RRC Schliersee werden?<\/strong><\/h3>\n<p>Mehr Informationen zur Mitgliedschaft, zu Vereinsbeitr\u00e4gen, Leihgeb\u00fchren usw. lesen Sie <a href=\"http:\/\/rrc-schliersee.de\/wordpress\/?page_id=3892\">hier &#8230;<\/a><\/p>\n","protected":false},"excerpt":{"rendered":"<p>Jeder Verein ben\u00f6tigt neben seinen Einnahmen aus den Mitgliedsbeitr\u00e4gen zus\u00e4tzliche Mittel, um die anfallenden Ausgaben bestreiten zu k\u00f6nnen. Helfen auch Sie mit, dass unser Verein weiterhin aktiv bleiben kann. Unterst\u00fctzen Sie uns als Sponsor oder werden Sie aktives oder passives Mitglied. Kontaktieren Sie uns doch bitte, alles Weitere besprechen wir dann. Vereinfachter Spendennachweis Bei Spenden bis 200 \u20ac dient dieser Beleg in Verbindung mit Ihrem Kontoauszug als Zuwendungsbest\u00e4tigung (Spendenquittung) zur&hellip;<\/p>\n","protected":false},"author":3,"featured_media":0,"parent":63,"menu_order":10,"comment_status":"closed","ping_status":"closed","template":"","meta":{"ngg_post_thumbnail":0,"footnotes":""},"class_list":["post-3453","page","type-page","status-publish","hentry"],"_links":{"self":[{"href":"https:\/\/rrc-schliersee.com\/wordpress\/wp-json\/wp\/v2\/pages\/3453","targetHints":{"allow":["GET"]}}],"collection":[{"href":"https:\/\/rrc-schliersee.com\/wordpress\/wp-json\/wp\/v2\/pages"}],"about":[{"href":"https:\/\/rrc-schliersee.com\/wordpress\/wp-json\/wp\/v2\/types\/page"}],"author":[{"embeddable":true,"href":"https:\/\/rrc-schliersee.com\/wordpress\/wp-json\/wp\/v2\/users\/3"}],"replies":[{"embeddable":true,"href":"https:\/\/rrc-schliersee.com\/wordpress\/wp-json\/wp\/v2\/comments?post=3453"}],"version-history":[{"count":14,"href":"https:\/\/rrc-schliersee.com\/wordpress\/wp-json\/wp\/v2\/pages\/3453\/revisions"}],"predecessor-version":[{"id":5599,"href":"https:\/\/rrc-schliersee.com\/wordpress\/wp-json\/wp\/v2\/pages\/3453\/revisions\/5599"}],"up":[{"embeddable":true,"href":"https:\/\/rrc-schliersee.com\/wordpress\/wp-json\/wp\/v2\/pages\/63"}],"wp:attachment":[{"href":"https:\/\/rrc-schliersee.com\/wordpress\/wp-json\/wp\/v2\/media?parent=3453"}],"curies":[{"name":"wp","href":"https:\/\/api.w.org\/{rel}","templated":true}]}}