{"id":3499,"date":"2018-10-31T06:00:22","date_gmt":"2018-10-31T05:00:22","guid":{"rendered":"http:\/\/rrc-schliersee.de\/wordpress\/?page_id=3499"},"modified":"2023-10-24T15:50:35","modified_gmt":"2023-10-24T14:50:35","slug":"ergebnisse-2018","status":"publish","type":"page","link":"https:\/\/rrc-schliersee.com\/wordpress\/ergebnisse\/archiv-2022-2015\/ergebnisse-2018\/","title":{"rendered":"Ergebnisse 2018"},"content":{"rendered":"<div class=\"entry-content\">\n<h1>Die Rennergebnisse der Saison 2017 \/ 2018<\/h1>\n<p>1. Oktober 2017 bis 30.09.2018<\/p>\n<hr>\n<h2>Zusammenfassung<\/h2>\n<p>Aus dem Bericht zur Jahreshauptversammlung 2018<\/p>\n<table style=\"width: 71%; border-collapse: collapse;\" border=\"0\">\n<tbody>\n<tr>\n<td style=\"width: 258.217px; text-align: left; vertical-align: top;\">\n<h3>Bayerischer Jugendcup:<\/h3>\n<p>Isabella 3. Platz<br \/>\nSimon 5. Platz<br \/>\nAnnika 4. Platz<br \/>\nMarco 3. Platz<br \/>\nFlorent 6. Platz<br \/>\nPhilipp 6. Platz<br \/>\nDoppel 1. Platz<\/td>\n<td style=\"width: 258.217px; text-align: left; vertical-align: top;\">\n<h3>Bayerische Meisterschaft:<\/h3>\n<p>Niklas 2. Platz<br \/>\nMathias 3. Platz<br \/>\nAnnika 2. Platz<br \/>\nMarco 1. Platz<br \/>\nFlorent 4. Platz<br \/>\nIsabella 5.Platz<br \/>\nPhilipp 6. Platz<br \/>\nKilian 7. Platz<br \/>\nSimon 8. Platz<br \/>\nDoppel 1. Platz<\/td>\n<td style=\"width: 258.2px; text-align: left; vertical-align: top;\">\n<h3>WJC Igls:<\/h3>\n<p>Niklas 4. Platz<br \/>\nMathias 18. Platz<br \/>\nAnnika 15. Platz<br \/>\nMarco 12. Platz<br \/>\nFlorent 26. Platz<br \/>\nSimon 10. Platz<br \/>\nKilian 11. Platz<br \/>\nIsabella 3. Platz<br \/>\nPhilipp 1. Platz<\/td>\n<\/tr>\n<tr>\n<td style=\"width: 258.217px; text-align: left; vertical-align: top;\">\n<hr>\n<h3>Zwergerlcup:<\/h3>\n<p>Simon 3. Platz<br \/>\nKilian 4. Platz<br \/>\nPhilipp 5. Platz<br \/>\nIsabella 3. Platz<\/td>\n<td style=\"width: 258.217px; text-align: left; vertical-align: top;\">\n<hr>\n<h3>DJC Jugend B:<\/h3>\n<p>Annika 15. Platz<br \/>\nMarco 11. Platz<br \/>\nDoppel 2. Platz<\/td>\n<td style=\"width: 258.2px; text-align: left; vertical-align: top;\">\n<hr>\n<h3>BM Radlschlitten, Wiechs:<\/h3>\n<p>Marco 1. Platz<br \/>\nNiklas 2. Platz<br \/>\nIsabella 2. Platz<br \/>\nSimon 5. Platz<br \/>\nFlorent 4. Platz<br \/>\nMathias 3. Platz<\/td>\n<\/tr>\n<tr>\n<td style=\"width: 258.217px; text-align: left; vertical-align: top;\">\n<hr>\n<h3>DM Jug A<\/h3>\n<p>Niklas 4. Platz<br \/>\nMathias 7. Platz<\/td>\n<td style=\"width: 258.217px; text-align: left; vertical-align: top;\">\n<hr>\n<h3>DM Jug B<\/h3>\n<p>Annika 17. Platz<br \/>\nMarco 11. Platz<br \/>\nDoppel 3. Platz<\/td>\n<td style=\"width: 258.2px; text-align: left; vertical-align: top;\">\n<hr>\n<h3>DM Jug C<\/h3>\n<p>Florent 25. Platz<\/td>\n<\/tr>\n<\/tbody>\n<\/table>\n<p>&nbsp;<\/p>\n<hr>\n<h2 id=\":1on\" class=\"hP\" tabindex=\"-1\" data-thread-perm-id=\"161be0ea30e0d06c\">Welt-Jugend-Challenge Innsbruck<\/h2>\n<p><em>&#8222;&#8230; zum Saisonfinale in Innsbruck abger\u00e4umt&#8230;&#8220;<\/em><\/p>\n<p>\u00dcber 4 Tage fand in Innsbruck\/Igls die Welt-Jugend-Challenge f\u00fcr die Jugend A-E statt. F\u00fcr die kleinen RRC-Rodler war die Bahn v\u00f6llig neu. Trotzdem stellten sich alle der riesigen Konkurrenz von 250 Teilnehmern aus 7 Nationen mit sehr konstanten Leistungen.<\/p>\n<p>Umso stolzer rodelten Philipp Kn\u00f6bl (Jug E) auf den 1. &nbsp;und Isabella Lucht (E) auf den 3. Platz.<\/p>\n<p>Niklas Fricke (Jug A) verbesserte sich im 2. Lauf vom 7. auf den 4. Rang.<\/p>\n<p>Die angestrebten Top 15 wurden von Simon Greipl (Jug D), Kilian Pangerl (D) und Marco Leger (B) mit den Pl\u00e4tzen 10,11 und 12 mehr als erf\u00fcllt.<\/p>\n<p>Annika Krause (Jug B) zeigte starken Willen und Sportsgeist: nach dem Sturz im 2. Lauf des Doppel-Rennens (mit Magdalena Matschina, SV Bad Feilnbach) und einem Abstecher ins Krankenhaus ging sie verletzt an den Einzelstart und sicherte sich Platz 15.&nbsp; Schade, im Doppel standen sie im 1. Lauf auf Rang 4 mit Tendenz nach vorn.<\/p>\n<p>Mathias Gro\u00df (Jug A) und Florent Avdijaj (C) gingen leider leer aus. Beide konnten sich f\u00fcr den 2. Lauf nicht qualifizieren.<\/p>\n<p>Hermann M\u00fcller: \u201eNach dem durch die Olympischen Spiele kurzen und intensiven Winter haben sich alle eine Pause wohl verdient, obwohl die meisten traurig sind, da\u00df es vorbei ist. Ich bin sehr stolz auf meine Bande!! Besonders die Leistung in Igls sind \u00e4u\u00dferst lobenswert. So viele Teilnehmer waren es noch nie und die einzelnen Gruppen umfa\u00dften teils mehr als 30 Starter. Ich danke allen f\u00fcr die Unterst\u00fctzung und Mithilfe, besonders meinen Co-Trainern und den Eltern.\u201c<\/p>\n<p><a href=\"http:\/\/rrc-schliersee.de\/wordpress\/wp-content\/uploads\/2018\/02\/WJC-Innsbruck-2018.jpg\"><img loading=\"lazy\" decoding=\"async\" class=\"alignnone size-full wp-image-4204\" src=\"http:\/\/rrc-schliersee.de\/wordpress\/wp-content\/uploads\/2018\/02\/WJC-Innsbruck-2018.jpg\" alt=\"\" width=\"1500\" height=\"1000\" srcset=\"https:\/\/rrc-schliersee.com\/wordpress\/wp-content\/uploads\/2018\/02\/WJC-Innsbruck-2018.jpg 1500w, https:\/\/rrc-schliersee.com\/wordpress\/wp-content\/uploads\/2018\/02\/WJC-Innsbruck-2018-300x200.jpg 300w, https:\/\/rrc-schliersee.com\/wordpress\/wp-content\/uploads\/2018\/02\/WJC-Innsbruck-2018-1024x683.jpg 1024w, https:\/\/rrc-schliersee.com\/wordpress\/wp-content\/uploads\/2018\/02\/WJC-Innsbruck-2018-768x512.jpg 768w\" sizes=\"auto, (max-width: 1500px) 100vw, 1500px\" \/><\/a><\/p>\n<p>Foto WJC Innsbruck 2018<br \/>\noben von links&nbsp;&nbsp;&nbsp;&nbsp;&nbsp;&nbsp;&nbsp; Kilian, Philipp, Isabella, Simon<br \/>\nunten von links&nbsp;&nbsp;&nbsp;&nbsp; Hermann, Marco, Mathias, Niklas, Korbinian, Florent<\/p>\n<p><a href=\"rrc-schliersee.de\/wordpress\/wp-content\/uploads\/2018\/02\/WJCH_Rennen_17.02.18.pdf\" target=\"_blank\" rel=\"noopener noreferrer\"><img loading=\"lazy\" decoding=\"async\" class=\"alignnone\" src=\"http:\/\/rrc-schliersee.de\/wordpress\/wp-content\/uploads\/2012\/10\/Icon_PDF.gif\" alt=\"\" width=\"46\" height=\"48\"><\/a><a href=\"http:\/\/rrc-schliersee.de\/wordpress\/wp-content\/uploads\/2018\/02\/WJCH_Rennen_17.02.18.pdf\">&nbsp;WJCH_Rennen_17.02.18.pdf<\/a><\/p>\n<p><a href=\"http:\/\/rrc-schliersee.de\/wordpress\/wp-content\/uploads\/2018\/02\/WJCH_RE_Jgd._C_18.20.18.pdf\" target=\"_blank\" rel=\"noopener noreferrer\"><img loading=\"lazy\" decoding=\"async\" class=\"alignnone\" src=\"http:\/\/rrc-schliersee.de\/wordpress\/wp-content\/uploads\/2012\/10\/Icon_PDF.gif\" alt=\"\" width=\"46\" height=\"48\">WJCH_RE_Jgd._C_18.20.18.pdf<\/a><\/p>\n<p><a href=\"http:\/\/rrc-schliersee.de\/wordpress\/wp-content\/uploads\/2018\/02\/WJCH_RE_Jgd._B_undDoppel_A_18.02.18.pdf\"><img loading=\"lazy\" decoding=\"async\" class=\"alignnone\" src=\"http:\/\/rrc-schliersee.de\/wordpress\/wp-content\/uploads\/2012\/10\/Icon_PDF.gif\" alt=\"\" width=\"46\" height=\"48\">WJCH_RE_Jgd._B_undDoppel_A_18.02.18.pdf<\/a><\/p>\n<p><a href=\"http:\/\/rrc-schliersee.de\/wordpress\/wp-content\/uploads\/2018\/02\/WJCH_RE__Jgd._E_D_und_Doppel_B_17.02.18_17.02.18.pdf\" target=\"_blank\" rel=\"noopener noreferrer\"><img loading=\"lazy\" decoding=\"async\" class=\"alignnone\" src=\"http:\/\/rrc-schliersee.de\/wordpress\/wp-content\/uploads\/2012\/10\/Icon_PDF.gif\" alt=\"\" width=\"46\" height=\"48\">WJCH_RE__Jgd._E_D_und_Doppel_B_17.02.18_17.02.18.pdf<\/a><\/p>\n<p><a href=\"http:\/\/rrc-schliersee.de\/wordpress\/wp-content\/uploads\/2018\/02\/WJCH_RE_Jgd._A_18.02.18.pdf\" target=\"_blank\" rel=\"noopener noreferrer\"><img loading=\"lazy\" decoding=\"async\" class=\"alignnone\" src=\"http:\/\/rrc-schliersee.de\/wordpress\/wp-content\/uploads\/2012\/10\/Icon_PDF.gif\" alt=\"\" width=\"46\" height=\"48\">WJCH_RE_Jgd._A_18.02.18.pdf<\/a><\/p>\n<p>Bilder von der Veranstaltung finden Sie h<a href=\"http:\/\/rrc-schliersee.de\/wordpress\/?page_id=3489\">ier&#8230;<\/a><\/p>\n<hr>\n<h2 class=\"m_-2397955809092491189MsoPlainText\"><strong>Deutsche Meisterschaft der Jugend A<br \/>\n<\/strong><\/h2>\n<p class=\"m_-2397955809092491189MsoPlainText\">Die Deutsche Meisterschaft der Jugend A fand in K\u00f6nigssee statt.<br \/>\n<strong>Niklas Fricke<\/strong> nutzte seinen Heimvorteil und wurde 4. bester Deutscher.<br \/>\n<strong>Mathias Gro\u00df<\/strong> rodelte auf Platz 7.<br \/>\n<strong>Niklas Fricke<\/strong> zeigt sich selbst nicht ganz zufrieden: \u201eIch wei\u00df, woran ich im Sommer arbeiten muss\u201c.<\/p>\n<p>&nbsp;<\/p>\n<hr>\n<h2 class=\"m_-2397955809092491189MsoPlainText\">D<strong>eutscher Jugend-Cup der Jugend C<\/strong><\/h2>\n<p class=\"m_-2397955809092491189MsoPlainText\">in Oberhof \u00fcberzeugte das Doppel <strong>Annika Krause<\/strong> (RRC)\/<strong>Magdalena Matschina<\/strong> (SV Bad Feilnbach) wieder mit einem bronzenen Podest-Platz , nachdem <strong>Annika<\/strong> in der Einzelwertung den 15. Rang belegte.<br \/>\n<strong>Marco Leger<\/strong> erreichte wieder als schnellster Bayer den sehr guten 11. Platz.<\/p>\n<p>&nbsp;<\/p>\n<hr>\n<h2>Deutsche Meisterschaft der Jugend C in Altenberg<\/h2>\n<p class=\"m_-2397955809092491189MsoPlainText\">Bei der deutschen Meisterschaft der Jugend C in Altenberg stellte sich <strong>Florent Avdijaj<\/strong> der Konkurrenz, leider hielten die Nerven nicht und er schaffte Rang 25.<\/p>\n<p>&nbsp;<\/p>\n<hr>\n<\/div>\n<h2>Zwergerlcup2018 in K\u00f6nigssee<\/h2>\n<div class=\"entry-content\">\n<p class=\"m_-2397955809092491189MsoPlainText\">Zur\u00fcck am K\u00f6nigssee fuhren die Jahrg\u00e4nge 2009 und j\u00fcnger den Zwergerlcup aus.<br \/>\nAuf den jeweils 3. Platz sausten <strong>Isabella Lucht<\/strong> und <strong>Simon Greipl<\/strong>, dicht gefolgt von <strong>Kilian Pangerl<\/strong> (4.) und <strong>Philipp Kn\u00f6bl<\/strong> (5.).<br \/>\nDie zwei \u201eSchnupperer\u201c \u00fcber die SAG <strong>Felix und Fabia Fischer<\/strong> sicherten sich in der Kreiselklasse Rang 6 und 8.<\/p>\n<p class=\"alignnone\"><a href=\"http:\/\/rrc-schliersee.de\/wordpress\/wp-content\/uploads\/2018\/02\/Ergebnisliste-Zergerlcup-2018.pdf\" target=\"_blank\" rel=\"noopener noreferrer\"><img loading=\"lazy\" decoding=\"async\" class=\"alignnone\" src=\"http:\/\/rrc-schliersee.de\/wordpress\/wp-content\/uploads\/2012\/10\/Icon_PDF.gif\" alt=\"\" width=\"46\" height=\"48\"> Ergebnisliste Zwergerlcup 2018.pdf<\/a><\/p>\n<p class=\"m_-2397955809092491189MsoPlainText\"><a href=\"http:\/\/rrc-schliersee.de\/wordpress\/wp-content\/uploads\/2018\/02\/Zwergerl-Cup-2018-RRC-Schliersee.jpg\"><img loading=\"lazy\" decoding=\"async\" class=\"alignnone size-full wp-image-4177\" src=\"http:\/\/rrc-schliersee.de\/wordpress\/wp-content\/uploads\/2018\/02\/Zwergerl-Cup-2018-RRC-Schliersee.jpg\" sizes=\"auto, (max-width: 1500px) 100vw, 1500px\" srcset=\"http:\/\/rrc-schliersee.de\/wordpress\/wp-content\/uploads\/2018\/02\/Zwergerl-Cup-2018-RRC-Schliersee.jpg 1500w, http:\/\/rrc-schliersee.de\/wordpress\/wp-content\/uploads\/2018\/02\/Zwergerl-Cup-2018-RRC-Schliersee-300x200.jpg 300w, http:\/\/rrc-schliersee.de\/wordpress\/wp-content\/uploads\/2018\/02\/Zwergerl-Cup-2018-RRC-Schliersee-768x512.jpg 768w, http:\/\/rrc-schliersee.de\/wordpress\/wp-content\/uploads\/2018\/02\/Zwergerl-Cup-2018-RRC-Schliersee-1024x683.jpg 1024w\" alt=\"\" width=\"1500\" height=\"1000\"><\/a><\/p>\n<p>Foto Zwergerl-Cup 2018 von links: Fabia, Isabella, Simon, Philipp, Felix, Kilian<\/p>\n<hr>\n<\/div>\n<h2>Ergebnisliste der Deutschen Jugend B in Oberhof<\/h2>\n<p><a href=\"http:\/\/rrc-schliersee.de\/wordpress\/wp-content\/uploads\/2018\/02\/Ergebnisliste-DM-JugB-Oberhof-03.-04.02.2018.pdf\" target=\"_blank\" rel=\"noopener noreferrer\"><img loading=\"lazy\" decoding=\"async\" class=\"alignnone\" src=\"http:\/\/rrc-schliersee.de\/wordpress\/wp-content\/uploads\/2012\/10\/Icon_PDF.gif\" alt=\"\" width=\"46\" height=\"48\"><\/a><a href=\"http:\/\/rrc-schliersee.de\/wordpress\/wp-content\/uploads\/2018\/02\/Ergebnisliste-DM-JugB-Oberhof-03.-04.02.2018.pdf\"> Ergebnisliste DM JugB Oberhof 03.-04.02.2018.pdf<\/a><\/p>\n<hr>\n<h2>Deutscher Jugend B Cup 2018<br \/>\nVELTINS-EisArena Winterberg<\/h2>\n<p>am 27.01.2018<\/p>\n<p><strong>Annika Kraus<\/strong>e und <strong> Magdalena<\/strong> <strong>Matschina<\/strong> (SV Bad Feilnbach) auf Platz 2 in der Klasse der Damen-Doppel<\/p>\n<p>Rang 17 f\u00fcr <strong>KRAUSE Annika<\/strong><\/p>\n<p>Rang 11 f\u00fcr <strong>LEGER Marco<\/strong><\/p>\n<p>Rang 3 in der Mannschaftswertung f\u00fcr das Team <strong>Krause\/Matschina, J\u00e4nicke Anka, Leger Marco<\/strong><\/p>\n<p>&nbsp;<\/p>\n<div class='polaroid-gallery galleryid-3499' style='width:510px;'>\n\t\t\t<a href=\"https:\/\/rrc-schliersee.com\/wordpress\/wp-content\/uploads\/2018\/01\/DJBC-Winterberg-2018-5.jpg\" title=\"DJBC Winterberg 2018 (5)\" rel=\"polaroid_238092543\" class=\"polaroid-gallery-item\"><span class=\"polaroid-gallery-image\" title=\"\" style=\"background-image: url(https:\/\/rrc-schliersee.com\/wordpress\/wp-content\/uploads\/2018\/01\/DJBC-Winterberg-2018-5-150x150.jpg); width: 150px; height: 150px;\"><\/span><\/a>\n\t\t\t<a href=\"https:\/\/rrc-schliersee.com\/wordpress\/wp-content\/uploads\/2018\/01\/DJBC-Winterberg-2018-2.jpg\" title=\"DJBC Winterberg 2018 (2)\" rel=\"polaroid_238092543\" class=\"polaroid-gallery-item\"><span class=\"polaroid-gallery-image\" title=\"\" style=\"background-image: url(https:\/\/rrc-schliersee.com\/wordpress\/wp-content\/uploads\/2018\/01\/DJBC-Winterberg-2018-2-150x150.jpg); width: 150px; height: 150px;\"><\/span><\/a>\n\t\t\t<a href=\"https:\/\/rrc-schliersee.com\/wordpress\/wp-content\/uploads\/2018\/01\/DJBC-Winterberg-2018-6.jpg\" title=\"DJBC Winterberg 2018 (6)\" rel=\"polaroid_238092543\" class=\"polaroid-gallery-item\"><span class=\"polaroid-gallery-image\" title=\"\" style=\"background-image: url(https:\/\/rrc-schliersee.com\/wordpress\/wp-content\/uploads\/2018\/01\/DJBC-Winterberg-2018-6-150x150.jpg); width: 150px; height: 150px;\"><\/span><\/a>\n\t\t\t<br style=\"clear: both;\" \/>\n\t\t\t<a href=\"https:\/\/rrc-schliersee.com\/wordpress\/wp-content\/uploads\/2018\/01\/DJBC-Winterberg-2018-4.jpg\" title=\"DJBC Winterberg 2018 (4)\" rel=\"polaroid_238092543\" class=\"polaroid-gallery-item\"><span class=\"polaroid-gallery-image\" title=\"\" style=\"background-image: url(https:\/\/rrc-schliersee.com\/wordpress\/wp-content\/uploads\/2018\/01\/DJBC-Winterberg-2018-4-150x150.jpg); width: 150px; height: 150px;\"><\/span><\/a>\n\t\t\t<a href=\"https:\/\/rrc-schliersee.com\/wordpress\/wp-content\/uploads\/2018\/01\/DJBC-Winterberg-2018-1.jpg\" title=\"DJBC Winterberg 2018 (1)\" rel=\"polaroid_238092543\" class=\"polaroid-gallery-item\"><span class=\"polaroid-gallery-image\" title=\"\" style=\"background-image: url(https:\/\/rrc-schliersee.com\/wordpress\/wp-content\/uploads\/2018\/01\/DJBC-Winterberg-2018-1-150x150.jpg); width: 150px; height: 150px;\"><\/span><\/a>\n\t\t\t<a href=\"https:\/\/rrc-schliersee.com\/wordpress\/wp-content\/uploads\/2018\/01\/DJBC-Winterberg-2018-3.jpg\" title=\"DJBC Winterberg 2018 (3)\" rel=\"polaroid_238092543\" class=\"polaroid-gallery-item\"><span class=\"polaroid-gallery-image\" title=\"\" style=\"background-image: url(https:\/\/rrc-schliersee.com\/wordpress\/wp-content\/uploads\/2018\/01\/DJBC-Winterberg-2018-3-150x150.jpg); width: 150px; height: 150px;\"><\/span><\/a>\n\t\t\t<br style=\"clear: both;\" \/><\/div>\n\n<p><img loading=\"lazy\" decoding=\"async\" class=\"alignnone\" src=\"http:\/\/rrc-schliersee.de\/wordpress\/wp-content\/uploads\/2012\/10\/Icon_PDF.gif\" alt=\"\" width=\"46\" height=\"48\"> <a href=\"http:\/\/rrc-schliersee.de\/wordpress\/wp-content\/uploads\/2018\/01\/JugB-Cup-weiblich.pdf\" target=\"_blank\" rel=\"noopener noreferrer\">JugB Cup &#8211; weiblich.pdf<\/a><\/p>\n<p><img loading=\"lazy\" decoding=\"async\" class=\"alignnone\" src=\"http:\/\/rrc-schliersee.de\/wordpress\/wp-content\/uploads\/2012\/10\/Icon_PDF.gif\" alt=\"\" width=\"46\" height=\"48\"> <a href=\"http:\/\/rrc-schliersee.de\/wordpress\/wp-content\/uploads\/2018\/01\/JugB-Cup-m\u00e4nnlich.pdf\" target=\"_blank\" rel=\"noopener noreferrer\">JugB Cup &#8211; m\u00e4nnlich.pdf<\/a><\/p>\n<p><img loading=\"lazy\" decoding=\"async\" class=\"alignnone\" src=\"http:\/\/rrc-schliersee.de\/wordpress\/wp-content\/uploads\/2012\/10\/Icon_PDF.gif\" alt=\"\" width=\"46\" height=\"48\"> <a href=\"http:\/\/rrc-schliersee.de\/wordpress\/wp-content\/uploads\/2018\/01\/JugB-Cup-Mannschaft.pdf\">JugB Cup &#8211; Mannschaft.pdf<\/a><\/p>\n<p><img loading=\"lazy\" decoding=\"async\" class=\"alignnone\" src=\"http:\/\/rrc-schliersee.de\/wordpress\/wp-content\/uploads\/2012\/10\/Icon_PDF.gif\" alt=\"\" width=\"46\" height=\"48\"> <a href=\"http:\/\/rrc-schliersee.de\/wordpress\/wp-content\/uploads\/2018\/01\/JugB-Cup-Doppelsitzer.pdf\" target=\"_blank\" rel=\"noopener noreferrer\">JugB Cup &#8211; Doppelsitzer.pdf<\/a><\/p>\n<p>Das &#8222;Gelbe Blatt&#8220; und der &#8222;Miesbacher Merkur&#8220; berichten dazu:<\/p>\n<p><a href=\"http:\/\/rrc-schliersee.de\/wordpress\/wp-content\/uploads\/2018\/02\/DJCB_WB_01.jpg\"><img loading=\"lazy\" decoding=\"async\" class=\"alignnone wp-image-4170 size-thumbnail\" src=\"http:\/\/rrc-schliersee.de\/wordpress\/wp-content\/uploads\/2018\/02\/DJCB_WB_01-150x150.jpg\" alt=\"\" width=\"150\" height=\"150\"><\/a> &nbsp;<a href=\"http:\/\/rrc-schliersee.de\/wordpress\/wp-content\/uploads\/2018\/02\/DJCB_WB_02.jpg\"><img loading=\"lazy\" decoding=\"async\" class=\"alignnone wp-image-4171 size-thumbnail\" src=\"http:\/\/rrc-schliersee.de\/wordpress\/wp-content\/uploads\/2018\/02\/DJCB_WB_02-150x150.jpg\" alt=\"\" width=\"150\" height=\"150\"><\/a><\/p>\n<hr>\n<h2>Bayerischer Jugencup K\u00f6nigssee <a href=\"http:\/\/rrc-schliersee.de\/wordpress\/wp-content\/uploads\/2018\/01\/IMG_7688.jpg\"><img loading=\"lazy\" decoding=\"async\" class=\"alignright wp-image-4044 size-medium\" src=\"http:\/\/rrc-schliersee.de\/wordpress\/wp-content\/uploads\/2018\/01\/IMG_7688-200x300.jpg\" alt=\"\" width=\"200\" height=\"300\" srcset=\"https:\/\/rrc-schliersee.com\/wordpress\/wp-content\/uploads\/2018\/01\/IMG_7688-200x300.jpg 200w, https:\/\/rrc-schliersee.com\/wordpress\/wp-content\/uploads\/2018\/01\/IMG_7688.jpg 511w\" sizes=\"auto, (max-width: 200px) 100vw, 200px\" \/><\/a><\/h2>\n<p>14.01.2018<\/p>\n<p><strong>Marco Leger<\/strong> (Jug B) sicherte sich den 3. Platz<\/p>\n<p><strong>Annika Kraus<\/strong>e ( Jug B) kam auf den 4. Platz<\/p>\n<p><strong>Florent Avdijaj<\/strong> (Jug C) erreichte den 6. Platz<\/p>\n<p><strong>Simon Greipl<\/strong> (Jug D) fuhr auf Rang 5<\/p>\n<p><strong>Philipp Kn\u00f6bl <\/strong>(Jug D) fuhr auf Rang 6<\/p>\n<p><strong>Isabella Lucht<\/strong> (Jug D) erreichte den 3. Platz<\/p>\n<p><strong>Annika Kraus<\/strong>e und <strong> Magdalena<\/strong> <strong>Matschina<\/strong> (SV Bad Feilnbach) siegten in der Klasse der Damen-Doppel<\/p>\n<p><img loading=\"lazy\" decoding=\"async\" class=\"alignnone\" src=\"http:\/\/rrc-schliersee.de\/wordpress\/wp-content\/uploads\/2012\/10\/Icon_PDF.gif\" alt=\"\" width=\"46\" height=\"48\"> <a href=\"http:\/\/rrc-schliersee.de\/wordpress\/wp-content\/uploads\/2018\/01\/Ergebnisliste_2018-01-14.pdf\">Ergebnisliste_2018-01-14.pdf<\/a><\/p>\n<p>Die Bilder dazu sehen Sie <a href=\"http:\/\/rrc-schliersee.de\/wordpress\/?page_id=3489\">hier&#8230;<\/a><\/p>\n<hr>\n<h2>Bayerische Meisterschaft in K\u00f6nigssee 2017\/18<\/h2>\n<p>Stolz f\u00e4hrt die Belegschaft des RRC von der Bayerischen Meisterschaft in K\u00f6nigssee nach Hause. Nach zwei Trainingstagen mit sch\u00f6nem Wetter machte der Winter am Renntag seinem Namen wieder alle Ehre.&nbsp; Von dem heftigen Schneegest\u00f6ber lie\u00dfen sich die insgesamt 44 Sportler nicht beeindrucken und gingen an den Start.<\/p>\n<p><strong>Niklas Fricke<\/strong> und <strong>Mathias Gro\u00df<\/strong> (Jugend A) belegten Platz 2 und 3,<\/p>\n<p><strong>Annika Kraus<\/strong>e ( Jug B) sicherte sich Platz 2,<\/p>\n<p><strong>Marco Leger<\/strong> (Jug B) dominierte die Konkurrenz und fuhr auf den 1. Platz.<\/p>\n<p><strong>Florent Avdijaj<\/strong> (Jug C) erreichte den 4. Platz,<\/p>\n<p><strong>Isabella Lucht<\/strong> (Jug D) schaffte Platz 5.<\/p>\n<p><strong>Philipp Kn\u00f6bl<\/strong>, <strong>Kilian Pangerl<\/strong> und <strong>Simon Greipl<\/strong> (Jug D) fuhren auf die R\u00e4nge 6, 7 und 8.<\/p>\n<div class='polaroid-gallery galleryid-3499' style='width:510px;'>\n\t\t\t<a href=\"https:\/\/rrc-schliersee.com\/wordpress\/wp-content\/uploads\/2017\/12\/IMG_75771.jpg\" title=\"IMG_7577(1)\" rel=\"polaroid_334216789\" class=\"polaroid-gallery-item\"><span class=\"polaroid-gallery-image\" title=\"\" style=\"background-image: url(https:\/\/rrc-schliersee.com\/wordpress\/wp-content\/uploads\/2017\/12\/IMG_75771-150x150.jpg); width: 150px; height: 150px;\"><\/span><\/a>\n\t\t\t<a href=\"https:\/\/rrc-schliersee.com\/wordpress\/wp-content\/uploads\/2017\/12\/IMG_75821.jpg\" title=\"IMG_7582(1)\" rel=\"polaroid_334216789\" class=\"polaroid-gallery-item\"><span class=\"polaroid-gallery-image\" title=\"\" style=\"background-image: url(https:\/\/rrc-schliersee.com\/wordpress\/wp-content\/uploads\/2017\/12\/IMG_75821-150x150.jpg); width: 150px; height: 150px;\"><\/span><\/a>\n\t\t\t<br style=\"clear: both;\" \/><\/div>\n\n<p>Das neue <strong>Doppelsitzer-Team Annika Krause<\/strong> (RRC) \/ <strong>Magdalena Matschina<\/strong> (SV Bad Feilnbach) siegte in der noch sehr jungen Klasse der Damen-Doppel, der ab 2019 in den Weltcup mit aufgenommen wird. &nbsp;<\/p>\n<p>Cheftrainer Hermann M\u00fcller strahlt wie seine Sch\u00fctzlinge: &nbsp;&#8222;Der Elan, Spa\u00df und die akribische Arbeit unserer \u201eKleinen\u201c und besonders der Senkrechtstart unseres M\u00e4dchen-Doppels machen mich stolz. Ich bin mit den Ergebnissen sehr zufrieden.\u201c<\/p>\n<p><strong>Wir bedanken uns bei allen Eltern, Helfern und Unterst\u00fctzern ganz herzlich.<\/strong><\/p>\n<p>Besonderer Dank gilt <strong>Metzgerei Markus Murr, B\u00e4ckerei Gritscher <\/strong>und <strong>Florian Linder, Alpenwirt in Bayrischzell. <\/strong>Ohne sie h\u00e4tten wir die Ausrichtung und Organisation des Rennens nicht so gut geschafft.<\/p>\n<p>&nbsp;<\/p>\n<p><a href=\"http:\/\/rrc-schliersee.de\/wordpress\/wp-content\/uploads\/2017\/12\/IMG_7632_3.jpg\"><img loading=\"lazy\" decoding=\"async\" class=\"alignnone wp-image-3924 size-full\" src=\"http:\/\/rrc-schliersee.de\/wordpress\/wp-content\/uploads\/2017\/12\/IMG_7632_3.jpg\" alt=\"\" width=\"1500\" height=\"1000\" srcset=\"https:\/\/rrc-schliersee.com\/wordpress\/wp-content\/uploads\/2017\/12\/IMG_7632_3.jpg 1500w, https:\/\/rrc-schliersee.com\/wordpress\/wp-content\/uploads\/2017\/12\/IMG_7632_3-300x200.jpg 300w, https:\/\/rrc-schliersee.com\/wordpress\/wp-content\/uploads\/2017\/12\/IMG_7632_3-1024x683.jpg 1024w, https:\/\/rrc-schliersee.com\/wordpress\/wp-content\/uploads\/2017\/12\/IMG_7632_3-768x512.jpg 768w\" sizes=\"auto, (max-width: 1500px) 100vw, 1500px\" \/><\/a><\/p>\n<p>Foto: von links: Isabella, Kilian, Philipp, Mathias (hinten), Florent (vorn), Simon, Niklas, Marco, Annika<\/p>\n<p>Ergebnisliste:<\/p>\n<p><a href=\"http:\/\/rrc-schliersee.de\/wordpress\/wp-content\/uploads\/2017\/12\/Ergebnisliste-BM-17-18.jpg\" target=\"_blank\" rel=\"noopener noreferrer\"><img loading=\"lazy\" decoding=\"async\" class=\"alignnone wp-image-3925 size-full\" src=\"http:\/\/rrc-schliersee.de\/wordpress\/wp-content\/uploads\/2017\/12\/Ergebnisliste-BM-17-18.jpg\" alt=\"\" width=\"866\" height=\"846\" srcset=\"https:\/\/rrc-schliersee.com\/wordpress\/wp-content\/uploads\/2017\/12\/Ergebnisliste-BM-17-18.jpg 866w, https:\/\/rrc-schliersee.com\/wordpress\/wp-content\/uploads\/2017\/12\/Ergebnisliste-BM-17-18-300x293.jpg 300w, https:\/\/rrc-schliersee.com\/wordpress\/wp-content\/uploads\/2017\/12\/Ergebnisliste-BM-17-18-768x750.jpg 768w\" sizes=\"auto, (max-width: 866px) 100vw, 866px\" \/><\/a><\/p>\n<p><a class=\"alignnone\" href=\"http:\/\/rrc-schliersee.de\/wordpress\/wp-content\/uploads\/2017\/12\/Ergebnisliste-BM17-18.pdf\"><img loading=\"lazy\" decoding=\"async\" class=\"alignnone\" src=\"http:\/\/rrc-schliersee.de\/wordpress\/wp-content\/uploads\/2012\/10\/Icon_PDF.gif\" alt=\"\" width=\"46\" height=\"48\"> Ergebnisliste BM17-18<\/a><\/p>\n<p><a href=\"http:\/\/rrc-schliersee.de\/wordpress\/wp-content\/uploads\/2017\/12\/Protokoll-BM2017-28.12.17.pdf\" target=\"_blank\" rel=\"noopener noreferrer\"><img loading=\"lazy\" decoding=\"async\" class=\"alignnone\" src=\"http:\/\/rrc-schliersee.de\/wordpress\/wp-content\/uploads\/2012\/10\/Icon_PDF.gif\" alt=\"\" width=\"46\" height=\"48\">&nbsp;Protokoll BM2017 28.12.17&nbsp;<\/a> Jugend A, B und Senioren B<\/p>\n<p><a href=\"http:\/\/rrc-schliersee.de\/wordpress\/wp-content\/uploads\/2017\/12\/Protokoll-BM2017-28.12.17-2.pdf\" target=\"_blank\" rel=\"noopener noreferrer\"><img loading=\"lazy\" decoding=\"async\" class=\"alignnone\" src=\"http:\/\/rrc-schliersee.de\/wordpress\/wp-content\/uploads\/2012\/10\/Icon_PDF.gif\" alt=\"\" width=\"46\" height=\"48\">&nbsp;Protokoll BM2017 28.12.17 (2)<\/a> Jugend A, B, C, D und Kreisel<\/p>\n<p>&nbsp;<\/p>\nngg_shortcode_0_placeholderAlle Bilder und Videos sehen Sie bei <a href=\"http:\/\/rrc-schliersee.de\/wordpress\/?page_id=3489\">Bilder 2018 &#8230;<\/a><\/p>\n<hr>\n<p>&nbsp;<\/p>\n","protected":false},"excerpt":{"rendered":"<p>Die Rennergebnisse der Saison 2017 \/ 2018 1. Oktober 2017 bis 30.09.2018 Zusammenfassung Aus dem Bericht zur Jahreshauptversammlung 2018 Bayerischer Jugendcup: Isabella 3. Platz Simon 5. Platz Annika 4. Platz Marco 3. Platz Florent 6. Platz Philipp 6. Platz Doppel 1. Platz Bayerische Meisterschaft: Niklas 2. Platz Mathias 3. Platz Annika 2. Platz Marco 1. Platz Florent 4. Platz Isabella 5.Platz Philipp 6. Platz Kilian 7. Platz Simon 8. Platz&hellip;<\/p>\n","protected":false},"author":3,"featured_media":0,"parent":6239,"menu_order":18,"comment_status":"closed","ping_status":"closed","template":"","meta":{"ngg_post_thumbnail":0,"footnotes":""},"class_list":["post-3499","page","type-page","status-publish","hentry"],"_links":{"self":[{"href":"https:\/\/rrc-schliersee.com\/wordpress\/wp-json\/wp\/v2\/pages\/3499","targetHints":{"allow":["GET"]}}],"collection":[{"href":"https:\/\/rrc-schliersee.com\/wordpress\/wp-json\/wp\/v2\/pages"}],"about":[{"href":"https:\/\/rrc-schliersee.com\/wordpress\/wp-json\/wp\/v2\/types\/page"}],"author":[{"embeddable":true,"href":"https:\/\/rrc-schliersee.com\/wordpress\/wp-json\/wp\/v2\/users\/3"}],"replies":[{"embeddable":true,"href":"https:\/\/rrc-schliersee.com\/wordpress\/wp-json\/wp\/v2\/comments?post=3499"}],"version-history":[{"count":35,"href":"https:\/\/rrc-schliersee.com\/wordpress\/wp-json\/wp\/v2\/pages\/3499\/revisions"}],"predecessor-version":[{"id":5065,"href":"https:\/\/rrc-schliersee.com\/wordpress\/wp-json\/wp\/v2\/pages\/3499\/revisions\/5065"}],"up":[{"embeddable":true,"href":"https:\/\/rrc-schliersee.com\/wordpress\/wp-json\/wp\/v2\/pages\/6239"}],"wp:attachment":[{"href":"https:\/\/rrc-schliersee.com\/wordpress\/wp-json\/wp\/v2\/media?parent=3499"}],"curies":[{"name":"wp","href":"https:\/\/api.w.org\/{rel}","templated":true}]}}