{"id":379,"date":"2018-08-24T06:00:47","date_gmt":"2018-08-24T05:00:47","guid":{"rendered":"http:\/\/rrc-schliersee.de\/wordpress\/?page_id=379"},"modified":"2023-12-23T14:19:09","modified_gmt":"2023-12-23T13:19:09","slug":"rrc-schliersee-e-v","status":"publish","type":"page","link":"https:\/\/rrc-schliersee.com\/wordpress\/rrc-schliersee-e-v\/","title":{"rendered":"RRC Schliersee e.V."},"content":{"rendered":"<hr>\n<h3>Hier geht&#8217;s lang &#8230; <a href=\"https:\/\/rrc-schliersee.com\/wordpress\/wp-content\/uploads\/2016\/04\/cropped-Rodellogo-512x512.jpg\"><img loading=\"lazy\" decoding=\"async\" class=\"size-medium wp-image-1987 alignright\" src=\"https:\/\/rrc-schliersee.com\/wordpress\/wp-content\/uploads\/2016\/04\/cropped-Rodellogo-512x512-300x300.jpg\" alt=\"\" width=\"300\" height=\"300\" srcset=\"https:\/\/rrc-schliersee.com\/wordpress\/wp-content\/uploads\/2016\/04\/cropped-Rodellogo-512x512-300x300.jpg 300w, https:\/\/rrc-schliersee.com\/wordpress\/wp-content\/uploads\/2016\/04\/cropped-Rodellogo-512x512-150x150.jpg 150w, https:\/\/rrc-schliersee.com\/wordpress\/wp-content\/uploads\/2016\/04\/cropped-Rodellogo-512x512-270x270.jpg 270w, https:\/\/rrc-schliersee.com\/wordpress\/wp-content\/uploads\/2016\/04\/cropped-Rodellogo-512x512-192x192.jpg 192w, https:\/\/rrc-schliersee.com\/wordpress\/wp-content\/uploads\/2016\/04\/cropped-Rodellogo-512x512-180x180.jpg 180w, https:\/\/rrc-schliersee.com\/wordpress\/wp-content\/uploads\/2016\/04\/cropped-Rodellogo-512x512-32x32.jpg 32w, https:\/\/rrc-schliersee.com\/wordpress\/wp-content\/uploads\/2016\/04\/cropped-Rodellogo-512x512.jpg 512w\" sizes=\"auto, (max-width: 300px) 100vw, 300px\" \/><\/a><\/h3>\n<ul style=\"list-style-type: square;\">\n<li><a href=\"http:\/\/rrc-schliersee.de\/wordpress\/?page_id=59\">Den RRC Schliersee kontaktieren<\/a><\/li>\n<li><a title=\"RRC Schliersee e.V.\" href=\"#Mitglied\">Mitglied im RRC Schliersee werden<\/a><\/li>\n<li><a href=\"#Info\">mehr Informationen \u00fcber den Rodelsport erhalten<\/a><\/li>\n<li><a href=\"#Statuten\">unsere Statuten<\/a><\/li>\n<li><a href=\"#Rodelbahn\">die geplante Kunsteisbahn in Schliersee<\/a><\/li>\n<li><a href=\"#Sponsor\">Sponsor werden<\/a><\/li>\n<\/ul>\n<h3>&nbsp;<\/h3>\n<h3><strong>Rennrodeln auf der Kunsteisbahn bedeutet<\/strong><\/h3>\n<p>Geschwindigkeit erleben und Fliehkr\u00e4fte beherrschen lernen.<br \/>\nEinsch\u00e4tzung und Einsatz der eigenen K\u00f6rperkr\u00e4fte erfahren.<br \/>\nSt\u00e4rkung des Durchsetzungsverm\u00f6gens.<br \/>\nFestigung des Selbstvertrauens.<br \/>\nRennrodeln wird von Aussenstehenden wohl kaum als \u201cFun \u2013 Sportart\u201d angesehen, vermittelt aber ein ganz besonderes \u201c<strong>Fun \u2013 Sport \u2013 Feeling<\/strong>\u201c.<\/p>\n<div class='polaroid-gallery galleryid-379' style='width:680px;'>\n\t\t\t<a href=\"https:\/\/rrc-schliersee.com\/wordpress\/wp-content\/uploads\/2017\/09\/K\u00f6nigssee.jpg\" title=\"K\u00f6nigssee Rennbahn\" rel=\"polaroid_2085973883\" class=\"polaroid-gallery-item\"><span class=\"polaroid-gallery-image\" title=\"RRC Schliersee\" style=\"background-image: url(https:\/\/rrc-schliersee.com\/wordpress\/wp-content\/uploads\/2017\/09\/K\u00f6nigssee-150x150.jpg); width: 150px; height: 150px;\"><\/span><\/a>\n\t\t\t<a href=\"https:\/\/rrc-schliersee.com\/wordpress\/wp-content\/uploads\/2017\/05\/IMG_2860-scaled.jpg\" title=\"Radschlittenrennen im Sommer\" rel=\"polaroid_2085973883\" class=\"polaroid-gallery-item\"><span class=\"polaroid-gallery-image\" title=\"RRC Schliersee\" style=\"background-image: url(https:\/\/rrc-schliersee.com\/wordpress\/wp-content\/uploads\/2017\/05\/IMG_2860-150x150.jpg); width: 150px; height: 150px;\"><\/span><\/a>\n\t\t\t<a href=\"https:\/\/rrc-schliersee.com\/wordpress\/wp-content\/uploads\/2012\/10\/cropped-cropped-rrc-logo03_1000px.png\" title=\"Katharina M\u00fcller\" rel=\"polaroid_2085973883\" class=\"polaroid-gallery-item\"><span class=\"polaroid-gallery-image\" title=\"\" style=\"background-image: url(https:\/\/rrc-schliersee.com\/wordpress\/wp-content\/uploads\/2012\/10\/cropped-cropped-rrc-logo03_1000px-150x150.png); width: 150px; height: 150px;\"><\/span><\/a>\n\t\t\t<a href=\"https:\/\/rrc-schliersee.com\/wordpress\/wp-content\/uploads\/2017\/10\/Knoebel-Panger.jpg\" title=\"Nachwuchs an der Rennbahn\" rel=\"polaroid_2085973883\" class=\"polaroid-gallery-item\"><span class=\"polaroid-gallery-image\" title=\"RRC Schliersee\" style=\"background-image: url(https:\/\/rrc-schliersee.com\/wordpress\/wp-content\/uploads\/2017\/10\/Knoebel-Panger-150x150.jpg); width: 150px; height: 150px;\"><\/span><\/a>\n\t\t\t<br style=\"clear: both;\" \/>\n\t\t\t<a href=\"https:\/\/rrc-schliersee.com\/wordpress\/wp-content\/uploads\/2017\/03\/Deutsche-Meisterschaft-Jugend-B-Koenigssee-2017-IMG_0184.jpg\" title=\"Schlitten-Tuning\" rel=\"polaroid_2085973883\" class=\"polaroid-gallery-item\"><span class=\"polaroid-gallery-image\" title=\"\" style=\"background-image: url(https:\/\/rrc-schliersee.com\/wordpress\/wp-content\/uploads\/2017\/03\/Deutsche-Meisterschaft-Jugend-B-Koenigssee-2017-IMG_0184-150x150.jpg); width: 150px; height: 150px;\"><\/span><\/a>\n\t\t\t<a href=\"https:\/\/rrc-schliersee.com\/wordpress\/wp-content\/uploads\/2017\/03\/Starke-Jungs_II.jpg\" title=\"Starke Jungs\" rel=\"polaroid_2085973883\" class=\"polaroid-gallery-item\"><span class=\"polaroid-gallery-image\" title=\"\" style=\"background-image: url(https:\/\/rrc-schliersee.com\/wordpress\/wp-content\/uploads\/2017\/03\/Starke-Jungs_II-150x150.jpg); width: 150px; height: 150px;\"><\/span><\/a>\n\t\t\t<a href=\"https:\/\/rrc-schliersee.com\/wordpress\/wp-content\/uploads\/2017\/05\/IMG_2862-scaled.jpg\" title=\"Sommertraining\" rel=\"polaroid_2085973883\" class=\"polaroid-gallery-item\"><span class=\"polaroid-gallery-image\" title=\"\" style=\"background-image: url(https:\/\/rrc-schliersee.com\/wordpress\/wp-content\/uploads\/2017\/05\/IMG_2862-150x150.jpg); width: 150px; height: 150px;\"><\/span><\/a>\n\t\t\t<a href=\"https:\/\/rrc-schliersee.com\/wordpress\/wp-content\/uploads\/2017\/10\/Huettenabend_2017_pic_06.jpg\" title=\"der Chef beim H\u00fcttenabend\" rel=\"polaroid_2085973883\" class=\"polaroid-gallery-item\"><span class=\"polaroid-gallery-image\" title=\"RRC Schliersee\" style=\"background-image: url(https:\/\/rrc-schliersee.com\/wordpress\/wp-content\/uploads\/2017\/10\/Huettenabend_2017_pic_06-150x150.jpg); width: 150px; height: 150px;\"><\/span><\/a>\n\t\t\t<br style=\"clear: both;\" \/><\/div>\n\n<p>Wer sich f\u00fcr den Rodelsport entschlie\u00dft, der sollte langfristig seine Freude daran finden. Das beste Einstiegsalter liegt zwischen 7 und 9 Jahren. Gemeinsam mit erfahrenen \u00dcbungsleitern und aktiven Rodlern wird auf der Kunsteisbahn die Beherrschung des Schlittens trainiert und der Weg zur idealen Fahrlinie gezeigt.<\/p>\n<p>F\u00fcr die ganze Wintersaison liegt ab Oktober ein fester Terminplan \u00fcber die Trainingszeiten und Wettk\u00e4mpfe vor. So kann die zur Verf\u00fcgung stehende Freizeit gut geplant werden.<br \/>\nRennrodeln ist ein Ganzjahressport geworden. W\u00e4hrend des Sommers wird Konditions- und gezieltes Krafttraining durchgef\u00fchrt.<\/p>\n<p><strong><a name=\"Mitglied\"><\/a><\/strong><\/p>\n<hr>\n<h3><strong>Wollen Sie Mitglied im RRC Schliersee werden?<\/strong><\/h3>\n<p>Bei uns rodeln in erster Linie Kinder und Jugendliche, aber auch so manchen unserer <a href=\"http:\/\/rrc-schliersee.de\/wordpress\/?page_id=89\">Senioren bei den Aktiven<\/a> dr\u00e4ngt es auf die Eisbahn.<a href=\"http:\/\/rrc-schliersee.de\/wordpress\/?page_id=59\"><br \/>\nKontaktieren Sie uns<\/a> doch bitte, alles Weitere besprechen wir dann gemeinsam.<br \/>\nMehr Informationen zur Mitgliedschaft, zu Vereinsbeitr\u00e4gen, Leihgeb\u00fchren usw. lesen Sie <a href=\"http:\/\/rrc-schliersee.de\/wordpress\/?page_id=3892\">hier&#8230;<\/a><\/p>\n<p><a href=\"http:\/\/rrc-schliersee.de\/wordpress\/wp-content\/uploads\/2018\/08\/Flyer-RRC-2018-01.jpg\">&nbsp;<\/a><a href=\"http:\/\/rrc-schliersee.de\/wordpress\/wp-content\/uploads\/2018\/08\/Flyer-RRC-2018-01.jpg\" target=\"_blank\" rel=\"noopener noreferrer\"><img loading=\"lazy\" decoding=\"async\" class=\"alignnone wp-image-4529 size-medium\" src=\"http:\/\/rrc-schliersee.de\/wordpress\/wp-content\/uploads\/2018\/08\/Flyer-RRC-2018-01-209x300.jpg\" alt=\"\" width=\"209\" height=\"300\" srcset=\"https:\/\/rrc-schliersee.com\/wordpress\/wp-content\/uploads\/2018\/08\/Flyer-RRC-2018-01-209x300.jpg 209w, https:\/\/rrc-schliersee.com\/wordpress\/wp-content\/uploads\/2018\/08\/Flyer-RRC-2018-01.jpg 601w\" sizes=\"auto, (max-width: 209px) 100vw, 209px\" \/>&nbsp;<\/a><a href=\"http:\/\/rrc-schliersee.de\/wordpress\/wp-content\/uploads\/2018\/08\/Flyer-RRC-2018-02.jpg\" target=\"_blank\" rel=\"noopener noreferrer\"><img loading=\"lazy\" decoding=\"async\" class=\"alignnone wp-image-4530 size-medium\" src=\"http:\/\/rrc-schliersee.de\/wordpress\/wp-content\/uploads\/2018\/08\/Flyer-RRC-2018-02-207x300.jpg\" alt=\"\" width=\"207\" height=\"300\" srcset=\"https:\/\/rrc-schliersee.com\/wordpress\/wp-content\/uploads\/2018\/08\/Flyer-RRC-2018-02-207x300.jpg 207w, https:\/\/rrc-schliersee.com\/wordpress\/wp-content\/uploads\/2018\/08\/Flyer-RRC-2018-02.jpg 576w\" sizes=\"auto, (max-width: 207px) 100vw, 207px\" \/><\/a><\/p>\n<p><a name=\"Info\"><\/a><\/p>\n<hr>\n<h3><strong>Mehr Informationen \u00fcber den Rodelsport erhalten<\/strong><\/h3>\n<p>Falls Sie mehr Informationen \u00fcber den Rodelsport erfahren oder dem Verein beitreten wollen, rufen Sie uns doch einfach mal an oder schicken Sie uns eine email.<br \/>\n<a title=\"Kontakt\" href=\"http:\/\/rrc-schliersee.de\/wordpress\/?page_id=59\"> Kontakt \u2026<\/a><br \/>\nEs gibt Schnupperfahrten f\u00fcr Kinder, dabei k\u00f6nnen nat\u00fcrlich auch die Eltern ausprobieren, wie sich das so als Rennrodler auf der Bahn anf\u00fchlt.<br \/>\n\u00dcberraschung garantiert!<\/p>\n<p><strong><a name=\"Statuten\"><\/a><\/strong><\/p>\n<hr>\n<h3><strong>Unsere Statuten:<\/strong><\/h3>\n<p>Der \u201cRenn-Rodel-Club Schliersee e.V.\u201d&nbsp; ist Mitglied im Bayerischen Bob- und Schlittensportverband (BBSV) und dem Bayerischen Landessportverband (BLSV) angeschlossen. Der Verein ist gemeinn\u00fctzig und in das Vereinsregister eingetragen.<\/p>\n<p>Zweck des Vereins ist die F\u00f6rderung der Gesundheit, den Geist und K\u00f6rper zu kr\u00e4ftigen, die Mitglieder und vor allem die Jugend zum sportlichen Rodeln anzuhalten und die Liebe zu den heimatlichen Bergen zu wecken. Der Verein sieht seine Aufgabe auch darin, f\u00fcr den Fremdenverkehr im Winter zu werben und die G\u00e4ste im wintersportlichen Sinne zu betreuen.<\/p>\n<p>Die Mittel zur Erreichung dieser Ziele sind:<br \/>\na) Abhaltung von Versammlungen, Werbevortr\u00e4gen, Kursen und der Pflege froher Geselligkeit.<br \/>\nb) Durchf\u00fchrung von Sportveranstaltungen.<br \/>\nc) Ausbildung und Einsatz von sachgem\u00e4ss ausgebildeten \u00dcbungsleitern.<br \/>\nd) Training das Jahr \u00fcber f\u00fcr die Aktiven durchzuf\u00fchren und an den Wettk\u00e4mpfen auf den Kunsteisbahnen teilzunehmen<br \/>\ne) F\u00fcr die Nachwuchsf\u00f6rderung mit der <a href=\"http:\/\/www.volksschule-schliersee.de\/\" target=\"_blank\" rel=\"noopener noreferrer\">Grund- und Mittelschule Schliersee<\/a> kooperieren.<\/p>\n<div class='polaroid-gallery galleryid-379' style='width:510px;'>\n\t\t\t<a href=\"https:\/\/rrc-schliersee.com\/wordpress\/wp-content\/uploads\/2017\/11\/23244359_2003447516579141_1905514257901747604_n.jpg\" title=\"Unser Nachwuchs an der Rennbahn K\u00f6nigssee 2017\" rel=\"polaroid_312249564\" class=\"polaroid-gallery-item\"><span class=\"polaroid-gallery-image\" title=\"\" style=\"background-image: url(https:\/\/rrc-schliersee.com\/wordpress\/wp-content\/uploads\/2017\/11\/23244359_2003447516579141_1905514257901747604_n-150x150.jpg); width: 150px; height: 150px;\"><\/span><\/a>\n\t\t\t<a href=\"https:\/\/rrc-schliersee.com\/wordpress\/wp-content\/uploads\/2017\/10\/Huettenabend_2017_pic_01.jpg\" title=\"RRC Schliersee H\u00fcttenabend 2017\" rel=\"polaroid_312249564\" class=\"polaroid-gallery-item\"><span class=\"polaroid-gallery-image\" title=\"\" style=\"background-image: url(https:\/\/rrc-schliersee.com\/wordpress\/wp-content\/uploads\/2017\/10\/Huettenabend_2017_pic_01-150x150.jpg); width: 150px; height: 150px;\"><\/span><\/a>\n\t\t\t<a href=\"https:\/\/rrc-schliersee.com\/wordpress\/wp-content\/uploads\/2015\/01\/K\u00f6nigsseecup-2015_004.jpg\" title=\"K\u00f6nigsseecup 2015\" rel=\"polaroid_312249564\" class=\"polaroid-gallery-item\"><span class=\"polaroid-gallery-image\" title=\"\" style=\"background-image: url(https:\/\/rrc-schliersee.com\/wordpress\/wp-content\/uploads\/2015\/01\/K\u00f6nigsseecup-2015_004-150x150.jpg); width: 150px; height: 150px;\"><\/span><\/a>\n\t\t\t<br style=\"clear: both;\" \/><\/div>\n\n<p><a name=\"Rodelbahn\"><\/a><\/p>\n<hr>\n<h1>Geschichte<\/h1>\n<p>Der \u201eRenn-Rodel-Club Schliersee e.V.\u201c&nbsp; wurde am 30. April 1950 gegr\u00fcndet. Er ist Mitglied des Bayerischen Bob- und Schlittensportverband (BBSV) und angeschlossen dem Bayerischen Landessportverband (BLSV). Der Verein ist gemeinn\u00fctzig und in das Vereinsregister eingetragen.<\/p>\n<p>Wir pr\u00e4sentieren Ihnen hier Ausz\u00fcge aus unserer Vereinschronik anl\u00e4sslich des 50j\u00e4hrigen Jubil\u00e4ums im Jahre 2000.<\/p>\n<p><strong>Rennrodelsport in Schliersee, Vereinsdaten.<\/strong><\/p>\n<p><strong>Vorgeschichte:<\/strong> Organisierter Rodelsport wird erstmals ab 1925 unter den Vereinsnamen Wintersportclub (WSC), sp\u00e4ter Rodelabteilung Wintersportverein (WSV) Schliersee, erw\u00e4hnt. Bis 1936 nachweisbarer Rennsportbetrieb.<\/p>\n<p><a href=\"https:\/\/rrc-schliersee.com\/wordpress\/wp-content\/uploads\/2012\/10\/Meisterrodler__1930_Z_Bildgrosse_andern.jpg\"><img loading=\"lazy\" decoding=\"async\" class=\"alignnone size-full wp-image-287\" src=\"https:\/\/rrc-schliersee.com\/wordpress\/wp-content\/uploads\/2012\/10\/Meisterrodler__1930_Z_Bildgrosse_andern.jpg\" alt=\"\" width=\"260\" height=\"195\"><\/a><br \/>\nUm 1930: Schlierseer Meisterrodler. ( 3.v.r. Josef Acher)<\/p>\n<p><a href=\"https:\/\/rrc-schliersee.com\/wordpress\/wp-content\/uploads\/2012\/10\/MayrBluml1953_2_.jpg\"><img loading=\"lazy\" decoding=\"async\" class=\"alignnone size-full wp-image-286\" src=\"https:\/\/rrc-schliersee.com\/wordpress\/wp-content\/uploads\/2012\/10\/MayrBluml1953_2_.jpg\" alt=\"\" width=\"260\" height=\"195\"><\/a><br \/>\n11. EM Cortina 1953: \u201eGemischter Doppel\u201c Sepp Mayr \/ Mina Bl\u00fcml erfolgreich auf Platz 8<\/p>\n<p><a href=\"https:\/\/rrc-schliersee.com\/wordpress\/wp-content\/uploads\/2012\/10\/SchallerWM1957_klein.jpg\"><img loading=\"lazy\" decoding=\"async\" class=\"alignnone size-full wp-image-285\" src=\"https:\/\/rrc-schliersee.com\/wordpress\/wp-content\/uploads\/2012\/10\/SchallerWM1957_klein.jpg\" alt=\"\" width=\"195\" height=\"260\"><\/a><br \/>\nVor \u00fcber 50 Jahren! Hans Schaller auf dem Weg zu seinem Weltmeistertitel 1957 in Davos.<\/p>\n<p><a href=\"https:\/\/rrc-schliersee.com\/wordpress\/wp-content\/uploads\/2012\/10\/RodelJugendxx.jpg\"><img loading=\"lazy\" decoding=\"async\" class=\"alignnone size-full wp-image-284\" src=\"https:\/\/rrc-schliersee.com\/wordpress\/wp-content\/uploads\/2012\/10\/RodelJugendxx.jpg\" alt=\"\" width=\"246\" height=\"300\"><\/a><br \/>\nKarl-Heinz Manhart, Claudia Kraus, Thomas Rummelsberger im Dezember 1980<\/p>\n<hr>\n<h3 title=\"Mehr lesen\"><strong>Projekt Rodelbahn Schliersee<\/strong><strong>&#8230;.. <\/strong><\/h3>\n<p title=\"Mehr lesen\">Der RRC Schliersee plant den Neubau einer Kunsteisbahn in Schliersee.<br \/>\n<a title=\"Projekt Rodelbahn Schliersee\" href=\"http:\/\/rrc-schliersee.de\/wordpress\/?page_id=153\">Mehr zum aktuellen Planungsstand&nbsp; &#8230;<\/a><\/p>\n<p><a name=\"Sponsor\"><\/a><\/p>\n<hr>\n<h3><strong>Sponsor werden!<\/strong><\/h3>\n<p>Unterst\u00fctzen Sie uns als Sponsor. Viele lokale Gewerbetreibende, Firmen und auch Privatpersonen unterst\u00fctzen uns tatkr\u00e4ftig.<br \/>\n<a title=\"Kontakt\" href=\"http:\/\/rrc-schliersee.de\/wordpress\/?page_id=63\">Mehr dazu lesen \u2026<\/a><\/p>\n<p><a href=\"https:\/\/rrc-schliersee.com\/wordpress\/wp-content\/uploads\/2017\/10\/44805156-Sponsor-icon-Lizenzfreie-Bilder.jpg\"><img loading=\"lazy\" decoding=\"async\" class=\"wp-image-3336 size-thumbnail\" src=\"https:\/\/rrc-schliersee.com\/wordpress\/wp-content\/uploads\/2017\/10\/44805156-Sponsor-icon-Lizenzfreie-Bilder-150x150.jpg\" alt=\"\" width=\"150\" height=\"150\" srcset=\"https:\/\/rrc-schliersee.com\/wordpress\/wp-content\/uploads\/2017\/10\/44805156-Sponsor-icon-Lizenzfreie-Bilder-150x150.jpg 150w, https:\/\/rrc-schliersee.com\/wordpress\/wp-content\/uploads\/2017\/10\/44805156-Sponsor-icon-Lizenzfreie-Bilder-300x300.jpg 300w, https:\/\/rrc-schliersee.com\/wordpress\/wp-content\/uploads\/2017\/10\/44805156-Sponsor-icon-Lizenzfreie-Bilder-1024x1024.jpg 1024w, https:\/\/rrc-schliersee.com\/wordpress\/wp-content\/uploads\/2017\/10\/44805156-Sponsor-icon-Lizenzfreie-Bilder-768x768.jpg 768w, https:\/\/rrc-schliersee.com\/wordpress\/wp-content\/uploads\/2017\/10\/44805156-Sponsor-icon-Lizenzfreie-Bilder.jpg 1300w\" sizes=\"auto, (max-width: 150px) 100vw, 150px\" \/><\/a><\/p>\n<p>&nbsp;<\/p>\n<hr>\n","protected":false},"excerpt":{"rendered":"<p>Hier geht&#8217;s lang &#8230; Den RRC Schliersee kontaktieren Mitglied im RRC Schliersee werden mehr Informationen \u00fcber den Rodelsport erhalten unsere Statuten die geplante Kunsteisbahn in Schliersee Sponsor werden &nbsp; Rennrodeln auf der Kunsteisbahn bedeutet Geschwindigkeit erleben und Fliehkr\u00e4fte beherrschen lernen. Einsch\u00e4tzung und Einsatz der eigenen K\u00f6rperkr\u00e4fte erfahren. St\u00e4rkung des Durchsetzungsverm\u00f6gens. Festigung des Selbstvertrauens. Rennrodeln wird von Aussenstehenden wohl kaum als \u201cFun \u2013 Sportart\u201d angesehen, vermittelt aber ein ganz besonderes \u201cFun&hellip;<\/p>\n","protected":false},"author":3,"featured_media":0,"parent":0,"menu_order":1,"comment_status":"closed","ping_status":"closed","template":"","meta":{"ngg_post_thumbnail":0,"footnotes":""},"class_list":["post-379","page","type-page","status-publish","hentry"],"_links":{"self":[{"href":"https:\/\/rrc-schliersee.com\/wordpress\/wp-json\/wp\/v2\/pages\/379","targetHints":{"allow":["GET"]}}],"collection":[{"href":"https:\/\/rrc-schliersee.com\/wordpress\/wp-json\/wp\/v2\/pages"}],"about":[{"href":"https:\/\/rrc-schliersee.com\/wordpress\/wp-json\/wp\/v2\/types\/page"}],"author":[{"embeddable":true,"href":"https:\/\/rrc-schliersee.com\/wordpress\/wp-json\/wp\/v2\/users\/3"}],"replies":[{"embeddable":true,"href":"https:\/\/rrc-schliersee.com\/wordpress\/wp-json\/wp\/v2\/comments?post=379"}],"version-history":[{"count":78,"href":"https:\/\/rrc-schliersee.com\/wordpress\/wp-json\/wp\/v2\/pages\/379\/revisions"}],"predecessor-version":[{"id":5592,"href":"https:\/\/rrc-schliersee.com\/wordpress\/wp-json\/wp\/v2\/pages\/379\/revisions\/5592"}],"wp:attachment":[{"href":"https:\/\/rrc-schliersee.com\/wordpress\/wp-json\/wp\/v2\/media?parent=379"}],"curies":[{"name":"wp","href":"https:\/\/api.w.org\/{rel}","templated":true}]}}