{"id":3892,"date":"2018-04-13T06:00:29","date_gmt":"2018-04-13T05:00:29","guid":{"rendered":"http:\/\/rrc-schliersee.de\/wordpress\/?page_id=3892"},"modified":"2021-02-11T11:01:17","modified_gmt":"2021-02-11T10:01:17","slug":"mitglied-werden","status":"publish","type":"page","link":"https:\/\/rrc-schliersee.com\/wordpress\/unsere-aktiven\/mitglied-werden\/","title":{"rendered":"Mitglied werden"},"content":{"rendered":"<h3><a href=\"https:\/\/rrc-schliersee.com\/wordpress\/wp-content\/uploads\/2016\/04\/cropped-Rodellogo-512x512.jpg\"><img loading=\"lazy\" decoding=\"async\" class=\"size-medium wp-image-1987 alignright\" src=\"https:\/\/rrc-schliersee.com\/wordpress\/wp-content\/uploads\/2016\/04\/cropped-Rodellogo-512x512-300x300.jpg\" alt=\"\" width=\"300\" height=\"300\" srcset=\"https:\/\/rrc-schliersee.com\/wordpress\/wp-content\/uploads\/2016\/04\/cropped-Rodellogo-512x512-300x300.jpg 300w, https:\/\/rrc-schliersee.com\/wordpress\/wp-content\/uploads\/2016\/04\/cropped-Rodellogo-512x512-150x150.jpg 150w, https:\/\/rrc-schliersee.com\/wordpress\/wp-content\/uploads\/2016\/04\/cropped-Rodellogo-512x512-270x270.jpg 270w, https:\/\/rrc-schliersee.com\/wordpress\/wp-content\/uploads\/2016\/04\/cropped-Rodellogo-512x512-192x192.jpg 192w, https:\/\/rrc-schliersee.com\/wordpress\/wp-content\/uploads\/2016\/04\/cropped-Rodellogo-512x512-180x180.jpg 180w, https:\/\/rrc-schliersee.com\/wordpress\/wp-content\/uploads\/2016\/04\/cropped-Rodellogo-512x512-32x32.jpg 32w, https:\/\/rrc-schliersee.com\/wordpress\/wp-content\/uploads\/2016\/04\/cropped-Rodellogo-512x512.jpg 512w\" sizes=\"auto, (max-width: 300px) 100vw, 300px\" \/><\/a><strong>Wollen Sie Mitglied im RRC Schliersee werden?<\/strong><\/h3>\n<ul>\n<li>Wollen Sie aktiv Rennrodeln als Leistungssport betreiben?<\/li>\n<li>Sind Sie ehemaliger Rodler und wollen wieder in einem aktiven Verein mitmachen und auch mal wieder auf die Eisbahn zur\u00fcck?<\/li>\n<li>Wollen Sie sich aktiv im Verein einbringen und in der Jugendarbeit mitwirken?<\/li>\n<li>Haben Sie Interesse, in einem Verein aktiv oder vielleicht auch nur passiv mitzuwirken und durch ihren Mitgliedsbetrag die Vereinsarbeit zu unterst\u00fctzen?<\/li>\n<\/ul>\n<p>Dann hei\u00dfen wir Sie herzlich willkommen beim Renn-Rodel-Club Schliersee e.V.<\/p>\n<hr>\n<h4><strong>Rennrodeln auf der Kunsteisbahn bedeutet:<\/strong><\/h4>\n<ul>\n<li>Geschwindigkeit erleben und Fliehkr\u00e4fte beherrschen lernen.<\/li>\n<li>Einsch\u00e4tzung und Einsatz der eigenen K\u00f6rperkr\u00e4fte erfahren.<\/li>\n<li>St\u00e4rkung des Durchsetzungsverm\u00f6gens.<\/li>\n<li>Festigung des Selbstvertrauens.<\/li>\n<li>Rennrodeln wird von Aussenstehenden wohl kaum als \u201cFun \u2013 Sportart\u201d angesehen, vermittelt aber ein ganz besonderes \u201c<strong>Fun \u2013 Sport \u2013 Feeling<\/strong>\u201c.<\/li>\n<\/ul>\n<p>Wer sich f\u00fcr den Rodelsport entschlie\u00dft, der sollte langfristig seine Freude daran finden. Das beste Einstiegsalter liegt zwischen 7 und 9 Jahren. Gemeinsam mit erfahrenen \u00dcbungsleitern und aktiven Rodlern wird auf der Kunsteisbahn die Beherrschung des Schlittens trainiert und der Weg zur idealen Fahrlinie gezeigt.<\/p>\n<div class='polaroid-gallery galleryid-3892' style='width:680px;'>\n\t\t\t<a href=\"https:\/\/rrc-schliersee.com\/wordpress\/wp-content\/uploads\/2017\/09\/K\u00f6nigssee.jpg\" title=\"K\u00f6nigssee Rennbahn\" rel=\"polaroid_47923424\" class=\"polaroid-gallery-item\"><span class=\"polaroid-gallery-image\" title=\"RRC Schliersee\" style=\"background-image: url(https:\/\/rrc-schliersee.com\/wordpress\/wp-content\/uploads\/2017\/09\/K\u00f6nigssee-150x150.jpg); width: 150px; height: 150px;\"><\/span><\/a>\n\t\t\t<a href=\"https:\/\/rrc-schliersee.com\/wordpress\/wp-content\/uploads\/2017\/03\/Deutsche-Meisterschaft-Jugend-B-Koenigssee-2017-IMG_0184.jpg\" title=\"Schlitten-Tuning\" rel=\"polaroid_47923424\" class=\"polaroid-gallery-item\"><span class=\"polaroid-gallery-image\" title=\"\" style=\"background-image: url(https:\/\/rrc-schliersee.com\/wordpress\/wp-content\/uploads\/2017\/03\/Deutsche-Meisterschaft-Jugend-B-Koenigssee-2017-IMG_0184-150x150.jpg); width: 150px; height: 150px;\"><\/span><\/a>\n\t\t\t<a href=\"https:\/\/rrc-schliersee.com\/wordpress\/wp-content\/uploads\/2017\/03\/Starke-Jungs_II.jpg\" title=\"Starke Jungs\" rel=\"polaroid_47923424\" class=\"polaroid-gallery-item\"><span class=\"polaroid-gallery-image\" title=\"\" style=\"background-image: url(https:\/\/rrc-schliersee.com\/wordpress\/wp-content\/uploads\/2017\/03\/Starke-Jungs_II-150x150.jpg); width: 150px; height: 150px;\"><\/span><\/a>\n\t\t\t<a href=\"https:\/\/rrc-schliersee.com\/wordpress\/wp-content\/uploads\/2017\/05\/IMG_2862-scaled.jpg\" title=\"Sommertraining\" rel=\"polaroid_47923424\" class=\"polaroid-gallery-item\"><span class=\"polaroid-gallery-image\" title=\"\" style=\"background-image: url(https:\/\/rrc-schliersee.com\/wordpress\/wp-content\/uploads\/2017\/05\/IMG_2862-150x150.jpg); width: 150px; height: 150px;\"><\/span><\/a>\n\t\t\t<br style=\"clear: both;\" \/><\/div>\n\n<p>F\u00fcr die ganze Wintersaison liegt ab Oktober ein fester Terminplan \u00fcber die Trainingszeiten und Wettk\u00e4mpfe vor. So kann die zur Verf\u00fcgung stehende Freizeit gut geplant werden.<br \/>\nRennrodeln ist ein Ganzjahressport geworden. W\u00e4hrend des Sommers wird Konditions- und gezieltes Krafttraining durchgef\u00fchrt.<\/p>\n<p>Bei uns rodeln in erster Linie Kinder und Jugendliche, aber auch so manchen unserer <a href=\"http:\/\/rrc-schliersee.de\/wordpress\/?page_id=89\">Senioren bei den Aktiven<\/a> dr\u00e4ngt es auf die Eisbahn.<a href=\"http:\/\/rrc-schliersee.de\/wordpress\/?page_id=59\"><br \/>\nKontaktieren Sie uns (Link)<\/a> doch bitte, alles Weitere besprechen wir dann gemeinsam.<\/p>\n<hr>\n<h3>Und wie werde ich nun Mitglied?<\/h3>\n<p>Den Aufnahmeantrag und die Datenschutzerkl\u00e4rung f\u00fcr Mitglieder ausf\u00fcllen und an uns schicken oder beim Vorstand abgeben.<br \/>\nBeide Antr\u00e4ge f\u00fcr Neu-Mitglieder finden Sie hier:<\/p>\n<p><a href=\"https:\/\/rrc-schliersee.com\/wordpress\/wp-content\/uploads\/2012\/10\/Icon_PDF.gif\"><img loading=\"lazy\" decoding=\"async\" class=\"alignnone size-full wp-image-709\" src=\"https:\/\/rrc-schliersee.com\/wordpress\/wp-content\/uploads\/2012\/10\/Icon_PDF.gif\" alt=\"\" width=\"46\" height=\"48\"><\/a><a href=\"http:\/\/rrc-schliersee.de\/wordpress\/?page_id=3383\">&nbsp;Aufnahmeantrag und Datenschutzerkl\u00e4rung Mitglieder RRC Schliersee<\/a><\/p>\n<p>&nbsp;<\/p>\n<p>Und was kostet der Spa\u00df? Mehr Informationen zur Mitgliedschaft, zu Vereinsbeitr\u00e4gen, Leihgeb\u00fchren usw. lesen Sie hier:<\/p>\n<p><a href=\"https:\/\/rrc-schliersee.com\/wordpress\/wp-content\/uploads\/2012\/10\/Icon_PDF.gif\"><img loading=\"lazy\" decoding=\"async\" class=\"alignnone size-full wp-image-709\" src=\"https:\/\/rrc-schliersee.com\/wordpress\/wp-content\/uploads\/2012\/10\/Icon_PDF.gif\" alt=\"\" width=\"46\" height=\"48\"><\/a><a href=\"http:\/\/rrc-schliersee.de\/wordpress\/?page_id=3383\">&nbsp;Geb\u00fchren<\/a><\/p>\n<p>Bei Fragen <a href=\"http:\/\/rrc-schliersee.de\/wordpress\/?page_id=59\">kontaktieren<\/a> Sie uns bitte.<\/p>\n<p><a name=\"Info\"><\/a><\/p>\n<hr>\n","protected":false},"excerpt":{"rendered":"<p>Wollen Sie Mitglied im RRC Schliersee werden? Wollen Sie aktiv Rennrodeln als Leistungssport betreiben? Sind Sie ehemaliger Rodler und wollen wieder in einem aktiven Verein mitmachen und auch mal wieder auf die Eisbahn zur\u00fcck? Wollen Sie sich aktiv im Verein einbringen und in der Jugendarbeit mitwirken? Haben Sie Interesse, in einem Verein aktiv oder vielleicht auch nur passiv mitzuwirken und durch ihren Mitgliedsbetrag die Vereinsarbeit zu unterst\u00fctzen? Dann hei\u00dfen wir&hellip;<\/p>\n","protected":false},"author":3,"featured_media":0,"parent":89,"menu_order":10,"comment_status":"closed","ping_status":"closed","template":"","meta":{"ngg_post_thumbnail":0,"footnotes":""},"class_list":["post-3892","page","type-page","status-publish","hentry"],"_links":{"self":[{"href":"https:\/\/rrc-schliersee.com\/wordpress\/wp-json\/wp\/v2\/pages\/3892","targetHints":{"allow":["GET"]}}],"collection":[{"href":"https:\/\/rrc-schliersee.com\/wordpress\/wp-json\/wp\/v2\/pages"}],"about":[{"href":"https:\/\/rrc-schliersee.com\/wordpress\/wp-json\/wp\/v2\/types\/page"}],"author":[{"embeddable":true,"href":"https:\/\/rrc-schliersee.com\/wordpress\/wp-json\/wp\/v2\/users\/3"}],"replies":[{"embeddable":true,"href":"https:\/\/rrc-schliersee.com\/wordpress\/wp-json\/wp\/v2\/comments?post=3892"}],"version-history":[{"count":13,"href":"https:\/\/rrc-schliersee.com\/wordpress\/wp-json\/wp\/v2\/pages\/3892\/revisions"}],"predecessor-version":[{"id":5597,"href":"https:\/\/rrc-schliersee.com\/wordpress\/wp-json\/wp\/v2\/pages\/3892\/revisions\/5597"}],"up":[{"embeddable":true,"href":"https:\/\/rrc-schliersee.com\/wordpress\/wp-json\/wp\/v2\/pages\/89"}],"wp:attachment":[{"href":"https:\/\/rrc-schliersee.com\/wordpress\/wp-json\/wp\/v2\/media?parent=3892"}],"curies":[{"name":"wp","href":"https:\/\/api.w.org\/{rel}","templated":true}]}}