{"id":4615,"date":"2019-06-07T06:00:10","date_gmt":"2019-06-07T05:00:10","guid":{"rendered":"http:\/\/rrc-schliersee.de\/wordpress\/?page_id=4615"},"modified":"2023-10-24T15:50:52","modified_gmt":"2023-10-24T14:50:52","slug":"ergebnisse-2019","status":"publish","type":"page","link":"https:\/\/rrc-schliersee.com\/wordpress\/ergebnisse\/archiv-2022-2015\/ergebnisse-2019\/","title":{"rendered":"Ergebnisse 2019"},"content":{"rendered":"<h1>Die Rennergebnisse der Saison 2018 \/ 2019<\/h1>\n<p>01. Oktober 2018 bis 30.09. 2019<\/p>\n<hr>\n<h2 id=\"cc-m-header-14893616124\" class=\"\">3. Bay. Meisterschaft im Radlschlitten 2019<\/h2>\n<p>Ausf\u00fchrlicher Bericht Sportverein Bad Feilnbach&nbsp; <a href=\"https:\/\/www.svbf.de\/rodeln\/radlschlitten\/\" target=\"_blank\" rel=\"noopener noreferrer\">https:\/\/www.svbf.de\/rodeln\/radlschlitten\/<\/a><\/p>\n<p><img loading=\"lazy\" decoding=\"async\" class=\"downloadImage\" src=\"https:\/\/assets.jimstatic.com\/s\/img\/cc\/icons\/pdf.png\" alt=\"Download\" width=\"51\" height=\"51\"><a href=\"http:\/\/rrc-schliersee.com\/wordpress\/wp-content\/uploads\/20190530-Bay.-Meisterschaft-Radlschlitten-Ergebnisse.pdf\" target=\"_blank\" rel=\"noopener noreferrer\">20190530 Bay. Meisterschaft Radlschlitten Ergebnisse.pdf<\/a> (<span class=\"cc-m-download-file-size\">507.2 KB)<\/span><\/p>\n<p><a href=\"http:\/\/rrc-schliersee.com\/wordpress\/wp-content\/uploads\/snip_20190607071800.jpg\"><img loading=\"lazy\" decoding=\"async\" class=\"alignnone wp-image-5030 size-medium\" src=\"http:\/\/rrc-schliersee.com\/wordpress\/wp-content\/uploads\/snip_20190607071800-213x300.jpg\" alt=\"\" width=\"213\" height=\"300\" srcset=\"https:\/\/rrc-schliersee.com\/wordpress\/wp-content\/uploads\/snip_20190607071800-213x300.jpg 213w, https:\/\/rrc-schliersee.com\/wordpress\/wp-content\/uploads\/snip_20190607071800-768x1081.jpg 768w, https:\/\/rrc-schliersee.com\/wordpress\/wp-content\/uploads\/snip_20190607071800-728x1024.jpg 728w, https:\/\/rrc-schliersee.com\/wordpress\/wp-content\/uploads\/snip_20190607071800.jpg 877w\" sizes=\"auto, (max-width: 213px) 100vw, 213px\" \/><\/a><\/p>\n<hr>\n<h2>Zum Saisonfinale nochmal auf\u00b4s Stockerl<\/h2>\n<p><sub>Uli M\u00fcller, Schriftf\u00fchrer RRC, <span id=\":pf\" class=\"g3\" tabindex=\"-1\" title=\"03.03.2019, 11:44\" role=\"gridcell\">03.03.2019<\/span><\/sub><\/p>\n<p>Die letzten Rennen der Saison sind von den Athleten des RRC wieder erfolgreich beendet worden.<br \/>\nIn Oberhof fand der Deutsche Jugendcup der Junioren\/Jugend A statt. Niklas Fricke (Junioren B) rodelte dort auf Rang 5. Mathias Gro\u00df und Annika Krause (beide Jugend A) erreichten die Pl\u00e4tze 12 und 9. Im Doppel mit ihrer Partnerin Magdalena Matschina (SV Bad Feilnbach) konnte Annika deutlicher mit Platz 2 punkten. In Winterberg zeigten die beiden ihr volles Potential und holten den Deutschen Meistertitel ins Oberland.<br \/>\nBei der Einzelwertung der Deutschen Meisterschaft ergab sich folgende Platzierung: Niklas 5, Mathias 9 und Annika 11. Die j\u00fcngeren Sportler der Jugend B-D fuhren zum K\u00f6nigsseeCup ins Berchtesgadener Land. Auch dort konnten ein Sieg und Stockerlpl\u00e4tze verbucht werden. Marco Leger (Jug B) rodelte routiniert auf Rang 1, Florent Avdijaj erreichte Platz 3. Philipp Kn\u00f6bl (Jug D) &nbsp;setzte sich mit Platz 3 durch, ebenso wie Isabella Lucht. Simon Greipl fuhr auf Rang 5. Kilian Pangerl durfte leider krankheitsbedingt immer noch nicht teilnehmen. Schnell unterwegs war Henriette Wenzel in der Kreiselklasse. Nach dem letzten Rennen wollte die 7-j\u00e4hrige mehr und machte mit ihrer Behauptung und Platz 4 Ernst. Cheftrainer Hermann M\u00fcller fa\u00dfte die gro\u00dfartigen Leistungen dieser Saison mit einer Verbeugung und einem \u201eChapeau\u201c vor seinen Sch\u00fctzlingen zusammen. &nbsp;<br \/>\n<sub><br \/>\n<\/sub><\/p>\n<hr>\n<header class=\"entry-header\"><\/header>\n<header class=\"entry-header\">\n<h2>Deutsche Meisterschaft Jugend A &amp; Junioren B Rennschlitten- und Bobbahn Oberhof<\/h2>\n<p><img loading=\"lazy\" decoding=\"async\" class=\"alignnone size-full wp-image-709\" src=\"http:\/\/rrc-schliersee.de\/wordpress\/wp-content\/uploads\/2012\/10\/Icon_PDF.gif\" alt=\"\" width=\"46\" height=\"48\"> <a href=\"http:\/\/rrc-schliersee.de\/wordpress\/wp-content\/uploads\/Ergebnisse_DM_Jug_A.pdf\" target=\"_blank\" rel=\"noopener noreferrer\">Ergebnisse_DM_Jug_A.pdf<\/a><\/p>\n<hr>\n<h2>K\u00f6nigssee Cup 2019<\/h2>\n<p><img loading=\"lazy\" decoding=\"async\" class=\"alignnone size-full wp-image-709\" src=\"http:\/\/rrc-schliersee.de\/wordpress\/wp-content\/uploads\/2012\/10\/Icon_PDF.gif\" alt=\"\" width=\"46\" height=\"48\"> <a href=\"http:\/\/rrc-schliersee.de\/wordpress\/wp-content\/uploads\/Ergebnisse-K\u00f6nigssee-Cup.pdf\" target=\"_blank\" rel=\"noopener noreferrer\">Ergebnisse K\u00f6nigssee Cup.pdf<\/a><\/p>\n<hr>\n<h2>Deutscher Cup 2019 im Rennrodeln in Winterberg<\/h2>\n<p><img loading=\"lazy\" decoding=\"async\" class=\"alignnone size-full wp-image-709\" src=\"http:\/\/rrc-schliersee.de\/wordpress\/wp-content\/uploads\/2012\/10\/Icon_PDF.gif\" alt=\"\" width=\"46\" height=\"48\"> <a href=\"http:\/\/rrc-schliersee.de\/wordpress\/wp-content\/uploads\/Ausschreibung-Dt-Cup-JugA-Jun-Rodel-20191.pdf\">Ausschreibung Dt Cup JugA Jun Rodel 2019(1).pdf<\/a><\/p>\n<p><img loading=\"lazy\" decoding=\"async\" class=\"alignnone size-full wp-image-709\" src=\"http:\/\/rrc-schliersee.de\/wordpress\/wp-content\/uploads\/2012\/10\/Icon_PDF.gif\" alt=\"\" width=\"46\" height=\"48\"> <a href=\"http:\/\/rrc-schliersee.de\/wordpress\/wp-content\/uploads\/Dt-JugA-JunB-Cup-Rennrodel-Doppelsitzer-JugA-weiblich.pdf\">Dt JugA-JunB Cup Rennrodel &#8211; Doppelsitzer &#8211; JugA weiblich.pdf<\/a><\/p>\n<p><img loading=\"lazy\" decoding=\"async\" class=\"alignnone size-full wp-image-709\" src=\"http:\/\/rrc-schliersee.de\/wordpress\/wp-content\/uploads\/2012\/10\/Icon_PDF.gif\" alt=\"\" width=\"46\" height=\"48\"> <a href=\"http:\/\/rrc-schliersee.de\/wordpress\/wp-content\/uploads\/Dt-JugA-JunB-Cup-Rennrodel-JugA-m\u00e4nnlich.pdf\">Dt JugA-JunB Cup Rennrodel &#8211; JugA m\u00e4nnlich.pdf<\/a><\/p>\n<p><img loading=\"lazy\" decoding=\"async\" class=\"alignnone size-full wp-image-709\" src=\"http:\/\/rrc-schliersee.de\/wordpress\/wp-content\/uploads\/2012\/10\/Icon_PDF.gif\" alt=\"\" width=\"46\" height=\"48\"> <a href=\"http:\/\/rrc-schliersee.de\/wordpress\/wp-content\/uploads\/Dt-JugA-JunB-Cup-Rennrodel-JunB-m\u00e4nnlich.pdf\">Dt JugA-JunB Cup Rennrodel &#8211; JunB m\u00e4nnlich.pdf<\/a><\/p>\n<hr>\n<h2>Die Erfolgsserie reisst nicht ab<\/h2>\n<div class=\"entry-meta\"><span class=\"posted-on\"><time class=\"entry-date published updated\" datetime=\"2019-02-19T13:02:35+00:00\">19. Februar 2019<\/time><\/span><\/div>\n<\/header>\n<div class=\"entry-content\">\n<p>Die Athleten des RRC sind auf allen deutschen Bahnen und in \u00d6sterreich \u00fcberzeugend unterwegs.<\/p>\n<p>Niklas Fricke, der sich f\u00fcr den Junioren- Weltcup qualifiziert hatte, konnte in Winterberg gleich mit Platz 9 aufwarten. Beim zweiten Rennen in Oberhof legte er mit Platz 11 nach.<br \/>\nMarco Leger (Jug B) stellte sich der nationalen&nbsp; Konkurrenz zur deutschen Meisterschaft in Altenberg und wurde 2.&nbsp;&nbsp;<br \/>\nBeim deutsche Jugendcup in K\u00f6nigssee versuchte er, den Heimvorteil zu nutzen und machte es richtig spannend. Der sp\u00e4te Termin hat dem Eis dank der K\u00e4lte nicht geschadet. Im Qualifying noch zweiter, sicherte er sich in 2 Rennl\u00e4ufen mit knappen 6 Tausendstel Vorsprung den Sieg.<br \/>\nSein leider verletzter Teamkollege Kilian Pangerl ( der eigentlich in Innsbruck starten sollte) nahm seine Fanrolle sehr ernst und feuerte Marco kr\u00e4ftig an.<br \/>\nFlorent Avdijaj (Jug B) rodelte dort auf Rang 16.Innsbruck\/Igls lud zur internationalen Weltjugendchallenge ein.<br \/>\nSieben Nationen verglichen ihr K\u00f6nnen. Auch von dort sind Pokale mit nach Hause gefahren.<br \/>\nBei sch\u00f6nstem Wetter und optimalen Eisbedingungen erreichte Mathias Gro\u00df (Jug A)&nbsp; den 3. Rang, Annika Krause (JugA) hat das Stockerl knapp verpasst. Nach dem ersten Lauf noch in F\u00fchrung, waren die Probleme im 2. Lauf so gro\u00df, dass sie auf Platz 4 zur\u00fcckfiel.<br \/>\nBei den Startern in der Jugend D wurden den beiden Top-Ten-Pl\u00e4tzen von Simon Greipl (10. Platz) und Isabella Lucht (7. Platz) das Sahneh\u00e4ubchen von Philipp Kn\u00f6bl mit einem Sieg aufgesetzt.<br \/>\nVon Trainer Hermann M\u00fcller wird die Leistung der \u201eKleinen \u201c besonders hervorgehoben: \u201c sich gegen ein so gro\u00dfes Starterfeld von \u00fcber 20 Teilnehmern zu behaupten ist schon besonders! Stolz bin ich auf alle, diese Saison war bis jetzt erfolgreicher denn je!\u201c&nbsp;&nbsp;<\/p>\n<\/div>\n<h2>Zwergerlcup 2019 in K\u00f6nigssee<\/h2>\n<p><img loading=\"lazy\" decoding=\"async\" class=\"alignnone size-full wp-image-709\" src=\"http:\/\/rrc-schliersee.de\/wordpress\/wp-content\/uploads\/2012\/10\/Icon_PDF.gif\" alt=\"\" width=\"46\" height=\"48\"> <a href=\"http:\/\/rrc-schliersee.de\/wordpress\/wp-content\/uploads\/Zwergerlcup.pdf\">Zwergerlcup 2019 K\u00f6nigssee.pdf<\/a><\/p>\n<h2>Welt-Jugend-Challenge 2019 Innbruck-Igls<\/h2>\n<p><img loading=\"lazy\" decoding=\"async\" class=\"alignnone size-full wp-image-709\" src=\"http:\/\/rrc-schliersee.de\/wordpress\/wp-content\/uploads\/2012\/10\/Icon_PDF.gif\" alt=\"\" width=\"46\" height=\"48\"> <a href=\"http:\/\/rrc-schliersee.de\/wordpress\/wp-content\/uploads\/WJCH-Ergebnis_Rennen_Jugend-D-weiblich_16.02.19.pdf\">WJCH Ergebnis_Rennen_Jugend D weiblich_16.02.19.pdf<\/a><\/p>\n<p><img loading=\"lazy\" decoding=\"async\" class=\"alignnone size-full wp-image-709\" src=\"http:\/\/rrc-schliersee.de\/wordpress\/wp-content\/uploads\/2012\/10\/Icon_PDF.gif\" alt=\"\" width=\"46\" height=\"48\"> <a href=\"http:\/\/rrc-schliersee.de\/wordpress\/wp-content\/uploads\/WJCH-Ergebnis_Rennen_Jugend-D-m\u00e4nnlich_16.02.19.pdf\">WJCH Ergebnis_Rennen_Jugend D m\u00e4nnlich_16.02.19.pdf<\/a><\/p>\n<p><img loading=\"lazy\" decoding=\"async\" class=\"alignnone size-full wp-image-709\" src=\"http:\/\/rrc-schliersee.de\/wordpress\/wp-content\/uploads\/2012\/10\/Icon_PDF.gif\" alt=\"\" width=\"46\" height=\"48\"> <a href=\"http:\/\/rrc-schliersee.de\/wordpress\/wp-content\/uploads\/WJCH-Ergebnis_Rennen_Jugend-A-weiblich_17.02.19.pdf\">WJCH Ergebnis_Rennen_Jugend A weiblich_17.02.19.pdf<\/a><\/p>\n<p><img loading=\"lazy\" decoding=\"async\" class=\"alignnone size-full wp-image-709\" src=\"http:\/\/rrc-schliersee.de\/wordpress\/wp-content\/uploads\/2012\/10\/Icon_PDF.gif\" alt=\"\" width=\"46\" height=\"48\"> <a href=\"http:\/\/rrc-schliersee.de\/wordpress\/wp-content\/uploads\/WJCH-Ergebnis_Rennen_Jugend-A-m\u00e4nnlich_17.02.19.pdf\">WJCH Ergebnis_Rennen_Jugend A m\u00e4nnlich_17.02.19.pdf<\/a><\/p>\n<hr>\n<h2>Deutscher Jugend Cup K\u00f6nigssee 2019<\/h2>\n<p><img loading=\"lazy\" decoding=\"async\" class=\"alignnone size-full wp-image-709\" src=\"http:\/\/rrc-schliersee.de\/wordpress\/wp-content\/uploads\/2012\/10\/Icon_PDF.gif\" alt=\"\" width=\"46\" height=\"48\"> <a href=\"http:\/\/rrc-schliersee.de\/wordpress\/wp-content\/uploads\/DCJ-Rodel.pdf\">DCJ-Rodel 2019.pdf<\/a><\/p>\n<hr>\n<h2>Ergebnisse Breitensport-Serie 2018 \/ 2019<\/h2>\n<p><img loading=\"lazy\" decoding=\"async\" class=\"alignnone size-full wp-image-709\" src=\"http:\/\/rrc-schliersee.de\/wordpress\/wp-content\/uploads\/2012\/10\/Icon_PDF.gif\" alt=\"\" width=\"46\" height=\"48\"> <a href=\"http:\/\/rrc-schliersee.de\/wordpress\/wp-content\/uploads\/Ergebnis-BSD-Pokal-Saison-2018-2019_Gesamtwertung.pdf\">Ergebnis-BSD-Pokal-Saison-2018-2019_Gesamtwertung.pdf<\/a><\/p>\n<p>Christian Schlegel vom RRC Schliersee hat die Gesamtwertung im BSD Pokal sowohl im Doppel als auch im Einzel gewonnen<\/p>\n<p><img loading=\"lazy\" decoding=\"async\" class=\"alignnone size-full wp-image-709\" src=\"http:\/\/rrc-schliersee.de\/wordpress\/wp-content\/uploads\/2012\/10\/Icon_PDF.gif\" alt=\"\" width=\"46\" height=\"48\"> <a href=\"http:\/\/rrc-schliersee.de\/wordpress\/wp-content\/uploads\/Ergebnis-Sachsenmeisterschaften-Senioren-Breitensport-27.01.2019.pdf\">Ergebnis-Sachsenmeisterschaften-Senioren-Breitensport-27.01.2019.pdf<\/a><\/p>\n<p>Christian Schlegel vom RRC Schliersee war in Altenberg Tagesschnellster vor Tobias Heinze, gewinnt Doppel und Einzel<\/p>\n<p><a href=\"http:\/\/rrc-schliersee.de\/wordpress\/?page_id=4684\">[Bilder&#8230;]<\/a><\/p>\n<hr>\n<h2>BSD-Pokal 2019 in K\u00f6nigssee<\/h2>\n<p><img loading=\"lazy\" decoding=\"async\" class=\"alignnone size-full wp-image-709\" src=\"http:\/\/rrc-schliersee.de\/wordpress\/wp-content\/uploads\/2012\/10\/Icon_PDF.gif\" alt=\"\" width=\"46\" height=\"48\"> <a href=\"http:\/\/rrc-schliersee.de\/wordpress\/wp-content\/uploads\/BSD_Pokal-2019.pdf\">BSD_Pokal 2019.pdf<\/a><\/p>\n<p>Trainer Hermann M\u00fcller: &#8222;die Ergebnisse vom BSD Pokal Christian mit 2 x 47,7 Sekunden Erster und Tagesschnellster. Im Doppel auch Erster. Nino hat nach Sturz im 2 Lauf im Jenner den Schlitten duch den Kreisel geschoben und ist mit Schlitten ins Ziel gekommen 3 Platz.&#8220;<\/p>\n<p><a href=\"http:\/\/rrc-schliersee.de\/wordpress\/?page_id=4684\">[Bilder&#8230;]<\/a><\/p>\n<hr>\n<h2>23. Blankenburger Raubgrafenpokal in Winterberg<\/h2>\n<p><img loading=\"lazy\" decoding=\"async\" class=\"alignnone size-full wp-image-709\" src=\"http:\/\/rrc-schliersee.de\/wordpress\/wp-content\/uploads\/2012\/10\/Icon_PDF.gif\" alt=\"\" width=\"46\" height=\"48\"> <a href=\"http:\/\/rrc-schliersee.de\/wordpress\/wp-content\/uploads\/23.-Blankenburger-Raubgrafen-Pokal.pdf\">23. Blankenburger Raubgrafen Pokal.pdf<\/a><\/p>\n<p>Trainer Hermann M\u00fcller: &#8222;Raufgrafenpokal Winterberg Christian Ester im Einzel und Doppel sind dann in Altenberg&#8220;<\/p>\n<p><a href=\"http:\/\/rrc-schliersee.de\/wordpress\/?page_id=4684\">[Bilder&#8230;]<\/a><\/p>\n<hr>\n<h2>Bayrische Meisterschaft 2018 \/ 2019 in K\u00f6nigssee<\/h2>\n<p>vom 26. bis 28.12.2018<\/p>\n<p><img loading=\"lazy\" decoding=\"async\" class=\"alignnone size-full wp-image-709\" src=\"http:\/\/rrc-schliersee.de\/wordpress\/wp-content\/uploads\/2012\/10\/Icon_PDF.gif\" alt=\"\" width=\"46\" height=\"48\"> <a href=\"http:\/\/rrc-schliersee.de\/wordpress\/wp-content\/uploads\/2018-BM-Ergebnisliste-Kreisel.pdf\" target=\"_blank\" rel=\"noopener noreferrer\">2018 BM Ergebnisliste Kreisel.pdf<\/a><\/p>\n<p><img loading=\"lazy\" decoding=\"async\" class=\"alignnone size-full wp-image-709\" src=\"http:\/\/rrc-schliersee.de\/wordpress\/wp-content\/uploads\/2012\/10\/Icon_PDF.gif\" alt=\"\" width=\"46\" height=\"48\"> <a href=\"http:\/\/rrc-schliersee.de\/wordpress\/wp-content\/uploads\/2018-BM-Ergebnis-Junioren-Jugend.pdf\" target=\"_blank\" rel=\"noopener noreferrer\">2018 BM Ergebnis Junioren &amp; Jugend.pdf<\/a><\/p>\n<p><img loading=\"lazy\" decoding=\"async\" class=\"alignnone size-full wp-image-709\" src=\"http:\/\/rrc-schliersee.de\/wordpress\/wp-content\/uploads\/2012\/10\/Icon_PDF.gif\" alt=\"\" width=\"46\" height=\"48\"> <a href=\"http:\/\/rrc-schliersee.de\/wordpress\/wp-content\/uploads\/2018-BM-Ergebnisliste-Senioren.pdf\" target=\"_blank\" rel=\"noopener noreferrer\">2018 BM Ergebnisliste Senioren.pdf<\/a><\/p>\n<p><a href=\"http:\/\/rrc-schliersee.de\/wordpress\/?page_id=4684\">[Bilder&#8230;]<\/a><\/p>\n<hr>\n<h2>Bayern-Cup Jugend B K\u00f6nigssee<\/h2>\n<p>22.12.2018<\/p>\n<p><img loading=\"lazy\" decoding=\"async\" class=\"alignnone size-full wp-image-709\" src=\"http:\/\/rrc-schliersee.de\/wordpress\/wp-content\/uploads\/2012\/10\/Icon_PDF.gif\" alt=\"\" width=\"46\" height=\"48\"> <a href=\"http:\/\/rrc-schliersee.de\/wordpress\/wp-content\/uploads\/Bayern-Cup-Jugend-B-K\u00f6nigssee-2018-12-22.pdf\" target=\"_blank\" rel=\"noopener noreferrer\">Bayern-Cup Jugend B K\u00f6nigssee 2018-12-22.pdf<\/a><\/p>\n<p><a href=\"http:\/\/rrc-schliersee.de\/wordpress\/?page_id=4684\">[Bilder&#8230;]<\/a><\/p>\n<hr>\n<h2><strong>Ergebnisse Oberhof<\/strong><\/h2>\n<p>Christian Schlegel Einzel Platz 2 hinter Tobis Heinze Junioren Europameister ,der unseren Breitensportlern pro Lauf am Start bereits 3 zehntel abgenommen hat<\/p>\n<p>Christian Schlegel Doppel Platz 1<\/p>\n<p>Reiner Schlegel Einzel Platz 4<\/p>\n<p><img loading=\"lazy\" decoding=\"async\" class=\"alignnone size-full wp-image-709\" src=\"http:\/\/rrc-schliersee.de\/wordpress\/wp-content\/uploads\/2012\/10\/Icon_PDF.gif\" alt=\"\" width=\"46\" height=\"48\"> <a href=\"http:\/\/rrc-schliersee.de\/wordpress\/wp-content\/uploads\/Ergebnisse_TM_Breitensport.pdf\">Ergebnisse_TM_Breitensport.pdf<\/a><\/p>\n<p><a href=\"http:\/\/rrc-schliersee.de\/wordpress\/?page_id=4684\">[Bilder&#8230;]<\/a><\/p>\n<hr>\n<h2><strong>BSD NK2 Kaderlehrgang Rennrodel <\/strong><\/h2>\n<p><strong>Testrennen &#8211; m\u00e4nnlich &#8211; Doppelstart 08.12.2018<br \/>\nVELTINS-EisArena Winterberg<br \/>\n<\/strong><\/p>\n<p><img loading=\"lazy\" decoding=\"async\" class=\"alignnone size-full wp-image-709\" src=\"http:\/\/rrc-schliersee.de\/wordpress\/wp-content\/uploads\/2012\/10\/Icon_PDF.gif\" alt=\"\" width=\"46\" height=\"48\"><a href=\"http:\/\/rrc-schliersee.de\/wordpress\/wp-content\/uploads\/BSD-Lehrgang-Rodeln-DC-Test-m\u00e4nnlich.pdf\" target=\"_blank\" rel=\"noopener noreferrer\">&nbsp;BSD Lehrgang Rodeln DC Test m\u00e4nnlich.pdf<\/a><\/p>\n<p><strong>BSD NK2 Kaderlehrgang Rennrodel Testrennen &#8211; Doppel &#8211; Kreisel 08.12.2018<br \/>\nVELTINS-EisArena Winterberg<br \/>\n<\/strong><\/p>\n<p><img loading=\"lazy\" decoding=\"async\" class=\"alignnone size-full wp-image-709\" src=\"http:\/\/rrc-schliersee.de\/wordpress\/wp-content\/uploads\/2012\/10\/Icon_PDF.gif\" alt=\"\" width=\"46\" height=\"48\"><a href=\"http:\/\/rrc-schliersee.de\/wordpress\/wp-content\/uploads\/BSD-Lehrgang-Rodeln-DC-Test-Doppelsitzer-weiblich.pdf\" target=\"_blank\" rel=\"noopener noreferrer\">&nbsp;BSD Lehrgang Rodeln DC Test Doppelsitzer weiblich.pdf<\/a><\/p>\n<p><a href=\"http:\/\/rrc-schliersee.de\/wordpress\/?page_id=4684\">[Bilder&#8230;]<\/a><\/p>\n<hr>\n<p>&nbsp;<\/p>\n","protected":false},"excerpt":{"rendered":"<p>Die Rennergebnisse der Saison 2018 \/ 2019 01. Oktober 2018 bis 30.09. 2019 3. Bay. Meisterschaft im Radlschlitten 2019 Ausf\u00fchrlicher Bericht Sportverein Bad Feilnbach&nbsp; https:\/\/www.svbf.de\/rodeln\/radlschlitten\/ 20190530 Bay. Meisterschaft Radlschlitten Ergebnisse.pdf (507.2 KB) Zum Saisonfinale nochmal auf\u00b4s Stockerl Uli M\u00fcller, Schriftf\u00fchrer RRC, 03.03.2019 Die letzten Rennen der Saison sind von den Athleten des RRC wieder erfolgreich beendet worden. In Oberhof fand der Deutsche Jugendcup der Junioren\/Jugend A statt. Niklas Fricke (Junioren&hellip;<\/p>\n","protected":false},"author":3,"featured_media":0,"parent":6239,"menu_order":19,"comment_status":"closed","ping_status":"closed","template":"","meta":{"ngg_post_thumbnail":0,"footnotes":""},"class_list":["post-4615","page","type-page","status-publish","hentry"],"_links":{"self":[{"href":"https:\/\/rrc-schliersee.com\/wordpress\/wp-json\/wp\/v2\/pages\/4615","targetHints":{"allow":["GET"]}}],"collection":[{"href":"https:\/\/rrc-schliersee.com\/wordpress\/wp-json\/wp\/v2\/pages"}],"about":[{"href":"https:\/\/rrc-schliersee.com\/wordpress\/wp-json\/wp\/v2\/types\/page"}],"author":[{"embeddable":true,"href":"https:\/\/rrc-schliersee.com\/wordpress\/wp-json\/wp\/v2\/users\/3"}],"replies":[{"embeddable":true,"href":"https:\/\/rrc-schliersee.com\/wordpress\/wp-json\/wp\/v2\/comments?post=4615"}],"version-history":[{"count":33,"href":"https:\/\/rrc-schliersee.com\/wordpress\/wp-json\/wp\/v2\/pages\/4615\/revisions"}],"predecessor-version":[{"id":5067,"href":"https:\/\/rrc-schliersee.com\/wordpress\/wp-json\/wp\/v2\/pages\/4615\/revisions\/5067"}],"up":[{"embeddable":true,"href":"https:\/\/rrc-schliersee.com\/wordpress\/wp-json\/wp\/v2\/pages\/6239"}],"wp:attachment":[{"href":"https:\/\/rrc-schliersee.com\/wordpress\/wp-json\/wp\/v2\/media?parent=4615"}],"curies":[{"name":"wp","href":"https:\/\/api.w.org\/{rel}","templated":true}]}}