{"id":4684,"date":"2019-03-26T06:00:47","date_gmt":"2019-03-26T05:00:47","guid":{"rendered":"http:\/\/rrc-schliersee.de\/wordpress\/?page_id=4684"},"modified":"2020-12-01T15:15:17","modified_gmt":"2020-12-01T14:15:17","slug":"bilder-2019","status":"publish","type":"page","link":"https:\/\/rrc-schliersee.com\/wordpress\/multimedia\/bilder-2019\/","title":{"rendered":"Bilder 2019"},"content":{"rendered":"<h2>Rennsaison 2018\/19 <a href=\"http:\/\/rrc-schliersee.de\/wordpress\/wp-content\/uploads\/2017\/12\/RRC-Schliersee-Weihnacht-2017.jpg\"><img loading=\"lazy\" decoding=\"async\" class=\"alignnone wp-image-3701 size-medium\" src=\"https:\/\/rrc-schliersee.com\/wordpress\/wp-content\/uploads\/2017\/12\/RRC-Schliersee-Weihnacht-2017-300x95.jpg\" alt=\"\" width=\"300\" height=\"95\" srcset=\"https:\/\/rrc-schliersee.com\/wordpress\/wp-content\/uploads\/2017\/12\/RRC-Schliersee-Weihnacht-2017-300x95.jpg 300w, https:\/\/rrc-schliersee.com\/wordpress\/wp-content\/uploads\/2017\/12\/RRC-Schliersee-Weihnacht-2017-768x244.jpg 768w, https:\/\/rrc-schliersee.com\/wordpress\/wp-content\/uploads\/2017\/12\/RRC-Schliersee-Weihnacht-2017.jpg 977w\" sizes=\"auto, (max-width: 300px) 100vw, 300px\" \/><\/a><\/h2>\n<p>&nbsp;<\/p>\n<h2>K\u00f6nigssee Cup 2019<\/h2>\n[<a href=\"http:\/\/rrc-schliersee.de\/wordpress\/?page_id=4615\">Ergebnisse\u2026<\/a>]\nngg_shortcode_0_placeholder\n<h2>Sachsenmeisterschaften-Senioren-Breitensport Altenberg<\/h2>\n<p>27.01.2019 [<a href=\"http:\/\/rrc-schliersee.de\/wordpress\/?page_id=4615\">Ergebnisse\u2026<\/a>]<strong><br \/>\n<\/strong><\/p>\nngg_shortcode_1_placeholder\n<hr>\n<h2>Bayern-Cup Jugend B K\u00f6nigssee<\/h2>\n<p>22.12.2018 [<a href=\"http:\/\/rrc-schliersee.de\/wordpress\/?page_id=4615\">Ergebnisse&#8230;<\/a>]<strong><br \/>\n<\/strong><\/p>\nngg_shortcode_2_placeholder\n<hr>\n<h2>Bayrische Meisterschaft 2018 \/ 2019 in K\u00f6nigssee<\/h2>\n<p>vom 26. bis 28.12.2018 [<a href=\"http:\/\/rrc-schliersee.de\/wordpress\/?page_id=4615\">Ergebnisse&#8230;<\/a>]\nngg_shortcode_3_placeholder\n<hr>\n<p>A<a href=\"http:\/\/rrc-schliersee.de\/wordpress\/wp-content\/uploads\/2016\/04\/Rodellogo-512x512.jpg\"><img loading=\"lazy\" decoding=\"async\" class=\"alignright wp-image-1986 size-medium\" src=\"http:\/\/rrc-schliersee.de\/wordpress\/wp-content\/uploads\/2016\/04\/Rodellogo-512x512-300x300.jpg\" alt=\"\" width=\"300\" height=\"300\" srcset=\"https:\/\/rrc-schliersee.com\/wordpress\/wp-content\/uploads\/2016\/04\/Rodellogo-512x512-300x300.jpg 300w, https:\/\/rrc-schliersee.com\/wordpress\/wp-content\/uploads\/2016\/04\/Rodellogo-512x512-150x150.jpg 150w, https:\/\/rrc-schliersee.com\/wordpress\/wp-content\/uploads\/2016\/04\/Rodellogo-512x512.jpg 512w\" sizes=\"auto, (max-width: 300px) 100vw, 300px\" \/><\/a>lle hier verf\u00fcgbaren multimedialen Inhalte werden Ihnen mit freundlicher Genehmigung des RRC Schliersee pr\u00e4sentiert.<br \/>\nWenn Sie Bilder, Videos oder Songs f\u00fcr eigene Zwecke verwenden wollen, <a title=\"Kontakt\" href=\"http:\/\/rrc-schliersee.de\/wordpress\/?page_id=59\"><br \/>\nfragen Sie uns <\/a>bitte vorher!<\/p>\n<hr>\n<p>Wenn Sie ihre Bilder mit Bezug zum RRC Schliersee hier sehen wollen, schicken Sie sie bitte per email an die unten angegebene email-Adresse oder wenden Sie sich an einen unserer <a title=\"Kontakt\" href=\"http:\/\/rrc-schliersee.de\/wordpress\/?page_id=59\">Ansprechpartner<\/a><br \/>\n<img loading=\"lazy\" decoding=\"async\" title=\"email\" src=\"http:\/\/rrc-schliersee.de\/wordpress\/wp-content\/uploads\/2012\/10\/email.jpg\" alt=\"email\" width=\"172\" height=\"28\"><\/p>\n<hr>\n<p>Der RRC Schliersee untersagt hiermit ausdr\u00fccklich jede nicht autorisierte Verwendung von Inhalten der Domain <a href=\"http:\/\/rrc-schliersee.de\">www.rrc-schliersee.de<\/a> und der dazu geh\u00f6rigen Webseiten sowie der gespeicherten Dateien.<\/p>\n","protected":false},"excerpt":{"rendered":"<p>Rennsaison 2018\/19 &nbsp; K\u00f6nigssee Cup 2019 [Ergebnisse\u2026] Sachsenmeisterschaften-Senioren-Breitensport Altenberg 27.01.2019 [Ergebnisse\u2026] Bayern-Cup Jugend B K\u00f6nigssee 22.12.2018 [Ergebnisse&#8230;] Bayrische Meisterschaft 2018 \/ 2019 in K\u00f6nigssee vom 26. bis 28.12.2018 [Ergebnisse&#8230;] Alle hier verf\u00fcgbaren multimedialen Inhalte werden Ihnen mit freundlicher Genehmigung des RRC Schliersee pr\u00e4sentiert. Wenn Sie Bilder, Videos oder Songs f\u00fcr eigene Zwecke verwenden wollen, fragen Sie uns bitte vorher! Wenn Sie ihre Bilder mit Bezug zum RRC Schliersee hier sehen&hellip;<\/p>\n","protected":false},"author":3,"featured_media":0,"parent":827,"menu_order":66,"comment_status":"closed","ping_status":"closed","template":"","meta":{"ngg_post_thumbnail":0,"footnotes":""},"class_list":["post-4684","page","type-page","status-publish","hentry"],"_links":{"self":[{"href":"https:\/\/rrc-schliersee.com\/wordpress\/wp-json\/wp\/v2\/pages\/4684","targetHints":{"allow":["GET"]}}],"collection":[{"href":"https:\/\/rrc-schliersee.com\/wordpress\/wp-json\/wp\/v2\/pages"}],"about":[{"href":"https:\/\/rrc-schliersee.com\/wordpress\/wp-json\/wp\/v2\/types\/page"}],"author":[{"embeddable":true,"href":"https:\/\/rrc-schliersee.com\/wordpress\/wp-json\/wp\/v2\/users\/3"}],"replies":[{"embeddable":true,"href":"https:\/\/rrc-schliersee.com\/wordpress\/wp-json\/wp\/v2\/comments?post=4684"}],"version-history":[{"count":12,"href":"https:\/\/rrc-schliersee.com\/wordpress\/wp-json\/wp\/v2\/pages\/4684\/revisions"}],"predecessor-version":[{"id":5465,"href":"https:\/\/rrc-schliersee.com\/wordpress\/wp-json\/wp\/v2\/pages\/4684\/revisions\/5465"}],"up":[{"embeddable":true,"href":"https:\/\/rrc-schliersee.com\/wordpress\/wp-json\/wp\/v2\/pages\/827"}],"wp:attachment":[{"href":"https:\/\/rrc-schliersee.com\/wordpress\/wp-json\/wp\/v2\/media?parent=4684"}],"curies":[{"name":"wp","href":"https:\/\/api.w.org\/{rel}","templated":true}]}}