{"id":5057,"date":"2020-02-25T06:00:21","date_gmt":"2020-02-25T05:00:21","guid":{"rendered":"http:\/\/rrc-schliersee.com\/wordpress\/?page_id=5057"},"modified":"2023-10-24T15:53:59","modified_gmt":"2023-10-24T14:53:59","slug":"ergebnisse-2020","status":"publish","type":"page","link":"https:\/\/rrc-schliersee.com\/wordpress\/ergebnisse\/archiv-2022-2015\/ergebnisse-2020\/","title":{"rendered":"Ergebnisse 2020"},"content":{"rendered":"<h1>Die Rennergebnisse der Saison 2019 \/ 2020<\/h1>\n<p>1. Oktober 2019 bis 30.09.2020<\/p>\n<hr>\n<h2>Deutsche Meisterschaft Jugend C<\/h2>\n<p>20. bis 23.02.2020 K\u00f6nigssee<\/p>\n<p><img loading=\"lazy\" decoding=\"async\" class=\"alignnone size-full wp-image-709\" src=\"http:\/\/rrc-schliersee.com\/wordpress\/wp-content\/uploads\/2012\/10\/Icon_PDF.gif\" alt=\"\" width=\"46\" height=\"48\"> <a href=\"http:\/\/rrc-schliersee.com\/wordpress\/wp-content\/uploads\/DM-Jugend-C.pdf\">DM Jugend C.pdf<\/a><\/p>\n<hr>\n<h2>Welt-Jugend-Challenge 2020 Trainingszeiten<\/h2>\n<p>15.02 .2020 Innsbruck<\/p>\n<p><img loading=\"lazy\" decoding=\"async\" class=\"alignnone size-full wp-image-709\" src=\"http:\/\/rrc-schliersee.com\/wordpress\/wp-content\/uploads\/2012\/10\/Icon_PDF.gif\" alt=\"\" width=\"46\" height=\"48\"> <a href=\"http:\/\/rrc-schliersee.com\/wordpress\/wp-content\/uploads\/15.02._WJCH_Gruppe-C_0830-Uhr.pdf\">15.02._WJCH_Gruppe C_08,30 Uhr.pdf<\/a><\/p>\n<hr>\n<p>&nbsp;<\/p>\n<h2>Welt-Jugend-Challenge Igls 2020<\/h2>\n<p>15.02 .2020 Igls<\/p>\n<p><img loading=\"lazy\" decoding=\"async\" class=\"alignnone size-full wp-image-709\" src=\"http:\/\/rrc-schliersee.com\/wordpress\/wp-content\/uploads\/2012\/10\/Icon_PDF.gif\" alt=\"\" width=\"46\" height=\"48\"> <a href=\"http:\/\/rrc-schliersee.com\/wordpress\/wp-content\/uploads\/15.02._WJCH_Rennergebnisse-Do-B-E-und-D.pdf\">15.02._WJCH_Rennergebnisse Do B, E und D.pdf<\/a><\/p>\n<p>16.02 .2020 Igls<\/p>\n<p><img loading=\"lazy\" decoding=\"async\" class=\"alignnone size-full wp-image-709\" src=\"http:\/\/rrc-schliersee.com\/wordpress\/wp-content\/uploads\/2012\/10\/Icon_PDF.gif\" alt=\"\" width=\"46\" height=\"48\"> <a href=\"http:\/\/rrc-schliersee.com\/wordpress\/wp-content\/uploads\/WJCH_Ergebnisse-komplett-A-bis-E.pdf\">WJCH_Ergebnisse komplett A bis E.pdf<\/a><\/p>\n<hr>\n<h2>Ergebnis Bayrische Meisterschaften im Rennrodeln auf Kunstbahn 2019\/2020 K\u00f6nigssee<\/h2>\n<p><a href=\"http:\/\/rrc-schliersee.com\/wordpress\/wp-content\/uploads\/2012\/10\/Icon_PDF.gif\"><img loading=\"lazy\" decoding=\"async\" class=\"alignnone size-full wp-image-709\" src=\"http:\/\/rrc-schliersee.com\/wordpress\/wp-content\/uploads\/2012\/10\/Icon_PDF.gif\" alt=\"\" width=\"46\" height=\"48\"><\/a><a href=\"http:\/\/rrc-schliersee.com\/wordpress\/wp-content\/uploads\/Ergebnis-Bay.-Meisterschaften-Rennrodel-2019-2020.pdf\">Ergebnis Bay. Meisterschaften Rennrodel 2019-2020.pdf<\/a><\/p>\n<hr>\n<h2>Int. Alpenl\u00e4nderpokalrennen 2020<\/h2>\n<p>12.01.2020 Imst<\/p>\n<p>&nbsp;<a href=\"http:\/\/rrc-schliersee.com\/wordpress\/wp-content\/uploads\/IMG-20200112-WA0012.jpg\"><img loading=\"lazy\" decoding=\"async\" class=\"alignnone wp-image-5211 size-medium\" src=\"http:\/\/rrc-schliersee.com\/wordpress\/wp-content\/uploads\/IMG-20200112-WA0012-225x300.jpg\" alt=\"\" width=\"225\" height=\"300\" srcset=\"https:\/\/rrc-schliersee.com\/wordpress\/wp-content\/uploads\/IMG-20200112-WA0012-225x300.jpg 225w, https:\/\/rrc-schliersee.com\/wordpress\/wp-content\/uploads\/IMG-20200112-WA0012-768x1024.jpg 768w, https:\/\/rrc-schliersee.com\/wordpress\/wp-content\/uploads\/IMG-20200112-WA0012-1152x1536.jpg 1152w, https:\/\/rrc-schliersee.com\/wordpress\/wp-content\/uploads\/IMG-20200112-WA0012.jpg 1200w\" sizes=\"auto, (max-width: 225px) 100vw, 225px\" \/><\/a> <a href=\"http:\/\/rrc-schliersee.com\/wordpress\/wp-content\/uploads\/IMG-20200112-WA0013.jpg\"><img loading=\"lazy\" decoding=\"async\" class=\"alignnone wp-image-5212 size-medium\" src=\"http:\/\/rrc-schliersee.com\/wordpress\/wp-content\/uploads\/IMG-20200112-WA0013-225x300.jpg\" alt=\"\" width=\"225\" height=\"300\" srcset=\"https:\/\/rrc-schliersee.com\/wordpress\/wp-content\/uploads\/IMG-20200112-WA0013-225x300.jpg 225w, https:\/\/rrc-schliersee.com\/wordpress\/wp-content\/uploads\/IMG-20200112-WA0013-768x1024.jpg 768w, https:\/\/rrc-schliersee.com\/wordpress\/wp-content\/uploads\/IMG-20200112-WA0013-1152x1536.jpg 1152w, https:\/\/rrc-schliersee.com\/wordpress\/wp-content\/uploads\/IMG-20200112-WA0013.jpg 1200w\" sizes=\"auto, (max-width: 225px) 100vw, 225px\" \/><\/a><\/p>\n<hr>\n<h2>Ergebnisse HiPP Kids Cup 2019<\/h2>\n<p>K\u00f6nigssee 06.01.2020<br \/>\n<a href=\"http:\/\/rrc-schliersee.com\/wordpress\/wp-content\/uploads\/Ergebnisse-Hipp-Cup-2020_03.jpg\"><img loading=\"lazy\" decoding=\"async\" class=\"alignnone wp-image-5157 size-medium\" src=\"http:\/\/rrc-schliersee.com\/wordpress\/wp-content\/uploads\/Ergebnisse-Hipp-Cup-2020_03-300x203.jpg\" alt=\"\" width=\"300\" height=\"203\" srcset=\"https:\/\/rrc-schliersee.com\/wordpress\/wp-content\/uploads\/Ergebnisse-Hipp-Cup-2020_03-300x203.jpg 300w, https:\/\/rrc-schliersee.com\/wordpress\/wp-content\/uploads\/Ergebnisse-Hipp-Cup-2020_03-768x519.jpg 768w, https:\/\/rrc-schliersee.com\/wordpress\/wp-content\/uploads\/Ergebnisse-Hipp-Cup-2020_03-1024x692.jpg 1024w, https:\/\/rrc-schliersee.com\/wordpress\/wp-content\/uploads\/Ergebnisse-Hipp-Cup-2020_03.jpg 1373w\" sizes=\"auto, (max-width: 300px) 100vw, 300px\" \/><\/a> <a href=\"http:\/\/rrc-schliersee.com\/wordpress\/wp-content\/uploads\/Ergebnisse-Hipp-Cup-2020_04.jpg\"><img loading=\"lazy\" decoding=\"async\" class=\"alignnone wp-image-5158 size-medium\" src=\"http:\/\/rrc-schliersee.com\/wordpress\/wp-content\/uploads\/Ergebnisse-Hipp-Cup-2020_04-210x300.jpg\" alt=\"\" width=\"210\" height=\"300\" srcset=\"https:\/\/rrc-schliersee.com\/wordpress\/wp-content\/uploads\/Ergebnisse-Hipp-Cup-2020_04-210x300.jpg 210w, https:\/\/rrc-schliersee.com\/wordpress\/wp-content\/uploads\/Ergebnisse-Hipp-Cup-2020_04-768x1096.jpg 768w, https:\/\/rrc-schliersee.com\/wordpress\/wp-content\/uploads\/Ergebnisse-Hipp-Cup-2020_04-718x1024.jpg 718w, https:\/\/rrc-schliersee.com\/wordpress\/wp-content\/uploads\/Ergebnisse-Hipp-Cup-2020_04.jpg 1000w\" sizes=\"auto, (max-width: 210px) 100vw, 210px\" \/><\/a> <a href=\"http:\/\/rrc-schliersee.com\/wordpress\/wp-content\/uploads\/Ergebnisse-Hipp-Cup-2020_05.jpg\"><img loading=\"lazy\" decoding=\"async\" class=\"alignnone wp-image-5159 size-medium\" src=\"http:\/\/rrc-schliersee.com\/wordpress\/wp-content\/uploads\/Ergebnisse-Hipp-Cup-2020_05-209x300.jpg\" alt=\"\" width=\"209\" height=\"300\" srcset=\"https:\/\/rrc-schliersee.com\/wordpress\/wp-content\/uploads\/Ergebnisse-Hipp-Cup-2020_05-209x300.jpg 209w, https:\/\/rrc-schliersee.com\/wordpress\/wp-content\/uploads\/Ergebnisse-Hipp-Cup-2020_05-768x1101.jpg 768w, https:\/\/rrc-schliersee.com\/wordpress\/wp-content\/uploads\/Ergebnisse-Hipp-Cup-2020_05-714x1024.jpg 714w, https:\/\/rrc-schliersee.com\/wordpress\/wp-content\/uploads\/Ergebnisse-Hipp-Cup-2020_05.jpg 970w\" sizes=\"auto, (max-width: 209px) 100vw, 209px\" \/><\/a> <a href=\"http:\/\/rrc-schliersee.com\/wordpress\/wp-content\/uploads\/Ergebnisse-Hipp-Cup-2020_06.jpg\"><img loading=\"lazy\" decoding=\"async\" class=\"alignnone wp-image-5160 size-medium\" src=\"http:\/\/rrc-schliersee.com\/wordpress\/wp-content\/uploads\/Ergebnisse-Hipp-Cup-2020_06-221x300.jpg\" alt=\"\" width=\"221\" height=\"300\" srcset=\"https:\/\/rrc-schliersee.com\/wordpress\/wp-content\/uploads\/Ergebnisse-Hipp-Cup-2020_06-221x300.jpg 221w, https:\/\/rrc-schliersee.com\/wordpress\/wp-content\/uploads\/Ergebnisse-Hipp-Cup-2020_06-768x1042.jpg 768w, https:\/\/rrc-schliersee.com\/wordpress\/wp-content\/uploads\/Ergebnisse-Hipp-Cup-2020_06-754x1024.jpg 754w, https:\/\/rrc-schliersee.com\/wordpress\/wp-content\/uploads\/Ergebnisse-Hipp-Cup-2020_06.jpg 974w\" sizes=\"auto, (max-width: 221px) 100vw, 221px\" \/><\/a> <a href=\"http:\/\/rrc-schliersee.com\/wordpress\/wp-content\/uploads\/Ergebnisse-Hipp-Cup-2020_07.jpg\"><img loading=\"lazy\" decoding=\"async\" class=\"alignnone wp-image-5161 size-medium\" src=\"http:\/\/rrc-schliersee.com\/wordpress\/wp-content\/uploads\/Ergebnisse-Hipp-Cup-2020_07-300x167.jpg\" alt=\"\" width=\"300\" height=\"167\" srcset=\"https:\/\/rrc-schliersee.com\/wordpress\/wp-content\/uploads\/Ergebnisse-Hipp-Cup-2020_07-300x167.jpg 300w, https:\/\/rrc-schliersee.com\/wordpress\/wp-content\/uploads\/Ergebnisse-Hipp-Cup-2020_07-768x427.jpg 768w, https:\/\/rrc-schliersee.com\/wordpress\/wp-content\/uploads\/Ergebnisse-Hipp-Cup-2020_07-1024x569.jpg 1024w, https:\/\/rrc-schliersee.com\/wordpress\/wp-content\/uploads\/Ergebnisse-Hipp-Cup-2020_07.jpg 1301w\" sizes=\"auto, (max-width: 300px) 100vw, 300px\" \/><\/a><\/p>\n<hr>\n<h2>Ergebnisse Bayerischer Jugendcup 2019<\/h2>\n<p>K\u00f6nigssee 22.12.2019<\/p>\n<p><img loading=\"lazy\" decoding=\"async\" class=\"alignnone size-full wp-image-709\" src=\"http:\/\/rrc-schliersee.com\/wordpress\/wp-content\/uploads\/2012\/10\/Icon_PDF.gif\" alt=\"\" width=\"46\" height=\"48\"> <a href=\"http:\/\/rrc-schliersee.com\/wordpress\/wp-content\/uploads\/Bayern-Cup-Ergebnis.pdf\" target=\"_blank\" rel=\"noopener noreferrer\">Bayern Cup Ergebnis.pdf<\/a><\/p>\n<hr>\n<h2 style=\"font-weight: 400;\"><strong>Unsere Aktiven: Marco Leger<\/strong><\/h2>\n<p style=\"font-weight: 400;\">Dezember 2019<\/p>\n<p style=\"font-weight: 400;\">Marco Leger ist im Moment nicht aufzuhalten. In diversen Trainingslagern, unter anderem in Lillehammer, hat sich der gerade 14 Jahre alt gewordene f\u00fcr alle Weltcups der Jugend A qualifiziert.<br \/>\nDas erste Jahr in der Jugend A startete Marco zweimal in Innsbruck\/ Igls und \u00fcberzeugt gleich mit den Pl\u00e4tzen 29 und 9. F\u00fcr das 3. Rennen wechselten die Rodler nach K\u00f6nigssee. Aufgrund gro\u00dfer fahrerischer Probleme der russischen Mannschaft wurde die Starth\u00f6he von der FIL aus Sicherheitsgr\u00fcnden verk\u00fcrzt. Den Heimvorteil nutzte Marco souver\u00e4n f\u00fcr Rang 8. Der 4. Weltcup sollte eigentlich in Park City stattfinden , wurde aber an den K\u00f6nigssee verlegt. Bei bestem Wetter und optimalen Eisbedingungen&nbsp; legte er noch mal eine Schippe drauf und brillierte mit seiner bisher besten Startzeit und seiner bisher schnellsten Laufzeit. Der Lohn war ein grandioser Platz 6.<\/p>\n<hr>\n<p>&nbsp;<\/p>\n","protected":false},"excerpt":{"rendered":"<p>Die Rennergebnisse der Saison 2019 \/ 2020 1. Oktober 2019 bis 30.09.2020 Deutsche Meisterschaft Jugend C 20. bis 23.02.2020 K\u00f6nigssee DM Jugend C.pdf Welt-Jugend-Challenge 2020 Trainingszeiten 15.02 .2020 Innsbruck 15.02._WJCH_Gruppe C_08,30 Uhr.pdf &nbsp; Welt-Jugend-Challenge Igls 2020 15.02 .2020 Igls 15.02._WJCH_Rennergebnisse Do B, E und D.pdf 16.02 .2020 Igls WJCH_Ergebnisse komplett A bis E.pdf Ergebnis Bayrische Meisterschaften im Rennrodeln auf Kunstbahn 2019\/2020 K\u00f6nigssee Ergebnis Bay. Meisterschaften Rennrodel 2019-2020.pdf Int. Alpenl\u00e4nderpokalrennen 2020&hellip;<\/p>\n","protected":false},"author":3,"featured_media":0,"parent":6239,"menu_order":20,"comment_status":"closed","ping_status":"closed","template":"","meta":{"ngg_post_thumbnail":0,"footnotes":""},"class_list":["post-5057","page","type-page","status-publish","hentry"],"_links":{"self":[{"href":"https:\/\/rrc-schliersee.com\/wordpress\/wp-json\/wp\/v2\/pages\/5057","targetHints":{"allow":["GET"]}}],"collection":[{"href":"https:\/\/rrc-schliersee.com\/wordpress\/wp-json\/wp\/v2\/pages"}],"about":[{"href":"https:\/\/rrc-schliersee.com\/wordpress\/wp-json\/wp\/v2\/types\/page"}],"author":[{"embeddable":true,"href":"https:\/\/rrc-schliersee.com\/wordpress\/wp-json\/wp\/v2\/users\/3"}],"replies":[{"embeddable":true,"href":"https:\/\/rrc-schliersee.com\/wordpress\/wp-json\/wp\/v2\/comments?post=5057"}],"version-history":[{"count":16,"href":"https:\/\/rrc-schliersee.com\/wordpress\/wp-json\/wp\/v2\/pages\/5057\/revisions"}],"predecessor-version":[{"id":5282,"href":"https:\/\/rrc-schliersee.com\/wordpress\/wp-json\/wp\/v2\/pages\/5057\/revisions\/5282"}],"up":[{"embeddable":true,"href":"https:\/\/rrc-schliersee.com\/wordpress\/wp-json\/wp\/v2\/pages\/6239"}],"wp:attachment":[{"href":"https:\/\/rrc-schliersee.com\/wordpress\/wp-json\/wp\/v2\/media?parent=5057"}],"curies":[{"name":"wp","href":"https:\/\/api.w.org\/{rel}","templated":true}]}}