{"id":5447,"date":"2020-12-01T14:40:51","date_gmt":"2020-12-01T13:40:51","guid":{"rendered":"https:\/\/rrc-schliersee.com\/wordpress\/?page_id=5447"},"modified":"2023-10-24T15:53:52","modified_gmt":"2023-10-24T14:53:52","slug":"ergebnisse-2021","status":"publish","type":"page","link":"https:\/\/rrc-schliersee.com\/wordpress\/ergebnisse\/archiv-2022-2015\/ergebnisse-2021\/","title":{"rendered":"Ergebnisse 2021"},"content":{"rendered":"<h1>Die Rennergebnisse der Saison 2020 \/ 2021<\/h1>\n<p>1. Oktober 2020 bis 30.09.2021<\/p>\n<hr>\n<h2>Saisonfinale 2021<\/h2>\n<p>Abschlu\u00dfrennen K\u00f6nigssee, 19.02.2021<\/p>\n<p><a href=\"https:\/\/rrc-schliersee.com\/wordpress\/wp-content\/uploads\/LIRT7520.jpg\"><img loading=\"lazy\" decoding=\"async\" class=\"alignnone wp-image-5661 size-thumbnail\" src=\"https:\/\/rrc-schliersee.com\/wordpress\/wp-content\/uploads\/LIRT7520-150x150.jpg\" alt=\"\" width=\"150\" height=\"150\"><\/a><\/p>\n<hr>\n<h2>Eisb\u00e4ren Cup 2021<\/h2>\n<p>K\u00f6nigssee, 13.02.2021<\/p>\n<p><a href=\"https:\/\/rrc-schliersee.com\/wordpress\/wp-content\/uploads\/Eisbaeren-Cup-13.02.2021_IMG_3084.jpg\"><img loading=\"lazy\" decoding=\"async\" class=\"alignnone wp-image-5623 size-thumbnail\" src=\"https:\/\/rrc-schliersee.com\/wordpress\/wp-content\/uploads\/Eisbaeren-Cup-13.02.2021_IMG_3084-150x150.jpg\" alt=\"\" width=\"150\" height=\"150\"><\/a> <a href=\"https:\/\/rrc-schliersee.com\/wordpress\/wp-content\/uploads\/Eisbaeren-Cup-13.02.2021_IMG_3082.jpg\"><img loading=\"lazy\" decoding=\"async\" class=\"alignnone wp-image-5629 size-thumbnail\" src=\"https:\/\/rrc-schliersee.com\/wordpress\/wp-content\/uploads\/Eisbaeren-Cup-13.02.2021_IMG_3082-150x150.jpg\" alt=\"\" width=\"150\" height=\"150\"><\/a> <a href=\"https:\/\/rrc-schliersee.com\/wordpress\/wp-content\/uploads\/Eisbaeren-Cup-13.02.2021_IMG_3081.jpg\"><img loading=\"lazy\" decoding=\"async\" class=\"alignnone wp-image-5628 size-thumbnail\" src=\"https:\/\/rrc-schliersee.com\/wordpress\/wp-content\/uploads\/Eisbaeren-Cup-13.02.2021_IMG_3081-150x150.jpg\" alt=\"\" width=\"150\" height=\"150\"><\/a> <a href=\"https:\/\/rrc-schliersee.com\/wordpress\/wp-content\/uploads\/Eisbaeren-Cup-13.02.2021_IMG_3083.jpg\"><img loading=\"lazy\" decoding=\"async\" class=\"alignnone wp-image-5622 size-thumbnail\" src=\"https:\/\/rrc-schliersee.com\/wordpress\/wp-content\/uploads\/Eisbaeren-Cup-13.02.2021_IMG_3083-150x150.jpg\" alt=\"\" width=\"150\" height=\"150\"><\/a><\/p>\n<hr>\n<h2>Testrennen FIL K\u00f6nigsseecup 2020\/2021<\/h2>\n<div class=\"entry-content\">\n<p>K\u00f6nigssee 10.01.2021<\/p>\n<p><a href=\"https:\/\/rrc-schliersee.com\/wordpress\/wp-content\/uploads\/Testrennen-FIL-Jugendseecup-Ergebnisliste-10.01.2021.pdf\"><img loading=\"lazy\" decoding=\"async\" class=\"alignnone size-full wp-image-709\" src=\"https:\/\/rrc-schliersee.com\/wordpress\/wp-content\/uploads\/2012\/10\/Icon_PDF.gif\" alt=\"\" width=\"46\" height=\"48\"><\/a><a href=\"https:\/\/rrc-schliersee.com\/wordpress\/wp-content\/uploads\/Testrennen-FIL-Jugendseecup-Ergebnisliste-10.01.2021.pdf\">Testrennen FIL K\u00f6nigsseecup Ergebnisliste 10.01.2021.pdf<\/a><\/p>\n<hr>\n<\/div>\n<h2>FIL Weihnachtsrennen Rodel 2020\/21<\/h2>\n<p>K\u00f6nigssee 20.12.2020<\/p>\n<p><a href=\"https:\/\/rrc-schliersee.com\/wordpress\/wp-content\/uploads\/2012\/10\/Icon_PDF.gif\"><img loading=\"lazy\" decoding=\"async\" class=\"alignnone wp-image-709 size-full\" src=\"https:\/\/rrc-schliersee.com\/wordpress\/wp-content\/uploads\/2012\/10\/Icon_PDF.gif\" alt=\"\" width=\"46\" height=\"48\"> <\/a><a href=\"https:\/\/rrc-schliersee.com\/wordpress\/wp-content\/uploads\/Weihnachtsrennen_2020.pdf\">Weihnachtsrennen_2020.pdf<\/a><\/p>\n<hr>\n<h2>Bayrischer Jugend-Cup<\/h2>\n<p>K\u00f6nigssee 29.11.2020<\/p>\n<p><a href=\"https:\/\/rrc-schliersee.com\/wordpress\/wp-content\/uploads\/2012\/10\/Icon_PDF.gif\"><img loading=\"lazy\" decoding=\"async\" class=\"alignnone size-full wp-image-709\" src=\"https:\/\/rrc-schliersee.com\/wordpress\/wp-content\/uploads\/2012\/10\/Icon_PDF.gif\" alt=\"\" width=\"46\" height=\"48\"><\/a><a href=\"https:\/\/rrc-schliersee.com\/wordpress\/wp-content\/uploads\/Bayrischer-Jugend-Cup-Koenigssee-29.11.2020.pdf\">&nbsp;Bayrischer Jugend-Cup K\u00f6nigssee 29.11.2020<\/a><\/p>\n<hr>\n<p>&nbsp;<\/p>\n<p>&nbsp;<\/p>\n<p>&nbsp;<\/p>\n","protected":false},"excerpt":{"rendered":"<p>Die Rennergebnisse der Saison 2020 \/ 2021 1. Oktober 2020 bis 30.09.2021 Saisonfinale 2021 Abschlu\u00dfrennen K\u00f6nigssee, 19.02.2021 Eisb\u00e4ren Cup 2021 K\u00f6nigssee, 13.02.2021 Testrennen FIL K\u00f6nigsseecup 2020\/2021 K\u00f6nigssee 10.01.2021 Testrennen FIL K\u00f6nigsseecup Ergebnisliste 10.01.2021.pdf FIL Weihnachtsrennen Rodel 2020\/21 K\u00f6nigssee 20.12.2020 Weihnachtsrennen_2020.pdf Bayrischer Jugend-Cup K\u00f6nigssee 29.11.2020 &nbsp;Bayrischer Jugend-Cup K\u00f6nigssee 29.11.2020 &nbsp; &nbsp; &nbsp;<\/p>\n","protected":false},"author":3,"featured_media":0,"parent":6239,"menu_order":21,"comment_status":"closed","ping_status":"closed","template":"","meta":{"ngg_post_thumbnail":0,"footnotes":""},"class_list":["post-5447","page","type-page","status-publish","hentry"],"_links":{"self":[{"href":"https:\/\/rrc-schliersee.com\/wordpress\/wp-json\/wp\/v2\/pages\/5447","targetHints":{"allow":["GET"]}}],"collection":[{"href":"https:\/\/rrc-schliersee.com\/wordpress\/wp-json\/wp\/v2\/pages"}],"about":[{"href":"https:\/\/rrc-schliersee.com\/wordpress\/wp-json\/wp\/v2\/types\/page"}],"author":[{"embeddable":true,"href":"https:\/\/rrc-schliersee.com\/wordpress\/wp-json\/wp\/v2\/users\/3"}],"replies":[{"embeddable":true,"href":"https:\/\/rrc-schliersee.com\/wordpress\/wp-json\/wp\/v2\/comments?post=5447"}],"version-history":[{"count":10,"href":"https:\/\/rrc-schliersee.com\/wordpress\/wp-json\/wp\/v2\/pages\/5447\/revisions"}],"predecessor-version":[{"id":5663,"href":"https:\/\/rrc-schliersee.com\/wordpress\/wp-json\/wp\/v2\/pages\/5447\/revisions\/5663"}],"up":[{"embeddable":true,"href":"https:\/\/rrc-schliersee.com\/wordpress\/wp-json\/wp\/v2\/pages\/6239"}],"wp:attachment":[{"href":"https:\/\/rrc-schliersee.com\/wordpress\/wp-json\/wp\/v2\/media?parent=5447"}],"curies":[{"name":"wp","href":"https:\/\/api.w.org\/{rel}","templated":true}]}}