{"id":5806,"date":"2021-10-06T17:10:44","date_gmt":"2021-10-06T16:10:44","guid":{"rendered":"https:\/\/rrc-schliersee.com\/wordpress\/?page_id=5806"},"modified":"2023-10-24T15:53:39","modified_gmt":"2023-10-24T14:53:39","slug":"ergebnisse-2022","status":"publish","type":"page","link":"https:\/\/rrc-schliersee.com\/wordpress\/ergebnisse\/archiv-2022-2015\/ergebnisse-2022\/","title":{"rendered":"Ergebnisse 2022"},"content":{"rendered":"<h1>Die Rennergebnisse der Saison 2021 \/ 2022<\/h1>\n<p>1. Oktober 2021 bis 30.09.2022<\/p>\n<p>&nbsp;<\/p>\n<ul style=\"list-style-type: square;\">\n<li>Deutsche Meisterschaften Rodeln Jugend *C* *** 27.01. &#8211; 30.01.2022 &#8211; SachsenEnergie Eiskanal Altenberg <a href=\"https:\/\/rrc-schliersee.com\/wordpress\/wp-content\/uploads\/300122_dm_rs_jgd_c_wbl_09h00.pdf\">300122_dm_rs_jgd_c_wbl_09h00.pdf<\/a><\/li>\n<li>Olympia Eiskanal Innsbruck Training Jugend D\/E und Doppel 27.12.2021 <a href=\"https:\/\/rrc-schliersee.com\/wordpress\/wp-content\/uploads\/20211227-Montag-Jugend-DE-Doppel-Koenigssee-1430-1.pdf\">20211227 Montag Jugend DE Doppel K\u00f6nigssee 1430.pdf<\/a><\/li>\n<li>Olympia Eiskanal Innsbruck 2022-02-13 ASV\u00d6 CUP Jug Dw <a href=\"https:\/\/rrc-schliersee.com\/wordpress\/wp-content\/uploads\/20220213-ASVOe-CUP-Jug-Dw.pdf\">20220213 ASV\u00d6-CUP Jug Dw.pdf<\/a><\/li>\n<li>Welt-Jugend-Challenge Igls 2022 Jugend C weiblich &#8211; 20.02.2022 <a href=\"https:\/\/rrc-schliersee.com\/wordpress\/wp-content\/uploads\/20220220-WJC-Jug-C-w.pdf\">20220220 WJC Jug C w.pdf<\/a><\/li>\n<li>Olympia Eiskanal Innsbruck Eisb\u00e4rencup 26.02.2022 \/ Sportunion Meisterschaften 2022 Jugend D m\u00e4nnlich <a href=\"https:\/\/rrc-schliersee.com\/wordpress\/wp-content\/uploads\/20220226-Eisbaerencup-Jug-D-m.pdf\">20220226 Eisb\u00e4rencup Jug D m.pdf<\/a><\/li>\n<li>Olympia Eiskanal Innsbruck Eisb\u00e4rencup 26.02.2022 \/ Sportunion Meisterschaften 2022 Jugend D weiblich <a href=\"https:\/\/rrc-schliersee.com\/wordpress\/wp-content\/uploads\/20220226-Eisbaerencup-Jug-D-w.pdf\">20220226 Eisb\u00e4rencup Jug D w.pdf<\/a><\/li>\n<li>ASV\u00d6-Cup 2021\/22 <a href=\"https:\/\/rrc-schliersee.com\/wordpress\/wp-content\/uploads\/ASVOe_Cup21_22_Stand071121.pdf\">ASV\u00d6_Cup21_22_Stand071121.pdf<\/a><\/li>\n<li>BATY8054 <a href=\"https:\/\/rrc-schliersee.com\/wordpress\/wp-content\/uploads\/BATY8054.pdf\">BATY8054.pdf<\/a><\/li>\n<li>VELTINS-EisArena Winterberg Deutscher Jug B Cup Rennrodel Doppelsitzer &#8211; m\u00e4nnlich <a href=\"https:\/\/rrc-schliersee.com\/wordpress\/wp-content\/uploads\/BSD-junB-Cup-Doppel-maennlich-Korrigiert.pdf\">BSD junB Cup Doppel m\u00e4nnlich Korrigiert.pdf<\/a><\/li>\n<li>VELTINS-EisArena Winterberg Deutscher Jug B Cup Rennrodel Mannschaft <a href=\"https:\/\/rrc-schliersee.com\/wordpress\/wp-content\/uploads\/BSD-junB-Cup-Doppel-Mannschaft.pdf\">BSD junB Cup Doppel Mannschaft.pdf<\/a><\/li>\n<li>VELTINS-EisArena Winterberg Deutscher Jug B Cup Rennrodel Doppelsitzer &#8211; weiblich <a href=\"https:\/\/rrc-schliersee.com\/wordpress\/wp-content\/uploads\/BSD-junB-Cup-Doppel-weiblich.pdf\">BSD junB Cup Doppel weiblich.pdf<\/a><\/li>\n<li>VELTINS-EisArena Winterberg Deutscher Jug B Cup Rennrodel <a href=\"https:\/\/rrc-schliersee.com\/wordpress\/wp-content\/uploads\/BSD-junB-Cup-maennlich.pdf\">BSD junB Cup m\u00e4nnlich.pdf<\/a><\/li>\n<li>VELTINS-EisArena Winterberg Deutscher Jug B Cup Rennrodel Mannschaft <a href=\"https:\/\/rrc-schliersee.com\/wordpress\/wp-content\/uploads\/BSD-junB-Cup-Mannschaft.pdf\">BSD junB Cup Mannschaft.pdf<\/a><\/li>\n<li>VELTINS-EisArena Winterberg Deutscher Jug B Cup Rennrodel weiblich <a href=\"https:\/\/rrc-schliersee.com\/wordpress\/wp-content\/uploads\/BSD-junB-Cup-weiblich.pdf\">BSD junB Cup weiblich.pdf<\/a><\/li>\n<li>Oberhof Deutscher Jugend A \/ Junioren B Cup 2021\/22 09.02.2022<a href=\"https:\/\/rrc-schliersee.com\/wordpress\/wp-content\/uploads\/DJC-Jug-A-und-Jun.pdf\">DJC Jug A und Jun.pdf<\/a><\/li>\n<li>Int.Alpenl\u00e4nderpokalrennen 2022 Kunstrodelbahn Putzenwald &#8211; Rodelverein Imst 23.01.2022 <a href=\"https:\/\/rrc-schliersee.com\/wordpress\/wp-content\/uploads\/Ergebnisliste-Imst.pdf\">Ergebnisliste Imst.pdf<\/a><\/li>\n<li>Altenberg DM Jugend C 27. &#8211; 30.01.2022 <a href=\"https:\/\/rrc-schliersee.com\/wordpress\/wp-content\/uploads\/Ergebnisse-DM-Jugend-C-Altenberg.pdf\">Ergebnisse DM Jugend C Altenberg.pdf<\/a><\/li>\n<li>Deutsche Meisterschaften Rennrodel Jugend Cum den Sachsen Energie Pokal 27.-30.01.2022 <a href=\"https:\/\/rrc-schliersee.com\/wordpress\/wp-content\/uploads\/Ergebnisse_DM-Jugend-C_Altenberg_2022.pdf\">Ergebnisse_DM Jugend C_Altenberg_2022.pdf<\/a><\/li>\n<li>Junioren Weltcup Rennrodeln Saison 2021\/22 <a href=\"https:\/\/rrc-schliersee.com\/wordpress\/wp-content\/uploads\/Gesamtweltcup_Junioren_2021-22_RodelHerren.pdf\">Gesamtweltcup_Junioren_2021-22_RodelHerren.pdf<\/a><\/li>\n<li>Eiskanal Bludenz * Rennergebnis * 16.01.2022 43. JEM Jun men <a href=\"https:\/\/rrc-schliersee.com\/wordpress\/wp-content\/uploads\/JEM_Bludenz_RodelHerren_2021-22.pdf\">JEM_Bludenz_RodelHerren_2021-22.pdf<\/a><\/li>\n<li>Eiskanal Bludenz * Rennergebnis * 16.01.2022 6. JWC \/ 43. JEM Junior men <a href=\"https:\/\/rrc-schliersee.com\/wordpress\/wp-content\/uploads\/JWC_Bludenz_RodelHerren_2021-22.pdf\">JWC_Bludenz_RodelHerren_2021-22.pdf<\/a><\/li>\n<li>Olympia Eiskanal Innsbruck&nbsp; 3. Junioren Weltcup Rennrodeln Junioren m\u00e4nnlich &#8211; 11.12.2021 <a href=\"https:\/\/rrc-schliersee.com\/wordpress\/wp-content\/uploads\/JWC_Innsbruck_RodelHerren_2021-22.pdf\">JWC_Innsbruck_RodelHerren_2021-22.pdf<\/a><\/li>\n<li>Olympia Eiskanal Innsbruck WORLD CUP 1 JUNIOR MEN FIL LUGE LA PLAGNE 02 DEC 2021 <a href=\"https:\/\/rrc-schliersee.com\/wordpress\/wp-content\/uploads\/JWC_LaPlagne_I_Herren_2021-22.pdf\">JWC_LaPlagne_I_Herren_2021-22.pdf<\/a><\/li>\n<li>Olympia Eiskanal Innsbruck WORLD CUP 2 JUNIOR MEN FIL LUGE LA PLAGNE 04 DEC 2021 <a href=\"https:\/\/rrc-schliersee.com\/wordpress\/wp-content\/uploads\/JWC_LaPlagne_II_Herren_2021-22.pdf\">JWC_LaPlagne_II_Herren_2021-22.pdf<\/a><\/li>\n<li>Oberhof Junioren 4. und 5. Rennrodel-Weltcup 1 17.-19.,12.2021 <a href=\"https:\/\/rrc-schliersee.com\/wordpress\/wp-content\/uploads\/JWC_Oberhof_I_RodelHerren_2021-22.pdf\">JWC_Oberhof_I_RodelHerren_2021-22.pdf<\/a><\/li>\n<li>Oberhof Junioren 4. und 5. Rennrodel-Weltcup 2 17.-19.,12.2021 <a href=\"https:\/\/rrc-schliersee.com\/wordpress\/wp-content\/uploads\/JWC_Oberhof_II_RodelHerren_2021-22.pdf\">JWC_Oberhof_II_RodelHerren_2021-22.pdf<\/a><\/li>\n<li>Oberhof Int. Rennsteigpokal 11.12.2021 <a href=\"https:\/\/rrc-schliersee.com\/wordpress\/wp-content\/uploads\/Rennsteigpokal.pdf\">Rennsteigpokal.pdf<\/a><\/li>\n<li><a href=\"https:\/\/rrc-schliersee.com\/wordpress\/wp-content\/uploads\/Redundanz-Ergebnisse-19.06.2021.docx\">Redundanz Ergebnisse 19.06.2021.docx<\/a><\/li>\n<\/ul>\n<h1><span dir=\"ltr\" role=\"presentation\">Bayerischer Athletiktest Jugend <\/span><span dir=\"ltr\" role=\"presentation\">2022<\/span><\/h1>\n<p>Montag, 4. Juli 2022<\/p>\n<p>Am Wochenende hatten unsere Kids den bayrischen Athletiktest in Bad Feilnbach.&nbsp;<br \/>\nBei Gewandheitslauf, Ausdauerlauf, Standweitsprung, Fu\u00dfstreckbeweglichkeit und noch vielem mehr konnten sich Isabella Lucht den 2. Platz sichern.&nbsp;<br \/>\nVictoria Lucht &amp; Alexander Egerer holten sich in ihrer Altersklasse den Sieg!<\/p>\n<p><img loading=\"lazy\" decoding=\"async\" class=\"alignnone size-full wp-image-709\" src=\"https:\/\/rrc-schliersee.com\/wordpress\/wp-content\/uploads\/2012\/10\/Icon_PDF.gif\" alt=\"\" width=\"46\" height=\"48\"><a href=\"https:\/\/rrc-schliersee.com\/wordpress\/wp-content\/uploads\/Bay-AT-Jug-A.pdf\">&nbsp;Bay AT Jug A.pdf<\/a><\/p>\n<p><img loading=\"lazy\" decoding=\"async\" class=\"alignnone size-full wp-image-709\" src=\"https:\/\/rrc-schliersee.com\/wordpress\/wp-content\/uploads\/2012\/10\/Icon_PDF.gif\" alt=\"\" width=\"46\" height=\"48\"> <a href=\"https:\/\/rrc-schliersee.com\/wordpress\/wp-content\/uploads\/Bay-AT-Jug-B.pdf\">Bay AT Jug B.pdf<\/a><\/p>\n<p><img loading=\"lazy\" decoding=\"async\" class=\"alignnone size-full wp-image-709\" src=\"https:\/\/rrc-schliersee.com\/wordpress\/wp-content\/uploads\/2012\/10\/Icon_PDF.gif\" alt=\"\" width=\"46\" height=\"48\"> <a href=\"https:\/\/rrc-schliersee.com\/wordpress\/wp-content\/uploads\/Bay-AT-Jug-C.pdf\">Bay AT Jug C.pdf<\/a><\/p>\n<p><img loading=\"lazy\" decoding=\"async\" class=\"alignnone size-full wp-image-709\" src=\"https:\/\/rrc-schliersee.com\/wordpress\/wp-content\/uploads\/2012\/10\/Icon_PDF.gif\" alt=\"\" width=\"46\" height=\"48\"> <a href=\"https:\/\/rrc-schliersee.com\/wordpress\/wp-content\/uploads\/Bay-AT-Jug-D.pdf\">Bay AT Jug D.pdf<\/a><\/p>\n<p>&nbsp;<\/p>\n","protected":false},"excerpt":{"rendered":"<p>Die Rennergebnisse der Saison 2021 \/ 2022 1. Oktober 2021 bis 30.09.2022 &nbsp; Deutsche Meisterschaften Rodeln Jugend *C* *** 27.01. &#8211; 30.01.2022 &#8211; SachsenEnergie Eiskanal Altenberg 300122_dm_rs_jgd_c_wbl_09h00.pdf Olympia Eiskanal Innsbruck Training Jugend D\/E und Doppel 27.12.2021 20211227 Montag Jugend DE Doppel K\u00f6nigssee 1430.pdf Olympia Eiskanal Innsbruck 2022-02-13 ASV\u00d6 CUP Jug Dw 20220213 ASV\u00d6-CUP Jug Dw.pdf Welt-Jugend-Challenge Igls 2022 Jugend C weiblich &#8211; 20.02.2022 20220220 WJC Jug C w.pdf Olympia Eiskanal&hellip;<\/p>\n","protected":false},"author":3,"featured_media":0,"parent":6239,"menu_order":22,"comment_status":"closed","ping_status":"closed","template":"","meta":{"ngg_post_thumbnail":0,"footnotes":""},"class_list":["post-5806","page","type-page","status-publish","hentry"],"_links":{"self":[{"href":"https:\/\/rrc-schliersee.com\/wordpress\/wp-json\/wp\/v2\/pages\/5806","targetHints":{"allow":["GET"]}}],"collection":[{"href":"https:\/\/rrc-schliersee.com\/wordpress\/wp-json\/wp\/v2\/pages"}],"about":[{"href":"https:\/\/rrc-schliersee.com\/wordpress\/wp-json\/wp\/v2\/types\/page"}],"author":[{"embeddable":true,"href":"https:\/\/rrc-schliersee.com\/wordpress\/wp-json\/wp\/v2\/users\/3"}],"replies":[{"embeddable":true,"href":"https:\/\/rrc-schliersee.com\/wordpress\/wp-json\/wp\/v2\/comments?post=5806"}],"version-history":[{"count":5,"href":"https:\/\/rrc-schliersee.com\/wordpress\/wp-json\/wp\/v2\/pages\/5806\/revisions"}],"predecessor-version":[{"id":5884,"href":"https:\/\/rrc-schliersee.com\/wordpress\/wp-json\/wp\/v2\/pages\/5806\/revisions\/5884"}],"up":[{"embeddable":true,"href":"https:\/\/rrc-schliersee.com\/wordpress\/wp-json\/wp\/v2\/pages\/6239"}],"wp:attachment":[{"href":"https:\/\/rrc-schliersee.com\/wordpress\/wp-json\/wp\/v2\/media?parent=5806"}],"curies":[{"name":"wp","href":"https:\/\/api.w.org\/{rel}","templated":true}]}}