{"id":59,"date":"2020-04-17T06:00:31","date_gmt":"2020-04-17T05:00:31","guid":{"rendered":"http:\/\/rrc.schliersee.de\/wordpress\/?page_id=59"},"modified":"2025-11-13T16:45:08","modified_gmt":"2025-11-13T15:45:08","slug":"kontakt","status":"publish","type":"page","link":"https:\/\/rrc-schliersee.com\/wordpress\/kontakt\/","title":{"rendered":"Kontakt"},"content":{"rendered":"<p><a name=\"Top\"><\/a>W<a href=\"http:\/\/rrc-schliersee.de\/wordpress\/wp-content\/uploads\/2017\/12\/qr-code_E-Mail_an-RRC_Betreff_Nachricht.png\"><img loading=\"lazy\" decoding=\"async\" class=\"alignright wp-image-3833 size-thumbnail\" src=\"https:\/\/rrc-schliersee.com\/wordpress\/wp-content\/uploads\/2017\/12\/qr-code_E-Mail_an-RRC_Betreff_Nachricht-150x150.png\" alt=\"\" width=\"150\" height=\"150\" srcset=\"https:\/\/rrc-schliersee.com\/wordpress\/wp-content\/uploads\/2017\/12\/qr-code_E-Mail_an-RRC_Betreff_Nachricht-150x150.png 150w, https:\/\/rrc-schliersee.com\/wordpress\/wp-content\/uploads\/2017\/12\/qr-code_E-Mail_an-RRC_Betreff_Nachricht-300x300.png 300w, https:\/\/rrc-schliersee.com\/wordpress\/wp-content\/uploads\/2017\/12\/qr-code_E-Mail_an-RRC_Betreff_Nachricht-768x768.png 768w, https:\/\/rrc-schliersee.com\/wordpress\/wp-content\/uploads\/2017\/12\/qr-code_E-Mail_an-RRC_Betreff_Nachricht.png 810w\" sizes=\"auto, (max-width: 150px) 100vw, 150px\" \/><\/a>enn Sie Interesse an der Jugendarbeit des RRC Schliersee e.V. haben, wenden Sie sich bitte an einen der folgenden Ansprechpartner oder senden Sie eine E-Mail an<\/p>\n<p><a href=\"https:\/\/rrc-schliersee.com\/wordpress\/wp-content\/uploads\/2012\/10\/email.jpg\"><img loading=\"lazy\" decoding=\"async\" class=\"size-full wp-image-267 alignnone\" src=\"https:\/\/rrc-schliersee.com\/wordpress\/wp-content\/uploads\/2012\/10\/email.jpg\" alt=\"eMail\" width=\"172\" height=\"28\"><\/a><\/p>\n<h2>Vorstand und Funktion\u00e4re im Verein:<\/h2>\n<p><strong>1. Vorsitzender<br \/>\n<\/strong>Hermann M\u00fcller jun.<br \/>\nKarl-Haider-Str. 18f<br \/>\n83727 Schliersee<br \/>\nTel. 08026 &#8211; 6199<\/p>\n<p><a href=\"https:\/\/rrc-schliersee.com\/wordpress\/wp-content\/uploads\/2016\/12\/Hermann-Mueller_115x136px.jpg\"><img loading=\"lazy\" decoding=\"async\" class=\"alignnone size-full wp-image-2782\" src=\"https:\/\/rrc-schliersee.com\/wordpress\/wp-content\/uploads\/2016\/12\/Hermann-Mueller_115x136px.jpg\" alt=\"\" width=\"115\" height=\"136\"><\/a><\/p>\n<hr>\n<p><strong>2. Vorsitzende<br \/>\n<\/strong>Kerstin Lucht<br \/>\n<a href=\"https:\/\/rrc-schliersee.com\/wordpress\/wp-content\/uploads\/Lucht-Kerstin-2022-12-22.jpg\"><img loading=\"lazy\" decoding=\"async\" class=\"alignnone wp-image-6069 size-full\" src=\"https:\/\/rrc-schliersee.com\/wordpress\/wp-content\/uploads\/Lucht-Kerstin-2022-12-22.jpg\" alt=\"\" width=\"115\" height=\"153\"><\/a><\/p>\n<hr>\n<p><strong>Kassier \/ Web \/ Mitgliederverwaltung<\/strong><br \/>\nAnton Arnold Berger<br \/>\nSchatzelweg 15a<br \/>\n83727 Schliersee<br \/>\nTel. 08026 &#8211; 2588<\/p>\n<p><a href=\"https:\/\/rrc-schliersee.com\/wordpress\/wp-content\/uploads\/Berger-Anton-Arnold-2023.jpg\"><img loading=\"lazy\" decoding=\"async\" class=\"alignnone wp-image-6291\" src=\"https:\/\/rrc-schliersee.com\/wordpress\/wp-content\/uploads\/Berger-Anton-Arnold-2023-150x150.jpg\" alt=\"\" width=\"115\" height=\"136\" srcset=\"https:\/\/rrc-schliersee.com\/wordpress\/wp-content\/uploads\/Berger-Anton-Arnold-2023-254x300.jpg 254w, https:\/\/rrc-schliersee.com\/wordpress\/wp-content\/uploads\/Berger-Anton-Arnold-2023-867x1024.jpg 867w, https:\/\/rrc-schliersee.com\/wordpress\/wp-content\/uploads\/Berger-Anton-Arnold-2023-768x907.jpg 768w, https:\/\/rrc-schliersee.com\/wordpress\/wp-content\/uploads\/Berger-Anton-Arnold-2023-1301x1536.jpg 1301w, https:\/\/rrc-schliersee.com\/wordpress\/wp-content\/uploads\/Berger-Anton-Arnold-2023.jpg 1523w\" sizes=\"auto, (max-width: 115px) 100vw, 115px\" \/><\/a><\/p>\n<hr>\n<p><strong>1.Schriftf\u00fchrerin<\/strong><br \/>\nUli M\u00fcller<br \/>\nKarl-Haider-Str. 18f<br \/>\n83727 Schliersee<br \/>\nTel. 08026 &#8211; 6199<\/p>\n<p><a href=\"https:\/\/rrc-schliersee.com\/wordpress\/wp-content\/uploads\/2013\/12\/Uli_Mueller_klein.jpg\"><img loading=\"lazy\" decoding=\"async\" class=\"alignnone size-full wp-image-1492\" src=\"https:\/\/rrc-schliersee.com\/wordpress\/wp-content\/uploads\/2013\/12\/Uli_Mueller_klein.jpg\" alt=\"\" width=\"115\" height=\"125\"><\/a><\/p>\n<hr>\n<p><strong>Jugendwart<\/strong><br \/>\nKatharina K\u00f6stler (geb. M\u00fcller)<br \/>\nMiesbacher Stra\u00dfe 25b<br \/>\n83727 Schliersee<br \/>\nTel. 08026 &#8211; 6199<br \/>\n&nbsp;<br \/>\n<strong>Sportwart<\/strong><br \/>\nKorbinian M\u00fcller<br \/>\nKarl-Haider-Str. 18f<br \/>\n83727 Schliersee<br \/>\nTel. 08026 &#8211; 6199<\/p>\n<p><a href=\"https:\/\/rrc-schliersee.com\/wordpress\/wp-content\/uploads\/2016\/11\/KuKMueller_klein2.jpg\"><img loading=\"lazy\" decoding=\"async\" class=\"alignnone size-full wp-image-2367\" src=\"https:\/\/rrc-schliersee.com\/wordpress\/wp-content\/uploads\/2016\/11\/KuKMueller_klein2.jpg\" alt=\"\" width=\"230\" height=\"143\"><\/a><\/p>\n<p>&nbsp;<\/p>\n<hr>\n<h2><strong>Unsere \u00dcbungsleiter:<\/strong><\/h2>\n<p>Sonja H\u00f6lscher<\/p>\n<p>Hermann&nbsp; M\u00fcller (jun.)<\/p>\n<p>Katharina K\u00f6stler (geb. M\u00fcller)<\/p>\n<p>Korbinian M\u00fcller<\/p>\n<p>Reiner Schlegel<\/p>\n<p>Annika Krause<\/p>\n<hr>\n<p><a href=\"https:\/\/www.google.de\/maps\/place\/Karl-Haider-Stra%C3%9Fe+18F,+83727+Schliersee\/@47.7402086,11.8558579,17z\/data=!3m1!4b1!4m5!3m4!1s0x479d8a54971b313b:0x3efaff84c50c47de!8m2!3d47.7402086!4d11.8580466\" target=\"_blank\" rel=\"noopener noreferrer\"><img loading=\"lazy\" decoding=\"async\" class=\"alignnone wp-image-3568 size-full\" src=\"http:\/\/rrc-schliersee.de\/wordpress\/wp-content\/uploads\/2017\/10\/Kontakt-Karte-Schliersee.jpg\" alt=\"\" width=\"607\" height=\"457\" srcset=\"https:\/\/rrc-schliersee.com\/wordpress\/wp-content\/uploads\/2017\/10\/Kontakt-Karte-Schliersee.jpg 607w, https:\/\/rrc-schliersee.com\/wordpress\/wp-content\/uploads\/2017\/10\/Kontakt-Karte-Schliersee-300x226.jpg 300w\" sizes=\"auto, (max-width: 607px) 100vw, 607px\" \/><\/a><\/p>\n<p>&nbsp;<\/p>\n<hr>\n<h3><strong>Sponsor werden!<\/strong><\/h3>\n<p>Unterst\u00fctzen Sie uns als Sponsor. Viele lokale Gewerbetreibende, Firmen und auch Privatpersonen unterst\u00fctzen uns tatkr\u00e4ftig.<br \/>\n<a title=\"Kontakt\" href=\"http:\/\/rrc-schliersee.de\/wordpress\/?page_id=63\">Mehr dazu lesen \u2026<\/a><\/p>\n<figure id=\"attachment_3336\" aria-describedby=\"caption-attachment-3336\" style=\"width: 150px\" class=\"wp-caption alignnone\"><a href=\"https:\/\/rrc-schliersee.com\/wordpress\/wp-content\/uploads\/2017\/10\/44805156-Sponsor-icon-Lizenzfreie-Bilder.jpg\"><img loading=\"lazy\" decoding=\"async\" class=\"wp-image-3336 size-thumbnail\" src=\"https:\/\/rrc-schliersee.com\/wordpress\/wp-content\/uploads\/2017\/10\/44805156-Sponsor-icon-Lizenzfreie-Bilder-150x150.jpg\" alt=\"\" width=\"150\" height=\"150\" srcset=\"https:\/\/rrc-schliersee.com\/wordpress\/wp-content\/uploads\/2017\/10\/44805156-Sponsor-icon-Lizenzfreie-Bilder-150x150.jpg 150w, https:\/\/rrc-schliersee.com\/wordpress\/wp-content\/uploads\/2017\/10\/44805156-Sponsor-icon-Lizenzfreie-Bilder-300x300.jpg 300w, https:\/\/rrc-schliersee.com\/wordpress\/wp-content\/uploads\/2017\/10\/44805156-Sponsor-icon-Lizenzfreie-Bilder-1024x1024.jpg 1024w, https:\/\/rrc-schliersee.com\/wordpress\/wp-content\/uploads\/2017\/10\/44805156-Sponsor-icon-Lizenzfreie-Bilder-768x768.jpg 768w, https:\/\/rrc-schliersee.com\/wordpress\/wp-content\/uploads\/2017\/10\/44805156-Sponsor-icon-Lizenzfreie-Bilder.jpg 1300w\" sizes=\"auto, (max-width: 150px) 100vw, 150px\" \/><\/a><figcaption id=\"caption-attachment-3336\" class=\"wp-caption-text\">&nbsp;<\/figcaption><\/figure>\n<hr>\n<h3><strong>Wollen Sie Mitglied im RRC Schliersee werden?<\/strong><\/h3>\n<p>Bei uns rodeln in erster Linie Kinder und Jugendliche, aber auch so manchen unserer <a href=\"http:\/\/rrc-schliersee.de\/wordpress\/?page_id=89\">Senioren bei den Aktiven<\/a> dr\u00e4ngt es auf die Eisbahn.<a href=\"http:\/\/rrc-schliersee.de\/wordpress\/?page_id=59\"><br \/>\nKontaktieren Sie uns<\/a> doch bitte, alles Weitere besprechen wir dann gemeinsam.<br \/>\nMehr Informationen zur Mitgliedschaft, zu Vereinsbeitr\u00e4gen, Leihgeb\u00fchren usw. lesen Sie <a href=\"http:\/\/rrc-schliersee.de\/wordpress\/?page_id=3892\">hier\u2026<\/a><\/p>\n<p>&nbsp;<\/p>\n<hr>\n<h3><strong>Mehr Informationen \u00fcber den Rodelsport erhalten<\/strong><\/h3>\n<p>Falls Sie mehr Informationen \u00fcber den Rodelsport erfahren oder dem Verein beitreten wollen, rufen Sie uns doch einfach mal an oder schicken Sie uns eine E-Mail.<br \/>\nEs gibt Schnupperfahrten f\u00fcr Kinder, dabei k\u00f6nnen nat\u00fcrlich auch die Eltern ausprobieren, wie das Feeling auf der Bahn ist.<\/p>\n","protected":false},"excerpt":{"rendered":"<p>Wenn Sie Interesse an der Jugendarbeit des RRC Schliersee e.V. haben, wenden Sie sich bitte an einen der folgenden Ansprechpartner oder senden Sie eine E-Mail an Vorstand und Funktion\u00e4re im Verein: 1. Vorsitzender Hermann M\u00fcller jun. Karl-Haider-Str. 18f 83727 Schliersee Tel. 08026 &#8211; 6199 2. Vorsitzende Kerstin Lucht Kassier \/ Web \/ Mitgliederverwaltung Anton Arnold Berger Schatzelweg 15a 83727 Schliersee Tel. 08026 &#8211; 2588 1.Schriftf\u00fchrerin Uli M\u00fcller Karl-Haider-Str. 18f 83727&hellip;<\/p>\n","protected":false},"author":1,"featured_media":0,"parent":0,"menu_order":11,"comment_status":"open","ping_status":"closed","template":"","meta":{"ngg_post_thumbnail":0,"footnotes":""},"class_list":["post-59","page","type-page","status-publish","hentry"],"_links":{"self":[{"href":"https:\/\/rrc-schliersee.com\/wordpress\/wp-json\/wp\/v2\/pages\/59","targetHints":{"allow":["GET"]}}],"collection":[{"href":"https:\/\/rrc-schliersee.com\/wordpress\/wp-json\/wp\/v2\/pages"}],"about":[{"href":"https:\/\/rrc-schliersee.com\/wordpress\/wp-json\/wp\/v2\/types\/page"}],"author":[{"embeddable":true,"href":"https:\/\/rrc-schliersee.com\/wordpress\/wp-json\/wp\/v2\/users\/1"}],"replies":[{"embeddable":true,"href":"https:\/\/rrc-schliersee.com\/wordpress\/wp-json\/wp\/v2\/comments?post=59"}],"version-history":[{"count":103,"href":"https:\/\/rrc-schliersee.com\/wordpress\/wp-json\/wp\/v2\/pages\/59\/revisions"}],"predecessor-version":[{"id":7151,"href":"https:\/\/rrc-schliersee.com\/wordpress\/wp-json\/wp\/v2\/pages\/59\/revisions\/7151"}],"wp:attachment":[{"href":"https:\/\/rrc-schliersee.com\/wordpress\/wp-json\/wp\/v2\/media?parent=59"}],"curies":[{"name":"wp","href":"https:\/\/api.w.org\/{rel}","templated":true}]}}