{"id":6220,"date":"2023-10-24T15:00:08","date_gmt":"2023-10-24T14:00:08","guid":{"rendered":"https:\/\/rrc-schliersee.com\/wordpress\/?page_id=6220"},"modified":"2023-10-25T10:03:02","modified_gmt":"2023-10-25T09:03:02","slug":"ergebnisse-2023","status":"publish","type":"page","link":"https:\/\/rrc-schliersee.com\/wordpress\/ergebnisse\/ergebnisse-2023\/","title":{"rendered":"Ergebnisse 2023"},"content":{"rendered":"<h1>Die Rennergebnisse der Saison 2022 \/ 2023<\/h1>\n<p>1. Oktober 2022 bis 30.09.2023<\/p>\n<hr>\n<p>Die Aktiven des RRC Schliersee haben in der letzten Saison an folgenden Rennen teilgenommen:<\/p>\n<ul style=\"list-style-type: square;\">\n<li>Deutsche Meisterschaft C Altenberg<\/li>\n<li>Deutscher Jugend B Cup Winterberg<\/li>\n<li>FIL Jugendspiele Oberhof<\/li>\n<li>Deutscher Cup Jug A Oberhof<\/li>\n<li>Europameisterschaft Junioren Altenberg<\/li>\n<li>Welt Jugend Challenge, Bludenz<\/li>\n<li>Eisb\u00e4rencup Innsbruck<\/li>\n<\/ul>\n<p>Hier ein kleiner Ausschnitt aus den Rennergebnissen:<\/p>\n<p><strong>WC Jun gesamt<\/strong>: Marco 1.<br \/>\n<strong>WC Jun\/Doppel gesamt<\/strong>: Annika &amp; Magdalena 4.<br \/>\n<strong>DM C Altenberg<\/strong>: Isabella 17.<br \/>\n<strong>Fil Jugendspiele Oberhof<\/strong>: Isabella 10.<br \/>\n<strong>Imst<\/strong>: Victoria 4.; Alex 3.; Isabella 6.<br \/>\n<strong>DJC A Oberhof<\/strong>: Marco 4.<br \/>\n<strong>ASV\u00d6 Cup<\/strong>: Isabella 5; Victoria 4.<br \/>\n<strong>WJC Innsbruck<\/strong>: Isabella 4.; Victoria 5.<br \/>\n<strong>Eisb\u00e4rencup<\/strong>: Victoria 4.; Alex DNF;<br \/>\n<strong>Jun. WC<\/strong>: Marco \u2013 La Plagne 10. + 9.; Igls 6.; Oberhof 8.; Bludenz 9.<\/p>\n<p><img loading=\"lazy\" decoding=\"async\" class=\"alignnone size-full wp-image-6224\" src=\"https:\/\/rrc-schliersee.com\/wordpress\/wp-content\/uploads\/Aktive-2023.jpg\" alt=\"\" width=\"545\" height=\"818\" srcset=\"https:\/\/rrc-schliersee.com\/wordpress\/wp-content\/uploads\/Aktive-2023.jpg 545w, https:\/\/rrc-schliersee.com\/wordpress\/wp-content\/uploads\/Aktive-2023-200x300.jpg 200w\" sizes=\"auto, (max-width: 545px) 100vw, 545px\" \/><\/p>\n<hr>\n<h1>Ergebnisse Junioren und Kinder 2023<\/h1>\n<p>aus: <a href=\"https:\/\/www.facebook.com\/RennRodelClubSchliersee\" target=\"_blank\" rel=\"noopener\">https:\/\/www.facebook.com\/RennRodelClubSchliersee<\/a><\/p>\n<p>Wir sind super stolz auf unsere Junioren, die in Lillehammer super in die Saison gestartet sind.<br \/>\nHerzlichen Gl\u00fcckwunsch an Annika Krause &amp; Magdalena Matschina (Bad Feilnbach) zu eurem 1. Patz &amp; auch an Marco Leger als bester Deutscher zu seinem 2. Platz!<\/p>\n<p><img loading=\"lazy\" decoding=\"async\" class=\"alignnone size-full wp-image-6273\" src=\"https:\/\/rrc-schliersee.com\/wordpress\/wp-content\/uploads\/Junioren-Lillehammer-2022.jpg\" alt=\"\" width=\"664\" height=\"451\" srcset=\"https:\/\/rrc-schliersee.com\/wordpress\/wp-content\/uploads\/Junioren-Lillehammer-2022.jpg 664w, https:\/\/rrc-schliersee.com\/wordpress\/wp-content\/uploads\/Junioren-Lillehammer-2022-300x204.jpg 300w\" sizes=\"auto, (max-width: 664px) 100vw, 664px\" \/><\/p>\n<hr>\n<div class=\"\" dir=\"auto\">\n<div id=\":rk4:\" class=\"x1iorvi4 x1pi30zi x1l90r2v x1swvt13\" data-ad-comet-preview=\"message\" data-ad-preview=\"message\">\n<div class=\"x78zum5 xdt5ytf xz62fqu x16ldp7u\">\n<div class=\"xu06os2 x1ok221b\">\n<div class=\"xdj266r x11i5rnm xat24cr x1mh8g0r x1vvkbs x126k92a\">\n<div dir=\"auto\">Beim 3. FIL Junioren Weltcup in der Veltins-Eis Arena in Winterberg konnten unsere zwei \u201agro\u00dfen\u2018 wieder ein tolles Ergebnis einfahren.&nbsp;Marco holte sich einen super 2. Platz&nbsp;<\/div>\n<\/div>\n<div class=\"x11i5rnm xat24cr x1mh8g0r x1vvkbs xtlvy1s x126k92a\">\n<div dir=\"auto\">Im Damendoppel kamen Annika Krause\/Magdalena Matschina nach Schwierigkeiten am Start noch auf Platz 5. <span class=\"x3nfvp2 x1j61x8r x1fcty0u xdj266r xhhsvwb xat24cr xgzva0m xxymvpz xlup9mm x1kky2od\"><img loading=\"lazy\" decoding=\"async\" class=\"xz74otr\" src=\"https:\/\/static.xx.fbcdn.net\/images\/emoji.php\/v9\/t6d\/1\/16\/1f973.png\" alt=\"&#x1f973;\" width=\"16\" height=\"16\"><\/span><span class=\"x3nfvp2 x1j61x8r x1fcty0u xdj266r xhhsvwb xat24cr xgzva0m xxymvpz xlup9mm x1kky2od\"><img loading=\"lazy\" decoding=\"async\" class=\"xz74otr\" src=\"https:\/\/static.xx.fbcdn.net\/images\/emoji.php\/v9\/tf8\/1\/16\/1f44d_1f3fc.png\" alt=\"&#x1f44d;&#x1f3fc;\" width=\"16\" height=\"16\"><\/span><\/div>\n<div dir=\"auto\">Super Leistung!!!&nbsp;<\/div>\n<div dir=\"auto\"><img loading=\"lazy\" decoding=\"async\" class=\"alignnone size-full wp-image-6274\" src=\"https:\/\/rrc-schliersee.com\/wordpress\/wp-content\/uploads\/Junioren-Winterberg-FIL-WC-2022.jpg\" alt=\"\" width=\"688\" height=\"347\" srcset=\"https:\/\/rrc-schliersee.com\/wordpress\/wp-content\/uploads\/Junioren-Winterberg-FIL-WC-2022.jpg 688w, https:\/\/rrc-schliersee.com\/wordpress\/wp-content\/uploads\/Junioren-Winterberg-FIL-WC-2022-300x151.jpg 300w\" sizes=\"auto, (max-width: 688px) 100vw, 688px\" \/><\/div>\n<div dir=\"auto\">\n<hr>\n<\/div>\n<\/div>\n<\/div>\n<\/div>\n<\/div>\n<\/div>\n<div class=\"\" dir=\"auto\">\n<div id=\":riv:\" class=\"x1iorvi4 x1pi30zi x1l90r2v x1swvt13\" data-ad-comet-preview=\"message\" data-ad-preview=\"message\">\n<div class=\"x78zum5 xdt5ytf xz62fqu x16ldp7u\">\n<div class=\"xu06os2 x1ok221b\">\n<div class=\"xdj266r x11i5rnm xat24cr x1mh8g0r x1vvkbs x126k92a\">\n<div dir=\"auto\">Im Januar 2023 stand in Bludenz die Junioren-Weltmeisterschaft an.<\/div>\n<div dir=\"auto\">Sehr erfolgreich waren unsere Sportler Marco Leger und Annika Krause.<\/div>\n<div dir=\"auto\">\u00dcber den Vize-Weltmeistertitel von Marco Leger und den tollen 4. Platz von Annika Krause mit ihrer Kollegin Magdalena Matschina (Bad Feilnbach) im Doppel sind wir mehr als gl\u00fccklich.<\/div>\n<div dir=\"auto\">Als kr\u00f6nenden Abschluss holten sich die Besten aus den jeweiligen Einzelrennen als starke Teamleistung den WM-Titel in der Mannschaft.<\/div>\n<\/div>\n<\/div>\n<\/div>\n<\/div>\n<\/div>\n<p><img loading=\"lazy\" decoding=\"async\" class=\"alignnone size-full wp-image-6275\" src=\"https:\/\/rrc-schliersee.com\/wordpress\/wp-content\/uploads\/Junioren-Bludenz-Januar-2023.jpg\" alt=\"\" width=\"687\" height=\"687\" srcset=\"https:\/\/rrc-schliersee.com\/wordpress\/wp-content\/uploads\/Junioren-Bludenz-Januar-2023.jpg 687w, https:\/\/rrc-schliersee.com\/wordpress\/wp-content\/uploads\/Junioren-Bludenz-Januar-2023-300x300.jpg 300w, https:\/\/rrc-schliersee.com\/wordpress\/wp-content\/uploads\/Junioren-Bludenz-Januar-2023-150x150.jpg 150w\" sizes=\"auto, (max-width: 687px) 100vw, 687px\" \/><\/p>\n<hr>\n<div dir=\"auto\">Beim letzten Weltcup 2023 in Bludenz r\u00e4umten unsere Sportler nochmal so richtig ab!&nbsp;<\/div>\n<div dir=\"auto\">Marco leger holt sich den Sieg &amp; somit auch die Weltcupgesamtf\u00fchrung!&nbsp;<\/div>\n<div dir=\"auto\">Unsere 2 M\u00e4dels Annika Kraus &amp; Magdalena Matschina (SVBF) fuhren auf einen super 3. Platz.&nbsp;<\/div>\n<div dir=\"auto\"><img loading=\"lazy\" decoding=\"async\" class=\"alignnone size-full wp-image-6276\" src=\"https:\/\/rrc-schliersee.com\/wordpress\/wp-content\/uploads\/Junioren-WC-Bludenz-Januar-2023.jpg\" alt=\"\" width=\"686\" height=\"347\" srcset=\"https:\/\/rrc-schliersee.com\/wordpress\/wp-content\/uploads\/Junioren-WC-Bludenz-Januar-2023.jpg 686w, https:\/\/rrc-schliersee.com\/wordpress\/wp-content\/uploads\/Junioren-WC-Bludenz-Januar-2023-300x152.jpg 300w\" sizes=\"auto, (max-width: 686px) 100vw, 686px\" \/><\/div>\n<div dir=\"auto\">\n<hr>\n<\/div>\n<div dir=\"auto\">\n<div class=\"\" dir=\"auto\">\n<div id=\":rh6:\" class=\"x1iorvi4 x1pi30zi x1l90r2v x1swvt13\" data-ad-comet-preview=\"message\" data-ad-preview=\"message\">\n<div class=\"x78zum5 xdt5ytf xz62fqu x16ldp7u\">\n<div class=\"xu06os2 x1ok221b\">\n<div class=\"xdj266r x11i5rnm xat24cr x1mh8g0r x1vvkbs x126k92a\">\n<div dir=\"auto\">F\u00fcr die super Leistungen unserer Nachwuchsrodler Marco Leger und Annika Krause, wurden die beiden auch belohnt.&nbsp;<\/div>\n<div dir=\"auto\">Marco Leger konnte sich nach dem letzten Weltcuprennen die F\u00fchrung und somit den Sieg im Gesamtweltcup sichern.&nbsp;<\/div>\n<div dir=\"auto\">Annika Krause und Magdalena Matschina landeten auf einem guten 4. Platz und holten sich somit das Ticket, bei der \u201agro\u00dfen\u2018 Weltmeisterschaft in Oberhof starten zu d\u00fcrfen.<\/div>\n<div dir=\"auto\"><img loading=\"lazy\" decoding=\"async\" class=\"alignnone size-full wp-image-6277\" src=\"https:\/\/rrc-schliersee.com\/wordpress\/wp-content\/uploads\/WC-2023.jpg\" alt=\"\" width=\"690\" height=\"351\" srcset=\"https:\/\/rrc-schliersee.com\/wordpress\/wp-content\/uploads\/WC-2023.jpg 690w, https:\/\/rrc-schliersee.com\/wordpress\/wp-content\/uploads\/WC-2023-300x153.jpg 300w\" sizes=\"auto, (max-width: 690px) 100vw, 690px\" \/><\/div>\n<div dir=\"auto\">\n<hr>\n<\/div>\n<\/div>\n<\/div>\n<\/div>\n<\/div>\n<\/div>\n<\/div>\n<div class=\"\" dir=\"auto\">\n<div id=\":rgi:\" class=\"x1iorvi4 x1pi30zi x1l90r2v x1swvt13\" data-ad-comet-preview=\"message\" data-ad-preview=\"message\">\n<div class=\"x78zum5 xdt5ytf xz62fqu x16ldp7u\">\n<div class=\"xu06os2 x1ok221b\">\n<div class=\"xdj266r x11i5rnm xat24cr x1mh8g0r x1vvkbs x126k92a\">\n<div dir=\"auto\">Januar 2023<\/div>\n<div dir=\"auto\">Bei die gro\u00dfen ging es in Oberhof bei der Weltmeisterschaft&nbsp;zur Sache. Annika Krause und Magdalena Matschina (SVBF) durften ihre ersten Erfahrungen in der Allgemeinklasse machen und fuhren am Freitag im Sprit auf einen super 10. Platz und am Samstag im auf einen tollen 12. Platz.<\/div>\n<\/div>\n<div class=\"x11i5rnm xat24cr x1mh8g0r x1vvkbs xtlvy1s x126k92a\">\n<div dir=\"auto\">F\u00fcr die \u201amittleren\u2018 ging es nach Winterberg zu der Deutschen Meisterschaft.<\/div>\n<div dir=\"auto\">Isabella Lucht fuhr auf den 13. Platz von 23.<\/div>\n<\/div>\n<div class=\"x11i5rnm xat24cr x1mh8g0r x1vvkbs xtlvy1s x126k92a\">\n<div dir=\"auto\">F\u00fcr die \u201akleinsten\u2018 Sportler ging es am Sonntag nach Innsbruck zum internationalen Alpenl\u00e4ndervergleich, der leider Witterungsbedingt nicht in Imst stattfinden konnte.<\/div>\n<div dir=\"auto\">Vicky Lucht und Jakub Mustapha konnten sich in ihren jeweiligen Altersklassen den 3. Platz sicher. Emma fuhr in ihrem ersten Rennen gleich den Sieg ein.<\/div>\n<div dir=\"auto\">Alex und Noah fuhren in der Jugend D auf die Pl\u00e4tze 4 &amp; 5.&nbsp;<\/div>\n<div dir=\"auto\"><img loading=\"lazy\" decoding=\"async\" class=\"alignnone size-full wp-image-6278\" src=\"https:\/\/rrc-schliersee.com\/wordpress\/wp-content\/uploads\/Jan-2023.jpg\" alt=\"\" width=\"687\" height=\"686\" srcset=\"https:\/\/rrc-schliersee.com\/wordpress\/wp-content\/uploads\/Jan-2023.jpg 687w, https:\/\/rrc-schliersee.com\/wordpress\/wp-content\/uploads\/Jan-2023-300x300.jpg 300w, https:\/\/rrc-schliersee.com\/wordpress\/wp-content\/uploads\/Jan-2023-150x150.jpg 150w\" sizes=\"auto, (max-width: 687px) 100vw, 687px\" \/><\/div>\n<div dir=\"auto\">\n<hr>\n<\/div>\n<div dir=\"auto\">Februar 2023<\/div>\n<div dir=\"auto\"><span class=\"x193iq5w xeuugli x13faqbe x1vvkbs x1xmvt09 x1lliihq x1s928wv xhkezso x1gmr53x x1cpjm7i x1fgarty x1943h6x xudqn12 x3x7a5m x6prxxf xvq8zen xo1l8bm xzsf02u x1yc453h\" dir=\"auto\">Deutsche Meisterschaft Jugend B in Altenberg. Isabella Lucht hat die angestrebten Top 15 mit Platz 13 sehr gut erreicht. <\/span><\/div>\n<div dir=\"auto\"><img loading=\"lazy\" decoding=\"async\" class=\"alignnone size-full wp-image-6279\" src=\"https:\/\/rrc-schliersee.com\/wordpress\/wp-content\/uploads\/Feb-2023-Altenberg.jpg\" alt=\"\" width=\"687\" height=\"519\" srcset=\"https:\/\/rrc-schliersee.com\/wordpress\/wp-content\/uploads\/Feb-2023-Altenberg.jpg 687w, https:\/\/rrc-schliersee.com\/wordpress\/wp-content\/uploads\/Feb-2023-Altenberg-300x227.jpg 300w\" sizes=\"auto, (max-width: 687px) 100vw, 687px\" \/><\/div>\n<div dir=\"auto\">\n<hr>\n<\/div>\n<div dir=\"auto\"><span class=\"x193iq5w xeuugli x13faqbe x1vvkbs x1xmvt09 x1lliihq x1s928wv xhkezso x1gmr53x x1cpjm7i x1fgarty x1943h6x xudqn12 x3x7a5m x6prxxf xvq8zen xo1l8bm xzsf02u x1yc453h\" dir=\"auto\">Februar 2023 Weltjugendchallange in Bludenz<\/span><\/div>\n<div dir=\"auto\">\n<div dir=\"auto\">Am letzten Wochenende stand f\u00fcr unseren Nachwuchs das Saisonfinale, die Weltjugendchallange in Bludenz&nbsp;an.<\/div>\n<div dir=\"auto\">F\u00fcr die meisten war es eine komplett neue Bahn, die sie sich in nur 2 Tagen erarbeiten mussten.&nbsp;<\/div>\n<div dir=\"auto\">Die kleineren hatten am Samstag ihr Rennen.<\/div>\n<div dir=\"auto\">Vicky landete im Mittelfeld auf Platz 6 in ihrer Altersklasse.<\/div>\n<div dir=\"auto\">Emma durfte sich \u00fcber einen Sieg freuen.&nbsp;<\/div>\n<div dir=\"auto\">Alex fuhr in der Jugend D auf Platz 8, Noah kam in der gleichen Alterklasse auf Platz 12. Sein j\u00fcngerer Bruder Jakub sicherte sich in der Jugend E Platz 5.&nbsp;<\/div>\n<div dir=\"auto\">Am Sonntag waren die \u00e4lteren dran &amp; Isabella konnte ihre gute Leistung im Training auch im Rennen zeigen &amp; holte sich Platz 6.&nbsp;<\/div>\n<div dir=\"auto\">Beide Trainer Hermann &amp; Korbinian M\u00fcller sind super happy mit den Ergebnissen. Gerade f\u00fcr die kleineren ist es immer schwierig, in so einer kurzen Zeit sich auf eine neue Bahn einzustellen.&nbsp;<\/div>\n<div dir=\"auto\">Es war ein tolles Wochenende f\u00fcr alle &amp; auch Danke an die Eltern &amp; an Annika, die uns flei\u00dfig unterst\u00fctzt haben.<\/div>\n<\/div>\n<\/div>\n<\/div>\n<div dir=\"auto\"><img loading=\"lazy\" decoding=\"async\" class=\"alignnone size-full wp-image-6280\" src=\"https:\/\/rrc-schliersee.com\/wordpress\/wp-content\/uploads\/Feb-2023-WJC-Bludenz.jpg\" alt=\"\" width=\"686\" height=\"574\" srcset=\"https:\/\/rrc-schliersee.com\/wordpress\/wp-content\/uploads\/Feb-2023-WJC-Bludenz.jpg 686w, https:\/\/rrc-schliersee.com\/wordpress\/wp-content\/uploads\/Feb-2023-WJC-Bludenz-300x251.jpg 300w\" sizes=\"auto, (max-width: 686px) 100vw, 686px\" \/><\/div>\n<div dir=\"auto\">&nbsp;<\/div>\n<div class=\"xu06os2 x1ok221b\">\n<div class=\"x11i5rnm xat24cr x1mh8g0r x1vvkbs xtlvy1s x126k92a\">\n<div dir=\"auto\">\n<hr>\n<\/div>\n<\/div>\n<\/div>\n<\/div>\n<\/div>\n<\/div>\n","protected":false},"excerpt":{"rendered":"<p>Die Rennergebnisse der Saison 2022 \/ 2023 1. Oktober 2022 bis 30.09.2023 Die Aktiven des RRC Schliersee haben in der letzten Saison an folgenden Rennen teilgenommen: Deutsche Meisterschaft C Altenberg Deutscher Jugend B Cup Winterberg FIL Jugendspiele Oberhof Deutscher Cup Jug A Oberhof Europameisterschaft Junioren Altenberg Welt Jugend Challenge, Bludenz Eisb\u00e4rencup Innsbruck Hier ein kleiner Ausschnitt aus den Rennergebnissen: WC Jun gesamt: Marco 1. WC Jun\/Doppel gesamt: Annika &amp; Magdalena&hellip;<\/p>\n","protected":false},"author":3,"featured_media":0,"parent":57,"menu_order":23,"comment_status":"closed","ping_status":"closed","template":"","meta":{"ngg_post_thumbnail":0,"footnotes":""},"class_list":["post-6220","page","type-page","status-publish","hentry"],"_links":{"self":[{"href":"https:\/\/rrc-schliersee.com\/wordpress\/wp-json\/wp\/v2\/pages\/6220","targetHints":{"allow":["GET"]}}],"collection":[{"href":"https:\/\/rrc-schliersee.com\/wordpress\/wp-json\/wp\/v2\/pages"}],"about":[{"href":"https:\/\/rrc-schliersee.com\/wordpress\/wp-json\/wp\/v2\/types\/page"}],"author":[{"embeddable":true,"href":"https:\/\/rrc-schliersee.com\/wordpress\/wp-json\/wp\/v2\/users\/3"}],"replies":[{"embeddable":true,"href":"https:\/\/rrc-schliersee.com\/wordpress\/wp-json\/wp\/v2\/comments?post=6220"}],"version-history":[{"count":9,"href":"https:\/\/rrc-schliersee.com\/wordpress\/wp-json\/wp\/v2\/pages\/6220\/revisions"}],"predecessor-version":[{"id":6384,"href":"https:\/\/rrc-schliersee.com\/wordpress\/wp-json\/wp\/v2\/pages\/6220\/revisions\/6384"}],"up":[{"embeddable":true,"href":"https:\/\/rrc-schliersee.com\/wordpress\/wp-json\/wp\/v2\/pages\/57"}],"wp:attachment":[{"href":"https:\/\/rrc-schliersee.com\/wordpress\/wp-json\/wp\/v2\/media?parent=6220"}],"curies":[{"name":"wp","href":"https:\/\/api.w.org\/{rel}","templated":true}]}}