{"id":63,"date":"2020-05-15T06:00:18","date_gmt":"2020-05-15T05:00:18","guid":{"rendered":"http:\/\/rrc.schliersee.de\/wordpress\/?page_id=63"},"modified":"2026-03-26T09:04:09","modified_gmt":"2026-03-26T08:04:09","slug":"unsere-sponsoren","status":"publish","type":"page","link":"https:\/\/rrc-schliersee.com\/wordpress\/unsere-sponsoren\/","title":{"rendered":"Unsere Sponsoren"},"content":{"rendered":"<h2>Unsere Sponsoren:<\/h2>\n<p>Wir bedanken uns ganz herzlich bei unseren Sponsoren!<br \/>\nSie wollen auch Sponsor werden? Mehr dazu erfahren Sie <a href=\"http:\/\/rrc-schliersee.de\/wordpress\/?page_id=3453\">hier &#8230;<\/a><\/p>\n<h3>Buswerbung<\/h3>\n<p>folgende Firmen unterst\u00fctzen den Verein in der laufenden Saison mit Buswerbung (Stand 26.03.2026):<\/p>\n<p><strong>Allespresso Christian Schmid<\/strong><br \/>\n<strong>Allianzversicherung Leuthner \u2013 Eck &amp; Haensch GbR<\/strong><br \/>\n<strong>Alpenwirt im Zwitscherst\u00fcberl in Schliersee Florian Linder<\/strong><br \/>\n<strong>Armin &amp; Karl-Heinz Eder Malermeister Gmbh<\/strong><br \/>\n<strong>Autohaus Feher<\/strong><br \/>\n<strong>B\u00e4ckerei Fritz Zanger<\/strong><br \/>\n<strong>Bavariashop GmbH Andreas Greipl<\/strong><br \/>\n<strong>CBO Computer- und B\u00fcrotechnik Vertrieb Oberland GmbH<\/strong><br \/>\n<strong>Eham GmbH<\/strong><br \/>\n<strong>Elektro Busch GmbH &amp; Co KG<\/strong><br \/>\n<strong>EURONIX electronic markt Thomas KG<\/strong><br \/>\n<strong>Feuerl\u00f6schger\u00e4te Swatosch-Bolz<\/strong><br \/>\n<strong>Feuerl\u00f6schger\u00e4te Swatosch-Bolz<\/strong><br \/>\n<strong>Huabaoim Almwirtschaft Marion K\u00f6ll<\/strong><br \/>\n<strong>Ioannis Gkonis Restaurant<\/strong><br \/>\n<strong>Kreissparkasse Miesbach-Tegernsee<\/strong><br \/>\n<strong>Kur-Apotheke Alexander von Waldenfels e.K.<\/strong><br \/>\n<strong>Optik Nowotny<\/strong><br \/>\n<strong>P\u00f6tzinger GmbH Sanit\u00e4r- und Heizungsbau<\/strong><br \/>\n<strong>Raiffeisenbank im Oberland eG<\/strong><br \/>\n<strong>Rathke K\u00e4lte \/ Klimatechnik GmbH<\/strong><br \/>\n<strong>Ratskeller Schliersee Mathias Gercken<\/strong><br \/>\n<strong>Seem\u00fcller Apotheke<\/strong><br \/>\n<strong>Strobl Hubert Fliesenverlegermeister<\/strong><br \/>\n<strong>Trachten Sterr<\/strong><br \/>\n<strong>Zoo Alber<\/strong><\/p>\n<p>&nbsp;<\/p>\n<hr>\n<h3>Sonstige Unterst\u00fctzung:<\/h3>\n<p><strong>Landkreis Miesbach<\/strong><br \/>\n<strong>Gemeinde Schliersee<\/strong><br \/>\n<strong>Fa. VW Autohaus Pusl Schliersee Fischhausen<\/strong><\/p>\n<p><a href=\"https:\/\/rrc-schliersee.com\/wordpress\/wp-content\/uploads\/Sponsor-2024-cbo.jpg\"><img loading=\"lazy\" decoding=\"async\" class=\"alignnone size-large wp-image-6490\" src=\"https:\/\/rrc-schliersee.com\/wordpress\/wp-content\/uploads\/Sponsor-2024-cbo-1024x1024.jpg\" alt=\"\" width=\"640\" height=\"640\" srcset=\"https:\/\/rrc-schliersee.com\/wordpress\/wp-content\/uploads\/Sponsor-2024-cbo-1024x1024.jpg 1024w, https:\/\/rrc-schliersee.com\/wordpress\/wp-content\/uploads\/Sponsor-2024-cbo-300x300.jpg 300w, https:\/\/rrc-schliersee.com\/wordpress\/wp-content\/uploads\/Sponsor-2024-cbo-150x150.jpg 150w, https:\/\/rrc-schliersee.com\/wordpress\/wp-content\/uploads\/Sponsor-2024-cbo-768x768.jpg 768w, https:\/\/rrc-schliersee.com\/wordpress\/wp-content\/uploads\/Sponsor-2024-cbo-1536x1536.jpg 1536w, https:\/\/rrc-schliersee.com\/wordpress\/wp-content\/uploads\/Sponsor-2024-cbo.jpg 2005w\" sizes=\"auto, (max-width: 640px) 100vw, 640px\" \/><\/a><\/p>\n<p><a href=\"http:\/\/cbo.de\" target=\"_blank\" rel=\"noopener\">cbo<\/a><\/p>\n<p><span class=\"x193iq5w xeuugli x13faqbe x1vvkbs x1xmvt09 x1lliihq x1s928wv xhkezso x1gmr53x x1cpjm7i x1fgarty x1943h6x xudqn12 x3x7a5m x6prxxf xvq8zen xo1l8bm xzsf02u\" dir=\"auto\">Vielen Dank <a class=\"x1i10hfl xjbqb8w x6umtig x1b1mbwd xaqea5y xav7gou x9f619 x1ypdohk xt0psk2 xe8uvvx xdj266r x11i5rnm xat24cr x1mh8g0r xexx8yu x4uap5 x18d9i69 xkhd6sd x16tdsg8 x1hl2dhg xggy1nq x1a2a7pz xt0b8zv xzsf02u x1s688f\" tabindex=\"0\" role=\"link\" href=\"https:\/\/www.facebook.com\/cboschliersee?__tn__=-]K*F\"><span class=\"xt0psk2\">cbo computer, b\u00fcro, objekt.<\/span><\/a> f\u00fcr die gro\u00dfz\u00fcgige Spende!! Danke f\u00fcr die tolle Unterst\u00fctzung<\/span><\/p>\n<hr>\n<h3><strong>Unser Vereinsbus MB-RC 2<\/strong><\/h3>\n<p><strong>dort k\u00f6nnte auch Ihre Werbung zu sehen sein:<br \/>\n<\/strong><\/p>\n<p><a href=\"https:\/\/rrc-schliersee.com\/wordpress\/wp-content\/uploads\/Aktive-mit-Bus-2024.jpg\"><img loading=\"lazy\" decoding=\"async\" class=\"alignnone size-full wp-image-6518\" src=\"https:\/\/rrc-schliersee.com\/wordpress\/wp-content\/uploads\/Aktive-mit-Bus-2024.jpg\" alt=\"\" width=\"663\" height=\"506\" srcset=\"https:\/\/rrc-schliersee.com\/wordpress\/wp-content\/uploads\/Aktive-mit-Bus-2024.jpg 663w, https:\/\/rrc-schliersee.com\/wordpress\/wp-content\/uploads\/Aktive-mit-Bus-2024-300x229.jpg 300w\" sizes=\"auto, (max-width: 663px) 100vw, 663px\" \/><\/a><\/p>\n<hr>\n<p><strong>Unterst\u00fctzen Sie uns als Sponsor oder werden Sie aktives oder passives Mitglied.<\/strong><\/p>\n<figure id=\"attachment_3336\" aria-describedby=\"caption-attachment-3336\" style=\"width: 150px\" class=\"wp-caption alignright\"><a href=\"https:\/\/rrc-schliersee.com\/wordpress\/wp-content\/uploads\/2017\/10\/44805156-Sponsor-icon-Lizenzfreie-Bilder.jpg\"><img loading=\"lazy\" decoding=\"async\" class=\"wp-image-3336 size-thumbnail\" src=\"https:\/\/rrc-schliersee.com\/wordpress\/wp-content\/uploads\/2017\/10\/44805156-Sponsor-icon-Lizenzfreie-Bilder-150x150.jpg\" alt=\"\" width=\"150\" height=\"150\" srcset=\"https:\/\/rrc-schliersee.com\/wordpress\/wp-content\/uploads\/2017\/10\/44805156-Sponsor-icon-Lizenzfreie-Bilder-150x150.jpg 150w, https:\/\/rrc-schliersee.com\/wordpress\/wp-content\/uploads\/2017\/10\/44805156-Sponsor-icon-Lizenzfreie-Bilder-300x300.jpg 300w, https:\/\/rrc-schliersee.com\/wordpress\/wp-content\/uploads\/2017\/10\/44805156-Sponsor-icon-Lizenzfreie-Bilder-1024x1024.jpg 1024w, https:\/\/rrc-schliersee.com\/wordpress\/wp-content\/uploads\/2017\/10\/44805156-Sponsor-icon-Lizenzfreie-Bilder-768x768.jpg 768w, https:\/\/rrc-schliersee.com\/wordpress\/wp-content\/uploads\/2017\/10\/44805156-Sponsor-icon-Lizenzfreie-Bilder.jpg 1300w\" sizes=\"auto, (max-width: 150px) 100vw, 150px\" \/><\/a><figcaption id=\"caption-attachment-3336\" class=\"wp-caption-text\">Sponsor icon<\/figcaption><\/figure>\n<p>Mehr dazu erfahren Sie <a href=\"http:\/\/rrc-schliersee.de\/wordpress\/?page_id=3453\">hier &#8230;&nbsp;<\/a><\/p>\n","protected":false},"excerpt":{"rendered":"<p>Unsere Sponsoren: Wir bedanken uns ganz herzlich bei unseren Sponsoren! Sie wollen auch Sponsor werden? Mehr dazu erfahren Sie hier &#8230; Buswerbung folgende Firmen unterst\u00fctzen den Verein in der laufenden Saison mit Buswerbung (Stand 26.03.2026): Allespresso Christian Schmid Allianzversicherung Leuthner \u2013 Eck &amp; Haensch GbR Alpenwirt im Zwitscherst\u00fcberl in Schliersee Florian Linder Armin &amp; Karl-Heinz Eder Malermeister Gmbh Autohaus Feher B\u00e4ckerei Fritz Zanger Bavariashop GmbH Andreas Greipl CBO Computer- und&hellip;<\/p>\n","protected":false},"author":3,"featured_media":0,"parent":0,"menu_order":9,"comment_status":"open","ping_status":"closed","template":"","meta":{"ngg_post_thumbnail":0,"footnotes":""},"class_list":["post-63","page","type-page","status-publish","hentry"],"_links":{"self":[{"href":"https:\/\/rrc-schliersee.com\/wordpress\/wp-json\/wp\/v2\/pages\/63","targetHints":{"allow":["GET"]}}],"collection":[{"href":"https:\/\/rrc-schliersee.com\/wordpress\/wp-json\/wp\/v2\/pages"}],"about":[{"href":"https:\/\/rrc-schliersee.com\/wordpress\/wp-json\/wp\/v2\/types\/page"}],"author":[{"embeddable":true,"href":"https:\/\/rrc-schliersee.com\/wordpress\/wp-json\/wp\/v2\/users\/3"}],"replies":[{"embeddable":true,"href":"https:\/\/rrc-schliersee.com\/wordpress\/wp-json\/wp\/v2\/comments?post=63"}],"version-history":[{"count":130,"href":"https:\/\/rrc-schliersee.com\/wordpress\/wp-json\/wp\/v2\/pages\/63\/revisions"}],"predecessor-version":[{"id":7574,"href":"https:\/\/rrc-schliersee.com\/wordpress\/wp-json\/wp\/v2\/pages\/63\/revisions\/7574"}],"wp:attachment":[{"href":"https:\/\/rrc-schliersee.com\/wordpress\/wp-json\/wp\/v2\/media?parent=63"}],"curies":[{"name":"wp","href":"https:\/\/api.w.org\/{rel}","templated":true}]}}