{"id":6385,"date":"2023-11-21T09:08:56","date_gmt":"2023-11-21T08:08:56","guid":{"rendered":"https:\/\/rrc-schliersee.com\/wordpress\/?page_id=6385"},"modified":"2024-10-07T09:52:50","modified_gmt":"2024-10-07T08:52:50","slug":"ergebnisse-2024","status":"publish","type":"page","link":"https:\/\/rrc-schliersee.com\/wordpress\/ergebnisse\/ergebnisse-2024\/","title":{"rendered":"Ergebnisse 2024"},"content":{"rendered":"<h1>Die Rennergebnisse der Saison 2023 \/ 2024<\/h1>\n<p>1. Oktober 2023 bis 30.09.2024<\/p>\n<hr>\n<p>Die Aktiven des RRC Schliersee haben in der letzten Saison an folgenden Rennen teilgenommen:<\/p>\n<h2><strong>2023-11-19 Alpenl\u00e4nderpokal Jugend in Imst<\/strong><\/h2>\n<p><img loading=\"lazy\" decoding=\"async\" class=\"alignnone size-full wp-image-709\" src=\"https:\/\/rrc-schliersee.com\/wordpress\/wp-content\/uploads\/2012\/10\/Icon_PDF.gif\" alt=\"\" width=\"46\" height=\"48\"><a href=\"https:\/\/rrc-schliersee.com\/wordpress\/wp-content\/uploads\/List-Label-Report-20231119-Alpenlaenderpokal-Jug-C-w.pdf\">List &amp; Label Report &#8211; 20231119 Alpenl\u00e4nderpokal Jug C w<\/a><\/p>\n<p><img loading=\"lazy\" decoding=\"async\" class=\"alignnone size-full wp-image-709\" src=\"https:\/\/rrc-schliersee.com\/wordpress\/wp-content\/uploads\/2012\/10\/Icon_PDF.gif\" alt=\"\" width=\"46\" height=\"48\"><a href=\"https:\/\/rrc-schliersee.com\/wordpress\/wp-content\/uploads\/List-Label-Report-20231119-Alpenlaenderpokal-Jug-D-m.pdf\">List &amp; Label Report &#8211; 20231119 Alpenl\u00e4nderpokal Jug D m<\/a><\/p>\n<p><img loading=\"lazy\" decoding=\"async\" class=\"alignnone size-full wp-image-709\" src=\"https:\/\/rrc-schliersee.com\/wordpress\/wp-content\/uploads\/2012\/10\/Icon_PDF.gif\" alt=\"\" width=\"46\" height=\"48\"><a href=\"https:\/\/rrc-schliersee.com\/wordpress\/wp-content\/uploads\/List-Label-Report-20231119-Alpenlaenderpokal-Jug-D-w.pdf\">List &amp; Label Report &#8211; 20231119 Alpenl\u00e4nderpokal Jug D w<\/a><\/p>\n<p><img loading=\"lazy\" decoding=\"async\" class=\"alignnone size-full wp-image-709\" src=\"https:\/\/rrc-schliersee.com\/wordpress\/wp-content\/uploads\/2012\/10\/Icon_PDF.gif\" alt=\"\" width=\"46\" height=\"48\"><a href=\"https:\/\/rrc-schliersee.com\/wordpress\/wp-content\/uploads\/List-Label-Report-20231119-Alpenlaenderpokal-Jug-E-m.pdf\">List &amp; Label Report &#8211; 20231119 Alpenl\u00e4nderpokal Jug E m<\/a><\/p>\n<hr>\n<h2><strong>1. FIL Junioren-Weltcup in Park City, USA<\/strong><\/h2>\n<p>Am Freitag 1. Dezember 2023 gewann <strong>Marco Leger<\/strong> den 1. FIL Junioren-Weltcup in Park City, USA.<\/p>\n<p><img loading=\"lazy\" decoding=\"async\" class=\"alignnone size-full wp-image-709\" src=\"https:\/\/rrc-schliersee.com\/wordpress\/wp-content\/uploads\/2012\/10\/Icon_PDF.gif\" alt=\"\" width=\"46\" height=\"48\"><a href=\"https:\/\/rrc-schliersee.com\/wordpress\/wp-content\/uploads\/11-30-23-junior-men-s-offical-race-results.pdf\" target=\"_blank\" rel=\"noopener\">11-30-23-junior-men-s-offical-race-results<\/a><\/p>\n<h2><strong>3. Junioren-Weltcup in Whistler, Canada<\/strong><\/h2>\n<p>Auch im 3. Junioren-Weltcup in Whistler, Canada holte sich <strong>Marco Leger<\/strong> am 10. Dezember 2023 den Sieg.<\/p>\n<p><a href=\"https:\/\/rrc-schliersee.com\/wordpress\/wp-content\/uploads\/2012\/10\/Icon_PDF.gif\"><img loading=\"lazy\" decoding=\"async\" class=\"alignnone size-full wp-image-709\" src=\"https:\/\/rrc-schliersee.com\/wordpress\/wp-content\/uploads\/2012\/10\/Icon_PDF.gif\" alt=\"\" width=\"46\" height=\"48\"><\/a><a href=\"https:\/\/www.fil-luge.org\/cdn\/uploads\/168-fil-jwc-3-jr-mens-2023-12-10.pdf\" target=\"_blank\" rel=\"noopener\"> https:\/\/www.fil-luge.org\/cdn\/uploads\/168-fil-jwc-3-jr-mens-2023-12-10.pdf<\/a><\/p>\n<hr>\n<h2><strong>Welt Jugend Challenge 2023 in Innsbruck Igls<\/strong><\/h2>\n<p>Letztes Wochenende (2. &#8211; 3. 12. 2023) fand die Welt Jugend Challenge 2023 im Eiskanal von Innsbruck\/Igls statt.<br \/>\nEinhundertdreiundf\u00fcnfzig talentierte Jugendliche aus Lettland, Tschechien, der Slowakei, Deutschland, Italien und \u00d6sterreich nahmen an den spannenden Wettk\u00e4mpfen teil.<br \/>\nLeichter Schneefall machte die Bahn zu einer besonderen Herausforderung. Ein paar unserer Kids hatten mit dem Rutschen zu k\u00e4mpfen.<br \/>\nTrotzdem konnte sich <strong>Florian Schmidt<\/strong> (Jugend D) den 9. Platz sichern.<br \/>\n<strong>Xaver Reischl<\/strong> und <strong>Anton Mayer<\/strong> kamen super zurecht und holten sich ihre ersten Pokale auf Platz 2 und 3.<br \/>\nBei den M\u00e4dels in der Jugend D konnte sich <strong>Eva Stoib<\/strong> den 10. Platz holen, <strong>Emma Kaznowskia<\/strong> fuhr auf Platz 11 und <strong>Johanna F\u00fcrst<\/strong> holte sich Platz 14.&nbsp;<br \/>\nBei den \u00e4lteren M\u00e4dels ging es am Sonntag ins Rennen. <strong>Isabella Lucht<\/strong> fuhr auf Platz 15. in der Jugend B und <strong>Victoria Lucht<\/strong> auf Platz 16 in der Jugend C.&nbsp;<br \/>\nInsgesamt war es ein tolles Wochenende mit unseren Kids. Wir freuen uns auf weitere unfallfreie sowie erfolgreiche Rennen.<\/p>\n<hr>\n<h2>Junioren-Weltcup der Kunstbahnrodler in Winterberg 2024<\/h2>\n<p>Junioren-WM Deutsche Rodel-Youngster holen Silber.<br \/>\n2. Platz f\u00fcr <strong>Marco Leger<\/strong> beim Junioren-Weltcup der Kunstbahnrodler in Winterberg.<br \/>\n<strong>Marco Leger<\/strong> hat am 12.1.2024 in Winterberg beim Junioren-Weltcup der Kunstbahnrodler den 2. Platz erreicht.<br \/>\nWir gratulieren ihm zu dieser tollen Leistung.<\/p>\n<hr>\n<h3>Marco Leger gewinnt den 5. JWC in Bludenz 2024<\/h3>\n<p>Am Freitag, den 19. Januar 2024 konnte <strong>Marco Leger<\/strong> im 5. JWC in Bludenz eine super Leistung abrufen und sich den Sieg sichern! Wir gratulieren!!<\/p>\n<hr>\n<h2 dir=\"auto\"><strong>ASV\u00d6-Cup in Innsbruck 2024<br \/>\n<\/strong><\/h2>\n<div dir=\"auto\">Am 26.01.2024 beim dritten von vier Rennen dieser Serie zeigten unsere Kinder wieder eine tolle Leistung.<\/div>\n<div dir=\"auto\"><strong>Xaver Reischl<\/strong> holt sich den Sieg, <strong>Anton Mayer<\/strong> wurde Zweiter.<\/div>\n<div dir=\"auto\">Bei den M\u00e4del erreichte <strong>Eva Stoib<\/strong> Platz 15. und <strong>Johanna F\u00fcrst<\/strong> Platz 16.&nbsp;<\/div>\n<div dir=\"auto\">&nbsp;<\/div>\n<div dir=\"auto\">\n<hr>\n<\/div>\n<div dir=\"auto\">\n<h2>Junioren Europameisterschaft St. Moritz, Schweiz<\/h2>\n<p>Am 2.2.2024 fand in St. Moritz, Schweiz die Junioren Europameisterschaft statt.<\/p>\n<p><strong>Marco Leger<\/strong> konnte eine super Leistung abrufen und fuhr auf Platz 4.<br \/>\nIn der Mannschaft konnte Deutschland Platz 2 holen.<br \/>\nSomit stand fest, dass er sich den Sieg im Gesamtweltcup holt!<\/p>\n<hr>\n<h2 class=\"entry-title\">Sieg im Deutschen Jugend Cup in Winterberg 2024<\/h2>\n<p>4. Februar 2024. Was f\u00fcr ein erfolgreiches Wochenende f\u00fcr unsere Sportler.<br \/>\n<strong>Isabella Lucht<\/strong> vom RRC Schliersee konnte mit ihrer Partnerin im Rodel-Doppel <strong>Luise Rosenberger (RC Berchtesgaden)<\/strong> beim Deutschen Jugend Cup in Winterberg den Sieg holen!<\/p>\n<\/div>\n<hr>\n<h2>\u00c4SV\u00d6-Cup Finale Bludenz 2024<\/h2>\n<p>Am 10. &#8211; 11.02.2024 fand in Bludenz, \u00d6sterreich das \u00c4SV\u00d6-Cup Finale statt.<\/p>\n<ul>\n<li><strong>Isabella Lucht<\/strong> konnte sich in der Jugend B den 2. Platz sichern.<\/li>\n<li><strong>Victoria Lucht<\/strong> hatte im 1. Lauf ein paar kleinere Schwierigkeiten und fuhr deswegen auf Platz 11.<\/li>\n<li>In der Jugend C holte sich <strong>Emma Kaznowska<\/strong> den 6. Platz.<\/li>\n<li><strong>Eva Stoib<\/strong> und&nbsp; <strong>Johanna F\u00fcrst<\/strong> fuhren auf Platz 15. und 16.<\/li>\n<li>Bei den Jungs fuhr <strong>Xaver Reischl<\/strong> auf Platz 2.<\/li>\n<\/ul>\n<hr>\n<h2 dir=\"auto\">Marco Leger gewinnt die 39. JUNIOREN-WELTMEISTERSCHAFTEN LILLEHAMMER (NOR)<\/h2>\n<p>Am Samstag 17. Februar 2024 fand in Lillehammer, Norwegen die Junioren-Weltmeisterschaft statt.<br \/>\n<strong>Marco Leger<\/strong> vom RRC Schliersee konnte seine super Leistung \u00fcber die gesamte Saison nochmals unter Beweis stellen und holte sich den Junioren-Weltmeistertitel!<\/p>\n<p class=\"align-right\">16. FEBRUAR BIS 17. FEBRUAR 2024, Herren Eisitzer Rennrodel<br \/>\n39th JUNIOR LUGE WORLD CHAMPIONSHIP 2024 Men Single<\/p>\n<p><a href=\"https:\/\/rrc-schliersee.com\/wordpress\/wp-content\/uploads\/Junioren-Weltmeisterschaft-Lillehammer-2024_image_020.jpeg\"><img loading=\"lazy\" decoding=\"async\" class=\"alignnone wp-image-6571 size-full\" src=\"https:\/\/rrc-schliersee.com\/wordpress\/wp-content\/uploads\/Junioren-Weltmeisterschaft-Lillehammer-2024_image_020.jpeg\" sizes=\"auto, (max-width: 1018px) 100vw, 1018px\" srcset=\"https:\/\/rrc-schliersee.com\/wordpress\/wp-content\/uploads\/Junioren-Weltmeisterschaft-Lillehammer-2024_image_020.jpeg 1018w, https:\/\/rrc-schliersee.com\/wordpress\/wp-content\/uploads\/Junioren-Weltmeisterschaft-Lillehammer-2024_image_020-300x85.jpeg 300w, https:\/\/rrc-schliersee.com\/wordpress\/wp-content\/uploads\/Junioren-Weltmeisterschaft-Lillehammer-2024_image_020-768x219.jpeg 768w\" alt=\"\" width=\"1018\" height=\"290\"><\/a><\/p>\n<p data-wp-editing=\"1\"><a href=\"https:\/\/rrc-schliersee.com\/wordpress\/wp-content\/uploads\/Ergebnis_JWMLillehammer_RodelHerren_2023-24.pdf\" target=\"_blank\" rel=\"noopener\"><img loading=\"lazy\" decoding=\"async\" class=\"alignnone size-full wp-image-709\" src=\"https:\/\/rrc-schliersee.com\/wordpress\/wp-content\/uploads\/2012\/10\/Icon_PDF.gif\" alt=\"\" width=\"46\" height=\"48\"><\/a><a href=\"https:\/\/rrc-schliersee.com\/wordpress\/wp-content\/uploads\/Ergebnis_JWMLillehammer_RodelHerren_2023-24.pdf\" target=\"_blank\" rel=\"noopener\">Ergebnis_JWMLillehammer_RodelHerren_2023-24.pdf<\/a><\/p>\n<hr>\n<h2>Bayerische Meisterschaft 2024<\/h2>\n<p>Am 17. Februar 2024 konnten wir die Bayerische Meisterschaft in Innsbruck, \u00d6sterreich ausrichten.<\/p>\n<ul>\n<li>Bei den Jungs konnte sich <strong>Florian Schmid<\/strong> durchsetzen und holte sich seinen ersten Bayerischen Meistertitel!<\/li>\n<li><strong>Isabella Lucht<\/strong> holte sich den 2. Platz in der Jugend B,<\/li>\n<li>ihre Schwester <strong>Victoria Lucht<\/strong> fuhr in ihrer Altersklasse auf Platz 2.<\/li>\n<li><strong>Emma Kaznowska<\/strong> sicherte sich ebenfalls Platz 2,<\/li>\n<li>ihre Teamkolleginnen <strong>Eva Stoib<\/strong> holte sich Platz 3<\/li>\n<li><strong>Johanna F\u00fcrst<\/strong> erreichte Platz 5.<\/li>\n<\/ul>\n<hr>\n<div dir=\"auto\">\n<div class=\"breadcrumb-trail breadcrumbs\" role=\"navigation\" aria-label=\"Breadcrumbs\">\n<h2>Eisb\u00e4rencup 2024 Innsbruck<\/h2>\n<\/div>\n<\/div>\n<div dir=\"auto\">Am Wochenende vom 24. \u2013 25. M\u00e4rz 2024 stand f\u00fcr unsere j\u00fcngeren Kids der Eisb\u00e4rencup an.&nbsp;<\/div>\n<div dir=\"auto\">Im letzten Rennen der Saison fuhr<\/div>\n<ul>\n<li dir=\"auto\"><strong>Eva Stoib<\/strong> auf Platz 10,<\/li>\n<li dir=\"auto\"><strong> Johanna F\u00fcrst<\/strong> auf Platz 15.<\/li>\n<li dir=\"auto\"><strong>Emma Kaznowska<\/strong> brachte ihren 2. Lauf leider nicht ins Ziel.&nbsp;<\/li>\n<\/ul>\n<div dir=\"auto\">Bei den Jungs konnte sich<\/div>\n<ul>\n<li dir=\"auto\"><strong>Florian Schmid<\/strong> (Jugend D) den 12. Platz holen,<\/li>\n<li dir=\"auto\"><strong>Xaver Reischl<\/strong> ( Jugend E) fuhr zum Sieg.<\/li>\n<\/ul>\n<hr>\n<h2>Internationaler Rennsteigpokal Oberhof 2024<\/h2>\n<p><span class=\"x193iq5w xeuugli x13faqbe x1vvkbs x1xmvt09 x1lliihq x1s928wv xhkezso x1gmr53x x1cpjm7i x1fgarty x1943h6x xudqn12 x3x7a5m x6prxxf xvq8zen xo1l8bm xzsf02u\" dir=\"auto\">Am 2. &#8211; 3. M\u00e4rz 2024 fand f\u00fcr die Jugend B in Oberhof der int. Rennsteigpokal statt. <\/span><\/p>\n<ul>\n<li><span class=\"x193iq5w xeuugli x13faqbe x1vvkbs x1xmvt09 x1lliihq x1s928wv xhkezso x1gmr53x x1cpjm7i x1fgarty x1943h6x xudqn12 x3x7a5m x6prxxf xvq8zen xo1l8bm xzsf02u\" dir=\"auto\"><strong>Isabella Lucht<\/strong> sicherte sich im Einzel Platz 8. <\/span><\/li>\n<li><span class=\"x193iq5w xeuugli x13faqbe x1vvkbs x1xmvt09 x1lliihq x1s928wv xhkezso x1gmr53x x1cpjm7i x1fgarty x1943h6x xudqn12 x3x7a5m x6prxxf xvq8zen xo1l8bm xzsf02u\" dir=\"auto\">Mit ihrer Partnerin <strong>Luise Rosenberg (RCB)<\/strong> konnte sie sich im Doppel den 2. Platz&nbsp;sichern.<\/span><\/li>\n<\/ul>\n<hr>\n<h2>BSD Cup Winterberg 2024<\/h2>\n<p><span class=\"x193iq5w xeuugli x13faqbe x1vvkbs x1xmvt09 x1lliihq x1s928wv xhkezso x1gmr53x x1cpjm7i x1fgarty x1943h6x xudqn12 x3x7a5m x6prxxf xvq8zen xo1l8bm xzsf02u x1yc453h\" dir=\"auto\">Zum kr\u00f6nenden Abschluss der laufenden Saison 2023\/24 holte sich <strong>Marco Leger<\/strong> beim BSD Cup in Winterberg den Siegerpokal.<br \/>\nSomit geht jetzt auch f\u00fcr ihn eine super erfolgreiche Saison zu Ende. <\/span><\/p>\n<hr>\n<h2>Deutsche Meisterschaft Jugend C in Oberhof 2024<\/h2>\n<p><span class=\"x193iq5w xeuugli x13faqbe x1vvkbs x1xmvt09 x1lliihq x1s928wv xhkezso x1gmr53x x1cpjm7i x1fgarty x1943h6x xudqn12 x3x7a5m x6prxxf xvq8zen xo1l8bm xzsf02u x1yc453h\" dir=\"auto\">Und auch f\u00fcr unsere Jugend C Sportlerin&nbsp;<strong>Victoria Lucht<\/strong> ist die Saison 2024 nun vorbei.<br \/>\nSie erreichte bei der Deutsche Meisterschaft Jugend C in Oberhof 2024 den 21. Platz.<\/span><\/p>\n<hr>\n<p>&nbsp;<\/p>\n<p>Besuche auch unsere Facebook-Seite <a href=\"https:\/\/www.facebook.com\/RennRodelClubSchliersee\" target=\"_blank\" rel=\"noopener\"><img loading=\"lazy\" decoding=\"async\" class=\"alignnone wp-image-1779 size-full\" src=\"https:\/\/rrc-schliersee.com\/wordpress\/wp-content\/uploads\/2015\/03\/FacebookLogo_small.png\" alt=\"\" width=\"111\" height=\"37\"><\/a><\/p>\n<p><a href=\"https:\/\/www.facebook.com\/RennRodelClubSchliersee\" target=\"_blank\" rel=\"noopener\">https:\/\/www.facebook.com\/RennRodelClubSchliersee<\/a><\/p>\n<p>&nbsp;<\/p>\n<hr>\n","protected":false},"excerpt":{"rendered":"<p>Die Rennergebnisse der Saison 2023 \/ 2024 1. Oktober 2023 bis 30.09.2024 Die Aktiven des RRC Schliersee haben in der letzten Saison an folgenden Rennen teilgenommen: 2023-11-19 Alpenl\u00e4nderpokal Jugend in Imst List &amp; Label Report &#8211; 20231119 Alpenl\u00e4nderpokal Jug C w List &amp; Label Report &#8211; 20231119 Alpenl\u00e4nderpokal Jug D m List &amp; Label Report &#8211; 20231119 Alpenl\u00e4nderpokal Jug D w List &amp; Label Report &#8211; 20231119 Alpenl\u00e4nderpokal Jug E&hellip;<\/p>\n","protected":false},"author":3,"featured_media":0,"parent":57,"menu_order":0,"comment_status":"closed","ping_status":"closed","template":"","meta":{"ngg_post_thumbnail":0,"footnotes":""},"class_list":["post-6385","page","type-page","status-publish","hentry"],"_links":{"self":[{"href":"https:\/\/rrc-schliersee.com\/wordpress\/wp-json\/wp\/v2\/pages\/6385","targetHints":{"allow":["GET"]}}],"collection":[{"href":"https:\/\/rrc-schliersee.com\/wordpress\/wp-json\/wp\/v2\/pages"}],"about":[{"href":"https:\/\/rrc-schliersee.com\/wordpress\/wp-json\/wp\/v2\/types\/page"}],"author":[{"embeddable":true,"href":"https:\/\/rrc-schliersee.com\/wordpress\/wp-json\/wp\/v2\/users\/3"}],"replies":[{"embeddable":true,"href":"https:\/\/rrc-schliersee.com\/wordpress\/wp-json\/wp\/v2\/comments?post=6385"}],"version-history":[{"count":21,"href":"https:\/\/rrc-schliersee.com\/wordpress\/wp-json\/wp\/v2\/pages\/6385\/revisions"}],"predecessor-version":[{"id":6793,"href":"https:\/\/rrc-schliersee.com\/wordpress\/wp-json\/wp\/v2\/pages\/6385\/revisions\/6793"}],"up":[{"embeddable":true,"href":"https:\/\/rrc-schliersee.com\/wordpress\/wp-json\/wp\/v2\/pages\/57"}],"wp:attachment":[{"href":"https:\/\/rrc-schliersee.com\/wordpress\/wp-json\/wp\/v2\/media?parent=6385"}],"curies":[{"name":"wp","href":"https:\/\/api.w.org\/{rel}","templated":true}]}}