{"id":7361,"date":"2025-12-23T19:37:02","date_gmt":"2025-12-23T18:37:02","guid":{"rendered":"https:\/\/rrc-schliersee.com\/wordpress\/?page_id=7361"},"modified":"2026-01-12T15:53:50","modified_gmt":"2026-01-12T14:53:50","slug":"ergebnisse-2026","status":"publish","type":"page","link":"https:\/\/rrc-schliersee.com\/wordpress\/ergebnisse\/ergebnisse-2026\/","title":{"rendered":"Ergebnisse 2026"},"content":{"rendered":"<h1>Die Rennergebnisse der Saison 2025 \/ 2026<\/h1>\n<p>1. Oktober 2025 bis 30.09.2026<\/p>\n<hr>\n<p>Die Aktiven des RRC Schliersee haben in der letzten Saison an folgenden Rennen teilgenommen:<\/p>\n<p><strong>1. ASV\u00d6-CUP 21.12.2025 EISKANAL BLUDENZ<\/strong><\/p>\n<p><a href=\"https:\/\/rrc-schliersee.com\/wordpress\/wp-content\/uploads\/Ergebnisliste_Int_Laendervergleich211225.pdf\" target=\"_blank\" rel=\"noopener\"><img loading=\"lazy\" decoding=\"async\" class=\"alignnone wp-image-709 size-full\" src=\"https:\/\/rrc-schliersee.com\/wordpress\/wp-content\/uploads\/2012\/10\/Icon_PDF.gif\" alt=\"\" width=\"46\" height=\"48\"><\/a><a href=\"https:\/\/rrc-schliersee.com\/wordpress\/wp-content\/uploads\/Ergebnisliste_Int_Laendervergleich211225.pdf\" target=\"_blank\" rel=\"noopener\">&nbsp;Ergebnisliste_Int_L\u00e4ndervergleich211225.pdf<\/a><\/p>\n<hr>\n<p><strong>2. ASV\u00d6-Cup-Neujahrsrennen 04.01.2026 EISKANAL BLUDENZ<\/strong><\/p>\n<p><a href=\"https:\/\/rrc-schliersee.com\/wordpress\/wp-content\/uploads\/2.-ASVOe-CUP-2026.jpg\"><img loading=\"lazy\" decoding=\"async\" class=\"alignnone wp-image-7402 size-medium\" src=\"https:\/\/rrc-schliersee.com\/wordpress\/wp-content\/uploads\/2.-ASVOe-CUP-2026-300x109.jpg\" alt=\"\" width=\"300\" height=\"109\" srcset=\"https:\/\/rrc-schliersee.com\/wordpress\/wp-content\/uploads\/2.-ASVOe-CUP-2026-300x109.jpg 300w, https:\/\/rrc-schliersee.com\/wordpress\/wp-content\/uploads\/2.-ASVOe-CUP-2026-768x279.jpg 768w, https:\/\/rrc-schliersee.com\/wordpress\/wp-content\/uploads\/2.-ASVOe-CUP-2026.jpg 813w\" sizes=\"auto, (max-width: 300px) 100vw, 300px\" \/><\/a><\/p>\n<p><a href=\"https:\/\/rrc-schliersee.com\/wordpress\/wp-content\/uploads\/Ergebnisliste_Neujahrsrennen_040126.pdf\"><img loading=\"lazy\" decoding=\"async\" class=\"alignnone wp-image-709 size-full\" src=\"https:\/\/rrc-schliersee.com\/wordpress\/wp-content\/uploads\/2012\/10\/Icon_PDF.gif\" alt=\"\" width=\"46\" height=\"48\"><\/a> <a href=\"https:\/\/rrc-schliersee.com\/wordpress\/wp-content\/uploads\/Ergebnisliste_Neujahrsrennen_040126.pdf\">Ergebnisliste_Neujahrsrennen_040126.pdf (1.85 MB)<\/a><\/p>\n<p><a href=\"https:\/\/rrc-schliersee.com\/wordpress\/wp-content\/uploads\/ASVOe_202526_Gesamt_Stand260104_mitVereinswertung.pdf\"><img loading=\"lazy\" decoding=\"async\" class=\"alignnone wp-image-709 size-full\" src=\"https:\/\/rrc-schliersee.com\/wordpress\/wp-content\/uploads\/2012\/10\/Icon_PDF.gif\" alt=\"\" width=\"46\" height=\"48\"><\/a> <a href=\"https:\/\/rrc-schliersee.com\/wordpress\/wp-content\/uploads\/ASVOe_202526_Gesamt_Stand260104_mitVereinswertung.pdf\">ASV\u00d6_202526_Gesamt_Stand260104_mitVereinswertung.pdf<\/a><\/p>\n<p><a href=\"https:\/\/rrc-schliersee.com\/wordpress\/wp-content\/uploads\/04.01.2026-Neujahrsrennen-Jug-C-m.pdf\" target=\"_blank\" rel=\"noopener\"><img loading=\"lazy\" decoding=\"async\" class=\"alignnone wp-image-709 size-full\" src=\"https:\/\/rrc-schliersee.com\/wordpress\/wp-content\/uploads\/2012\/10\/Icon_PDF.gif\" alt=\"\" width=\"46\" height=\"48\"><\/a> <a href=\"https:\/\/rrc-schliersee.com\/wordpress\/wp-content\/uploads\/04.01.2026-Neujahrsrennen-Jug-C-m.pdf\">04.01.2026 Neujahrsrennen Jug C m.pdf<\/a><\/p>\n<p><a href=\"https:\/\/rrc-schliersee.com\/wordpress\/wp-content\/uploads\/04.01.2026-Neujahrsrennen-Jug-C-w.pdf\" target=\"_blank\" rel=\"noopener\"><img loading=\"lazy\" decoding=\"async\" class=\"alignnone wp-image-709 size-full\" src=\"https:\/\/rrc-schliersee.com\/wordpress\/wp-content\/uploads\/2012\/10\/Icon_PDF.gif\" alt=\"\" width=\"46\" height=\"48\"><\/a> <a href=\"https:\/\/rrc-schliersee.com\/wordpress\/wp-content\/uploads\/04.01.2026-Neujahrsrennen-Jug-C-w.pdf\">04.01.2026 Neujahrsrennen Jug C w.pdf<\/a><\/p>\n<p><a href=\"https:\/\/rrc-schliersee.com\/wordpress\/wp-content\/uploads\/04.01.2026-Neujahrsrennen-Jug-D-m.pdf\" target=\"_blank\" rel=\"noopener\"><img loading=\"lazy\" decoding=\"async\" class=\"alignnone wp-image-709 size-full\" src=\"https:\/\/rrc-schliersee.com\/wordpress\/wp-content\/uploads\/2012\/10\/Icon_PDF.gif\" alt=\"\" width=\"46\" height=\"48\"><\/a> <a href=\"https:\/\/rrc-schliersee.com\/wordpress\/wp-content\/uploads\/04.01.2026-Neujahrsrennen-Jug-D-m.pdf\">04.01.2026 Neujahrsrennen Jug D m.pdf<\/a><\/p>\n<p><a href=\"https:\/\/rrc-schliersee.com\/wordpress\/wp-content\/uploads\/04.01.2026-Neujahrsrennen-Jug-D-w.pdf\" target=\"_blank\" rel=\"noopener\"><img loading=\"lazy\" decoding=\"async\" class=\"alignnone wp-image-709 size-full\" src=\"https:\/\/rrc-schliersee.com\/wordpress\/wp-content\/uploads\/2012\/10\/Icon_PDF.gif\" alt=\"\" width=\"46\" height=\"48\"><\/a> <a href=\"https:\/\/rrc-schliersee.com\/wordpress\/wp-content\/uploads\/04.01.2026-Neujahrsrennen-Jug-D-w.pdf\">04.01.2026 Neujahrsrennen Jug D w.pdf<\/a><\/p>\n<p><a href=\"https:\/\/rrc-schliersee.com\/wordpress\/wp-content\/uploads\/04.01.2026-Neujahrsrennen-Jug-E-w.pdf\" target=\"_blank\" rel=\"noopener\"><img loading=\"lazy\" decoding=\"async\" class=\"alignnone wp-image-709 size-full\" src=\"https:\/\/rrc-schliersee.com\/wordpress\/wp-content\/uploads\/2012\/10\/Icon_PDF.gif\" alt=\"\" width=\"46\" height=\"48\"><\/a> <a href=\"https:\/\/rrc-schliersee.com\/wordpress\/wp-content\/uploads\/04.01.2026-Neujahrsrennen-Jug-E-w.pdf\">04.01.2026 Neujahrsrennen Jug E w.pdf<\/a><\/p>\n<hr>\n<p>&nbsp;<\/p>\n","protected":false},"excerpt":{"rendered":"<p>Die Rennergebnisse der Saison 2025 \/ 2026 1. Oktober 2025 bis 30.09.2026 Die Aktiven des RRC Schliersee haben in der letzten Saison an folgenden Rennen teilgenommen: 1. ASV\u00d6-CUP 21.12.2025 EISKANAL BLUDENZ &nbsp;Ergebnisliste_Int_L\u00e4ndervergleich211225.pdf 2. ASV\u00d6-Cup-Neujahrsrennen 04.01.2026 EISKANAL BLUDENZ Ergebnisliste_Neujahrsrennen_040126.pdf (1.85 MB) ASV\u00d6_202526_Gesamt_Stand260104_mitVereinswertung.pdf 04.01.2026 Neujahrsrennen Jug C m.pdf 04.01.2026 Neujahrsrennen Jug C w.pdf 04.01.2026 Neujahrsrennen Jug D m.pdf 04.01.2026 Neujahrsrennen Jug D w.pdf 04.01.2026 Neujahrsrennen Jug E w.pdf &nbsp;<\/p>\n","protected":false},"author":3,"featured_media":0,"parent":57,"menu_order":1,"comment_status":"closed","ping_status":"closed","template":"","meta":{"ngg_post_thumbnail":0,"footnotes":""},"class_list":["post-7361","page","type-page","status-publish","hentry"],"_links":{"self":[{"href":"https:\/\/rrc-schliersee.com\/wordpress\/wp-json\/wp\/v2\/pages\/7361","targetHints":{"allow":["GET"]}}],"collection":[{"href":"https:\/\/rrc-schliersee.com\/wordpress\/wp-json\/wp\/v2\/pages"}],"about":[{"href":"https:\/\/rrc-schliersee.com\/wordpress\/wp-json\/wp\/v2\/types\/page"}],"author":[{"embeddable":true,"href":"https:\/\/rrc-schliersee.com\/wordpress\/wp-json\/wp\/v2\/users\/3"}],"replies":[{"embeddable":true,"href":"https:\/\/rrc-schliersee.com\/wordpress\/wp-json\/wp\/v2\/comments?post=7361"}],"version-history":[{"count":6,"href":"https:\/\/rrc-schliersee.com\/wordpress\/wp-json\/wp\/v2\/pages\/7361\/revisions"}],"predecessor-version":[{"id":7403,"href":"https:\/\/rrc-schliersee.com\/wordpress\/wp-json\/wp\/v2\/pages\/7361\/revisions\/7403"}],"up":[{"embeddable":true,"href":"https:\/\/rrc-schliersee.com\/wordpress\/wp-json\/wp\/v2\/pages\/57"}],"wp:attachment":[{"href":"https:\/\/rrc-schliersee.com\/wordpress\/wp-json\/wp\/v2\/media?parent=7361"}],"curies":[{"name":"wp","href":"https:\/\/api.w.org\/{rel}","templated":true}]}}