{"id":827,"date":"2017-05-05T12:00:48","date_gmt":"2017-05-05T11:00:48","guid":{"rendered":"http:\/\/rrc-schliersee.de\/wordpress\/?page_id=827"},"modified":"2020-08-05T20:29:04","modified_gmt":"2020-08-05T19:29:04","slug":"multimedia","status":"publish","type":"page","link":"https:\/\/rrc-schliersee.com\/wordpress\/multimedia\/","title":{"rendered":"Multimedia"},"content":{"rendered":"<p><a href=\"http:\/\/rrc-schliersee.de\/wordpress\/wp-content\/uploads\/2016\/04\/cropped-Rodellogo-512x512.jpg\"><img loading=\"lazy\" decoding=\"async\" class=\"alignright wp-image-1987 size-medium\" src=\"http:\/\/rrc-schliersee.de\/wordpress\/wp-content\/uploads\/2016\/04\/cropped-Rodellogo-512x512-300x300.jpg\" alt=\"\" width=\"300\" height=\"300\" srcset=\"https:\/\/rrc-schliersee.com\/wordpress\/wp-content\/uploads\/2016\/04\/cropped-Rodellogo-512x512-300x300.jpg 300w, https:\/\/rrc-schliersee.com\/wordpress\/wp-content\/uploads\/2016\/04\/cropped-Rodellogo-512x512-150x150.jpg 150w, https:\/\/rrc-schliersee.com\/wordpress\/wp-content\/uploads\/2016\/04\/cropped-Rodellogo-512x512-270x270.jpg 270w, https:\/\/rrc-schliersee.com\/wordpress\/wp-content\/uploads\/2016\/04\/cropped-Rodellogo-512x512-192x192.jpg 192w, https:\/\/rrc-schliersee.com\/wordpress\/wp-content\/uploads\/2016\/04\/cropped-Rodellogo-512x512-180x180.jpg 180w, https:\/\/rrc-schliersee.com\/wordpress\/wp-content\/uploads\/2016\/04\/cropped-Rodellogo-512x512-32x32.jpg 32w, https:\/\/rrc-schliersee.com\/wordpress\/wp-content\/uploads\/2016\/04\/cropped-Rodellogo-512x512.jpg 512w\" sizes=\"auto, (max-width: 300px) 100vw, 300px\" \/><\/a>Alle hier verf\u00fcgbaren multimedialen Inhalte werden Ihnen mit freundlicher Genehmigung des RRC Schliersee pr\u00e4sentiert.<br \/>\nWenn Sie Bilder, Videos oder Songs f\u00fcr eigene Zwecke verwenden wollen, <a title=\"Kontakt\" href=\"http:\/\/rrc-schliersee.de\/wordpress\/?page_id=59\"><br \/>\nfragen Sie uns <\/a>bitte vorher!<\/p>\n<hr>\n<p>Wenn Sie ihre Bilder mit Bezug zum RRC Schliersee hier sehen wollen, schicken Sie sie bitte per email an die unten angegebene email-Adresse oder wenden Sie sich an einen unserer <a title=\"Kontakt\" href=\"http:\/\/rrc-schliersee.de\/wordpress\/?page_id=59\">Ansprechpartner<\/a><br \/>\n<img loading=\"lazy\" decoding=\"async\" title=\"email\" src=\"http:\/\/rrc-schliersee.de\/wordpress\/wp-content\/uploads\/2012\/10\/email.jpg\" alt=\"email\" width=\"172\" height=\"28\"><\/p>\n<hr>\n<p>Der RRC Schliersee untersagt hiermit ausdr\u00fccklich jede nicht autorisierte Verwendung von Inhalten der Domain <a href=\"http:\/\/rrc-schliersee.de\">www.rrc-schliersee.de<\/a> und der dazu geh\u00f6rigen Webseiten sowie der gespeicherten Dateien.<\/p>\n<hr>\n<p>05.05.2017<\/p>\n","protected":false},"excerpt":{"rendered":"<p>Alle hier verf\u00fcgbaren multimedialen Inhalte werden Ihnen mit freundlicher Genehmigung des RRC Schliersee pr\u00e4sentiert. Wenn Sie Bilder, Videos oder Songs f\u00fcr eigene Zwecke verwenden wollen, fragen Sie uns bitte vorher! Wenn Sie ihre Bilder mit Bezug zum RRC Schliersee hier sehen wollen, schicken Sie sie bitte per email an die unten angegebene email-Adresse oder wenden Sie sich an einen unserer Ansprechpartner Der RRC Schliersee untersagt hiermit ausdr\u00fccklich jede nicht autorisierte&hellip;<\/p>\n","protected":false},"author":3,"featured_media":0,"parent":0,"menu_order":10,"comment_status":"open","ping_status":"closed","template":"","meta":{"ngg_post_thumbnail":0,"footnotes":""},"class_list":["post-827","page","type-page","status-publish","hentry"],"_links":{"self":[{"href":"https:\/\/rrc-schliersee.com\/wordpress\/wp-json\/wp\/v2\/pages\/827","targetHints":{"allow":["GET"]}}],"collection":[{"href":"https:\/\/rrc-schliersee.com\/wordpress\/wp-json\/wp\/v2\/pages"}],"about":[{"href":"https:\/\/rrc-schliersee.com\/wordpress\/wp-json\/wp\/v2\/types\/page"}],"author":[{"embeddable":true,"href":"https:\/\/rrc-schliersee.com\/wordpress\/wp-json\/wp\/v2\/users\/3"}],"replies":[{"embeddable":true,"href":"https:\/\/rrc-schliersee.com\/wordpress\/wp-json\/wp\/v2\/comments?post=827"}],"version-history":[{"count":83,"href":"https:\/\/rrc-schliersee.com\/wordpress\/wp-json\/wp\/v2\/pages\/827\/revisions"}],"predecessor-version":[{"id":2056,"href":"https:\/\/rrc-schliersee.com\/wordpress\/wp-json\/wp\/v2\/pages\/827\/revisions\/2056"}],"wp:attachment":[{"href":"https:\/\/rrc-schliersee.com\/wordpress\/wp-json\/wp\/v2\/media?parent=827"}],"curies":[{"name":"wp","href":"https:\/\/api.w.org\/{rel}","templated":true}]}}